{"id":207,"date":"2022-12-28T18:01:25","date_gmt":"2022-12-28T21:01:25","guid":{"rendered":"https:\/\/campogrande.nucleo.site\/cgnoticias\/?page_id=207"},"modified":"2022-12-28T18:02:21","modified_gmt":"2022-12-28T21:02:21","slug":"fale-conosco","status":"publish","type":"page","link":"https:\/\/campogrande.nucleo.site\/cgnoticias\/fale-conosco\/","title":{"rendered":"Fale Conosco"},"content":{"rendered":"\n<div class=\"wp-block-group is-layout-constrained wp-container-core-group-is-layout-d2d7fd5b wp-block-group-is-layout-constrained\" style=\"padding-top:1.5rem;padding-right:2rem;padding-bottom:1.5rem;padding-left:2rem\">\n<div class=\"wp-block-columns is-layout-flex wp-container-core-columns-is-layout-9d63d492 wp-block-columns-is-layout-flex\">\n<div class=\"wp-block-column is-layout-flow wp-block-column-is-layout-flow\">\n<div class=\"wp-block-group border-radius-default has-border-color has-transparent-border-color has-white-background-color has-background is-layout-constrained wp-container-core-group-is-layout-c91f7c41 wp-block-group-is-layout-constrained\" style=\"border-width:1px;padding-top:4rem;padding-right:4rem;padding-bottom:4rem;padding-left:4rem\">\n<p class=\"has-grey-80-color has-text-color has-20-font-size\">Aqui voc\u00ea encontra as op\u00e7\u00f5es de contato com a <strong>Secretaria-Municipal de Sa\u00fade &#8211; SESAU.<\/strong><\/p>\n\n\n\n<div class=\"wp-block-group has-transparent-color has-text-color is-vertical is-content-justification-left is-layout-flex wp-container-core-group-is-layout-dd225191 wp-block-group-is-layout-flex\">\n<div class=\"wp-block-group desktop-w-full large-w-full is-nowrap is-layout-flex wp-container-core-group-is-layout-40268821 wp-block-group-is-layout-flex\" style=\"border-bottom-color:var(--wp--preset--color--grey-30);border-bottom-width:1px;padding-top:1.5rem;padding-bottom:1.5rem\">        <i class=\"nmi-default-link-round wp-block-nwe-svg-icons\"><\/i>\n        \n\n<p style=\"word-wrap: anywhere; hyphens: auto;\" class=\"wp-block-prefeitura-campogrande-get-option has-text-color has-grey-80-color\">Ouvidoria &#8211; (67) 3314-4639 | Assessoria de imprensa &#8211; (67) 2020-1681<\/p><\/div>\n\n\n\n<div class=\"wp-block-group desktop-w-full large-w-full is-nowrap is-layout-flex wp-container-core-group-is-layout-40268821 wp-block-group-is-layout-flex\" style=\"border-bottom-color:var(--wp--preset--color--grey-30);border-bottom-width:1px;padding-top:1.5rem;padding-bottom:1.5rem\">        <i class=\"nmi-default-link-round wp-block-nwe-svg-icons\"><\/i>\n        \n\n<p style=\"word-wrap: anywhere; hyphens: auto;\" class=\"wp-block-prefeitura-campogrande-get-option has-text-color has-grey-80-color\">suporte@nucleo.site<\/p><\/div>\n\n\n\n<div class=\"wp-block-group desktop-w-full large-w-full is-nowrap is-layout-flex wp-container-core-group-is-layout-40268821 wp-block-group-is-layout-flex\" style=\"border-bottom-color:var(--wp--preset--color--grey-30);border-bottom-width:1px;padding-top:1.5rem;padding-bottom:1.5rem\">        <i class=\"nmi-default-link-round wp-block-nwe-svg-icons\"><\/i>\n        \n\n<p style=\"word-wrap: anywhere; hyphens: auto;\" class=\"wp-block-prefeitura-campogrande-get-option has-text-color has-grey-80-color\">Avenida Afonso Pena, 3297 &#8211; Centro, MS, Brasil T\u00e9rreo<\/p><\/div>\n\n\n\n<div class=\"wp-block-group desktop-w-full large-w-full is-nowrap is-layout-flex wp-container-core-group-is-layout-40268821 wp-block-group-is-layout-flex\" style=\"border-bottom-color:var(--wp--preset--color--grey-30);border-bottom-width:1px;padding-top:1.5rem;padding-bottom:1.5rem\">        <i class=\"nmi-default-link-round wp-block-nwe-svg-icons\"><\/i>\n        \n\n<p style=\"word-wrap: anywhere; hyphens: auto;\" class=\"wp-block-prefeitura-campogrande-get-option has-text-color has-grey-80-color\">Segunda a Sexta das 7h30 \u00e0s 11h e das 13h \u00e0s 17h30<\/p><\/div>\n<\/div>\n\n\n\n<div class=\"wp-block-cover is-light border-radius-default\" style=\"min-height:346px;aspect-ratio:unset;\"><span aria-hidden=\"true\" class=\"wp-block-cover__background has-background-dim-0 has-background-dim\"><\/span><img decoding=\"async\" class=\"wp-block-cover__image-background wp-image-739\" alt=\"\" src=\"https:\/\/campogrande.nucleo.site\/wp-content\/uploads\/2022\/12\/Ouvidoria-Geral.png\" data-object-fit=\"cover\"\/><div class=\"wp-block-cover__inner-container is-layout-flow wp-block-cover-is-layout-flow\">\n<div class=\"wp-block-columns is-layout-flex wp-container-core-columns-is-layout-28f84493 wp-block-columns-is-layout-flex\">\n<div class=\"wp-block-column is-layout-flow wp-block-column-is-layout-flow\"><\/div>\n\n\n\n<div class=\"wp-block-column is-layout-flow wp-container-core-column-is-layout-ef883af5 wp-block-column-is-layout-flow\">\n<h4 class=\"has-grey-80-color has-text-color wp-block-heading\">Ouvidoria Geral<br>do Munic\u00edpio<\/h4>\n\n\n\n<p class=\"has-grey-80-color has-text-color has-18-font-size\">Na ouvidoria geral do munic\u00edpio, voc\u00ea pode enviar den\u00fancias, elogios, reclama\u00e7\u00f5es, al\u00e9m de sugest\u00f5es para a melhoria do servi\u00e7o p\u00fablico prestado.<\/p>\n\n\n\n<p class=\"has-text-align-left has-grey-80-color has-text-color has-18-font-size\"><strong><a href=\"https:\/\/campogrande.nucleo.site\" target=\"_blank\" rel=\"noreferrer noopener\">Acessar<\/a><\/strong><\/p>\n<\/div>\n<\/div>\n<\/div><\/div>\n<\/div>\n<\/div>\n\n\n\n<div class=\"wp-block-column is-layout-flow wp-block-column-is-layout-flow\">\n<div class=\"wp-block-group border-radius-default has-border-color has-transparent-border-color has-grey-80-color has-grey-20-background-color has-text-color has-background is-layout-constrained wp-container-core-group-is-layout-86306131 wp-block-group-is-layout-constrained\" style=\"border-width:1px;padding-top:4rem;padding-right:4rem;padding-bottom:4rem;padding-left:4rem\">\n<p class=\"has-grey-80-color has-text-color has-20-font-size\">Se preferir, envie uma mensagem para a SESAU diretamente pelo site. Preenche todos os campos.<\/p>\n\n\n        <section class=\"wp-block-prefeitura-campogrande-contact-form\">\n            <form name=\"enviar-mensagem\">\n                <div class=\"fields\">\n                    <div class=\"row\">\n                                                <input\n                                id=\"name\"\n                                type=\"text\"\n                                required\n                                class=\"has-background\"\n                                name=\"name\"\n                                maxlength=\"150\"\n                                placeholder=\"Digite seu nome completo\"\n                        >\n                    <\/div>\n                    <div class=\"row\">\n                                                <input id=\"email\"\n                               type=\"email\"\n                               name=\"email\"\n                               class=\"has-background\"\n                               required\n                               placeholder=\"Seu e-mail para contato\"\n                        >\n                    <\/div>\n                    <div class=\"row\">\n                                                <input id=\"subject\"\n                               type=\"text\"\n                               class=\"has-background\"\n                               name=\"subject\"\n                               maxlength=\"150\"\n                               placeholder=\"Assunto da mensagem\"\n                        >\n                    <\/div>\n                <\/div>\n                <div class=\"textarea\">\n                                        <textarea\n                            id=\"message\"\n                            name=\"message\"\n                            required\n                            class=\"has-background\"\n                            maxlength=\"600\"\n                            placeholder=\"Escreva aqui sua mensagem\"\n                    ><\/textarea>\n                <\/div>\n                <button class=\"submit-button\">Enviar mensagem<\/button>\n            <\/form>\n        <\/section>\n        \n\n\n<div style=\"height:170px\" aria-hidden=\"true\" class=\"wp-block-spacer smartphone-hidden\"><\/div>\n<\/div>\n<\/div>\n<\/div>\n<\/div>\n","protected":false},"excerpt":{"rendered":"<p>Aqui voc\u00ea encontra as op\u00e7\u00f5es de contato com a Secretaria-Municipal de Sa\u00fade &#8211; SESAU. Se preferir, envie uma mensagem para a SESAU diretamente pelo site. Preenche todos os campos.<\/p>\n","protected":false},"author":1,"featured_media":0,"parent":0,"menu_order":0,"comment_status":"closed","ping_status":"closed","template":"","meta":{"_acf_changed":false,"custom_icon_class":"","footnotes":""},"class_list":["post-207","page","type-page","status-publish","hentry"],"acf":[],"_links":{"self":[{"href":"https:\/\/campogrande.nucleo.site\/cgnoticias\/wp-json\/wp\/v2\/pages\/207","targetHints":{"allow":["GET"]}}],"collection":[{"href":"https:\/\/campogrande.nucleo.site\/cgnoticias\/wp-json\/wp\/v2\/pages"}],"about":[{"href":"https:\/\/campogrande.nucleo.site\/cgnoticias\/wp-json\/wp\/v2\/types\/page"}],"author":[{"embeddable":true,"href":"https:\/\/campogrande.nucleo.site\/cgnoticias\/wp-json\/wp\/v2\/users\/1"}],"replies":[{"embeddable":true,"href":"https:\/\/campogrande.nucleo.site\/cgnoticias\/wp-json\/wp\/v2\/comments?post=207"}],"version-history":[{"count":2,"href":"https:\/\/campogrande.nucleo.site\/cgnoticias\/wp-json\/wp\/v2\/pages\/207\/revisions"}],"predecessor-version":[{"id":210,"href":"https:\/\/campogrande.nucleo.site\/cgnoticias\/wp-json\/wp\/v2\/pages\/207\/revisions\/210"}],"wp:attachment":[{"href":"https:\/\/campogrande.nucleo.site\/cgnoticias\/wp-json\/wp\/v2\/media?parent=207"}],"curies":[{"name":"wp","href":"https:\/\/api.w.org\/{rel}","templated":true}]}}