{"id":105,"date":"2023-12-13T14:23:12","date_gmt":"2023-12-13T17:23:12","guid":{"rendered":"https:\/\/campogrande.nucleo.site\/sas\/?page_id=105"},"modified":"2023-12-18T17:01:36","modified_gmt":"2023-12-18T20:01:36","slug":"protecao-basica","status":"publish","type":"page","link":"https:\/\/campogrande.nucleo.site\/sas\/protecao-basica\/","title":{"rendered":"Prote\u00e7\u00e3o B\u00e1sica"},"content":{"rendered":"\n<div class=\"wp-block-group is-layout-constrained wp-container-core-group-is-layout-28a9ac16 wp-block-group-is-layout-constrained\" style=\"padding-right:30px;padding-bottom:40px;padding-left:30px\">\n<div class=\"wp-block-group has-grey-30-color has-grey-10-background-color has-text-color has-background has-link-color wp-elements-7a73fe1a9b9eeba6b0935ca9ccab27f0 is-layout-constrained wp-container-core-group-is-layout-edcd9cee wp-block-group-is-layout-constrained\" style=\"border-width:2px;border-radius:20px;padding-top:30px;padding-right:30px;padding-bottom:30px;padding-left:30px\">\n<h3 class=\"wp-block-heading has-20-font-size\">O que \u00e9?<\/h3>\n\n\n\n<p style=\"padding-bottom:10px;font-size:18px\">A Prote\u00e7\u00e3o Social B\u00e1sica \u00e9 o conjunto de servi\u00e7os, programas, projetos e benef\u00edcios da Assist\u00eancia Social estruturados para prevenir situa\u00e7\u00f5es de vulnerabilidade e de risco social, buscando a inser\u00e7\u00e3o de fam\u00edlias e indiv\u00edduos na rede socioassistencial e em outras pol\u00edticas setoriais, visando o Fortalecimento de v\u00ednculos familiares e comunit\u00e1rios e a supera\u00e7\u00e3o dessas situa\u00e7\u00f5es.<\/p>\n<\/div>\n<\/div>\n\n\n\n<h3 class=\"wp-block-heading has-text-align-center\">Servi\u00e7os Oferecidos<\/h3>\n\n\n\n<div class=\"wp-block-columns is-layout-flex wp-container-core-columns-is-layout-28f84493 wp-block-columns-is-layout-flex\">\n<div class=\"wp-block-column is-layout-flow wp-block-column-is-layout-flow\">\n<div class=\"wp-block-group is-layout-constrained wp-container-core-group-is-layout-89cfeed7 wp-block-group-is-layout-constrained\" style=\"padding-top:10px;padding-right:10px;padding-bottom:10px;padding-left:10px\">\n<div class=\"wp-block-group has-grey-30-color has-grey-10-background-color has-text-color has-background has-link-color wp-elements-93a4c31fb97c6550a3ac2672e3bfa4e0 is-layout-constrained wp-container-core-group-is-layout-bf816c8d wp-block-group-is-layout-constrained\" style=\"border-width:2px;border-radius:20px;padding-top:20px;padding-right:20px;padding-bottom:20px;padding-left:20px\">\n<h6 class=\"wp-block-heading\">Centros de Conviv\u00eancia do Idoso<\/h6>\n\n\n\n<p>Atividades de integra\u00e7\u00e3o e valoriza\u00e7\u00e3o da pessoa idosa desenvolvidas nos Centros de Refer\u00eancia de Assist\u00eancia Social \u2013 CRAS e nos Centros de Conviv\u00eancia de Idosos, visando o fortalecimento dos la\u00e7os afetivos e familiares, facilitando o conv\u00edvio entre as gera\u00e7\u00f5es.<\/p>\n\n\n\n<p>S\u00e3o mais de 3 mil idosos atendidos.<\/p>\n\n\n\n<p class=\"has-text-align-center\" style=\"text-decoration:underline\">Ver listagem<\/p>\n<\/div>\n<\/div>\n<\/div>\n\n\n\n<div class=\"wp-block-column is-layout-flow wp-block-column-is-layout-flow\">\n<div class=\"wp-block-group is-layout-constrained wp-container-core-group-is-layout-89cfeed7 wp-block-group-is-layout-constrained\" style=\"padding-top:10px;padding-right:10px;padding-bottom:10px;padding-left:10px\">\n<div class=\"wp-block-group has-grey-30-color has-grey-10-background-color has-text-color has-background has-link-color wp-elements-7784273cc3d82b3d6b29b162b21d1c9a is-layout-constrained wp-container-core-group-is-layout-bf816c8d wp-block-group-is-layout-constrained\" style=\"border-width:2px;border-radius:20px;padding-top:20px;padding-right:20px;padding-bottom:20px;padding-left:20px\">\n<h6 class=\"wp-block-heading\">Centros de Conviv\u00eancia<\/h6>\n\n\n\n<p>O Centro de Conviv\u00eancia executa o Servi\u00e7o de Conviv\u00eancia e Fortalecimento de V\u00ednculos por meio de a\u00e7\u00f5es voltadas \u00e0s caracter\u00edsticas, interesses e demandas de indiv\u00edduos em diversas faixas et\u00e1rias. As atividades, nos 06 CC, s\u00e3o de viv\u00eancia em grupo, experimenta\u00e7\u00f5es art\u00edsticas, culturais, esportivas e de lazer, valoriza\u00e7\u00e3o das experi\u00eancias vividas como forma privilegiada de express\u00e3o, intera\u00e7\u00e3o e prote\u00e7\u00e3o social.<\/p>\n\n\n\n<p class=\"has-text-align-center\" style=\"text-decoration:underline\">Ver listagem<\/p>\n<\/div>\n<\/div>\n<\/div>\n<\/div>\n\n\n\n<div class=\"wp-block-columns is-layout-flex wp-container-core-columns-is-layout-28f84493 wp-block-columns-is-layout-flex\">\n<div class=\"wp-block-column is-layout-flow wp-block-column-is-layout-flow\">\n<div class=\"wp-block-group is-layout-constrained wp-container-core-group-is-layout-89cfeed7 wp-block-group-is-layout-constrained\" style=\"padding-top:10px;padding-right:10px;padding-bottom:10px;padding-left:10px\">\n<div class=\"wp-block-group has-grey-30-color has-grey-10-background-color has-text-color has-background has-link-color wp-elements-e8450af70966f06ba533ae3bfe1cc494 is-layout-constrained wp-container-core-group-is-layout-bf816c8d wp-block-group-is-layout-constrained\" style=\"border-width:2px;border-radius:20px;padding-top:20px;padding-right:20px;padding-bottom:20px;padding-left:20px\">\n<h6 class=\"wp-block-heading\">Fam\u00edlias Vulnerabilizadas<\/h6>\n\n\n\n<p>O trabalho com fam\u00edlias e comunidade do territ\u00f3rio de abrang\u00eancia do Centro de Refer\u00eancia de Assist\u00eancia Social-CRAS pauta-se em uma abordagem psicossocial com a\u00e7\u00f5es que visam informar, formar e transformar as suas representa\u00e7\u00f5es e pr\u00e1ticas<\/p>\n\n\n\n<p>Para tanto \u00e9 necess\u00e1rio conhecer os grupos familiares, identificando suas necessidades e demandas, potencializando sua inclus\u00e3o na rede de atendimento, encaminhando e acompanhando cada caso.<\/p>\n\n\n\n<p>A a\u00e7\u00e3o de acompanhar a fam\u00edlia nesse processo exige a integra\u00e7\u00e3o de dois eixos de a\u00e7\u00e3o: assistencial e socioeducativo.<\/p>\n\n\n\n<p>O assistencial refere-se ao apoio efetivo prestado \u00e0 fam\u00edlia e aos seus membros, atrav\u00e9s da potencializa\u00e7\u00e3o da rede socioassistencial e do acesso aos servi\u00e7os b\u00e1sicos a que t\u00eam direito.<\/p>\n\n\n\n<p>O socioeducativo est\u00e1 voltado para o trabalho com as fam\u00edlias \u2013 entendidas como sujeitos socioculturais, com suas hist\u00f3rias e projetos \u2013 com as quais se desenvolve uma reflex\u00e3o sobre seu cotidiano e suas diversas formas de organiza\u00e7\u00e3o.<\/p>\n<\/div>\n<\/div>\n<\/div>\n\n\n\n<div class=\"wp-block-column is-layout-flow wp-block-column-is-layout-flow\">\n<div class=\"wp-block-group is-layout-constrained wp-container-core-group-is-layout-89cfeed7 wp-block-group-is-layout-constrained\" style=\"padding-top:10px;padding-right:10px;padding-bottom:10px;padding-left:10px\">\n<div class=\"wp-block-group has-grey-30-color has-grey-10-background-color has-text-color has-background has-link-color wp-elements-2babf133bd7ac9751d7061704255617d is-layout-constrained wp-container-core-group-is-layout-bf816c8d wp-block-group-is-layout-constrained\" style=\"border-width:2px;border-radius:20px;padding-top:20px;padding-right:20px;padding-bottom:20px;padding-left:20px\">\n<h6 class=\"wp-block-heading\">Banco de Alimentos<\/h6>\n\n\n\n<p>Localizado no Bairro Nossa Senhora Aparecida, seu objetivo \u00e9 reduzir a inseguran\u00e7a alimentar, o desperd\u00edcio e contribuir com o combate a fome.<\/p>\n\n\n\n<p>Os alimentos s\u00e3o doados pelo CEASA, CoopGrande, supermercados, ind\u00fastrias e outros. Alimentos estes que n\u00e3o est\u00e3o adequados para a comercializa\u00e7\u00e3o, por\u00e9m pr\u00f3prios para o consumo humano.<\/p>\n\n\n\n<p>Passam pelo processo de: Coleta, Sele\u00e7\u00e3o, Classifica\u00e7\u00e3o, Higieniza\u00e7\u00e3o, Processamento, Armazenamento e Distribui\u00e7\u00e3o.<\/p>\n\n\n\n<p>A distribui\u00e7\u00e3o \u00e9 gratuita para familias e entidades da rede socioassistencial, onde participam de a\u00e7\u00f5es socioeducativas, educa\u00e7\u00e3o alimentar, Inclus\u00e3o Produtiva e atendimento psicossocial.<\/p>\n\n\n\n<div style=\"height:23px\" aria-hidden=\"true\" class=\"wp-block-spacer\"><\/div>\n\n\n\n<p><strong>Banco de Alimentos\/ Central de Processamento de Alimentos-CPA<\/strong><br>Endere\u00e7o: R. Kamiei Simabuco, 08 \u2013 Loteamento Municipal CEASA<br>Telefone: 3314-3955<\/p>\n\n\n\n<div style=\"height:19px\" aria-hidden=\"true\" class=\"wp-block-spacer\"><\/div>\n<\/div>\n<\/div>\n<\/div>\n<\/div>\n\n\n\n<div class=\"wp-block-columns is-layout-flex wp-container-core-columns-is-layout-28f84493 wp-block-columns-is-layout-flex\">\n<div class=\"wp-block-column is-layout-flow wp-block-column-is-layout-flow\">\n<div class=\"wp-block-group is-layout-constrained wp-container-core-group-is-layout-89cfeed7 wp-block-group-is-layout-constrained\" style=\"padding-top:10px;padding-right:10px;padding-bottom:10px;padding-left:10px\">\n<div class=\"wp-block-group has-grey-30-color has-grey-10-background-color has-text-color has-background has-link-color wp-elements-c43c0657dc7fd926b425df06fa4ea950 is-layout-constrained wp-container-core-group-is-layout-bf816c8d wp-block-group-is-layout-constrained\" style=\"border-width:2px;border-radius:20px;padding-top:20px;padding-right:20px;padding-bottom:20px;padding-left:20px\">\n<h6 class=\"wp-block-heading\">Inclus\u00e3o Digital<\/h6>\n\n\n\n<p>Os Telecentros Comunit\u00e1rios s\u00e3o espa\u00e7os p\u00fablicos com computadores conectados \u00e0 internet, para uso da comunidade local, em atividades diversas de inclus\u00e3o digital. Possuem salas de Inform\u00e1tica, com cursos de inform\u00e1tica b\u00e1sica ou espec\u00edfica para conhecimento e aprendizagem sobre a tecnologia da informa\u00e7\u00e3o e comunica\u00e7\u00e3o.<\/p>\n\n\n\n<p>Os Telecentros promovem oportunidades de prepara\u00e7\u00e3o para ingresso no mercado de trabalho e conex\u00e3o com a educa\u00e7\u00e3o, cultura e a ci\u00eancia e funcionam em 10 Centros de Refer\u00eancia \u2013 CRAS, sendo eles:<\/p>\n\n\n\n<div class=\"wp-block-columns is-layout-flex wp-container-core-columns-is-layout-28f84493 wp-block-columns-is-layout-flex\">\n<div class=\"wp-block-column is-layout-flow wp-block-column-is-layout-flow\">\n<ul class=\"has-grey-80-color has-text-color has-link-color wp-block-list wp-elements-4747859a63a7f9ad967cc4e289846315\">\n<li>CRAS Los Angeles<\/li>\n\n\n\n<li>CRAS Tiradentes<\/li>\n\n\n\n<li>CRAS Canguru<\/li>\n\n\n\n<li>CRAS Vida Nova<\/li>\n<\/ul>\n<\/div>\n\n\n\n<div class=\"wp-block-column is-layout-flow wp-block-column-is-layout-flow\">\n<ul class=\"has-grey-80-color has-text-color has-link-color wp-block-list wp-elements-4a3c9c478b8a0473f483769c56a6d8c8\">\n<li>CRAS Popular<\/li>\n\n\n\n<li>CRAS S\u00e3o Conrado<\/li>\n\n\n\n<li>CRAS Estrela Dalva<\/li>\n<\/ul>\n<\/div>\n\n\n\n<div class=\"wp-block-column is-layout-flow wp-block-column-is-layout-flow\">\n<ul class=\"has-grey-80-color has-text-color has-link-color wp-block-list wp-elements-df26e31d56d5b95d60c3b680e5f9865b\">\n<li>CRAS Moreninha<\/li>\n\n\n\n<li>CRAS Aero Rancho<\/li>\n\n\n\n<li>CRAS Vila Nasser<\/li>\n<\/ul>\n<\/div>\n<\/div>\n<\/div>\n<\/div>\n<\/div>\n\n\n\n<div class=\"wp-block-column is-layout-flow wp-block-column-is-layout-flow\">\n<div class=\"wp-block-group is-layout-constrained wp-container-core-group-is-layout-89cfeed7 wp-block-group-is-layout-constrained\" style=\"padding-top:10px;padding-right:10px;padding-bottom:10px;padding-left:10px\">\n<div class=\"wp-block-group has-grey-30-color has-grey-10-background-color has-text-color has-background has-link-color wp-elements-2d1df2bd40afbb0e86c361fd9cb80fdb is-layout-constrained wp-container-core-group-is-layout-bf816c8d wp-block-group-is-layout-constrained\" style=\"border-width:2px;border-radius:20px;padding-top:20px;padding-right:20px;padding-bottom:20px;padding-left:20px\">\n<h6 class=\"wp-block-heading\">Inclus\u00e3o Produtiva <\/h6>\n\n\n\n<p>Oferece cursos de capacita\u00e7\u00e3o e gera\u00e7\u00e3o de renda para pessoas em idade laboral\/produtiva em situa\u00e7\u00e3o de vulnerabilidade social e econ\u00f4mica, objetivando:<\/p>\n\n\n\n<p>\u2022 incorporar habilidades para o trabalho;<br>\u2022 gera\u00e7\u00e3o de renda;<br>\u2022 atitudes voltadas a melhoria da qualidade de vida familiar e comunit\u00e1ria;<br>\u2022 o ingresso no mercado de trabalho formal e informal;<br>\u2022 estimular grupos interessados para o desenvolvimento de um trabalho em conjunto, promovendo a forma\u00e7\u00e3o de empreendimento coletivo.<\/p>\n\n\n\n<div style=\"height:15px\" aria-hidden=\"true\" class=\"wp-block-spacer\"><\/div>\n\n\n\n<p class=\"has-text-align-center\" style=\"text-decoration:underline\">Cursos Dispon\u00edveis<\/p>\n\n\n\n<div style=\"height:10px\" aria-hidden=\"true\" class=\"wp-block-spacer\"><\/div>\n<\/div>\n<\/div>\n<\/div>\n<\/div>\n\n\n\n<div class=\"wp-block-group is-layout-constrained wp-container-core-group-is-layout-89cfeed7 wp-block-group-is-layout-constrained\" style=\"padding-top:10px;padding-right:10px;padding-bottom:10px;padding-left:10px\">\n<div class=\"wp-block-group has-grey-30-color has-grey-10-background-color has-text-color has-background has-link-color wp-elements-8992e3edc9254ffd111f7f1977bd7053 is-layout-constrained wp-container-core-group-is-layout-bf816c8d wp-block-group-is-layout-constrained\" style=\"border-width:2px;border-radius:20px;padding-top:20px;padding-right:20px;padding-bottom:20px;padding-left:20px\">\n<h6 class=\"wp-block-heading\">Servi\u00e7o de Conviv\u00eancia e Fortalecimento de V\u00ednculos \u2013 SCFV<\/h6>\n\n\n\n<p>O Servi\u00e7o de Conviv\u00eancia e Fortalecimento de V\u00ednculos (SCFV) integra o conjunto de servi\u00e7os do SUAS, oferecendo \u00e0 popula\u00e7\u00e3o que viv\u00eancia situa\u00e7\u00f5es de vulnerabilidades sociais, novas oportunidades de reflex\u00e3o acerca da realidade social, contribuindo dessa forma para o planejamento de estrat\u00e9gias e na constru\u00e7\u00e3o de novos projetos de vida.<\/p>\n\n\n\n<p>Ele atende 3.517 crian\u00e7as e adolescentes de 06 a 17 anos, em per\u00edodo anterior ou posterior ao escolar, visando a socializa\u00e7\u00e3o, a participa\u00e7\u00e3o comunit\u00e1ria, a coopera\u00e7\u00e3o, o respeito m\u00fatuo, o desenvolvimento e a autonomia, e principalmente, a melhoria da qualidade de vida.<\/p>\n<\/div>\n<\/div>\n","protected":false},"excerpt":{"rendered":"<p>O que \u00e9? A Prote\u00e7\u00e3o Social B\u00e1sica \u00e9 o conjunto de servi\u00e7os, programas, projetos e benef\u00edcios da Assist\u00eancia Social estruturados para prevenir situa\u00e7\u00f5es de vulnerabilidade e de risco social, buscando a inser\u00e7\u00e3o de fam\u00edlias e indiv\u00edduos na rede socioassistencial e em outras pol\u00edticas setoriais, visando o Fortalecimento de v\u00ednculos familiares e comunit\u00e1rios e a supera\u00e7\u00e3o [&hellip;]<\/p>\n","protected":false},"author":1,"featured_media":0,"parent":0,"menu_order":1,"comment_status":"closed","ping_status":"closed","template":"","meta":{"_acf_changed":false,"custom_icon_class":"","footnotes":""},"class_list":["post-105","page","type-page","status-publish","hentry"],"acf":[],"_links":{"self":[{"href":"https:\/\/campogrande.nucleo.site\/sas\/wp-json\/wp\/v2\/pages\/105","targetHints":{"allow":["GET"]}}],"collection":[{"href":"https:\/\/campogrande.nucleo.site\/sas\/wp-json\/wp\/v2\/pages"}],"about":[{"href":"https:\/\/campogrande.nucleo.site\/sas\/wp-json\/wp\/v2\/types\/page"}],"author":[{"embeddable":true,"href":"https:\/\/campogrande.nucleo.site\/sas\/wp-json\/wp\/v2\/users\/1"}],"replies":[{"embeddable":true,"href":"https:\/\/campogrande.nucleo.site\/sas\/wp-json\/wp\/v2\/comments?post=105"}],"version-history":[{"count":10,"href":"https:\/\/campogrande.nucleo.site\/sas\/wp-json\/wp\/v2\/pages\/105\/revisions"}],"predecessor-version":[{"id":300,"href":"https:\/\/campogrande.nucleo.site\/sas\/wp-json\/wp\/v2\/pages\/105\/revisions\/300"}],"wp:attachment":[{"href":"https:\/\/campogrande.nucleo.site\/sas\/wp-json\/wp\/v2\/media?parent=105"}],"curies":[{"name":"wp","href":"https:\/\/api.w.org\/{rel}","templated":true}]}}