{"id":118,"date":"2023-12-13T15:10:14","date_gmt":"2023-12-13T18:10:14","guid":{"rendered":"https:\/\/campogrande.nucleo.site\/sas\/?page_id=118"},"modified":"2023-12-15T09:00:30","modified_gmt":"2023-12-15T12:00:30","slug":"beneficios-eventuais","status":"publish","type":"page","link":"https:\/\/campogrande.nucleo.site\/sas\/protecao-basica\/beneficios-eventuais\/","title":{"rendered":"Benef\u00edcios Eventuais"},"content":{"rendered":"\n<p>Os Benef\u00edcios Eventuais s\u00e3o previstos pela Lei Org\u00e2nica de Assist\u00eancia Social (LOAS) e oferecidos aos cidad\u00e3os e \u00e0s suas fam\u00edlias que n\u00e3o t\u00eam condi\u00e7\u00f5es de arcar por conta pr\u00f3pria com o enfrentamento de situa\u00e7\u00f5es adversas ou que fragilize a manuten\u00e7\u00e3o do cidad\u00e3o e sua fam\u00edlia.<\/p>\n\n\n\n<p>Para solicitar o Benef\u00edcio Eventual, o cidad\u00e3o deve procurar as unidades da Assist\u00eancia Social&nbsp; ou na sede da Secretaria.<\/p>\n\n\n\n<p>A oferta desses benef\u00edcios tamb\u00e9m pode ocorrer por meio de identifica\u00e7\u00e3o de pessoas e fam\u00edlias em situa\u00e7\u00e3o de vulnerabilidade nos atendimentos feitos pelas equipes da Assist\u00eancia Social.<\/p>\n\n\n\n<p>A regulamenta\u00e7\u00e3o dos Benef\u00edcios Eventuais e a organiza\u00e7\u00e3o do atendimento aos benefici\u00e1rios s\u00e3o responsabilidade dos munic\u00edpios e do Distrito Federal, os quais devem observar os crit\u00e9rios e prazos estabelecidos pelo Conselhos de Assist\u00eancia Social.<\/p>\n\n\n\n<p>O Benef\u00edcio Eventual \u00e9 uma modalidade de provis\u00e3o de Prote\u00e7\u00e3o Social B\u00e1sica para fam\u00edlias em situa\u00e7\u00e3o de vulnerabilidade social com renda mensal per capita de at\u00e9 \u00bd do sal\u00e1rio m\u00ednimo.<\/p>\n\n\n\n<p>O benef\u00edcio deve ser oferecido nas seguintes situa\u00e7\u00f5es:<\/p>\n\n\n\n<div class=\"wp-block-columns are-vertically-aligned-center is-layout-flex wp-container-core-columns-is-layout-11298c6d wp-block-columns-is-layout-flex\" style=\"padding-bottom:20px\">\n<div class=\"wp-block-column is-vertically-aligned-center is-layout-flow wp-block-column-is-layout-flow\">\n<ul class=\"wp-block-list\">\n<li><strong>Nascimento: <\/strong>para atender as necessidades do beb\u00ea que vai nascer; apoiar a m\u00e3e nos casos em que o beb\u00ea nasce morto ou morre logo ap\u00f3s o nascimento; e apoiar a fam\u00edlia em caso de morte da m\u00e3e.<\/li>\n\n\n\n<li><strong>Morte<\/strong>: para atender as necessidades urgentes da fam\u00edlia ap\u00f3s a morte de um de seus provedores ou membros; atender as despesas de urna funer\u00e1ria, vel\u00f3rio e sepultamento, desde que n\u00e3o haja no munic\u00edpio outro benef\u00edcio que garanta o atendimento a estas despesas.<\/li>\n<\/ul>\n<\/div>\n\n\n\n<div class=\"wp-block-column is-vertically-aligned-center is-layout-flow wp-block-column-is-layout-flow\">\n<ul class=\"wp-block-list\">\n<li><strong>Vulnerabilidade Tempor\u00e1ria<\/strong>: para o enfrentamento de situa\u00e7\u00f5es de riscos, perdas e danos \u00e0 integridade da pessoa e\/ou de sua fam\u00edlia e outras situa\u00e7\u00f5es sociais que comprometam a sobreviv\u00eancia.<\/li>\n\n\n\n<li><strong>Calamidade P\u00fablica<\/strong>: para garantir os meios necess\u00e1rios \u00e0 sobreviv\u00eancia da fam\u00edlia e do indiv\u00edduo, com o objetivo de assegurar a dignidade e a reconstru\u00e7\u00e3o da autonomia das pessoas e fam\u00edlias atingidas.<\/li>\n<\/ul>\n<\/div>\n<\/div>\n\n\n\n<div class=\"wp-block-group is-layout-constrained wp-container-core-group-is-layout-3b0f2f7d wp-block-group-is-layout-constrained\" style=\"padding-right:20px;padding-left:20px\">\n<div class=\"wp-block-group has-grey-20-background-color has-background is-layout-constrained wp-container-core-group-is-layout-edcd9cee wp-block-group-is-layout-constrained\" style=\"border-radius:20px;padding-top:30px;padding-right:30px;padding-bottom:30px;padding-left:30px\">\n<h2 class=\"wp-block-heading\" style=\"text-transform:capitalize\">Benef\u00edcios<\/h2>\n\n\n\n<div class=\"wp-block-columns are-vertically-aligned-top is-layout-flex wp-container-core-columns-is-layout-658170e2 wp-block-columns-is-layout-flex\">\n<div class=\"wp-block-column is-vertically-aligned-top is-layout-flow wp-block-column-is-layout-flow\" style=\"padding-top:30px;padding-right:30px;padding-bottom:30px;padding-left:30px\">\n<h6 class=\"wp-block-heading\">Aux\u00edlio Documento<\/h6>\n\n\n\n<p style=\"padding-bottom:39px\">Destina-se ao pagamento de taxas de emiss\u00e3o de 1\u00aa e 2\u00aa via de carteira de identidade, certid\u00e3o de nascimento e \u00f3bito.<\/p>\n\n\n\n<h6 class=\"wp-block-heading\">Seguran\u00e7a Alimentar<\/h6>\n\n\n\n<p class=\"has-text-align-left\" style=\"padding-left:0px\">Mediante parecer social, s\u00e3o fornecidas cestas b\u00e1sicas, frutas e verduras.<\/p>\n<\/div>\n\n\n\n<div class=\"wp-block-column is-vertically-aligned-top is-layout-flow wp-block-column-is-layout-flow\" style=\"padding-top:30px;padding-right:30px;padding-bottom:30px;padding-left:30px\">\n<h6 class=\"wp-block-heading\">Aux\u00edlio Funeral<\/h6>\n\n\n\n<p class=\"is-style-default\">Servi\u00e7o Funeral gratuito com capela e sepultamento destinadas \u00e0s pessoas que residem no munic\u00edpio de Campo Grande com renda de at\u00e9 1\/2 sal\u00e1rio m\u00ednimo por fam\u00edlia. <\/p>\n\n\n\n<p class=\"is-style-default\">A fam\u00edlia passar\u00e1 por uma triagem realizada por uma Assistente Social.<\/p>\n\n\n\n<p class=\"has-text-align-left\"><strong>Plant\u00e3o Aux\u00edlio Funeral<\/strong>: (67) 98403-5352 (7h \u2013 22h)<\/p>\n<\/div>\n\n\n\n<div class=\"wp-block-column is-vertically-aligned-top is-layout-flow wp-block-column-is-layout-flow\" style=\"padding-top:30px;padding-right:30px;padding-bottom:30px;padding-left:30px\">\n<h6 class=\"wp-block-heading\">Aux\u00edlio Natalidade<\/h6>\n\n\n\n<p><strong>Pode ocorrer de duas formas:<\/strong><\/p>\n\n\n\n<p>\u2022 Por nascimento, com a concess\u00e3o de enxoval com itens de vestu\u00e1rio, utens\u00edlios para alimenta\u00e7\u00e3o e higiene;<br>\u2022 Apoio psicossocial \u00e0 m\u00e3e, no caso de morte de rec\u00e9m-nascido.<\/p>\n\n\n\n<p>Estes benef\u00edcios devem ser solicitado at\u00e9 30 dias ap\u00f3s o nascimento. Dirija-se ao CRAS mais pr\u00f3ximo de sua resid\u00eancia ou na sede da SAS. Sua concess\u00e3o ser\u00e1 feita ap\u00f3s parecer t\u00e9cnico.<\/p>\n<\/div>\n<\/div>\n<\/div>\n<\/div>\n\n\n\n<h4 class=\"wp-block-heading\" style=\"padding-top:var(--wp--preset--spacing--60)\">O que n\u00e3o s\u00e3o Benef\u00edcios Eventuais<\/h4>\n\n\n\n<p>Os itens sob a responsabilidade da pol\u00edtica de Sa\u00fade, Educa\u00e7\u00e3o, Habita\u00e7\u00e3o, Seguran\u00e7a Alimentar e Nutricional e outras pol\u00edticas setoriais n\u00e3o s\u00e3o Benef\u00edcios Eventuais da Assist\u00eancia Social, devendo ser atendidos pelas respectivas pol\u00edticas.<\/p>\n\n\n\n<p>Desta forma, itens referentes \u00e0 \u00f3rteses, pr\u00f3teses (ex.: aparelhos ortop\u00e9dicos e dentaduras), cadeiras de rodas, muletas, \u00f3culos, medicamentos, pagamento de exames m\u00e9dicos, apoio financeiro para tratamento de sa\u00fade fora do munic\u00edpio, transporte de doentes, leites e dietas de prescri\u00e7\u00e3o especial, fraldas descart\u00e1veis para pessoas que t\u00eam necessidade de uso, bem como outros itens da \u00e1rea de sa\u00fade n\u00e3o s\u00e3o Benef\u00edcios Eventuais.<\/p>\n","protected":false},"excerpt":{"rendered":"<p>Os Benef\u00edcios Eventuais s\u00e3o previstos pela Lei Org\u00e2nica de Assist\u00eancia Social (LOAS) e oferecidos aos cidad\u00e3os e \u00e0s suas fam\u00edlias que n\u00e3o t\u00eam condi\u00e7\u00f5es de arcar por conta pr\u00f3pria com o enfrentamento de situa\u00e7\u00f5es adversas ou que fragilize a manuten\u00e7\u00e3o do cidad\u00e3o e sua fam\u00edlia. Para solicitar o Benef\u00edcio Eventual, o cidad\u00e3o deve procurar as [&hellip;]<\/p>\n","protected":false},"author":1,"featured_media":0,"parent":105,"menu_order":0,"comment_status":"closed","ping_status":"closed","template":"","meta":{"_acf_changed":false,"custom_icon_class":"","footnotes":""},"class_list":["post-118","page","type-page","status-publish","hentry"],"acf":[],"_links":{"self":[{"href":"https:\/\/campogrande.nucleo.site\/sas\/wp-json\/wp\/v2\/pages\/118","targetHints":{"allow":["GET"]}}],"collection":[{"href":"https:\/\/campogrande.nucleo.site\/sas\/wp-json\/wp\/v2\/pages"}],"about":[{"href":"https:\/\/campogrande.nucleo.site\/sas\/wp-json\/wp\/v2\/types\/page"}],"author":[{"embeddable":true,"href":"https:\/\/campogrande.nucleo.site\/sas\/wp-json\/wp\/v2\/users\/1"}],"replies":[{"embeddable":true,"href":"https:\/\/campogrande.nucleo.site\/sas\/wp-json\/wp\/v2\/comments?post=118"}],"version-history":[{"count":10,"href":"https:\/\/campogrande.nucleo.site\/sas\/wp-json\/wp\/v2\/pages\/118\/revisions"}],"predecessor-version":[{"id":259,"href":"https:\/\/campogrande.nucleo.site\/sas\/wp-json\/wp\/v2\/pages\/118\/revisions\/259"}],"up":[{"embeddable":true,"href":"https:\/\/campogrande.nucleo.site\/sas\/wp-json\/wp\/v2\/pages\/105"}],"wp:attachment":[{"href":"https:\/\/campogrande.nucleo.site\/sas\/wp-json\/wp\/v2\/media?parent=118"}],"curies":[{"name":"wp","href":"https:\/\/api.w.org\/{rel}","templated":true}]}}