{"id":203,"date":"2023-12-14T13:35:33","date_gmt":"2023-12-14T16:35:33","guid":{"rendered":"https:\/\/campogrande.nucleo.site\/sas\/?page_id=203"},"modified":"2023-12-14T13:35:33","modified_gmt":"2023-12-14T16:35:33","slug":"supervisao-tecnica","status":"publish","type":"page","link":"https:\/\/campogrande.nucleo.site\/sas\/protecao-basica\/supervisao-tecnica\/","title":{"rendered":"Supervis\u00e3o T\u00e9cnica"},"content":{"rendered":"\n<p>A Supervis\u00e3o T\u00e9cnica no SUAS tem seus par\u00e2metros estabelecidos na Resolu\u00e7\u00e3o do Conselho Nacional de Assist\u00eancia Social \u2013 CNAS n. 06 de 2016. \u00c9 citada como a\u00e7\u00e3o relativa \u00e0 estrutura\u00e7\u00e3o do processo de trabalho institucional, no Cap\u00edtulo VIII da Norma Operacional B\u00e1sica do SUAS \u2013 NOB\/SUAS, 2012, e, na Pol\u00edtica Nacional de Educa\u00e7\u00e3o Permanente no SUAS \u2013 PNEP\/SUAS, 2013, como uma das a\u00e7\u00f5es de capacita\u00e7\u00e3o dos Percursos Formativos.<\/p>\n\n\n\n<h3 class=\"wp-block-heading\">Documentos Relacionados<\/h3>\n\n\n\n<ul class=\"wp-block-list\">\n<li style=\"text-decoration:underline\"><a href=\"https:\/\/prefcg-repositorio.campogrande.ms.gov.br\/wp-cdn\/uploads\/sites\/19\/2020\/02\/CADERNO-DA-SUPERVIS%C3%83O-2020.pdf\" data-type=\"link\" data-id=\"https:\/\/prefcg-repositorio.campogrande.ms.gov.br\/wp-cdn\/uploads\/sites\/19\/2020\/02\/CADERNO-DA-SUPERVIS%C3%83O-2020.pdf\" target=\"_blank\" rel=\"noreferrer noopener\">Caderno de Supervis\u00e3o T\u00e9cnica do PAIF (2020)<\/a><\/li>\n\n\n\n<li style=\"text-decoration:underline\"><a href=\"https:\/\/prefcg-repositorio.campogrande.ms.gov.br\/wp-cdn\/uploads\/sites\/19\/2020\/09\/ACOLHIDA-EM-GRUPO.pdf\" data-type=\"link\" data-id=\"https:\/\/prefcg-repositorio.campogrande.ms.gov.br\/wp-cdn\/uploads\/sites\/19\/2020\/09\/ACOLHIDA-EM-GRUPO.pdf\" target=\"_blank\" rel=\"noreferrer noopener\">Acolhida em Grupo<\/a><\/li>\n\n\n\n<li style=\"text-decoration:underline\"><a href=\"https:\/\/www.campogrande.ms.gov.br\/sas\/downloads\/orientacao-scfv-remoto-osc\/\" data-type=\"link\" data-id=\"https:\/\/www.campogrande.ms.gov.br\/sas\/downloads\/orientacao-scfv-remoto-osc\/\" target=\"_blank\" rel=\"noreferrer noopener\">Orienta\u00e7\u00e3o SCFV Remoto &#8211; OSC<\/a><\/li>\n\n\n\n<li style=\"text-decoration:underline\"><a href=\"https:\/\/www.campogrande.ms.gov.br\/sas\/downloads\/orientacao-scfv-remoto-cras\/\" data-type=\"link\" data-id=\"https:\/\/www.campogrande.ms.gov.br\/sas\/downloads\/orientacao-scfv-remoto-cras\/\" target=\"_blank\" rel=\"noreferrer noopener\">Orienta\u00e7\u00e3o SCFV Remoto &#8211; CRAS<\/a><\/li>\n\n\n\n<li style=\"text-decoration:underline\"><a href=\"https:\/\/www.campogrande.ms.gov.br\/sas\/downloads\/roteiro-acolhida\/\" data-type=\"link\" data-id=\"https:\/\/www.campogrande.ms.gov.br\/sas\/downloads\/roteiro-acolhida\/\" target=\"_blank\" rel=\"noreferrer noopener\">Roteiro Acolhida<\/a><\/li>\n\n\n\n<li style=\"text-decoration:underline\"><a href=\"https:\/\/prefcg-repositorio.campogrande.ms.gov.br\/wp-cdn\/uploads\/sites\/19\/2020\/11\/APRESENTA%C3%87%C3%95ES-DE-IN%C3%8DCIOS-1.pdf\" data-type=\"link\" data-id=\"https:\/\/prefcg-repositorio.campogrande.ms.gov.br\/wp-cdn\/uploads\/sites\/19\/2020\/11\/APRESENTA%C3%87%C3%95ES-DE-IN%C3%8DCIOS-1.pdf\" target=\"_blank\" rel=\"noreferrer noopener\">A\u00e7\u00f5es de Prote\u00e7\u00e3o Social B\u00e1sica na Pandemia do COVID-19<\/a><sup data-fn=\"d9657490-d7f6-4e1e-a026-1dda7db9edaf\" class=\"fn\"><a href=\"#d9657490-d7f6-4e1e-a026-1dda7db9edaf\" id=\"d9657490-d7f6-4e1e-a026-1dda7db9edaf-link\">1<\/a><\/sup><\/li>\n\n\n\n<li style=\"text-decoration:underline\"><a href=\"https:\/\/prefcg-repositorio.campogrande.ms.gov.br\/wp-cdn\/uploads\/sites\/19\/2021\/03\/caderno-apoio-tecnico-2021-final.pdf\" data-type=\"link\" data-id=\"https:\/\/prefcg-repositorio.campogrande.ms.gov.br\/wp-cdn\/uploads\/sites\/19\/2021\/03\/caderno-apoio-tecnico-2021-final.pdf\" target=\"_blank\" rel=\"noreferrer noopener\">Caderno de Apoio T\u00e9cnico 2021<\/a><\/li>\n\n\n\n<li style=\"text-decoration:underline\"><a href=\"https:\/\/prefcg-repositorio.campogrande.ms.gov.br\/wp-cdn\/uploads\/sites\/19\/2021\/03\/projeto-vincular.pdf\" data-type=\"link\" data-id=\"https:\/\/prefcg-repositorio.campogrande.ms.gov.br\/wp-cdn\/uploads\/sites\/19\/2021\/03\/projeto-vincular.pdf\" target=\"_blank\" rel=\"noreferrer noopener\">Projeto Vincular<\/a><\/li>\n<\/ul>\n\n\n<ol class=\"wp-block-footnotes\"><li id=\"d9657490-d7f6-4e1e-a026-1dda7db9edaf\"><strong>V\u00eddeos Relacionados:<br><\/strong><a href=\"https:\/\/youtu.be\/ZfdeYRISxh4\">Webin\u00e1rio: A\u00e7\u00f5es da PSB na pandemia do COVID-19 \u2013 PAIF<\/a><br><a href=\"https:\/\/youtu.be\/w3vUwOSmuYY\">Webin\u00e1rio: A\u00e7\u00f5es da PSB na pandemia do COVID-19 \u2013 SCFV<\/a><br><a href=\"https:\/\/youtu.be\/sRq0IuKycgY\">Webin\u00e1rio: A\u00e7\u00f5es da PSB na pandemia do COVID-19 \u2013 Banco de dados<\/a> <a href=\"#d9657490-d7f6-4e1e-a026-1dda7db9edaf-link\" aria-label=\"Ir para a refer\u00eancia 1 na nota de rodap\u00e9\">\u21a9\ufe0e<\/a><\/li><\/ol>","protected":false},"excerpt":{"rendered":"<p>A Supervis\u00e3o T\u00e9cnica no SUAS tem seus par\u00e2metros estabelecidos na Resolu\u00e7\u00e3o do Conselho Nacional de Assist\u00eancia Social \u2013 CNAS n. 06 de 2016. \u00c9 citada como a\u00e7\u00e3o relativa \u00e0 estrutura\u00e7\u00e3o do processo de trabalho institucional, no Cap\u00edtulo VIII da Norma Operacional B\u00e1sica do SUAS \u2013 NOB\/SUAS, 2012, e, na Pol\u00edtica Nacional de Educa\u00e7\u00e3o Permanente no [&hellip;]<\/p>\n","protected":false},"author":1,"featured_media":0,"parent":105,"menu_order":2,"comment_status":"closed","ping_status":"closed","template":"","meta":{"_acf_changed":false,"custom_icon_class":"","footnotes":"[{\"content\":\"<strong>V\u00eddeos Relacionados:<br><\/strong><a href=\\\"https:\/\/youtu.be\/ZfdeYRISxh4\\\">Webin\u00e1rio: A\u00e7\u00f5es da PSB na pandemia do COVID-19 \u2013 PAIF<\/a><br><a href=\\\"https:\/\/youtu.be\/w3vUwOSmuYY\\\">Webin\u00e1rio: A\u00e7\u00f5es da PSB na pandemia do COVID-19 \u2013 SCFV<\/a><br><a href=\\\"https:\/\/youtu.be\/sRq0IuKycgY\\\">Webin\u00e1rio: A\u00e7\u00f5es da PSB na pandemia do COVID-19 \u2013 Banco de dados<\/a>\",\"id\":\"d9657490-d7f6-4e1e-a026-1dda7db9edaf\"}]"},"class_list":["post-203","page","type-page","status-publish","hentry"],"acf":[],"_links":{"self":[{"href":"https:\/\/campogrande.nucleo.site\/sas\/wp-json\/wp\/v2\/pages\/203","targetHints":{"allow":["GET"]}}],"collection":[{"href":"https:\/\/campogrande.nucleo.site\/sas\/wp-json\/wp\/v2\/pages"}],"about":[{"href":"https:\/\/campogrande.nucleo.site\/sas\/wp-json\/wp\/v2\/types\/page"}],"author":[{"embeddable":true,"href":"https:\/\/campogrande.nucleo.site\/sas\/wp-json\/wp\/v2\/users\/1"}],"replies":[{"embeddable":true,"href":"https:\/\/campogrande.nucleo.site\/sas\/wp-json\/wp\/v2\/comments?post=203"}],"version-history":[{"count":1,"href":"https:\/\/campogrande.nucleo.site\/sas\/wp-json\/wp\/v2\/pages\/203\/revisions"}],"predecessor-version":[{"id":204,"href":"https:\/\/campogrande.nucleo.site\/sas\/wp-json\/wp\/v2\/pages\/203\/revisions\/204"}],"up":[{"embeddable":true,"href":"https:\/\/campogrande.nucleo.site\/sas\/wp-json\/wp\/v2\/pages\/105"}],"wp:attachment":[{"href":"https:\/\/campogrande.nucleo.site\/sas\/wp-json\/wp\/v2\/media?parent=203"}],"curies":[{"name":"wp","href":"https:\/\/api.w.org\/{rel}","templated":true}]}}