{"id":236,"date":"2023-12-14T15:05:26","date_gmt":"2023-12-14T18:05:26","guid":{"rendered":"https:\/\/campogrande.nucleo.site\/sas\/?page_id=236"},"modified":"2023-12-14T15:05:26","modified_gmt":"2023-12-14T18:05:26","slug":"relatorios-de-gestao","status":"publish","type":"page","link":"https:\/\/campogrande.nucleo.site\/sas\/relatorios-de-gestao\/","title":{"rendered":"Relat\u00f3rios de Gest\u00e3o"},"content":{"rendered":"\n<p>O Relat\u00f3rio Anual de Gest\u00e3o \u00e9 um instrumento no qual os munic\u00edpios devem apresentar, anualmente, os resultados alcan\u00e7ados com a execu\u00e7\u00e3o da Pol\u00edtica P\u00fablica de Assist\u00eancia Social.<\/p>\n\n\n\n<p>Segue abaixo os Relat\u00f3rios Anuais de Gest\u00e3o da Secretaria Municipal de Assist\u00eancia Social de Campo Grande:<\/p>\n\n\n\n<div class=\"wp-block-columns is-layout-flex wp-container-core-columns-is-layout-28f84493 wp-block-columns-is-layout-flex\">\n<div class=\"wp-block-column is-layout-flow wp-block-column-is-layout-flow\">\n<ul class=\"wp-block-list\">\n<li class=\"has-20-font-size\" style=\"text-decoration:underline\"><a href=\"https:\/\/prefcg-repositorio.campogrande.ms.gov.br\/wp-cdn\/uploads\/sites\/19\/2021\/03\/relatorio-de-gestao-2020-pdf-1.pdf\" data-type=\"link\" data-id=\"https:\/\/prefcg-repositorio.campogrande.ms.gov.br\/wp-cdn\/uploads\/sites\/19\/2021\/03\/relatorio-de-gestao-2020-pdf-1.pdf\" target=\"_blank\" rel=\"noreferrer noopener\">RAG 2020<\/a><\/li>\n<\/ul>\n<\/div>\n\n\n\n<div class=\"wp-block-column is-layout-flow wp-block-column-is-layout-flow\">\n<ul class=\"wp-block-list\">\n<li class=\"has-20-font-size\" style=\"text-decoration:underline\"><a href=\"https:\/\/prefcg-repositorio.campogrande.ms.gov.br\/wp-cdn\/uploads\/sites\/19\/2022\/07\/relatriodegestao2021-prefcg-1658238992.pdf\" data-type=\"link\" data-id=\"https:\/\/prefcg-repositorio.campogrande.ms.gov.br\/wp-cdn\/uploads\/sites\/19\/2022\/07\/relatriodegestao2021-prefcg-1658238992.pdf\" target=\"_blank\" rel=\"noreferrer noopener\">RAG 2021<\/a><\/li>\n<\/ul>\n<\/div>\n\n\n\n<div class=\"wp-block-column is-layout-flow wp-block-column-is-layout-flow\">\n<ul class=\"wp-block-list\">\n<li class=\"has-20-font-size\" style=\"text-decoration:underline\"><a href=\"https:\/\/prefcg-repositorio.campogrande.ms.gov.br\/wp-cdn\/uploads\/sites\/19\/2023\/06\/RELATORIO-DE-GESTAO-DA-SAS-2022-1.pdf\" data-type=\"link\" data-id=\"https:\/\/prefcg-repositorio.campogrande.ms.gov.br\/wp-cdn\/uploads\/sites\/19\/2023\/06\/RELATORIO-DE-GESTAO-DA-SAS-2022-1.pdf\" target=\"_blank\" rel=\"noreferrer noopener\">RAG 2022<\/a><\/li>\n<\/ul>\n<\/div>\n<\/div>\n","protected":false},"excerpt":{"rendered":"<p>O Relat\u00f3rio Anual de Gest\u00e3o \u00e9 um instrumento no qual os munic\u00edpios devem apresentar, anualmente, os resultados alcan\u00e7ados com a execu\u00e7\u00e3o da Pol\u00edtica P\u00fablica de Assist\u00eancia Social. Segue abaixo os Relat\u00f3rios Anuais de Gest\u00e3o da Secretaria Municipal de Assist\u00eancia Social de Campo Grande:<\/p>\n","protected":false},"author":1,"featured_media":0,"parent":0,"menu_order":0,"comment_status":"closed","ping_status":"closed","template":"","meta":{"_acf_changed":false,"custom_icon_class":"","footnotes":""},"class_list":["post-236","page","type-page","status-publish","hentry"],"acf":[],"_links":{"self":[{"href":"https:\/\/campogrande.nucleo.site\/sas\/wp-json\/wp\/v2\/pages\/236","targetHints":{"allow":["GET"]}}],"collection":[{"href":"https:\/\/campogrande.nucleo.site\/sas\/wp-json\/wp\/v2\/pages"}],"about":[{"href":"https:\/\/campogrande.nucleo.site\/sas\/wp-json\/wp\/v2\/types\/page"}],"author":[{"embeddable":true,"href":"https:\/\/campogrande.nucleo.site\/sas\/wp-json\/wp\/v2\/users\/1"}],"replies":[{"embeddable":true,"href":"https:\/\/campogrande.nucleo.site\/sas\/wp-json\/wp\/v2\/comments?post=236"}],"version-history":[{"count":1,"href":"https:\/\/campogrande.nucleo.site\/sas\/wp-json\/wp\/v2\/pages\/236\/revisions"}],"predecessor-version":[{"id":237,"href":"https:\/\/campogrande.nucleo.site\/sas\/wp-json\/wp\/v2\/pages\/236\/revisions\/237"}],"wp:attachment":[{"href":"https:\/\/campogrande.nucleo.site\/sas\/wp-json\/wp\/v2\/media?parent=236"}],"curies":[{"name":"wp","href":"https:\/\/api.w.org\/{rel}","templated":true}]}}