{"id":254,"date":"2023-12-15T08:44:59","date_gmt":"2023-12-15T11:44:59","guid":{"rendered":"https:\/\/campogrande.nucleo.site\/sas\/?page_id=254"},"modified":"2023-12-15T08:44:59","modified_gmt":"2023-12-15T11:44:59","slug":"gestao-da-escola-do-suas","status":"publish","type":"page","link":"https:\/\/campogrande.nucleo.site\/sas\/gestao-da-escola-do-suas\/","title":{"rendered":"Gest\u00e3o da Escola do SUAS"},"content":{"rendered":"\n<h3 class=\"wp-block-heading\">Implanta\u00e7\u00e3o da Escola Municipal do SUAS<\/h3>\n\n\n\n<div class=\"wp-block-group has-grey-20-background-color has-background is-layout-constrained wp-container-core-group-is-layout-7f129876 wp-block-group-is-layout-constrained\" style=\"border-radius:20px;margin-bottom:var(--wp--preset--spacing--50);padding-top:30px;padding-right:30px;padding-bottom:30px;padding-left:30px\">\n<p><strong>O que \u00e9?<\/strong><\/p>\n\n\n\n<p>A educa\u00e7\u00e3o permanente constitui-se em processo cont\u00ednuo de constru\u00e7\u00e3o de conhecimentos pelos trabalhadores e objetiva melhorar e ampliar a capacidade laboral, em fun\u00e7\u00e3o de suas necessidades individuais, da equipe de trabalho e da unidade p\u00fablica ou privada na qual trabalha, das necessidades dos usu\u00e1rios e da demanda social.<\/p>\n\n\n\n<p>A ado\u00e7\u00e3o dessa perspectiva pol\u00edtico-pedag\u00f3gica no SUAS \u00e9 alicer\u00e7ada na qualidade dos servi\u00e7os, programas, projetos e benef\u00edcios socioassistenciais. Desenvolve-se de forma continuada e sistem\u00e1tica; participativa; sustent\u00e1vel e descentralizada e tem a prerrogativa de disseminar e produzir conhecimentos voltados ao desenvolvimento das habilidades e compet\u00eancias administrativas e t\u00e9cnicas; preza&nbsp; pelo investimento em diversas&nbsp; formas de&nbsp; capacita\u00e7\u00e3o; deve respeitar as singularidades territoriais na formula\u00e7\u00e3o das a\u00e7\u00f5es de capacita\u00e7\u00e3o e forma\u00e7\u00e3o;&nbsp; com acompanhamento, monitoramento e avalia\u00e7\u00e3o da Educa\u00e7\u00e3o Permanente, sempre em busca dos melhores resultados.<\/p>\n<\/div>\n\n\n\n<div class=\"wp-block-columns are-vertically-aligned-center is-layout-flex wp-container-core-columns-is-layout-28f84493 wp-block-columns-is-layout-flex\">\n<div class=\"wp-block-column is-vertically-aligned-center is-layout-flow wp-block-column-is-layout-flow\">\n<ul class=\"wp-block-list\">\n<li><strong>P\u00fablico Alvo:<\/strong> Trabalhadores do SUAS, Conselheiros de Assist\u00eancia Social, de Direitos e Tutelares (exclusivamente para a forma\u00e7\u00e3o na Pol\u00edtica de Assist\u00eancia Social).<\/li>\n\n\n\n<li><strong>Unidade de Atendimento: <\/strong>\u00d3rg\u00e3o Gestor e a Escola Municipal do SUAS<\/li>\n<\/ul>\n<\/div>\n\n\n\n<div class=\"wp-block-column is-vertically-aligned-center is-layout-flow wp-block-column-is-layout-flow\">\n<ul class=\"wp-block-list\">\n<li><strong>Capacidade de Atendimento<\/strong>: Capacidade m\u00e1xima nos dois per\u00edodos: 60 pessoas por dia.<\/li>\n\n\n\n<li><strong>Resultados Esperados<\/strong>: Aprimoramento da capacidade laboral dos trabalhadores, da equipe de trabalho e da unidade em que os profissionais atuam, contribuindo no atendimento \u00e0 demanda social.<\/li>\n<\/ul>\n<\/div>\n<\/div>\n\n\n\n<p>(Adicionar <a href=\"https:\/\/prefcg-repositorio.campogrande.ms.gov.br\/wp-cdn\/uploads\/sites\/19\/2020\/11\/PEP-CAMPOGRANDE-SAS_FINAL_2020.pdf\">download<\/a>)<\/p>\n","protected":false},"excerpt":{"rendered":"<p>Implanta\u00e7\u00e3o da Escola Municipal do SUAS O que \u00e9? A educa\u00e7\u00e3o permanente constitui-se em processo cont\u00ednuo de constru\u00e7\u00e3o de conhecimentos pelos trabalhadores e objetiva melhorar e ampliar a capacidade laboral, em fun\u00e7\u00e3o de suas necessidades individuais, da equipe de trabalho e da unidade p\u00fablica ou privada na qual trabalha, das necessidades dos usu\u00e1rios e da [&hellip;]<\/p>\n","protected":false},"author":1,"featured_media":0,"parent":0,"menu_order":0,"comment_status":"closed","ping_status":"closed","template":"","meta":{"_acf_changed":false,"custom_icon_class":"","footnotes":""},"class_list":["post-254","page","type-page","status-publish","hentry"],"acf":[],"_links":{"self":[{"href":"https:\/\/campogrande.nucleo.site\/sas\/wp-json\/wp\/v2\/pages\/254","targetHints":{"allow":["GET"]}}],"collection":[{"href":"https:\/\/campogrande.nucleo.site\/sas\/wp-json\/wp\/v2\/pages"}],"about":[{"href":"https:\/\/campogrande.nucleo.site\/sas\/wp-json\/wp\/v2\/types\/page"}],"author":[{"embeddable":true,"href":"https:\/\/campogrande.nucleo.site\/sas\/wp-json\/wp\/v2\/users\/1"}],"replies":[{"embeddable":true,"href":"https:\/\/campogrande.nucleo.site\/sas\/wp-json\/wp\/v2\/comments?post=254"}],"version-history":[{"count":1,"href":"https:\/\/campogrande.nucleo.site\/sas\/wp-json\/wp\/v2\/pages\/254\/revisions"}],"predecessor-version":[{"id":255,"href":"https:\/\/campogrande.nucleo.site\/sas\/wp-json\/wp\/v2\/pages\/254\/revisions\/255"}],"wp:attachment":[{"href":"https:\/\/campogrande.nucleo.site\/sas\/wp-json\/wp\/v2\/media?parent=254"}],"curies":[{"name":"wp","href":"https:\/\/api.w.org\/{rel}","templated":true}]}}