{"id":108,"date":"2023-11-16T16:51:53","date_gmt":"2023-11-16T19:51:53","guid":{"rendered":"https:\/\/campogrande.nucleo.site\/semadur\/?page_id=108"},"modified":"2023-11-16T16:51:53","modified_gmt":"2023-11-16T19:51:53","slug":"central-de-atendimento-tecnico-cat","status":"publish","type":"page","link":"https:\/\/campogrande.nucleo.site\/semadur\/central-de-atendimento-tecnico-cat\/","title":{"rendered":"Central de Atendimento T\u00e9cnico (CAT)"},"content":{"rendered":"\n<div class=\"wp-block-buttons is-layout-flex wp-block-buttons-is-layout-flex\">\n<div class=\"wp-block-button has-custom-width wp-block-button__width-100\"><a class=\"wp-block-button__link wp-element-button\" href=\"http:\/\/apl01.pmcg.ms.gov.br\/agenda\/login.jsp\" style=\"border-radius:15px\" target=\"_blank\" rel=\"noreferrer noopener\">Clique aqui para acessar a <strong>Aprova\u00e7\u00e3o Digital<\/strong><\/a><\/div>\n<\/div>\n\n\n\n<p style=\"padding-top:20px\">Prezado(a) Engenheiro(a) ou Arquiteto(a).<\/p>\n\n\n\n<p>Estamos reformulando e modernizando o nosso sistema de relacionamento, lan\u00e7ando uma nova vers\u00e3o. Agora, para continuar a utilizar o novo sistema de Engenheiros e Arquitetos, ser\u00e1 necess\u00e1rio realizar alguns procedimentos listados abaixo.<\/p>\n\n\n\n<p>Visando garantir total seguran\u00e7a as informa\u00e7\u00f5es disponibilizadas no sistema, estamos implantando um modelo de solicita\u00e7\u00e3o de senha, que automaticamente atualizar\u00e1 as informa\u00e7\u00f5es de contato referente ao seu cadastro na Prefeitura. Uma vez realizado o procedimento abaixo, ser\u00e1 disponibilizado o seu acesso ao novo sistema.<\/p>\n\n\n\n<p>Atrav\u00e9s desta nova senha voc\u00ea tamb\u00e9m ter\u00e1 acesso aos diversos servi\u00e7os referente ao seu cadastro econ\u00f4mico, como certid\u00f5es, emiss\u00f5es de guias, alvar\u00e1s e ficha cadastral.<\/p>\n\n\n\n<p>Caso j\u00e1 tenha solicitado sua nova senha, acesse o novo sistema atrav\u00e9s do item \u201cEngenheiros e Arquitetos\u201d da p\u00e1gina do Portal do Cidad\u00e3o da Prefeitura Municipal de Campo Grande.<\/p>\n\n\n\n<ul class=\"wp-block-list\">\n<li><strong>1\u00ba Passo &#8211; Solicita\u00e7\u00e3o de senha:<\/strong><\/li>\n<\/ul>\n\n\n\n<p style=\"padding-right:20px;padding-left:20px\">Acesse a p\u00e1gina para solicitar sua senha e preencha as informa\u00e7\u00f5es solicitadas. \u00c9 muito importante informar os dados de contato corretamente, pois automaticamente o sistema ir\u00e1 atualiz\u00e1-los posteriormente o seu cadastro efetuado. O e-mail informado nesse cadastro deve ser um e-mail ativo e v\u00e1lido, pois ser\u00e1 o canal de contato da Prefeitura, principalmente para a continua\u00e7\u00e3o dessa etapa de solicita\u00e7\u00e3o de senha.<\/p>\n\n\n\n<ul class=\"wp-block-list\">\n<li><strong>2\u00ba Passo &#8211; E-mail de Valida\u00e7\u00e3o:<\/strong><\/li>\n<\/ul>\n\n\n\n<p style=\"padding-right:20px;padding-left:20px\">Ap\u00f3s preenchido e enviado o formul\u00e1rio de solicita\u00e7\u00e3o de senha acima descrito, \u00e9 automaticamente enviado um e-mail para que seja validado a Prefeitura a sua solicita\u00e7\u00e3o. Esta etapa \u00e9 importante para sabermos se \u00e9 realmente voce que est\u00e1 solicitando a senha. Neste e-mail possuir\u00e1 link para ativar essa solicita\u00e7\u00e3o e s\u00f3 a partir da\u00ed continuar a solicita\u00e7\u00e3o de sua senha.<\/p>\n\n\n\n<ul class=\"wp-block-list\">\n<li><strong>3\u00ba Passo &#8211; Ativa\u00e7\u00e3o da Solicita\u00e7\u00e3o:<\/strong><\/li>\n<\/ul>\n\n\n\n<p style=\"padding-right:20px;padding-left:20px\">Para ativar sua solicita\u00e7\u00e3o basta clicar no link de ativa\u00e7\u00e3o dispon\u00edvel no e-mail descrito acima.<\/p>\n\n\n\n<ul class=\"wp-block-list\">\n<li><strong>4\u00ba Passo \u2013 Termo de Homologa\u00e7\u00e3o:<\/strong><\/li>\n<\/ul>\n\n\n\n<p style=\"padding-right:2rem;padding-left:2rem\">Ap\u00f3s finalizar a sua solicita\u00e7\u00e3o ser\u00e1 enviado para o seu e-mail e disponibilizado tamb\u00e9m no sistema a impress\u00e3o do Termo de Homologa\u00e7\u00e3o que dever\u00e1 ser impresso e levado a Central de Atendimento ao Cidad\u00e3o para validar junto a documenta\u00e7\u00e3o exigida no mesmo. Logo que for homologado no atendimento, ser\u00e1 enviado ao e-mail a sua senha de acesso ao Portal do Cidad\u00e3o, bem como ao sistema de Engenheiros e Arquitetos.<\/p>\n\n\n\n<ul class=\"wp-block-list\">\n<li><strong>5\u00ba Passo \u2013 Acessando o novo sistema:<\/strong><\/li>\n<\/ul>\n\n\n\n<p style=\"padding-right:20px;padding-left:20px\">De posse da senha recebida voc\u00ea ter\u00e1 acesso ao novo sistema e demais servi\u00e7os do Portal do Cidad\u00e3o. Para acess\u00e1-los clique no link do Portal do Cidad\u00e3o no site da Prefeitura de Campo Grande. Acesse j\u00e1 o novo sistema de Engenheiros e Arquitetos.<\/p>\n\n\n\n<p><strong>Observa\u00e7\u00f5es:<\/strong> <\/p>\n\n\n\n<ol class=\"wp-block-list\">\n<li>No primeiro acesso, \u201cLogin\u201d e \u201cSenha\u201d, usar a Inscri\u00e7\u00e3o Municipal do Profissional ou Firma.<br><\/li>\n\n\n\n<li>Na Inscri\u00e7\u00e3o Municipal, n\u00e3o considerar o \u201cprimeiro digito verificador\u201d nem \u201czeros a esquerda\u201d.<br><\/li>\n\n\n\n<li>Se o seu Computador, possui controladores de \u201c<em>pop-up<\/em>\u201d, ap\u00f3s inserir login e senha, pressione a tecla \u201c<em>ctrl<\/em>\u201d e de \u201c<em>enter<\/em>\u201d ou clique na setinha de logar.<\/li>\n<\/ol>\n","protected":false},"excerpt":{"rendered":"<p>Prezado(a) Engenheiro(a) ou Arquiteto(a). Estamos reformulando e modernizando o nosso sistema de relacionamento, lan\u00e7ando uma nova vers\u00e3o. Agora, para continuar a utilizar o novo sistema de Engenheiros e Arquitetos, ser\u00e1 necess\u00e1rio realizar alguns procedimentos listados abaixo. Visando garantir total seguran\u00e7a as informa\u00e7\u00f5es disponibilizadas no sistema, estamos implantando um modelo de solicita\u00e7\u00e3o de senha, que automaticamente [&hellip;]<\/p>\n","protected":false},"author":1,"featured_media":0,"parent":0,"menu_order":12,"comment_status":"closed","ping_status":"closed","template":"","meta":{"_acf_changed":false,"custom_icon_class":"","footnotes":""},"class_list":["post-108","page","type-page","status-publish","hentry"],"acf":[],"_links":{"self":[{"href":"https:\/\/campogrande.nucleo.site\/semadur\/wp-json\/wp\/v2\/pages\/108","targetHints":{"allow":["GET"]}}],"collection":[{"href":"https:\/\/campogrande.nucleo.site\/semadur\/wp-json\/wp\/v2\/pages"}],"about":[{"href":"https:\/\/campogrande.nucleo.site\/semadur\/wp-json\/wp\/v2\/types\/page"}],"author":[{"embeddable":true,"href":"https:\/\/campogrande.nucleo.site\/semadur\/wp-json\/wp\/v2\/users\/1"}],"replies":[{"embeddable":true,"href":"https:\/\/campogrande.nucleo.site\/semadur\/wp-json\/wp\/v2\/comments?post=108"}],"version-history":[{"count":1,"href":"https:\/\/campogrande.nucleo.site\/semadur\/wp-json\/wp\/v2\/pages\/108\/revisions"}],"predecessor-version":[{"id":109,"href":"https:\/\/campogrande.nucleo.site\/semadur\/wp-json\/wp\/v2\/pages\/108\/revisions\/109"}],"wp:attachment":[{"href":"https:\/\/campogrande.nucleo.site\/semadur\/wp-json\/wp\/v2\/media?parent=108"}],"curies":[{"name":"wp","href":"https:\/\/api.w.org\/{rel}","templated":true}]}}