{"id":175,"date":"2023-11-17T13:53:29","date_gmt":"2023-11-17T16:53:29","guid":{"rendered":"https:\/\/campogrande.nucleo.site\/semadur\/?page_id=175"},"modified":"2023-11-17T14:09:49","modified_gmt":"2023-11-17T17:09:49","slug":"arborizacao-urbana","status":"publish","type":"page","link":"https:\/\/campogrande.nucleo.site\/semadur\/arborizacao-urbana\/","title":{"rendered":"Arboriza\u00e7\u00e3o Urbana"},"content":{"rendered":"\n<h5 class=\"wp-block-heading\">Fun\u00e7\u00e3o da Arboriza\u00e7\u00e3o Urbana<\/h5>\n\n\n\n<div class=\"wp-block-columns is-layout-flex wp-container-core-columns-is-layout-11298c6d wp-block-columns-is-layout-flex\" style=\"padding-bottom:20px\">\n<div class=\"wp-block-column is-layout-flow wp-block-column-is-layout-flow\" style=\"flex-basis:50%\">\n<figure class=\"wp-block-image aligncenter size-full is-resized\"><img loading=\"lazy\" decoding=\"async\" width=\"600\" height=\"454\" src=\"https:\/\/campogrande.nucleo.site\/semadur\/wp-content\/uploads\/sites\/12\/2023\/11\/image.png\" alt=\"\" class=\"wp-image-178\" style=\"aspect-ratio:1.3215859030837005;width:460px;height:auto\" srcset=\"https:\/\/campogrande.nucleo.site\/semadur\/wp-content\/uploads\/sites\/12\/2023\/11\/image.png 600w, https:\/\/campogrande.nucleo.site\/semadur\/wp-content\/uploads\/sites\/12\/2023\/11\/image-300x227.png 300w\" sizes=\"auto, (max-width: 600px) 100vw, 600px\" \/><\/figure>\n<\/div>\n\n\n\n<div class=\"wp-block-column is-layout-flow wp-block-column-is-layout-flow\" style=\"flex-basis:60%\">\n<p>O desenvolvimento urbano e o cont\u00ednuo processo de ocupa\u00e7\u00e3o substitu\u00edram a cobertura natural do solo por edifica\u00e7\u00f5es e pavimenta\u00e7\u00e3o. Como consequ\u00eancia ocorre a altera\u00e7\u00e3o do balan\u00e7o da energia das ondas emitidas pelo sol. Por isso torna-se necess\u00e1rio planejamento em v\u00e1rias quest\u00f5es e a arboriza\u00e7\u00e3o urbana \u00e9 um aspecto que deve ser considerado.<\/p>\n\n\n\n<p>A vegeta\u00e7\u00e3o \u00e9 importante, pois, ameniza o efeito estufa no meio urbano, al\u00e9m de absorver poeira e poluentes, diminuindo a polui\u00e7\u00e3o atmosf\u00e9rica, sonora e visual e ainda age sobre a sa\u00fade f\u00edsica e mental do ser humano, contribuindo para sua qualidade de vida. Al\u00e9m de todas as fun\u00e7\u00f5es clim\u00e1ticas, a arboriza\u00e7\u00e3o urbana tamb\u00e9m ajuda a organizar o ambiente urbano, embeleza e perfuma ruas, pra\u00e7as e jardins, melhorando tamb\u00e9m a paisagem do ambiente.<\/p>\n\n\n\n<p>O guia de Arboriza\u00e7\u00e3o Urbana disponibiliza para popula\u00e7\u00e3o uma forma pr\u00e1tica e elucidativa quanto aos procedimentos corretos e as t\u00e9cnicas para o planejamento da arboriza\u00e7\u00e3o da cidade. Traz ainda informa\u00e7\u00f5es como: a escolha adequada da esp\u00e9cie, como plantar e manter a \u00e1rvore e ainda dicas sobre a poda e a remo\u00e7\u00e3o das \u00e1rvores.<\/p>\n\n\n\n<p class=\"has-text-align-center\"><a href=\"https:\/\/prefcg-repositorio.campogrande.ms.gov.br\/wp-cdn\/uploads\/sites\/24\/2018\/05\/Guia-de-Arboriza%C3%A7%C3%A3o-Urbana-2012.pdf\" data-type=\"link\" data-id=\"https:\/\/prefcg-repositorio.campogrande.ms.gov.br\/wp-cdn\/uploads\/sites\/24\/2018\/05\/Guia-de-Arboriza%C3%A7%C3%A3o-Urbana-2012.pdf\" target=\"_blank\" rel=\"noreferrer noopener\">Guia de Arboriza\u00e7\u00e3o Urbana <\/a><\/p>\n<\/div>\n<\/div>\n\n\n\n<div class=\"wp-block-group flex-1 is-vertical is-layout-flex wp-container-core-group-is-layout-6be23836 wp-block-group-is-layout-flex\">        <div class=\"model-amount-item-12 flex-1 wp-block-prefeitura-campogrande-quick-access-grid\">\n            \n\n<div class=\"item has-background wp-block-prefeitura-campogrande-quick-access-item\" title=\"Plano Diretor de Arboriza\u00e7\u00e3o Urbana e Legisla\u00e7\u00f5es\"><a class=\"link\" rel=\"noopener\" href=\"\/sidagro\/secretario-municipal\/\" target=\"_self\"><div class=\"icon\"><i class=\"nmi-normal\">&#xF27B8;<\/i><\/div><span lang=\"de\" class=\"text\">Plano Diretor de Arboriza\u00e7\u00e3o Urbana e Legisla\u00e7\u00f5es<\/span><\/a><\/div>\n\n\n\n<div class=\"item has-background wp-block-prefeitura-campogrande-quick-access-item\" title=\"Programa de Arboriza\u00e7\u00e3o Urbana e Projeto Via Verde\"><a class=\"link\" rel=\"noopener\" href=\"\/sidagro\/secretario-municipal\/\" target=\"_self\"><div class=\"icon\"><i class=\"nmi-normal\">&#xF27B8;<\/i><\/div><span lang=\"de\" class=\"text\">Programa de Arboriza\u00e7\u00e3o Urbana e Projeto Via Verde<\/span><\/a><\/div>\n\n\n\n<div class=\"item has-background wp-block-prefeitura-campogrande-quick-access-item\" title=\"Podas e Remo\u00e7\u00f5es\"><a class=\"link\" rel=\"noopener\" href=\"\/sidagro\/secretario-municipal\/\" target=\"_self\"><div class=\"icon\"><i class=\"nmi-normal\">&#xF27B8;<\/i><\/div><span lang=\"de\" class=\"text\">Podas e Remo\u00e7\u00f5es<\/span><\/a><\/div>\n\n\n\n<div class=\"item has-background wp-block-prefeitura-campogrande-quick-access-item\" title=\"Requerimento de Revis\u00e3o de ZEIA 02\"><a class=\"link\" rel=\"noopener\" href=\"https:\/\/prefcg-repositorio.campogrande.ms.gov.br\/wp-cdn\/uploads\/sites\/24\/2023\/05\/requerimento-zeia02-junho_2023-prefcg-prefcg.docx\" target=\"_blank\"><div class=\"icon\"><i class=\"nmi-normal\">&#xF27B8;<\/i><\/div><span lang=\"de\" class=\"text\">Requerimento de Revis\u00e3o de ZEIA 02<\/span><\/a><\/div>\n\n\n\n<div class=\"item has-background wp-block-prefeitura-campogrande-quick-access-item\" title=\"Diagn\u00f3stico Fitossanit\u00e1rio das \u00c1rvores Centen\u00e1rias de CG\"><a class=\"link\" rel=\"noopener\" href=\"https:\/\/prefcg-repositorio.campogrande.ms.gov.br\/wp-cdn\/uploads\/sites\/24\/2018\/08\/Caderno_Tomografias.pdf\" target=\"_self\"><div class=\"icon\"><i class=\"nmi-normal\">&#xF27B8;<\/i><\/div><span lang=\"de\" class=\"text\">Diagn\u00f3stico Fitossanit\u00e1rio das \u00c1rvores Centen\u00e1rias de CG<\/span><\/a><\/div>\n\n\n\n<div class=\"item has-background wp-block-prefeitura-campogrande-quick-access-item\" title=\"Requerimento de Revis\u00e3o de ZEIA 01\"><a class=\"link\" rel=\"noopener\" href=\"https:\/\/prefcg-repositorio.campogrande.ms.gov.br\/wp-cdn\/uploads\/sites\/24\/2023\/05\/requerimento-zeia01-junho_2023-prefcg-prefcg.docx\" target=\"_self\"><div class=\"icon\"><i class=\"nmi-normal\">&#xF27B8;<\/i><\/div><span lang=\"de\" class=\"text\">Requerimento de Revis\u00e3o de ZEIA 01<\/span><\/a><\/div>\n\n\n\n<div class=\"item has-background wp-block-prefeitura-campogrande-quick-access-item\" title=\"Doa\u00e7\u00f5es de Mudas e Viveiro Flora do Cerrado\"><a class=\"link\" rel=\"noopener\" href=\"\/sidagro\/secretario-municipal\/\" target=\"_self\"><div class=\"icon\"><i class=\"nmi-normal\">&#xF27B8;<\/i><\/div><span lang=\"de\" class=\"text\">Doa\u00e7\u00f5es de Mudas e Viveiro Flora do Cerrado<\/span><\/a><\/div>\n\n\n\n<div class=\"item has-background wp-block-prefeitura-campogrande-quick-access-item\" title=\"Plant\u00e3o T\u00e9cnico\"><a class=\"link\" rel=\"noopener\" href=\"https:\/\/prefcg-repositorio.campogrande.ms.gov.br\/wp-cdn\/uploads\/sites\/24\/2021\/07\/PLANTAO_TECNICO_11_NOVEMBRO_2023.pdf\" target=\"_blank\"><div class=\"icon\"><i class=\"nmi-normal\">&#xF27B8;<\/i><\/div><span lang=\"de\" class=\"text\">Plant\u00e3o T\u00e9cnico<\/span><\/a><\/div>\n\n\n\n<div class=\"item has-background wp-block-prefeitura-campogrande-quick-access-item\" title=\"Folheto Cidade das \u00c1rvores\"><a class=\"link\" rel=\"noopener\" href=\"https:\/\/prefcg-repositorio.campogrande.ms.gov.br\/wp-cdn\/uploads\/sites\/24\/2018\/10\/Folheto-Arboriza%C3%A7%C3%A3o-Urbana.pdf\" target=\"_blank\"><div class=\"icon\"><i class=\"nmi-normal\">&#xF27B8;<\/i><\/div><span lang=\"de\" class=\"text\">Folheto Cidade das \u00c1rvores<\/span><\/a><\/div>\n\n\n\n<div class=\"item has-background wp-block-prefeitura-campogrande-quick-access-item\" title=\"\u00c1rvores Centen\u00e1rias - Afonso Pena e Mato Grosso\"><a class=\"link\" rel=\"noopener\" href=\"https:\/\/www.campogrande.ms.gov.br\/cgnoticias\/noticia\/prefeitura-apresenta-diagnostico-das-figueiras-das-avenidas-afonso-pena-e-mato-grosso\/\" target=\"_blank\"><div class=\"icon\"><i class=\"nmi-normal\">&#xF27B8;<\/i><\/div><span lang=\"de\" class=\"text\">\u00c1rvores Centen\u00e1rias &#8211; Afonso Pena e Mato Grosso<\/span><\/a><\/div>\n\n\n\n<div class=\"item has-background wp-block-prefeitura-campogrande-quick-access-item\" title=\"Relat\u00f3rio T\u00e9cnico - Transporte de uma Muda de Ficus\"><a class=\"link\" rel=\"noopener\" href=\"https:\/\/prefcg-repositorio.campogrande.ms.gov.br\/wp-cdn\/uploads\/sites\/24\/2019\/02\/RELATORIO_TECNICO.pdf\" target=\"_blank\"><div class=\"icon\"><i class=\"nmi-normal\">&#xF27B8;<\/i><\/div><span lang=\"de\" class=\"text\">Relat\u00f3rio T\u00e9cnico &#8211; Transporte de uma Muda de Ficus<\/span><\/a><\/div>\n\n\n\n<div class=\"item has-background wp-block-prefeitura-campogrande-quick-access-item\" title=\"Termos de Refer\u00eancia\"><a class=\"link\" rel=\"noopener\" href=\"\" target=\"_self\"><div class=\"icon\"><i class=\"nmi-normal\">&#xF27B8;<\/i><\/div><span lang=\"de\" class=\"text\">Termos de Refer\u00eancia<\/span><\/a><\/div>\n\n        <\/div>\n        <\/div>\n\n\n\n<h5 class=\"wp-block-heading\" style=\"padding-top:25px\">A Arboriza\u00e7\u00e3o Urbana de Campo Grande<\/h5>\n\n\n\n<p>O primeiro programa de arboriza\u00e7\u00e3o para as ruas do munic\u00edpio aconteceu em 1913, quando o intendente Dr. Arlindo de Andrade Gomes mandou trazer do Jardim Bot\u00e2nico no Rio de Janeiro cerca de mil mudas. O trabalho de arboriza\u00e7\u00e3o come\u00e7ou na Rua Dom Aquino, passando pela 14 de julho, Cal\u00f3geras, 13 de maio, C\u00e2ndido Mariano, Bar\u00e3o do Rio Branco, 15 de novembro, e constituindo as aleias de f\u00edcus e ingazeiros das Avenidas Afonso Pena e Mato Grosso, principais vias de tr\u00e1fego de Campo Grande, que permanecem at\u00e9 hoje.<\/p>\n\n\n\n<p>Desde ent\u00e3o, a arboriza\u00e7\u00e3o vi\u00e1ria em Campo Grande vem acontecendo de forma aleat\u00f3ria e um&nbsp;tanto desordenada, pelo h\u00e1bito cultural ou simples gosto da popula\u00e7\u00e3o. Somente com a realiza\u00e7\u00e3o da Rio-92 inicia-se um processo de cria\u00e7\u00e3o de espa\u00e7os verdes, reservas ecol\u00f3gicas e \u00e1reas de prote\u00e7\u00e3o ambiental, al\u00e9m da institui\u00e7\u00e3o da pr\u00f3pria Agenda 21 do munic\u00edpio, que colaboram para a constitui\u00e7\u00e3o de um novo cen\u00e1rio de preocupa\u00e7\u00e3o ambiental.<\/p>\n\n\n\n<p>A cobertura vegetal predominante no munic\u00edpio de Campo Grande \u00e9 o Cerrado, a segunda maior forma\u00e7\u00e3o vegetal brasileira. As \u00e1rvores nesse ecossistema apresentam caracter\u00edsticas peculiares que as tornam adequadas \u00e0s nossas condi\u00e7\u00f5es de solo e clima, tais como o tronco revestido por casca-grossa e rugosa e \u00f3rg\u00e3os subterr\u00e2neos de reserva.<\/p>\n","protected":false},"excerpt":{"rendered":"<p>Fun\u00e7\u00e3o da Arboriza\u00e7\u00e3o Urbana O desenvolvimento urbano e o cont\u00ednuo processo de ocupa\u00e7\u00e3o substitu\u00edram a cobertura natural do solo por edifica\u00e7\u00f5es e pavimenta\u00e7\u00e3o. Como consequ\u00eancia ocorre a altera\u00e7\u00e3o do balan\u00e7o da energia das ondas emitidas pelo sol. Por isso torna-se necess\u00e1rio planejamento em v\u00e1rias quest\u00f5es e a arboriza\u00e7\u00e3o urbana \u00e9 um aspecto que deve ser [&hellip;]<\/p>\n","protected":false},"author":1,"featured_media":0,"parent":0,"menu_order":15,"comment_status":"closed","ping_status":"closed","template":"","meta":{"_acf_changed":false,"custom_icon_class":"","footnotes":""},"class_list":["post-175","page","type-page","status-publish","hentry"],"acf":[],"_links":{"self":[{"href":"https:\/\/campogrande.nucleo.site\/semadur\/wp-json\/wp\/v2\/pages\/175","targetHints":{"allow":["GET"]}}],"collection":[{"href":"https:\/\/campogrande.nucleo.site\/semadur\/wp-json\/wp\/v2\/pages"}],"about":[{"href":"https:\/\/campogrande.nucleo.site\/semadur\/wp-json\/wp\/v2\/types\/page"}],"author":[{"embeddable":true,"href":"https:\/\/campogrande.nucleo.site\/semadur\/wp-json\/wp\/v2\/users\/1"}],"replies":[{"embeddable":true,"href":"https:\/\/campogrande.nucleo.site\/semadur\/wp-json\/wp\/v2\/comments?post=175"}],"version-history":[{"count":10,"href":"https:\/\/campogrande.nucleo.site\/semadur\/wp-json\/wp\/v2\/pages\/175\/revisions"}],"predecessor-version":[{"id":718,"href":"https:\/\/campogrande.nucleo.site\/semadur\/wp-json\/wp\/v2\/pages\/175\/revisions\/718"}],"wp:attachment":[{"href":"https:\/\/campogrande.nucleo.site\/semadur\/wp-json\/wp\/v2\/media?parent=175"}],"curies":[{"name":"wp","href":"https:\/\/api.w.org\/{rel}","templated":true}]}}