{"id":273,"date":"2023-11-17T15:23:54","date_gmt":"2023-11-17T18:23:54","guid":{"rendered":"https:\/\/campogrande.nucleo.site\/semadur\/?page_id=273"},"modified":"2023-11-30T16:30:43","modified_gmt":"2023-11-30T19:30:43","slug":"corrego-limpo-cidade-viva","status":"publish","type":"page","link":"https:\/\/campogrande.nucleo.site\/semadur\/corrego-limpo-cidade-viva\/","title":{"rendered":"C\u00f3rrego Limpo, Cidade Viva"},"content":{"rendered":"\n<h5 class=\"wp-block-heading\">Acompanhe este Programa:<\/h5>\n\n\n\n<div class=\"wp-block-columns is-layout-flex wp-container-core-columns-is-layout-96d94145 wp-block-columns-is-layout-flex\" style=\"padding-bottom:25px\">\n<div class=\"wp-block-column is-layout-flow wp-block-column-is-layout-flow\">\n<div class=\"wp-block-group is-nowrap is-layout-flex wp-container-core-group-is-layout-6c531013 wp-block-group-is-layout-flex\">        <i class=\"water-drop wp-block-nwe-svg-icons has-text-color has-secondary-70-color has-48-font-size\"><\/i>\n        \n\n\n<p><strong><a href=\"https:\/\/campogrande.nucleo.site\/semadur\/corrego-limpo-cidade-viva\/bacias-hidrograficas\/\" data-type=\"link\" data-id=\"https:\/\/campogrande.nucleo.site\/semadur\/corrego-limpo-cidade-viva\/bacias-hidrograficas\/\">Bacias Hidrogr\u00e1ficas<\/a><\/strong><\/p>\n<\/div>\n<\/div>\n\n\n\n<div class=\"wp-block-column is-layout-flow wp-block-column-is-layout-flow\">\n<div class=\"wp-block-group is-nowrap is-layout-flex wp-container-core-group-is-layout-6c531013 wp-block-group-is-layout-flex\">        <i class=\"content-copy wp-block-nwe-svg-icons has-text-color has-secondary-70-color has-48-font-size\"><\/i>\n        \n\n\n<p><strong><a href=\"https:\/\/campogrande.nucleo.site\/semadur\/corrego-limpo-cidade-viva\/relatorios-trimestrais\/\" data-type=\"link\" data-id=\"https:\/\/campogrande.nucleo.site\/semadur\/corrego-limpo-cidade-viva\/relatorios-trimestrais\/\">Relat\u00f3rios Trimestrais <\/a><\/strong><\/p>\n<\/div>\n<\/div>\n\n\n\n<div class=\"wp-block-column is-layout-flow wp-block-column-is-layout-flow\">\n<div class=\"wp-block-group is-nowrap is-layout-flex wp-container-core-group-is-layout-6c531013 wp-block-group-is-layout-flex\">        <i class=\"auto-graph wp-block-nwe-svg-icons has-text-color has-secondary-70-color has-48-font-size\"><\/i>\n        \n\n\n<p><strong><a href=\"https:\/\/campogrande.nucleo.site\/semadur\/corrego-limpo-cidade-viva\/relatorios-anuais\/\" data-type=\"link\" data-id=\"https:\/\/campogrande.nucleo.site\/semadur\/corrego-limpo-cidade-viva\/relatorios-anuais\/\">Relat\u00f3rios Anuais<\/a><\/strong><\/p>\n<\/div>\n<\/div>\n<\/div>\n\n\n\n<p>O&nbsp;<strong>C\u00f3rrego Limpo, Cidade Viva<\/strong>&nbsp;constitui-se na implanta\u00e7\u00e3o de uma rede de monitoramento dos c\u00f3rregos e rio dentro do per\u00edmetro urbano de Campo Grande; em um programa de fiscaliza\u00e7\u00e3o; e no desenvolvimento de atividades de educa\u00e7\u00e3o ambiental para conscientizar a popula\u00e7\u00e3o.<\/p>\n\n\n\n<p>Inicialmente, os corpos d\u2019\u00e1gua foram divididos por microbacia hidrogr\u00e1fica e analisados conforme suas peculiaridades. Esta divis\u00e3o em microbacia permite delinear a \u00e1rea de contribui\u00e7\u00e3o para cada curso d\u2019\u00e1gua.<\/p>\n\n\n\n<p>Desta forma, houve a escolha dos postos de monitoramento que s\u00e3o pontos georreferenciados. Os pontos, estrategicamente escolhidos, consideraram os locais onde se tem instalado empreendimentos ou atividades que lan\u00e7am seus efluentes nos c\u00f3rregos, bem como nascentes e conflu\u00eancias de c\u00f3rregos.<\/p>\n\n\n\n<p>Nestes pontos s\u00e3o realizadas trimestralmente coletas de amostras e feitas an\u00e1lises laboratoriais. Os resultados obtidos passam por um c\u00e1lculo matem\u00e1tico sendo transformados em um \u00edndice num\u00e9rico \u2013 o IQACETESB \u2013 que \u00e9 interpretado comparando-se com uma escala num\u00e9rica e, conforme o valor, indicam se a qualidade da \u00e1gua est\u00e1: p\u00e9ssima, ruim, regular boa ou \u00f3tima.<\/p>\n\n\n\n<p>Os resultados das an\u00e1lises, al\u00e9m de constituir um banco de dados da evolu\u00e7\u00e3o da qualidade da \u00e1gua dos recursos h\u00eddricos no munic\u00edpio, subsidiam todas \u00e0s demais a\u00e7\u00f5es do programa. \u00c9 poss\u00edvel, por exemplo, saber qual o trecho do curso d\u2019\u00e1gua est\u00e1 mais polu\u00eddo, informa\u00e7\u00e3o importante para que se possa identificar quais as principais fontes poluidoras.<\/p>\n\n\n\n<p>Em pontos amostrados experimentalmente antes da implanta\u00e7\u00e3o do programa p\u00f4de-se constatar que existem elevadas concentra\u00e7\u00f5es de coliformes termotolerantes em nossos c\u00f3rregos, de maneira geral, o que pode ser um indicativo de polui\u00e7\u00e3o difusa, ocasionada principalmente pelo lan\u00e7amento clandestino de esgoto dom\u00e9stico nas galerias de \u00e1guas pluviais. Essas informa\u00e7\u00f5es mostram a necessidade de uma campanha efetiva de educa\u00e7\u00e3o ambiental da popula\u00e7\u00e3o sobre a import\u00e2ncia do correto destino ao esgoto dom\u00e9stico.<\/p>\n\n\n\n<p>Por este motivo que os resultados das an\u00e1lises, ap\u00f3s sua interpreta\u00e7\u00e3o, s\u00e3o amplamente divulgados para a comunidade local saber como est\u00e3o as condi\u00e7\u00f5es dos c\u00f3rregos da regi\u00e3o em que reside e lembre-se de sua responsabilidade como cidad\u00e3o campo-grandense para preservar um bem coletivo.<\/p>\n\n\n\n<p>O programa n\u00e3o tem previs\u00e3o de t\u00e9rmino e dever\u00e1 ser aperfei\u00e7oado para que se possa promover a melhoria da qualidade de vida da popula\u00e7\u00e3o do munic\u00edpio e garantir os recursos h\u00eddricos \u00e0s gera\u00e7\u00f5es futuras.<\/p>\n\n\n\n<p>A quest\u00e3o \u00e9 mundial e o problema requer solu\u00e7\u00f5es imediatas. Com Campo Grande n\u00e3o poderia ser diferente, pois a \u00e1gua de seus c\u00f3rregos \u00e9 um recurso dotado de grande valor para seus habitantes, mas que infelizmente t\u00eam apresentado decl\u00ednio na qualidade. Uma iniciativa audaciosa da Prefeitura Municipal poder\u00e1 dar fim a essa situa\u00e7\u00e3o.<\/p>\n\n\n\n<p>O crescimento populacional urbano verificado nas \u00faltimas d\u00e9cadas associado \u00e0 polui\u00e7\u00e3o dos corpos d\u2019\u00e1gua, \u00e0 falta de conscientiza\u00e7\u00e3o dos habitantes e \u00e0 inadequada infraestrutura apresenta um problema real e potencial ao n\u00edvel generalizado: mostra a escassez de \u00e1gua em quantidade e, principalmente, qualidade.<\/p>\n\n\n\n<p>Muito embora, mundialmente, o Brasil disponha de uma situa\u00e7\u00e3o privilegiada em rela\u00e7\u00e3o \u00e0 disponibilidade total de \u00e1gua doce, nosso pa\u00eds j\u00e1 apresenta um n\u00famero crescente de problemas quanto \u00e0 car\u00eancia deste recurso em diversas regi\u00f5es. S\u00e3o essas as raz\u00f5es do aumento do interesse pela adequa\u00e7\u00e3o do uso da \u00e1gua.<\/p>\n\n\n\n<p>Estudos sobre as doen\u00e7as resultantes em mortes que a \u00e1gua contaminada produz confirmam que chega a quase 2 bilh\u00f5es de casos de diarr\u00e9ia no mundo, provocando a morte de 5 milh\u00f5es de pessoas inclusive 3 milh\u00f5es de crian\u00e7as. Por isso a import\u00e2ncia de se conhecer a qualidade da \u00e1gua.<\/p>\n\n\n\n<p>Este \u00e9 o primeiro passo a ser dado por uma prefeitura que tenha comprometimento com a popula\u00e7\u00e3o, visando garantir o uso da \u00e1gua atual e futuro para diversos fins: o conhecimento e monitoramento das condi\u00e7\u00f5es qualitativas e quantitativas dos recursos h\u00eddricos dispon\u00edveis dentro de seu munic\u00edpio.<\/p>\n\n\n\n<p>Numa reflex\u00e3o sobre o prov\u00e9rbio chin\u00eas \u201cao beber a \u00e1gua, lembre-se da nascente\u201d, todo cidad\u00e3o, juntamente com o poder p\u00fablico, tem a responsabilidade de cuidar no presente daquilo que deseja para o futuro. E n\u00e3o poderia ser diferente porque al\u00e9m de ser indispens\u00e1vel \u00e0 sobreviv\u00eancia do homem, das plantas e dos animais, a \u00e1gua \u00e9 um elemento b\u00e1sico para o desenvolvimento socioecon\u00f4mico de toda a humanidade. O bem-estar das futuras gera\u00e7\u00f5es depende de como lidamos hoje com nossos recursos h\u00eddricos, e \u00e9 imprescind\u00edvel agir para sua preserva\u00e7\u00e3o. Com atua\u00e7\u00e3o e fiscaliza\u00e7\u00e3o de todos, Campo Grande agradece pela vida.<\/p>\n\n\n\n<h4 class=\"wp-block-heading\">O que precisamos saber:<\/h4>\n\n\n\n<ol class=\"wp-block-list\">\n<li><strong>Por que as \u00e1guas ficam polu\u00eddas?<\/strong>&nbsp;A \u00e1gua \u00e9 um recurso natural que pode ficar polu\u00eddo com a presen\u00e7a de mat\u00e9rias org\u00e2nicas (de esgotos dom\u00e9sticos) ou t\u00f3xicas (despejos industriais ou de agrot\u00f3xicos) que alteram suas caracter\u00edsticas f\u00edsicas, qu\u00edmicas ou biol\u00f3gicas. Isso acontece principalmente pela a\u00e7\u00e3o do homem.<\/li>\n<\/ol>\n\n\n\n<p><\/p>\n\n\n\n<ol class=\"wp-block-list\" start=\"2\">\n<li><strong>Que problema traz a polui\u00e7\u00e3o dos c\u00f3rregos?<\/strong>&nbsp;A polui\u00e7\u00e3o dos c\u00f3rregos causa a morte de peixes, da flora local, e o dif\u00edcil aproveitamento da \u00e1gua para outros fins. Em regi\u00f5es de muita concentra\u00e7\u00e3o urbana, os c\u00f3rregos s\u00e3o bastante prejudicados pela enorme quantidade de material poluente que recebem das ind\u00fastrias e das resid\u00eancias.<\/li>\n<\/ol>\n\n\n\n<p><\/p>\n\n\n\n<ol class=\"wp-block-list\" start=\"3\">\n<li><strong>O c\u00f3rrego polu\u00eddo pode ser recuperado?<\/strong>&nbsp;Sim, desde que as condi\u00e7\u00f5es ambientais sejam modificadas. Os cursos d\u2019\u00e1gua t\u00eam capacidade de absorver naturalmente os res\u00edduos org\u00e2nicos, mas n\u00e3o os res\u00edduos qu\u00edmicos. Portanto, para recuper\u00e1-lo, \u00e9 necess\u00e1rio que o c\u00f3rrego seja limpo, desassoreado e deixe de receber novos poluentes.<\/li>\n<\/ol>\n\n\n\n<p><\/p>\n\n\n\n<ol class=\"wp-block-list\" start=\"4\">\n<li><strong>A polui\u00e7\u00e3o ataca o subsolo?<\/strong>&nbsp;Sim. Os esgotos e res\u00edduos qu\u00edmicos n\u00e3o poluem apenas rios, lagos e mares. Eles podem atingir indiretamente, por infiltra\u00e7\u00e3o, as \u00e1guas subterr\u00e2neas (len\u00e7ol fre\u00e1tico), e causar sua degrada\u00e7\u00e3o. A ocupa\u00e7\u00e3o desordenada do solo e a explora\u00e7\u00e3o predat\u00f3ria das reservas de \u00e1gua subterr\u00e2neas por parte de algumas ind\u00fastrias s\u00e3o outros fatores que p\u00f5em em risco esse recurso h\u00eddrico.<\/li>\n<\/ol>\n\n\n\n<p><\/p>\n\n\n\n<ol class=\"wp-block-list\" start=\"5\">\n<li><strong>O que eu posso fazer para manter limpos os c\u00f3rregos da minha cidade?<\/strong>\n<ul class=\"wp-block-list\">\n<li>N\u00e3o jogue lixo e outros produtos nos c\u00f3rregos e lagos;<\/li>\n\n\n\n<li>N\u00e3o jogue lixo em logradouro p\u00fablico, terrenos baldios ou locais inadequados;<\/li>\n\n\n\n<li>N\u00e3o fa\u00e7a liga\u00e7\u00e3o clandestina de esgoto nos c\u00f3rregos e\/ou em galeria de \u00e1guas pluviais, fa\u00e7a a liga\u00e7\u00e3o na rede de esgoto se este servi\u00e7o j\u00e1 estiver dispon\u00edvel no seu bairro;<\/li>\n\n\n\n<li>N\u00e3o retire a cobertura vegetal do solo desnecessariamente;<\/li>\n\n\n\n<li>Preserve os cursos d\u2019\u00e1gua e nascentes respeitando suas margens e conservando a mata ciliar;<\/li>\n\n\n\n<li>Evite usar ou use moderadamente detergentes e\/ou outros produtos qu\u00edmicos para lavar cal\u00e7adas e pisos;<\/li>\n\n\n\n<li>Quando sobrar material de pintura (principalmente tintas e solventes), n\u00e3o jogue fora. Ofere\u00e7a a amigos, vizinhos ou quem precisar;<\/li>\n\n\n\n<li>N\u00e3o jogue restos de produtos t\u00f3xicos (tintas solventes, limpadores de forno, bolas de naftalina, polidores de metais, lustradores de m\u00f3veis, etc) em pias, ralos ou no solo, nem os queimem. Eles acabam atingindo os c\u00f3rregos;<\/li>\n\n\n\n<li>Fique atento. Observe se alguma ind\u00fastria, resid\u00eancia ou estabelecimento est\u00e1 poluindo algum rio e avise \u00e0 SEMADUR ao suspeitar de alguma irregularidade;<\/li>\n\n\n\n<li>Seja um multiplicador ambiental, exercendo seu papel de cidad\u00e3o!<\/li>\n<\/ul>\n<\/li>\n<\/ol>\n","protected":false},"excerpt":{"rendered":"<p>Acompanhe este Programa: Bacias Hidrogr\u00e1ficas Relat\u00f3rios Trimestrais Relat\u00f3rios Anuais O&nbsp;C\u00f3rrego Limpo, Cidade Viva&nbsp;constitui-se na implanta\u00e7\u00e3o de uma rede de monitoramento dos c\u00f3rregos e rio dentro do per\u00edmetro urbano de Campo Grande; em um programa de fiscaliza\u00e7\u00e3o; e no desenvolvimento de atividades de educa\u00e7\u00e3o ambiental para conscientizar a popula\u00e7\u00e3o. Inicialmente, os corpos d\u2019\u00e1gua foram divididos por [&hellip;]<\/p>\n","protected":false},"author":1,"featured_media":0,"parent":0,"menu_order":0,"comment_status":"closed","ping_status":"closed","template":"","meta":{"_acf_changed":false,"custom_icon_class":"","footnotes":""},"class_list":["post-273","page","type-page","status-publish","hentry"],"acf":[],"_links":{"self":[{"href":"https:\/\/campogrande.nucleo.site\/semadur\/wp-json\/wp\/v2\/pages\/273","targetHints":{"allow":["GET"]}}],"collection":[{"href":"https:\/\/campogrande.nucleo.site\/semadur\/wp-json\/wp\/v2\/pages"}],"about":[{"href":"https:\/\/campogrande.nucleo.site\/semadur\/wp-json\/wp\/v2\/types\/page"}],"author":[{"embeddable":true,"href":"https:\/\/campogrande.nucleo.site\/semadur\/wp-json\/wp\/v2\/users\/1"}],"replies":[{"embeddable":true,"href":"https:\/\/campogrande.nucleo.site\/semadur\/wp-json\/wp\/v2\/comments?post=273"}],"version-history":[{"count":8,"href":"https:\/\/campogrande.nucleo.site\/semadur\/wp-json\/wp\/v2\/pages\/273\/revisions"}],"predecessor-version":[{"id":728,"href":"https:\/\/campogrande.nucleo.site\/semadur\/wp-json\/wp\/v2\/pages\/273\/revisions\/728"}],"wp:attachment":[{"href":"https:\/\/campogrande.nucleo.site\/semadur\/wp-json\/wp\/v2\/media?parent=273"}],"curies":[{"name":"wp","href":"https:\/\/api.w.org\/{rel}","templated":true}]}}