{"id":295,"date":"2023-11-17T16:11:50","date_gmt":"2023-11-17T19:11:50","guid":{"rendered":"https:\/\/campogrande.nucleo.site\/semadur\/?page_id=295"},"modified":"2023-11-17T16:14:48","modified_gmt":"2023-11-17T19:14:48","slug":"bacias-hidrograficas","status":"publish","type":"page","link":"https:\/\/campogrande.nucleo.site\/semadur\/corrego-limpo-cidade-viva\/bacias-hidrograficas\/","title":{"rendered":"Bacias Hidrogr\u00e1ficas"},"content":{"rendered":"\n<div class=\"wp-block-group is-nowrap is-layout-flex wp-container-core-group-is-layout-6c531013 wp-block-group-is-layout-flex\">        <i style=\"color:#78c0ff;\" class=\"water-drop wp-block-nwe-svg-icons has-text-color has-48-font-size wp-container-content-933cf031\"><\/i>\n        \n\n\n<h5 class=\"wp-block-heading\" style=\"padding-top:25px\">Anhandu\u00ed<\/h5>\n<\/div>\n\n\n\n<p style=\"padding-left:20px\">O rio Anhandu\u00ed \u00e9 o principal curso d\u2019\u00e1gua de Campo Grande, sendo tribut\u00e1rio do rio Pardo, que por sua vez, \u00e9 afluente do rio Paran\u00e1. Os principais contribuintes da microbacia, na \u00e1rea urbana de Campo Grande s\u00e3o os c\u00f3rregos Segredo, Prosa, Bandeira e Lageado. O rio nasce na Regi\u00e3o Urbana do Centro de Campo Grande, na conflu\u00eancia dos c\u00f3rregos Segredo e Prosa, percorrendo em dire\u00e7\u00e3o \u00e0 regi\u00e3o sul do munic\u00edpio.<\/p>\n\n\n\n<p style=\"padding-left:20px\">A microbacia hidrogr\u00e1fica do rio Anhandu\u00ed abrange os seguintes bairros: Bandeirantes, Guanandi, Jacy e parte dos bairros Planalto, Amamba\u00ed, Vila Carvalho, Gl\u00f3ria, Monte L\u00edbano, S\u00e3o Bento, Vilasboas, Jardim Paulista, Piratininga, Taveir\u00f3polis, Taquaruss\u00fa, Jockey Club, Cai\u00e7ara, Leblom, Tijuca, Aero Rancho, Parati, Pioneiros, Centen\u00e1rio, Batist\u00e3o, Coophavilla II, Tarum\u00e3, Lageado, Los Angeles, TV Morena e Am\u00e9rica.<\/p>\n\n\n\n<p style=\"padding-left:20px\">Por localizar-se em regi\u00f5es densamente povoadas, o rio recebe esgotos dom\u00e9sticos clandestinos, os quais s\u00e3o lan\u00e7ados nas galerias de \u00e1guas pluviais, como tamb\u00e9m oriundos dos C\u00f3rregos Segredo e Prosa. Vale destacar o lan\u00e7amento do esgoto sanit\u00e1rio tratado do Hospital Regional Maria Aparecida Pedrossian. Nessa microbacia, na av. Ernesto Geisel, funciona duas atividades potencialmente geradora de efluentes sendo um latic\u00ednio e uma industria de processamento de alimentos (carne).<\/p>\n\n\n\n<p style=\"padding-left:20px\">As esta\u00e7\u00f5es de tratamento de esgoto (ETEs): Salgado Filho, localizada no bairro Marcos Roberto; e a Aero Rancho, localizada no bairro Centen\u00e1rio, que lan\u00e7avam os esgotos tratados no rio Anhandui foram desativadas em dezembro de 2008 e julho de 2009 respectivamente. Em mar\u00e7o de 2010 a ETE Cabreuva, localizada no bairro Cabreuva foi desativada.<\/p>\n\n\n\n<p style=\"padding-left:20px\">Nessa microbacia encontra-se instalada a Esta\u00e7\u00e3o de Tratamento de Esgoto \u2013 ETE Los Angeles, localizada no bairro Lageado. A ETE Los Angeles, inaugurada em julho de 2008, tem capacidade para tratar 720 litros por segundo. A ETE faz parte do Programa Sanear Morena, que em tr\u00eas anos duplicou a rede de esgoto de Campo Grande, onde foram implantados 707 km de rede coletora de esgoto, disponibilizando o servi\u00e7o para mais de 61% da popula\u00e7\u00e3o.<\/p>\n\n\n\n<div class=\"wp-block-group is-nowrap is-layout-flex wp-container-core-group-is-layout-6c531013 wp-block-group-is-layout-flex\">        <i style=\"color:#78c0ff;\" class=\"water wp-block-nwe-svg-icons has-text-color has-48-font-size wp-container-content-933cf031\"><\/i>\n        \n\n\n<h5 class=\"wp-block-heading\" style=\"padding-top:25px\">B\u00e1lsamo<\/h5>\n<\/div>\n\n\n\n<p style=\"padding-left:20px\">A microbacia do c\u00f3rrego Balsamo est\u00e1 localizada na regi\u00e3o centro-sul da zona urbana de Campo Grande, abrangendo parte dos bairros: Centen\u00e1rio, Alves Pereira, Pioneiros, Universit\u00e1rio, Rita Vieira e Tiradentes.<\/p>\n\n\n\n<p style=\"padding-left:20px\">Parte dessa microbacia est\u00e1 totalmente desprovida de rede coletora de esgoto e a disposi\u00e7\u00e3o final dos esgotos sanit\u00e1rios \u00e9 realizada predominantemente em fossas s\u00e9pticas e sumidouros. No trecho onde havia ocupa\u00e7\u00e3o irregular, entre as ruas Pontalina e Professor Hil\u00e1rio da Rocha o C\u00f3rrego (Vila Santo Eugenio) o C\u00f3rrego est\u00e1 canalizado, onde \u00e9 observado o lan\u00e7amento de esgoto sanit\u00e1rio in natura, bem como a deposi\u00e7\u00e3o no seu leito de res\u00edduos s\u00f3lidos \u2013 lixo.<\/p>\n\n\n\n<p style=\"padding-left:20px\">O c\u00f3rrego sofre pela polui\u00e7\u00e3o do lan\u00e7amento clandestino de esgoto nas galerias de \u00e1guas pluviais e deposi\u00e7\u00e3o de res\u00edduos s\u00f3lidos \u2013 lixo. A microbacia abrange parte dos bairros: Centen\u00e1rio, Alves Pereira, Pioneiros, Universit\u00e1rio, Rita Vieira e Tiradentes. No trecho entre as ruas &nbsp; Pontalina e Professor Hil\u00e1rio da Rocha o C\u00f3rrego (Vila Santo Eug\u00eanio) est\u00e1 canalizado. Nesse trecho \u00e9 observado o lan\u00e7amento de esgoto sanit\u00e1rio in natura, bem como a deposi\u00e7\u00e3o no seu leito de res\u00edduos s\u00f3lidos \u2013 lixo.<\/p>\n\n\n\n<p style=\"padding-left:20px\">Apesar do \u00edndice de pavimenta\u00e7\u00e3o asf\u00e1ltica baixo e pouca rede de drenagem de \u00e1guas pluviais, existem lan\u00e7amentos clandestinos de esgotos. Nessa microbacia est\u00e1 implantado o Terminal Rodovi\u00e1rio de Passageiros de Campo Grande.<\/p>\n\n\n\n<div class=\"wp-block-group is-nowrap is-layout-flex wp-container-core-group-is-layout-6c531013 wp-block-group-is-layout-flex\">        <i style=\"color:#78c0ff;\" class=\"water-drop wp-block-nwe-svg-icons has-text-color has-48-font-size wp-container-content-933cf031\"><\/i>\n        \n\n\n<h5 class=\"wp-block-heading\" style=\"padding-top:25px\">Bandeira<\/h5>\n<\/div>\n\n\n\n<p style=\"padding-left:20px\">A microbacia do Bandeira est\u00e1 localizada ao sudeste da zona urbana. \u00c9 formada pelos c\u00f3rregos Bandeira, Portinho Pache e Caba\u00e7a, possui m\u00e9dia densidade demogr\u00e1fica, por estar constitu\u00edda ainda de vazios urbanos. \u00c9 abrangida pelos bairros: Carlota, Dr. Albuquerque e parte dos bairros Tiradentes, Aero Rancho, Piratininga, Parati, Jockey Club, Am\u00e9rica, Jardim Paulista, TV Morena, Vilas Boas, Rita Vieira, S\u00e3o Louren\u00e7o, Pioneiros e Universit\u00e1rio.<\/p>\n\n\n\n<p style=\"padding-left:20px\">Nessa microbacia o c\u00f3rrego Bandeira foi barrado em dois locais, onde houve a forma\u00e7\u00e3o de dois lagos: do Amor, localizado no Campus da Universidade Federal de Mato Grosso do Sul \u2013 UFMS e do R\u00e1dio Clube Campo. Al\u00e9m deles, existe a lagoa Itatiaia, no bairro Tiradentes.<\/p>\n\n\n\n<p style=\"padding-left:20px\">Entre a Rua Dr. Werneck e a Rotat\u00f3ria da Av. Costa e Silva, com aproximadamente 650 metros de extens\u00e3o, o c\u00f3rrego Bandeira foi canalizado.<\/p>\n\n\n\n<p style=\"padding-left:20px\">O C\u00f3rrego Caba\u00e7a apresenta-se degradado pelo lan\u00e7amento de esgotos sanit\u00e1rios, efluentes industriais e comerciais, com elevadas concentra\u00e7\u00f5es de mat\u00e9ria org\u00e2nica. Na proximidade da Av. Costa e Silva, o c\u00f3rrego Caba\u00e7a recebe contribui\u00e7\u00f5es de esgoto sanit\u00e1rio e efluentes lan\u00e7ados na galeria de \u00e1guas pluviais originados de estabelecimentos como postos de combust\u00edveis, garagens de \u00f4nibus, oficinas mec\u00e2nicas e funilarias, raz\u00e3o pela qual se verifica a presen\u00e7a de mat\u00e9ria org\u00e2nica, \u00f3leos e graxas, elevador, valores de coliformes termotolerantes.<\/p>\n\n\n\n<p style=\"padding-left:20px\">O lago do Radio Clube, formado pelo barramento do c\u00f3rrego Bandeira, apresenta-se com problemas de assoreamento, e o lago do Amor, formado pelo barramento dos c\u00f3rregos Caba\u00e7a e Bandeira, apresenta-se com problemas de eutrofiza\u00e7\u00e3o.<\/p>\n\n\n\n<p style=\"padding-left:20px\">Est\u00e1 sendo implantado o projeto de recupera\u00e7\u00e3o do fundo de vale do c\u00f3rrego Caba\u00e7a o qual prev\u00ea a cria\u00e7\u00e3o de um Parque Linear ao longo das margens. Foram retiradas das \u00e1reas de risco (margens do C\u00f3rrego), 50 (cinquenta) moradias, que lan\u00e7avam diretamente no c\u00f3rrego, esgoto sanit\u00e1rios e res\u00edduo s\u00f3lidos (lixo).<\/p>\n\n\n\n<div class=\"wp-block-group is-nowrap is-layout-flex wp-container-core-group-is-layout-6c531013 wp-block-group-is-layout-flex\">        <i style=\"color:#78c0ff;\" class=\"water wp-block-nwe-svg-icons has-text-color has-48-font-size wp-container-content-933cf031\"><\/i>\n        \n\n\n<h5 class=\"wp-block-heading\" style=\"padding-top:25px\">Botas-Coqueiro<\/h5>\n<\/div>\n\n\n\n<p style=\"padding-left:20px\">Localizada nas regi\u00f5es nordeste e leste da zona urbana, esta microbacia \u00e9 composta pelos c\u00f3rregos Botas, S\u00e3o Juli\u00e3o, Coqueiro e Pedregulho, abrangendo parte dos bairros: Nova Lima, Estrela Dalva, Novos Estados, Veraneio, Ch\u00e1cara dos Poderes, Noroeste e Maria Aparecida Pedrossian. Essa microbacia \u00e9 totalmente desprovida de rede coletora de esgotos, os moradores utilizam-se de fossas e sumidouros para disposi\u00e7\u00e3o de seus esgotos.<\/p>\n\n\n\n<p style=\"padding-left:20px\">O c\u00f3rrego Botas recebe lan\u00e7amento de esgoto sanit\u00e1rio clandestino na galeria de \u00e1guas pluviais (proximidade do Jardim Columbia) e os efluentes industriais e esgoto sanit\u00e1rio tratados das empresas instaladas no P\u00f3lo Empresarial Norte. O c\u00f3rrego Coqueiro (Nascente \u2013 Taquaral Bosque) recebe lan\u00e7amento de esgotos clandestinos na galeria de \u00e1guas pluviais.<\/p>\n\n\n\n<p style=\"padding-left:20px\">O c\u00f3rrego, afluente do Botas sem denomina\u00e7\u00e3o \u2013 nascente no Parque Consul Assaf Trad \u2013 AlphavilIe), recebe lan\u00e7amento de esgotos clandestinos na galeria de \u00e1guas pluviais originados das atividades e resid\u00eancias localizadas na Avenida Coronel Antonino.<\/p>\n\n\n\n<p style=\"padding-left:20px\">Destacam-se processos erosivos na cabeceira e nascente do c\u00f3rrego S\u00e3o Juli\u00e3o, com processo de assoreamento; e processos erosivos em plena evolu\u00e7\u00e3o na cabeceira e nascente do c\u00f3rrego Coqueiro (bairro Taquaral Bosque), e grave assoreamento a jusante do macro anel rodovi\u00e1rio (bairro Ch\u00e1cara dos Poderes).<\/p>\n\n\n\n<div class=\"wp-block-group is-nowrap is-layout-flex wp-container-core-group-is-layout-6c531013 wp-block-group-is-layout-flex\">        <i style=\"color:#78c0ff;\" class=\"water-drop wp-block-nwe-svg-icons has-text-color has-48-font-size wp-container-content-933cf031\"><\/i>\n        \n\n\n<h5 class=\"wp-block-heading\" style=\"padding-top:25px\">Gameleira<\/h5>\n<\/div>\n\n\n\n<p style=\"padding-left:20px\">Localizada na regi\u00e3o sul de Campo Grande, a microbacia do c\u00f3rrego Gameleira apresenta pouca densidade populacional estando menos suscet\u00edvel \u00e0 polui\u00e7\u00e3o urbana. Abrange parte dos bairros Los Angeles, Centro Oeste e Moreninha.<\/p>\n\n\n\n<div class=\"wp-block-group is-nowrap is-layout-flex wp-container-core-group-is-layout-6c531013 wp-block-group-is-layout-flex\">        <i style=\"color:#78c0ff;\" class=\"water wp-block-nwe-svg-icons has-text-color has-48-font-size wp-container-content-933cf031\"><\/i>\n        \n\n\n<h5 class=\"wp-block-heading\" style=\"padding-top:25px\">Imbirussu<\/h5>\n<\/div>\n\n\n\n<p style=\"padding-left:20px\">Localizada na regi\u00e3o noroeste da zona urbana, esta microbacia, \u00e9 composta pelos C\u00f3rregos Serradinho e Imbirussu, abrangendo os bairros: Panam\u00e1, Popular, Nova Campo Grande, N\u00facleo Industrial e parte dos bairros Z\u00e9 Pereira, Jos\u00e9 Abr\u00e3o, Nasser, Santo Amaro, Santo Ant\u00f4nio, Sobrinho, Taveir\u00f3polis, S\u00e3o Conrado e Caiob\u00e1.<\/p>\n\n\n\n<p style=\"padding-left:20px\">No C\u00f3rrego Serradinho verifica-se a degrada\u00e7\u00e3o antr\u00f3pica pelo desmatamento e despejo de lixo urbano no c\u00f3rrego. Devido \u00e0 car\u00eancia de drenagem, h\u00e1 poucos lan\u00e7amentos clandestinos de esgotos.<\/p>\n\n\n\n<p style=\"padding-left:20px\">Parte dos bairros Santo Amaro (Conjunto Habitacional Coophatrabalho) e Popular (Jardim Sayonara) possui rede p\u00fablica coletora de esgoto implantada, sendo os esgotos coletados e encaminhados \u00e0s ETEs Coophatrabalho e Sayonara. Os esgotos tratados nas ETEs s\u00e3o lan\u00e7ados respectivamente nos c\u00f3rregos Imbirussu e Serradinho<\/p>\n\n\n\n<p style=\"padding-left:20px\">O C\u00f3rrego Imbirussu, na sua nascente, est\u00e1 prejudicado pelo desmatamento oriundo para a implanta\u00e7\u00e3o de lavouras e pastagens. J\u00e1 no per\u00edmetro urbano, ap\u00f3s receber seu afluente, o C\u00f3rrego Serradinho, atravessa uma regi\u00e3o sem grandes degrada\u00e7\u00f5es antr\u00f3picas. \u00c0 jusante da Av. Duque de Caxias \u2013 no bairro Popular, O c\u00f3rrego Imbirussu recebe os efluentes industriais tratados nas pr\u00f3prias ind\u00fastrias instaladas pr\u00f3ximas ao bairro Nova Campo Grande e no N\u00facleo Industrial de Campo Grande.<\/p>\n\n\n\n<p style=\"padding-left:20px\">De acordo com a&nbsp;<a href=\"http:\/\/www.imasul.ms.gov.br\/wp-cdn\/uploads\/sites\/74\/2015\/06\/Delibera%C3%A7%C3%A3o_CECA_MS_N%C2%BA36_DE_27_de_junho_de_2012__Enquadramento..pdf\" target=\"_blank\" rel=\"noreferrer noopener\">Delibera\u00e7\u00e3o CECA\/MS n. 036, de 2012<\/a>, o C\u00f3rrego Imbirussu e seus afluentes, desde a conflu\u00eancia com o c\u00f3rrego Serradinho at\u00e9 a sua foz no Rio Anhandu\u00ed, \u00e9 classificado como classe 3.<\/p>\n\n\n\n<p style=\"padding-left:20px\">Est\u00e1 sendo implantado o projeto de recupera\u00e7\u00e3o do fundo de vale dos c\u00f3rregos Imbirussu \u2013 Serradinho, o qual prev\u00ea a cria\u00e7\u00e3o de um Parque Linear ao longo das margens dos C\u00f3rregos e reativa\u00e7\u00e3o do Horto Florestal Municipal. J\u00e1 foram retiradas das \u00e1reas de risco (margens dos C\u00f3rregos), aproximadamente 1100 (um mil e cem) moradias, que lan\u00e7avam diretamente nos c\u00f3rregos, esgotos sanit\u00e1rios e res\u00edduos s\u00f3lidos (lixo).<\/p>\n\n\n\n<div class=\"wp-block-group is-nowrap is-layout-flex wp-container-core-group-is-layout-6c531013 wp-block-group-is-layout-flex\">        <i style=\"color:#78c0ff;\" class=\"water-drop wp-block-nwe-svg-icons has-text-color has-48-font-size wp-container-content-933cf031\"><\/i>\n        \n\n\n<h5 class=\"wp-block-heading\" style=\"padding-top:25px\">Lageado<\/h5>\n<\/div>\n\n\n\n<p style=\"padding-left:20px\">A microbacia do Lageado localiza-se a sudoeste da regi\u00e3o urbana de Campo Grande, abrangendo parte dos bairros: Centen\u00e1rio, Lageado, Los Angeles, Centro Oeste, Alves Pereira, Moreninha, Universit\u00e1rio, Rita Vieira, Tiradentes, Maria Aparecida Pedrossian, Ch\u00e1cara Cachoeira, Veraneio e Noroeste. Apresenta baixa densidade populacional.<\/p>\n\n\n\n<p style=\"padding-left:20px\">Essa microbacia \u00e9 muito importante para o munic\u00edpio, tendo em vista ser um manancial de capta\u00e7\u00e3o de \u00e1guas, representando o segundo maior sistema de abastecimento de \u00e1gua de Campo Grande.<\/p>\n\n\n\n<p style=\"padding-left:20px\">O C\u00f3rrego Lageado, na sua maior parte, n\u00e3o recebe o lan\u00e7amento de esgoto sanit\u00e1rio, por\u00e9m sofre degrada\u00e7\u00e3o pelo desmatamento desordenado e cria\u00e7\u00e3o de animais nas margens do c\u00f3rrego, al\u00e9m de ser freq\u00fcente o lan\u00e7amento de lixo urbano.<\/p>\n\n\n\n<p style=\"padding-left:20px\">A polui\u00e7\u00e3o do c\u00f3rrego ocorre principalmente pela ocupa\u00e7\u00e3o irregular de suas margens. Comp\u00f5em a microbacia, al\u00e9m do C\u00f3rrego Lageado, os c\u00f3rregos Po\u00e7\u00e3o, e Lageadinho, sendo que este \u00faltimo encontra-se fora da zona urbana do Munic\u00edpio.<\/p>\n\n\n\n<div class=\"wp-block-group is-nowrap is-layout-flex wp-container-core-group-is-layout-6c531013 wp-block-group-is-layout-flex\">        <i style=\"color:#78c0ff;\" class=\"water wp-block-nwe-svg-icons has-text-color has-48-font-size wp-container-content-933cf031\"><\/i>\n        \n\n\n<h5 class=\"wp-block-heading\" style=\"padding-top:25px\">Lagoa<\/h5>\n<\/div>\n\n\n\n<p style=\"padding-left:20px\">Localizada na regi\u00e3o oeste da zona urbana, esta microbacia possui baixa densidade demogr\u00e1fica, por estar constitu\u00edda ainda, de vazios urbanos. \u00c9 abrangida pelos bairros: Uni\u00e3o e parte dos bairros: Sobrinho, Santo Ant\u00f4nio, Taveir\u00f3polis, Santo Amaro, Cai\u00e7ara, Leblon, S\u00e3o Conrado, Tijuca, Caiob\u00e1, Batist\u00e3o, Coophavilla II e Tarum\u00e3.<\/p>\n\n\n\n<p style=\"padding-left:20px\">Comp\u00f5em a microbacia os C\u00f3rregos Buriti, Seriema, Zardo e Lagoa.<\/p>\n\n\n\n<div class=\"wp-block-group is-nowrap is-layout-flex wp-container-core-group-is-layout-6c531013 wp-block-group-is-layout-flex\">        <i style=\"color:#78c0ff;\" class=\"water-drop wp-block-nwe-svg-icons has-text-color has-48-font-size wp-container-content-933cf031\"><\/i>\n        \n\n\n<h5 class=\"wp-block-heading\" style=\"padding-top:25px\">Prosa<\/h5>\n<\/div>\n\n\n\n<p style=\"padding-left:20px\">Localizada na por\u00e7\u00e3o Central e Leste da \u00e1rea urbana de Campo Grande, a microbacia do Prosa \u00e9 composta pelos c\u00f3rregos Prosa, S\u00f3ter, Pindar\u00e9, Desbarrancado, Joaquim Portugu\u00eas, Reveillon e Vendas. O c\u00f3rrego Prosa nasce no Parque Estadual do Prosa, na conflu\u00eancia dos c\u00f3rregos Desbarrancado e Joaquim Portugu\u00eas e suas cabeceiras est\u00e3o protegidas.<\/p>\n\n\n\n<p style=\"padding-left:20px\">Os bairros que comp\u00f5em a microbacia do Prosa s\u00e3o: Carand\u00e1, Itanhang\u00e1, Bela Vista e parte dos bairros Novos Estados, Estrela Dalva, Mata do Jacinto, Margarida, Autonomista, Veraneio, Santa F\u00e9, Ch\u00e1cara Cachoeira, Jardim dos Estados, Centro, Gl\u00f3ria, Monte L\u00edbano, S\u00e3o Bento, Tv Morena, Vilas Boas, S\u00e3o Louren\u00e7o, Tiradentes, Noroeste, Carvalho, Amamba\u00ed e Ch\u00e1cara dos Poderes.<\/p>\n\n\n\n<p style=\"padding-left:20px\">Do ponto de vista ambiental e da qualidade de vida da popula\u00e7\u00e3o, a microbacia do Prosa \u00e9 a regi\u00e3o mais favorecida do munic\u00edpio, pois possui \u00e1reas de not\u00e1vel interesse ambiental, cultural e urban\u00edstico, tais como o Parque das Na\u00e7\u00f5es Ind\u00edgenas, Parque S\u00f3ter, Parque Linear do S\u00f3ter, Parque Estadual do Prosa, Parque Itanhang\u00e1 e Parque dos Poderes.<\/p>\n\n\n\n<p style=\"padding-left:20px\">No Parque S\u00f3ter, verifica-se a presen\u00e7a de lan\u00e7amento de esgoto sanit\u00e1rio na galeria de \u00e1guas pluviais, a montante da nascente. No trecho da vo\u00e7oroca \u2013 Parque S\u00f3ter existe processo erosivo ativo, que ocasionou o assoreamento do lago do Parque<\/p>\n\n\n\n<p style=\"padding-left:20px\">Parte do c\u00f3rrego Prosa localiza-se na regi\u00e3o central da \u00e1rea urbana, onde est\u00e1 canalizado.<\/p>\n\n\n\n<div class=\"wp-block-group is-nowrap is-layout-flex wp-container-core-group-is-layout-6c531013 wp-block-group-is-layout-flex\">        <i style=\"color:#78c0ff;\" class=\"water wp-block-nwe-svg-icons has-text-color has-48-font-size wp-container-content-933cf031\"><\/i>\n        \n\n\n<h5 class=\"wp-block-heading\" style=\"padding-top:25px\">Segredo<\/h5>\n<\/div>\n\n\n\n<p style=\"padding-left:20px\">As cabeceiras do c\u00f3rrego Segredo, onde est\u00e3o localizadas as nascentes, se situam na por\u00e7\u00e3o norte da \u00e1rea urbana do munic\u00edpio, sendo que uma delas est\u00e1 na Lagoa da Cruz, outra no Parque Estadual Mata do Segredo e, a \u00faltima, na \u00e1rea do Ex\u00e9rcito Brasileiro, pr\u00f3ximo ao bairro Nova Lima. Destaca-se que nessa \u00e1rea h\u00e1 um processo erosivo em plena evolu\u00e7\u00e3o, causando grave assoreamento da cabeceira e nascente.<\/p>\n\n\n\n<p style=\"padding-left:20px\">A por\u00e7\u00e3o norte da microbacia, pr\u00f3xima \u00e0s nascentes, possui uma ocupa\u00e7\u00e3o marcada por uso tradicionalmente rural \u2013 ch\u00e1caras de recreio ou de produ\u00e7\u00e3o de hortifrutigranjeiros \u2013 destinados ao abastecimento local. Parte dos bairros localizados nessa regi\u00e3o ainda n\u00e3o teve implantada rede coletora de esgoto. Por\u00e9m ao norte, nos bairros que n\u00e3o possuem a rede coletora de esgoto, o esgotamento sanit\u00e1rio \u00e9 feito predominante via sumidouros.<\/p>\n\n\n\n<p style=\"padding-left:20px\">A por\u00e7\u00e3o sul da microbacia, que se localiza na regi\u00e3o central, a qual \u00e9 regi\u00e3o de alta densidade populacional, possui rede p\u00fablica coletora de esgoto implantada, e os esgotos coletados s\u00e3o encaminhados \u00e0s ETEs Cabre\u00fava e Los Angeles. Neste trecho, o c\u00f3rrego Segredo foi canalizado e pode-se identificar diversas liga\u00e7\u00f5es clandestinas de esgoto, sendo elas diretamente no c\u00f3rrego ou na galeria de \u00e1guas pluviais.<\/p>\n\n\n\n<p style=\"padding-left:20px\">A montante do trecho canalizado o c\u00f3rrego Segredo recebe o lan\u00e7amento dos esgotos tratados na ETEs Residencial Palmares, que trata os esgotos dos conjuntos habitacionais Palmares I e II localizados na rua Cana\u00e3 e na ETE Vale do Sol, onde s\u00e3o tratados os esgotos sanit\u00e1rios dos Residenciais: Vale do Sol I, II. III e Pedro Pedrossian, da Escola Municipal Jo\u00e3o Paulo Ribeiro e da Policlinica Odontologica Vale do Sol (Municipal).<\/p>\n\n\n\n<p style=\"padding-left:20px\">Os principais contribuintes da microbacia do Segredo, na \u00e1rea urbana de Campo Grande, s\u00e3o os c\u00f3rregos: Segredo, Semin\u00e1rio, Cascudo, Furtuoso e Maracaju.<\/p>\n\n\n\n<p style=\"padding-left:20px\">Na d\u00e9cada de 70 (setenta), o c\u00f3rrego Maracaju foi tubulado em toda a sua extens\u00e3o, entre a nascente na vila Rosa e sua desembocadura no c\u00f3rrego Segredo. Assim tamb\u00e9m aconteceu com o Furtuoso e o Cascudo, sendo que deste \u00faltimo, s\u00f3 n\u00e3o foram tubulados a \u00e1rea pr\u00f3xima \u00e0 nascente e o trecho final pr\u00f3ximo a sua desembocadura, a jusante da Rua 14 de julho.<\/p>\n\n\n\n<p style=\"padding-left:20px\">Os bairros que comp\u00f5em a microbacia do Segredo s\u00e3o: Semin\u00e1rio, Monte Castelo, S\u00e3o Francisco, Cruzeiro, Cabre\u00fava e parte dos bairros Mata do Segredo, Nasser, Coronel Antonino, Nova Lima, Novos Estados, Mata do Jacinto, Margarida, Sobrinho, Planalto, Centro, Autonomista, Santa F\u00e9, Jardim dos Estados e Amamba\u00ed.<\/p>\n\n\n\n<p style=\"padding-left:20px\">Est\u00e1 sendo implantado o projeto de recupera\u00e7\u00e3o do fundo de vale do c\u00f3rrego Segredo, o qual prev\u00ea a cria\u00e7\u00e3o de um Parque Linear ao longo das margens dos C\u00f3rregos e a implanta\u00e7\u00e3o de tr\u00eas barragens para controle de enchentes. J\u00e1 foram retiradas das \u00e1reas de risco (margens dos C\u00f3rregos), 266 (duzentas e sessenta e seis) moradias, que lan\u00e7avam diretamente nos c\u00f3rregos, esgotos sanit\u00e1rios e res\u00edduos s\u00f3lidos (lixo).<\/p>\n\n\n\n<p style=\"padding-left:20px\">Em mar\u00e7o de 2010 a ETE Cabre\u00fava foi desativada e o tratamento dos esgotos passaram a ser realizados na ETE Los Angeles.<\/p>\n","protected":false},"excerpt":{"rendered":"<p>Anhandu\u00ed O rio Anhandu\u00ed \u00e9 o principal curso d\u2019\u00e1gua de Campo Grande, sendo tribut\u00e1rio do rio Pardo, que por sua vez, \u00e9 afluente do rio Paran\u00e1. Os principais contribuintes da microbacia, na \u00e1rea urbana de Campo Grande s\u00e3o os c\u00f3rregos Segredo, Prosa, Bandeira e Lageado. O rio nasce na Regi\u00e3o Urbana do Centro de Campo [&hellip;]<\/p>\n","protected":false},"author":1,"featured_media":0,"parent":273,"menu_order":0,"comment_status":"closed","ping_status":"closed","template":"","meta":{"_acf_changed":false,"custom_icon_class":"","footnotes":""},"class_list":["post-295","page","type-page","status-publish","hentry"],"acf":[],"_links":{"self":[{"href":"https:\/\/campogrande.nucleo.site\/semadur\/wp-json\/wp\/v2\/pages\/295","targetHints":{"allow":["GET"]}}],"collection":[{"href":"https:\/\/campogrande.nucleo.site\/semadur\/wp-json\/wp\/v2\/pages"}],"about":[{"href":"https:\/\/campogrande.nucleo.site\/semadur\/wp-json\/wp\/v2\/types\/page"}],"author":[{"embeddable":true,"href":"https:\/\/campogrande.nucleo.site\/semadur\/wp-json\/wp\/v2\/users\/1"}],"replies":[{"embeddable":true,"href":"https:\/\/campogrande.nucleo.site\/semadur\/wp-json\/wp\/v2\/comments?post=295"}],"version-history":[{"count":9,"href":"https:\/\/campogrande.nucleo.site\/semadur\/wp-json\/wp\/v2\/pages\/295\/revisions"}],"predecessor-version":[{"id":309,"href":"https:\/\/campogrande.nucleo.site\/semadur\/wp-json\/wp\/v2\/pages\/295\/revisions\/309"}],"up":[{"embeddable":true,"href":"https:\/\/campogrande.nucleo.site\/semadur\/wp-json\/wp\/v2\/pages\/273"}],"wp:attachment":[{"href":"https:\/\/campogrande.nucleo.site\/semadur\/wp-json\/wp\/v2\/media?parent=295"}],"curies":[{"name":"wp","href":"https:\/\/api.w.org\/{rel}","templated":true}]}}