{"id":311,"date":"2023-11-17T16:19:44","date_gmt":"2023-11-17T19:19:44","guid":{"rendered":"https:\/\/campogrande.nucleo.site\/semadur\/?page_id=311"},"modified":"2023-11-17T16:19:44","modified_gmt":"2023-11-17T19:19:44","slug":"relatorios-trimestrais","status":"publish","type":"page","link":"https:\/\/campogrande.nucleo.site\/semadur\/corrego-limpo-cidade-viva\/relatorios-trimestrais\/","title":{"rendered":"Relat\u00f3rios Trimestrais"},"content":{"rendered":"\n<p>Conforme a Lei Complementar n. 341, de 4 de dezembro de 2018, no Artigo n. 62 Inciso V no qual relata\u00a0<em>\u201cmonitoramento do \u00cdndice de Qualidade da \u00c1gua, com relat\u00f3rios divulgados para popula\u00e7\u00e3o a cada 3 (tr\u00eas) meses<\/em>\u201d.<\/p>\n\n\n\n<p><a href=\"https:\/\/sisgranmaps.campogrande.ms.gov.br\/\">Clique aqui&nbsp;<\/a>para acessar ao SISGRAN, onde, em \u201cQualidade da \u00c1gua\u201d, consta a localiza\u00e7\u00e3o e o \u00cdndice de Qualidade da \u00c1gua trimestralmente dos pontos de monitoramento do Programa C\u00f3rrego Limpo.<\/p>\n","protected":false},"excerpt":{"rendered":"<p>Conforme a Lei Complementar n. 341, de 4 de dezembro de 2018, no Artigo n. 62 Inciso V no qual relata\u00a0\u201cmonitoramento do \u00cdndice de Qualidade da \u00c1gua, com relat\u00f3rios divulgados para popula\u00e7\u00e3o a cada 3 (tr\u00eas) meses\u201d. Clique aqui&nbsp;para acessar ao SISGRAN, onde, em \u201cQualidade da \u00c1gua\u201d, consta a localiza\u00e7\u00e3o e o \u00cdndice de Qualidade [&hellip;]<\/p>\n","protected":false},"author":1,"featured_media":0,"parent":273,"menu_order":1,"comment_status":"closed","ping_status":"closed","template":"","meta":{"_acf_changed":false,"custom_icon_class":"","footnotes":""},"class_list":["post-311","page","type-page","status-publish","hentry"],"acf":[],"_links":{"self":[{"href":"https:\/\/campogrande.nucleo.site\/semadur\/wp-json\/wp\/v2\/pages\/311","targetHints":{"allow":["GET"]}}],"collection":[{"href":"https:\/\/campogrande.nucleo.site\/semadur\/wp-json\/wp\/v2\/pages"}],"about":[{"href":"https:\/\/campogrande.nucleo.site\/semadur\/wp-json\/wp\/v2\/types\/page"}],"author":[{"embeddable":true,"href":"https:\/\/campogrande.nucleo.site\/semadur\/wp-json\/wp\/v2\/users\/1"}],"replies":[{"embeddable":true,"href":"https:\/\/campogrande.nucleo.site\/semadur\/wp-json\/wp\/v2\/comments?post=311"}],"version-history":[{"count":1,"href":"https:\/\/campogrande.nucleo.site\/semadur\/wp-json\/wp\/v2\/pages\/311\/revisions"}],"predecessor-version":[{"id":312,"href":"https:\/\/campogrande.nucleo.site\/semadur\/wp-json\/wp\/v2\/pages\/311\/revisions\/312"}],"up":[{"embeddable":true,"href":"https:\/\/campogrande.nucleo.site\/semadur\/wp-json\/wp\/v2\/pages\/273"}],"wp:attachment":[{"href":"https:\/\/campogrande.nucleo.site\/semadur\/wp-json\/wp\/v2\/media?parent=311"}],"curies":[{"name":"wp","href":"https:\/\/api.w.org\/{rel}","templated":true}]}}