{"id":315,"date":"2023-11-17T16:40:05","date_gmt":"2023-11-17T19:40:05","guid":{"rendered":"https:\/\/campogrande.nucleo.site\/semadur\/?page_id=315"},"modified":"2023-11-17T16:41:29","modified_gmt":"2023-11-17T19:41:29","slug":"manancial-vivo","status":"publish","type":"page","link":"https:\/\/campogrande.nucleo.site\/semadur\/manancial-vivo\/","title":{"rendered":"Manancial Vivo"},"content":{"rendered":"\n<div class=\"wp-block-columns is-layout-flex wp-container-core-columns-is-layout-28f84493 wp-block-columns-is-layout-flex\">\n<div class=\"wp-block-column is-layout-flow wp-block-column-is-layout-flow\" style=\"flex-basis:33.33%\">\n<figure class=\"wp-block-image aligncenter size-full\"><img loading=\"lazy\" decoding=\"async\" width=\"211\" height=\"300\" src=\"https:\/\/campogrande.nucleo.site\/semadur\/wp-content\/uploads\/sites\/12\/2023\/11\/image-5.png\" alt=\"\" class=\"wp-image-316\"\/><\/figure>\n<\/div>\n\n\n\n<div class=\"wp-block-column is-layout-flow wp-block-column-is-layout-flow\" style=\"flex-basis:66.66%\">\n<p>O Programa Manancial Vivo desenvolvido nos termos do Inciso III, do artigo 30, do\u00a0Decreto N.\u00b0. 7.884\/1999, com reda\u00e7\u00e3o dada pelo\u00a0<a rel=\"noreferrer noopener\" href=\"https:\/\/prefcg-repositorio.campogrande.ms.gov.br\/wp-cdn\/uploads\/sites\/24\/2018\/05\/Decreto-Municipal-11303-2010-Altera-Decreto-7884-1999.pdf\" data-type=\"link\" data-id=\"https:\/\/prefcg-repositorio.campogrande.ms.gov.br\/wp-cdn\/uploads\/sites\/24\/2018\/05\/Decreto-Municipal-11303-2010-Altera-Decreto-7884-1999.pdf\" target=\"_blank\">Decreto N\u00b0. 11.303\/2010<\/a>, \u00e9 uma experi\u00eancia piloto de Pagamentos por Servi\u00e7os Ambientais realizada nas \u00c1reas de Prote\u00e7\u00e3o Ambiental do GUARIROBA e LAJEADO, localizadas respectivamente no munic\u00edpio de Campo Grande.<\/p>\n\n\n\n<p>As Bacias Hidrogr\u00e1ficas do Guariroba e Lajeado foram escolhidas por serem importantes mananciais de abastecimento p\u00fablico do munic\u00edpio de Campo Grande.<\/p>\n\n\n\n<p>O Programa Manancial Vivo segue as diretrizes e conceitos do Programa Produtor de \u00c1gua, desenvolvido pela ANA, sendo um programa volunt\u00e1rio de restaura\u00e7\u00e3o do potencial h\u00eddrico e do controle da polui\u00e7\u00e3o difusa no meio rural. Prev\u00ea pagamentos aos produtores rurais que, por meio de pr\u00e1ticas e manejos conservacionistas e de melhoria da distribui\u00e7\u00e3o da cobertura florestal na paisagem, contribuam para o aumento da infiltra\u00e7\u00e3o de \u00e1gua e para o abatimento efetivo da eros\u00e3o, sedimenta\u00e7\u00e3o e incremento de biodiversidade. Propriet\u00e1rios rurais que j\u00e1 v\u00eam adotando tais pr\u00e1ticas nas bacias atendidas pelo \u201cPrograma Manancial Vivo\u201d tamb\u00e9m poder\u00e3o receber incentivos \u2013 pagamentos \u2013 se mantiverem seu comprometimento com essas pr\u00e1ticas.<\/p>\n<\/div>\n<\/div>\n\n\n\n<p style=\"padding-top:10px\">Os Pagamentos por Servi\u00e7os Ambientais aos propriet\u00e1rios rurais ser\u00e3o baseados na realiza\u00e7\u00e3o e manuten\u00e7\u00e3o das pr\u00e1ticas recomendadas pelos t\u00e9cnicos do projeto \u201cPrograma Manancial Vivo\u201d. O programa disponibiliza, gratuitamente, equipe t\u00e9cnica para elabora\u00e7\u00e3o dos Projetos e assist\u00eancia t\u00e9cnica para a execu\u00e7\u00e3o de todos os projetos que atendam os objetivos do \u201cPrograma Manancial Vivo\u201d. As pr\u00e1ticas e manejos recomendados pela equipe t\u00e9cnica poder\u00e3o ser subsidiados pelas entidades respons\u00e1veis pelo \u201cPrograma Manancial Vivo\u201d.<\/p>\n\n\n\n<p>A Secretaria Municipal de Meio Ambiente (Semadur) publicou no Di\u00e1rio Oficial do dia 09 de abril de 2015 o\u00a0<a rel=\"noreferrer noopener\" href=\"https:\/\/prefcg-repositorio.campogrande.ms.gov.br\/wp-cdn\/uploads\/sites\/24\/2018\/05\/Programa-Manancial-Vivo-Edital-01-2015.pdf\" target=\"_blank\">Edital 01\/2015<\/a>\u00a0Programa Manancial Vivo (PMV) com as regras para o credenciamento de propriet\u00e1rios rurais visando a sele\u00e7\u00e3o de propostas destinadas \u00e0 conserva\u00e7\u00e3o de solo, \u00e1gua e florestas e ao recebimento de Pagamentos por Servi\u00e7os Ambientais (PSA).<\/p>\n\n\n\n<h5 class=\"wp-block-heading\">Relacionados:<\/h5>\n\n\n\n<p>\u2014 <a href=\"https:\/\/prefcg-repositorio.campogrande.ms.gov.br\/wp-cdn\/uploads\/sites\/24\/2018\/05\/Relato%CC%81rio-Resultados-Obtidos-Entre-2009-e-2011.pdf\" data-type=\"link\" data-id=\"https:\/\/prefcg-repositorio.campogrande.ms.gov.br\/wp-cdn\/uploads\/sites\/24\/2018\/05\/Relato%CC%81rio-Resultados-Obtidos-Entre-2009-e-2011.pdf\">Relat\u00f3rio dos resultados<\/a> obtidos entre os anos de 2009 e 2011<\/p>\n\n\n\n<p>\u2014 <a href=\"https:\/\/prefcg-repositorio.campogrande.ms.gov.br\/wp-cdn\/uploads\/sites\/24\/2018\/05\/Resolucao-SEMADUR-004-2010-Criacao-Implantacao-Programa-Manancial-Vivo.pdf\" data-type=\"link\" data-id=\"https:\/\/prefcg-repositorio.campogrande.ms.gov.br\/wp-cdn\/uploads\/sites\/24\/2018\/05\/Resolucao-SEMADUR-004-2010-Criacao-Implantacao-Programa-Manancial-Vivo.pdf\">Resolu\u00e7\u00e3o SEMADUR N\u00b0. 004\/2010<\/a> \u2013 Disp\u00f5e sobre a Cria\u00e7\u00e3o e Implanta\u00e7\u00e3o do Programa Manancial Vivo.<\/p>\n\n\n\n<p>\u2014 <a href=\"https:\/\/prefcg-repositorio.campogrande.ms.gov.br\/wp-cdn\/uploads\/sites\/24\/2018\/05\/Resolucao-SEMADUR-005-2010-Regras-Adesao-Programa-de-PSA.pdf\" data-type=\"link\" data-id=\"https:\/\/prefcg-repositorio.campogrande.ms.gov.br\/wp-cdn\/uploads\/sites\/24\/2018\/05\/Resolucao-SEMADUR-005-2010-Regras-Adesao-Programa-de-PSA.pdf\">Resolu\u00e7\u00e3o SEMADUR N\u00b0. 005\/2010<\/a> \u2013 Disp\u00f5e sobre as Regras para Ades\u00e3o ao Programa de Pagamento por Servi\u00e7os Ambientais \u2013 PSA, nos moldes do disposto no artigo 30, inciso III, do Decreto Municipal N\u00b0. 7.884\/1999, com reda\u00e7\u00e3o dada pelo <a href=\"https:\/\/prefcg-repositorio.campogrande.ms.gov.br\/wp-cdn\/uploads\/sites\/24\/2018\/05\/Decreto-Municipal-11303-2010-Altera-Decreto-7884-1999.pdf\" data-type=\"link\" data-id=\"https:\/\/prefcg-repositorio.campogrande.ms.gov.br\/wp-cdn\/uploads\/sites\/24\/2018\/05\/Decreto-Municipal-11303-2010-Altera-Decreto-7884-1999.pdf\">Decreto Municipal N\u00b0. 11.303\/2010<\/a>.<\/p>\n\n\n\n<p>\u2014 <a href=\"https:\/\/prefcg-repositorio.campogrande.ms.gov.br\/wp-cdn\/uploads\/sites\/24\/2018\/05\/Resolucao-SEMADUR-032-2018-Unidade-Gestora-Projeto-Programa-Manancial-Vivo.pdf\" data-type=\"link\" data-id=\"https:\/\/prefcg-repositorio.campogrande.ms.gov.br\/wp-cdn\/uploads\/sites\/24\/2018\/05\/Resolucao-SEMADUR-032-2018-Unidade-Gestora-Projeto-Programa-Manancial-Vivo.pdf\">Resolu\u00e7\u00e3o SEMADUR N\u00b0. 032\/2018<\/a> \u2013 Disp\u00f5e sobre a Unidade Gestora do Projeto \u2013 UGP \u2013 Programa Manancial Vivo, no \u00e2mbito da SEMADUR.<\/p>\n\n\n\n<p>\u2014 <a href=\"https:\/\/prefcg-repositorio.campogrande.ms.gov.br\/wp-cdn\/uploads\/sites\/24\/2020\/03\/jornal_voc%C3%AA_e_a_faixa_-APA-DO-GUARIROBA.pdf\" data-type=\"link\" data-id=\"https:\/\/prefcg-repositorio.campogrande.ms.gov.br\/wp-cdn\/uploads\/sites\/24\/2020\/03\/jornal_voc%C3%AA_e_a_faixa_-APA-DO-GUARIROBA.pdf\">Sustentabilidade, Voc\u00ea e a Faixa<\/a> \u2013 Edi\u00e7\u00e3o especial do Jornal Voc\u00ea e a Faixa relatando o trabalho desenvolvido na APA do Guariroba em parceria com o Programa Manancial Vivo.<\/p>\n","protected":false},"excerpt":{"rendered":"<p>O Programa Manancial Vivo desenvolvido nos termos do Inciso III, do artigo 30, do\u00a0Decreto N.\u00b0. 7.884\/1999, com reda\u00e7\u00e3o dada pelo\u00a0Decreto N\u00b0. 11.303\/2010, \u00e9 uma experi\u00eancia piloto de Pagamentos por Servi\u00e7os Ambientais realizada nas \u00c1reas de Prote\u00e7\u00e3o Ambiental do GUARIROBA e LAJEADO, localizadas respectivamente no munic\u00edpio de Campo Grande. As Bacias Hidrogr\u00e1ficas do Guariroba e Lajeado [&hellip;]<\/p>\n","protected":false},"author":1,"featured_media":0,"parent":0,"menu_order":5,"comment_status":"closed","ping_status":"closed","template":"","meta":{"_acf_changed":false,"custom_icon_class":"","footnotes":""},"class_list":["post-315","page","type-page","status-publish","hentry"],"acf":[],"_links":{"self":[{"href":"https:\/\/campogrande.nucleo.site\/semadur\/wp-json\/wp\/v2\/pages\/315","targetHints":{"allow":["GET"]}}],"collection":[{"href":"https:\/\/campogrande.nucleo.site\/semadur\/wp-json\/wp\/v2\/pages"}],"about":[{"href":"https:\/\/campogrande.nucleo.site\/semadur\/wp-json\/wp\/v2\/types\/page"}],"author":[{"embeddable":true,"href":"https:\/\/campogrande.nucleo.site\/semadur\/wp-json\/wp\/v2\/users\/1"}],"replies":[{"embeddable":true,"href":"https:\/\/campogrande.nucleo.site\/semadur\/wp-json\/wp\/v2\/comments?post=315"}],"version-history":[{"count":3,"href":"https:\/\/campogrande.nucleo.site\/semadur\/wp-json\/wp\/v2\/pages\/315\/revisions"}],"predecessor-version":[{"id":319,"href":"https:\/\/campogrande.nucleo.site\/semadur\/wp-json\/wp\/v2\/pages\/315\/revisions\/319"}],"wp:attachment":[{"href":"https:\/\/campogrande.nucleo.site\/semadur\/wp-json\/wp\/v2\/media?parent=315"}],"curies":[{"name":"wp","href":"https:\/\/api.w.org\/{rel}","templated":true}]}}