{"id":321,"date":"2023-11-17T17:05:04","date_gmt":"2023-11-17T20:05:04","guid":{"rendered":"https:\/\/campogrande.nucleo.site\/semadur\/?page_id=321"},"modified":"2023-11-17T17:05:04","modified_gmt":"2023-11-17T20:05:04","slug":"parques-municipais-ecologicos","status":"publish","type":"page","link":"https:\/\/campogrande.nucleo.site\/semadur\/parques-municipais-ecologicos\/","title":{"rendered":"Parques Municipais Ecol\u00f3gicos"},"content":{"rendered":"\n<h5 class=\"wp-block-heading\">Parque Ecol\u00f3gico do S\u00f3ter<\/h5>\n\n\n\n<p>O\u00a0<strong>Parque Ecol\u00f3gico do S\u00f3ter<\/strong>, criado pela\u00a0<a href=\"https:\/\/prefcg-repositorio.campogrande.ms.gov.br\/wp-cdn\/uploads\/sites\/24\/2018\/05\/Lei-Municipal-4091-2003-Cria-Pq-Soter-Pq-Linear-Soter.pdf\" data-type=\"link\" data-id=\"https:\/\/prefcg-repositorio.campogrande.ms.gov.br\/wp-cdn\/uploads\/sites\/24\/2018\/05\/Lei-Municipal-4091-2003-Cria-Pq-Soter-Pq-Linear-Soter.pdf\" target=\"_blank\" rel=\"noreferrer noopener\">Lei n\u00b0. 4.091\/2003<\/a>, contempla uma \u00e1rea de 22 ha 8.652m2, \u00e9 delimitado pela Rua Salsa Parrilha, Rua Tatuapar\u00e1, Rua Herminia Grize, Rua Ant\u00f4nio Rahe, Rua Crist\u00f3v\u00e3o Lechuga Luengo, Rua Jamil Basmage e Rua Rio Negro, foi implantado, administrado e consolidado com base nas seguintes finalidades:<\/p>\n\n\n\n<ol class=\"wp-block-list\">\n<li>I \u2013 recuperar, proteger e conservar a nascente do C\u00f3rrego S\u00f3ter e seu entorno imediato, incluindo a fauna e flora associados;<\/li>\n\n\n\n<li>II \u2013 criar condi\u00e7\u00f5es e promover a educa\u00e7\u00e3o e a interpreta\u00e7\u00e3o ambiental em contato com a natureza; e,<\/li>\n\n\n\n<li>III \u2013 qualificar espa\u00e7os livres existentes para atender \u00e0 demanda da popula\u00e7\u00e3o por locais de lazer, recrea\u00e7\u00e3o e contempla\u00e7\u00e3o.<\/li>\n<\/ol>\n\n\n\n<p>Em 22 de dezembro de 2006, o Parque Ecol\u00f3gico do S\u00f3ter passou a ser denominado de \u201cFrancisco Anselmo Gomes de Barros\u201d \u2013\u00a0<a rel=\"noreferrer noopener\" href=\"https:\/\/www.campogrande.ms.gov.br\/semadur\/downloads\/lei-n-4-432-de-22-de-dezembro-de-2006\/\" target=\"_blank\">Lei N\u00ba. 4.432\/2006<\/a>.<\/p>\n\n\n\n<h5 class=\"wp-block-heading\">Parque Ecol\u00f3gico Anhandu\u00ed<\/h5>\n\n\n\n<p>O<strong>&nbsp;Parque Ecol\u00f3gico Anhandu\u00ed<\/strong>&nbsp;foi criado por meio da Lei 3.762, de 19 de junho de 2000. Com aproximadamente 15 hectares, est\u00e1 localizado no prolongamento da Avenida Presidente Ernesto Geisel na conflu\u00eancia do C\u00f3rrego Bandeira e o Rio Anhandu\u00ed. \u00c9 considerada a primeira unidade urbana municipal de preserva\u00e7\u00e3o de Campo Grande.<\/p>\n\n\n\n<p>O Parque \u00e9 constitu\u00eddo basicamente por vereda que se caracteriza pela vegeta\u00e7\u00e3o como a palmeira arb\u00f3rea&nbsp;<em>Mauritia flexuosa<\/em>&nbsp;(buriti) emergente, em meio a agrupamentos mais ou menos densos de esp\u00e9cies arbustivo-herb\u00e1ceas sem formar dossel com solos hidrom\u00f3rficos (encharcado) que cont\u00e9m olhos d\u2019\u00e1gua e nascentes, al\u00e9m de um pequeno lago com peixes.<\/p>\n\n\n\n<p>As veredas exercem papel fundamental na distribui\u00e7\u00e3o dos rios e seus afluentes, na manuten\u00e7\u00e3o da fauna do Cerrado, funcionando como local de pouso para a fauna de aves, atuando como ref\u00fagio, abrigo, fonte de alimento e local de reprodu\u00e7\u00e3o para a fauna terrestre e aqu\u00e1tica. De acordo com o Novo C\u00f3digo Florestal o Parque Ecol\u00f3gico Anhandu\u00ed \u00e9 uma APP \u2013 \u00c1rea de Preserva\u00e7\u00e3o Permanente.<\/p>\n\n\n\n<p>Em sete de junho de 2007, foi inaugurada sua sede administrativa, contando com estrutura f\u00edsica dotada de duas salas, cozinha, banheiros e um teatro de arena. Em agosto de 2012 o Parque recebeu um audit\u00f3rio com capacidade para 50 pessoas e mais uma sala.<\/p>\n\n\n\n<p>Em 2013 o Parque Ecol\u00f3gico Anhandu\u00ed passou por um processo de revitaliza\u00e7\u00e3o. Foi implantado o Centro de Educa\u00e7\u00e3o Ambiental Anhandu\u00ed que desenvolve atividades educativas s\u00f3cia \u2013 ecol\u00f3gicas, como educa\u00e7\u00e3o ambiental local e itinerante, palestras, trilhas ecol\u00f3gicas contemplativas e plantio de mudas visando o desenvolvimento local sustent\u00e1vel.<\/p>\n\n\n\n<p><strong>Objetivos:<\/strong><\/p>\n\n\n\n<ul class=\"wp-block-list\">\n<li>Promover a recupera\u00e7\u00e3o e a preserva\u00e7\u00e3o da \u00e1rea de vereda, valorizando os aspectos f\u00edsicos e biol\u00f3gicos desse ambiente;<\/li>\n\n\n\n<li>Proteger os locais onde ocorra o aparecimento de \u00e1gua por afloramento do len\u00e7ol fre\u00e1tico (olho d\u2019\u00e1gua, nascente);<\/li>\n\n\n\n<li>Preservar os locais de alimenta\u00e7\u00e3o, reprodu\u00e7\u00e3o, pernoite e descanso da fauna do cerrado em geral;<\/li>\n\n\n\n<li>Proteger as cabeceiras e margens dos c\u00f3rregos, garantindo a conserva\u00e7\u00e3o dos pontos onde ocorrem \u00e0s recargas h\u00eddricas;<\/li>\n\n\n\n<li>Desenvolver, por meio de estudos, m\u00e9todos e t\u00e9cnicas de recupera\u00e7\u00e3o e preserva\u00e7\u00e3o de \u00e1reas de veredas;<\/li>\n\n\n\n<li>Possibilitar o desenvolvimento de atividades contemplativas monitoradas, tecnologias sociais e educa\u00e7\u00e3o ambiental, al\u00e9m de permitir a\u00e7\u00f5es de car\u00e1ter cient\u00edfico.<\/li>\n<\/ul>\n\n\n\n<p>As visitas ao parque s\u00e3o monitoradas e podem ser agendadas pelo endere\u00e7o eletr\u00f4nico: pqanhandui@gmail.com ou pelo telefone (67) 3314-9560.<\/p>\n\n\n\n<h6 class=\"wp-block-heading\">P\u00fablico a se destina:<\/h6>\n\n\n\n<ul class=\"wp-block-list\">\n<li>Alunos e professores do Ensino Fundamental e M\u00e9dio das Escolas P\u00fablicas, Privadas e Universidades;<\/li>\n\n\n\n<li>Comunidade do entorno do CEA, empresas e popula\u00e7\u00e3o em geral;<\/li>\n<\/ul>\n\n\n\n<p>\u00a0O CEA tem agenda permanente de visitas escolares, al\u00e9m de promover, realizar e sediar somente atividades e eventos ligados \u00e0 quest\u00e3o ambiental.<\/p>\n\n\n\n<h6 class=\"wp-block-heading\">Dados de contato:<\/h6>\n\n\n\n<p><strong>Endere\u00e7o:<\/strong> Av. Presidente Ernesto Geisel, s\/n, Bairro Guanandi II &#8211; CEP: 79002-082 \u2013 Campo Grande \u2013 MS.<br><strong>Contato:<\/strong> (67) 3314-9560<br><strong>Site:<\/strong> http:\/\/www.ceaanhandui.blogspot.com\/<br><strong>Funcionamento:<\/strong> De segunda a sexta-feira, das 7h e 30 min. \u00e0s 11h e das 13h \u00e0s 17h.<\/p>\n","protected":false},"excerpt":{"rendered":"<p>Parque Ecol\u00f3gico do S\u00f3ter O\u00a0Parque Ecol\u00f3gico do S\u00f3ter, criado pela\u00a0Lei n\u00b0. 4.091\/2003, contempla uma \u00e1rea de 22 ha 8.652m2, \u00e9 delimitado pela Rua Salsa Parrilha, Rua Tatuapar\u00e1, Rua Herminia Grize, Rua Ant\u00f4nio Rahe, Rua Crist\u00f3v\u00e3o Lechuga Luengo, Rua Jamil Basmage e Rua Rio Negro, foi implantado, administrado e consolidado com base nas seguintes finalidades: Em [&hellip;]<\/p>\n","protected":false},"author":1,"featured_media":0,"parent":0,"menu_order":6,"comment_status":"closed","ping_status":"closed","template":"","meta":{"_acf_changed":false,"custom_icon_class":"","footnotes":""},"class_list":["post-321","page","type-page","status-publish","hentry"],"acf":[],"_links":{"self":[{"href":"https:\/\/campogrande.nucleo.site\/semadur\/wp-json\/wp\/v2\/pages\/321","targetHints":{"allow":["GET"]}}],"collection":[{"href":"https:\/\/campogrande.nucleo.site\/semadur\/wp-json\/wp\/v2\/pages"}],"about":[{"href":"https:\/\/campogrande.nucleo.site\/semadur\/wp-json\/wp\/v2\/types\/page"}],"author":[{"embeddable":true,"href":"https:\/\/campogrande.nucleo.site\/semadur\/wp-json\/wp\/v2\/users\/1"}],"replies":[{"embeddable":true,"href":"https:\/\/campogrande.nucleo.site\/semadur\/wp-json\/wp\/v2\/comments?post=321"}],"version-history":[{"count":2,"href":"https:\/\/campogrande.nucleo.site\/semadur\/wp-json\/wp\/v2\/pages\/321\/revisions"}],"predecessor-version":[{"id":323,"href":"https:\/\/campogrande.nucleo.site\/semadur\/wp-json\/wp\/v2\/pages\/321\/revisions\/323"}],"wp:attachment":[{"href":"https:\/\/campogrande.nucleo.site\/semadur\/wp-json\/wp\/v2\/media?parent=321"}],"curies":[{"name":"wp","href":"https:\/\/api.w.org\/{rel}","templated":true}]}}