{"id":330,"date":"2023-11-20T08:26:58","date_gmt":"2023-11-20T11:26:58","guid":{"rendered":"https:\/\/campogrande.nucleo.site\/semadur\/?page_id=330"},"modified":"2023-11-20T14:03:35","modified_gmt":"2023-11-20T17:03:35","slug":"residuos-solidos","status":"publish","type":"page","link":"https:\/\/campogrande.nucleo.site\/semadur\/residuos-solidos\/","title":{"rendered":"Res\u00edduos S\u00f3lidos"},"content":{"rendered":"\n<p>A preocupa\u00e7\u00e3o com os res\u00edduos vem sendo discutida h\u00e1 algumas d\u00e9cadas nas esferas nacional e internacional, devido \u00e0 expans\u00e3o da consci\u00eancia coletiva com rela\u00e7\u00e3o ao meio ambiente. Assim, a complexidade das atuais demandas ambientais, sociais e econ\u00f4micas induz a um novo posicionamento dos tr\u00eas n\u00edveis de governo, da sociedade civil e da iniciativa privada.<\/p>\n\n\n\n<p>A aprova\u00e7\u00e3o da Pol\u00edtica Nacional de Res\u00edduos S\u00f3lidos \u2013 PNRS, ap\u00f3s vinte e um anos de discuss\u00f5es no Congresso Nacional, marcou o in\u00edcio de uma forte articula\u00e7\u00e3o institucional envolvendo os tr\u00eas entes federados \u2013 Uni\u00e3o, Estados e Munic\u00edpios, o setor produtivo e a sociedade em geral \u2013 na busca de solu\u00e7\u00f5es para os problemas na gest\u00e3o res\u00edduos s\u00f3lidos que comprometem a qualidade de vida dos brasileiros. A aprova\u00e7\u00e3o da Pol\u00edtica Nacional de Res\u00edduos S\u00f3lidos qualificou e deu novos rumos \u00e0 discuss\u00e3o sobre o tema.<\/p>\n\n\n\n<p>A partir de agosto de 2010, baseado no conceito de responsabilidade compartilhada, a sociedade como um todo \u2013 cidad\u00e3os, governos, setor privado e sociedade civil organizada \u2013 passou a ser respons\u00e1vel pela gest\u00e3o ambientalmente adequada dos res\u00edduos s\u00f3lidos. Agora o cidad\u00e3o \u00e9 respons\u00e1vel n\u00e3o s\u00f3 pela disposi\u00e7\u00e3o correta dos res\u00edduos que gera, mas tamb\u00e9m \u00e9 importante que repense e reveja o seu papel como consumidor; o setor privado, por sua vez, fica respons\u00e1vel pelo gerenciamento ambientalmente correto dos res\u00edduos s\u00f3lidos, pela sua reincorpora\u00e7\u00e3o na cadeia produtiva e pelas inova\u00e7\u00f5es nos produtos que tragam benef\u00edcios socioambientais, sempre que poss\u00edvel; os governos federal, estaduais e municipais s\u00e3o respons\u00e1veis pela elabora\u00e7\u00e3o e implementa\u00e7\u00e3o dos planos de gest\u00e3o de res\u00edduos s\u00f3lidos, assim como dos demais instrumentos previstos na PNRS.<\/p>\n\n\n\n<p>A busca por solu\u00e7\u00f5es na \u00e1rea de res\u00edduos reflete a demanda da sociedade que pressiona por mudan\u00e7as motivadas pelos elevados custos socioecon\u00f4micos e ambientais. Se manejados adequadamente, os res\u00edduos s\u00f3lidos adquirem valor comercial e podem ser utilizados em forma de novas mat\u00e9rias-primas ou novos insumos. A implanta\u00e7\u00e3o de um Plano de Gest\u00e3o trar\u00e1 reflexos positivos no \u00e2mbito social, ambiental e econ\u00f4mico, pois n\u00e3o s\u00f3 tende a diminuir o consumo dos recursos naturais, como proporciona a abertura de novos mercados, gera trabalho, emprego e renda, conduz \u00e0 inclus\u00e3o social e diminui os impactos ambientais provocados pela disposi\u00e7\u00e3o inadequada dos res\u00edduos.<\/p>\n\n\n\n<p><em>(<strong>Fonte:<\/strong> <a href=\"http:\/\/www.mma.gov.br\/cidades-sustentaveis\/residuos-solidos\" data-type=\"link\" data-id=\"http:\/\/www.mma.gov.br\/cidades-sustentaveis\/residuos-solidos\">Minist\u00e9rio do Meio Ambiente<\/a>)<\/em><\/p>\n\n\n\n<div class=\"wp-block-group has-border-color has-transparent-border-color has-primary-40-background-color has-background is-layout-constrained wp-container-core-group-is-layout-16d6e2d2 wp-block-group-is-layout-constrained\" style=\"border-width:1px;border-radius:15px;padding-top:3rem;padding-right:3rem;padding-bottom:3rem;padding-left:3rem\">\t\t<div style=\"--columns: 3; --gap: 0px; --width: 100%; --items-height: 140px; --items-min-width: 85px; --items-gap: 5px; --items-icon-size: 35px; --active-color: #19418F; --text-color: #FFFFFF; --item-text-color: var(--wp--preset--color--white); --icon-color: var(--wp--preset--color--white); --item-background: var(--wp--preset--color--transparent); --icon-background: #204da5; --item-text-color-hover: var(--wp--preset--color--white); --icon-color-hover: #204da5; --item-background-hover: var(--wp--preset--color--transparent); --icon-background-hover: var(--wp--preset--color--white);\" class=\"layout-box-item-outline-background scroll is-style-categories wp-block-prefeitura-campogrande-quick-access has-text-color has-white-color has-background has-primary-40-background-color\">\n\t\t\t\t\t\t\t<div class=\"quick-access-header has-no-title\">\n\t\t\t\t\t\n\t\t\t\t\t\t\t\t\t\t\n\t\t\t\t\t\t\t\t\t\t\t<div class=\"quick-access-navigation has-border-color\">\n\t\t\t\t\t\t\t<div id=\"59536c85-b62c-40fd-9ed0-33fbfa3cf438\" class=\"item-navigation small has-background active\">Relacionados<\/div>\t\t\t\t\t\t\t\n\t\t\t\t\t\t\t<label>\n\t\t\t\t\t\t\t\t<select id=\"categories\">\n\t\t\t\t\t\t\t\t\t<option value=\"59536c85-b62c-40fd-9ed0-33fbfa3cf438\">Relacionados<\/option>\t\t\t\t\t\t\t\t<\/select>\n\t\t\t\t\t\t\t<\/label>\n\t\t\t\t\t\t\t<div class=\"active-marker\"><\/div>\n\t\t\t\t\t\t<\/div>\n\t\t\t\t\t\t\t\t\t<\/div>\n\t\t\t\n<div class=\"quick-access-wrapper-items categories wp-block-prefeitura-campogrande-quick-access-category\" id=\"59536c85-b62c-40fd-9ed0-33fbfa3cf438\">\n\n<div class=\"item has-background wp-block-prefeitura-campogrande-quick-access-item\" style=\"--item-text-color:var(--wp--preset--color--white);--icon-color:var(--wp--preset--color--white);--icon-background:#204da5;--item-text-color-hover:var(--wp--preset--color--white);--icon-color-hover:#204da5;--icon-background-hover:var(--wp--preset--color--white)\" title=\"Grandes Geradores de Res\u00edduos S\u00f3lidos\"><a class=\"link\" rel=\"noopener\" href=\"https:\/\/campogrande.nucleo.site\/semadur\/residuos-solidos\/grandes-geradores-de-residuos-solidos\/\" target=\"_self\"><div class=\"icon\"><i class=\"nmi-normal\">&#xF22B6;<\/i><\/div><span lang=\"de\" class=\"text\">Grandes Geradores de Res\u00edduos S\u00f3lidos<\/span><\/a><\/div>\n\n\n\n<div class=\"item has-background wp-block-prefeitura-campogrande-quick-access-item\" style=\"--item-text-color:var(--wp--preset--color--white);--icon-color:var(--wp--preset--color--white);--icon-background:#204da5;--item-text-color-hover:var(--wp--preset--color--white);--icon-color-hover:#204da5;--icon-background-hover:var(--wp--preset--color--white)\" title=\"Coleta Seletiva \"><a class=\"link\" rel=\"noopener\" href=\"https:\/\/campogrande.nucleo.site\/semadur\/residuos-solidos\/coleta-seletiva\/\" target=\"_self\"><div class=\"icon\"><i class=\"nmi-normal\">&#xF1D2C;<\/i><\/div><span lang=\"de\" class=\"text\">Coleta Seletiva <\/span><\/a><\/div>\n\n\n\n<div class=\"item has-background wp-block-prefeitura-campogrande-quick-access-item\" style=\"--item-text-color:var(--wp--preset--color--white);--icon-color:var(--wp--preset--color--white);--icon-background:#204da5;--item-text-color-hover:var(--wp--preset--color--white);--icon-color-hover:#204da5;--icon-background-hover:var(--wp--preset--color--white)\" title=\"Plano de Saneamento B\u00e1sico\"><a class=\"link\" rel=\"noopener\" href=\"https:\/\/campogrande.nucleo.site\/semadur\/residuos-solidos\/plano-de-saneamento-basico\/\" target=\"_self\"><div class=\"icon\"><i class=\"nmi-default\">&#xF28BE;<\/i><\/div><span lang=\"de\" class=\"text\">Plano de Saneamento B\u00e1sico<\/span><\/a><\/div>\n\n\n\n<div class=\"item has-background wp-block-prefeitura-campogrande-quick-access-item\" style=\"--item-text-color:var(--wp--preset--color--white);--icon-color:var(--wp--preset--color--white);--icon-background:#204da5;--item-text-color-hover:var(--wp--preset--color--white);--icon-color-hover:#204da5;--icon-background-hover:var(--wp--preset--color--white)\" title=\"Res\u00edduos da Constru\u00e7\u00e3o Civil\"><a class=\"link\" rel=\"noopener\" href=\"https:\/\/campogrande.nucleo.site\/semadur\/residuos-solidos\/residuos-da-construcao-civil-rcc\/\" target=\"_self\"><div class=\"icon\"><i class=\"nmi-normal\">&#xF1B2D;<\/i><\/div><span lang=\"de\" class=\"text\">Res\u00edduos da Constru\u00e7\u00e3o Civil<\/span><\/a><\/div>\n\n\n\n<div class=\"item has-background wp-block-prefeitura-campogrande-quick-access-item\" style=\"--item-text-color:var(--wp--preset--color--white);--icon-color:var(--wp--preset--color--white);--icon-background:#204da5;--item-text-color-hover:var(--wp--preset--color--white);--icon-color-hover:#204da5;--icon-background-hover:var(--wp--preset--color--white)\" title=\"Res\u00edduos de Servi\u00e7os de Sa\u00fade\"><a class=\"link\" rel=\"noopener\" href=\"https:\/\/campogrande.nucleo.site\/semadur\/residuos-de-saude-rss\/\" target=\"_self\"><div class=\"icon\"><i class=\"nmi-normal\">&#xF1776;<\/i><\/div><span lang=\"de\" class=\"text\">Res\u00edduos de Servi\u00e7os de Sa\u00fade<\/span><\/a><\/div>\n\n\n\n<div class=\"item has-background wp-block-prefeitura-campogrande-quick-access-item\" style=\"--item-text-color:var(--wp--preset--color--white);--icon-color:var(--wp--preset--color--white);--icon-background:#204da5;--item-text-color-hover:var(--wp--preset--color--white);--icon-color-hover:#204da5;--icon-background-hover:var(--wp--preset--color--white)\" title=\"Locais de Entrega Volunt\u00e1ria\"><a class=\"link\" rel=\"noopener\" href=\"https:\/\/campogrande.nucleo.site\/semadur\/residuos-solidos\/locais-de-entrega-voluntaria-levs\/\" target=\"_self\"><div class=\"icon\"><i class=\"nmi-normal\">&#xF08C6;<\/i><\/div><span lang=\"de\" class=\"text\">Locais de Entrega Volunt\u00e1ria<\/span><\/a><\/div>\n\n\n\n<div class=\"item has-background wp-block-prefeitura-campogrande-quick-access-item\" style=\"--item-text-color:var(--wp--preset--color--white);--icon-color:var(--wp--preset--color--white);--icon-background:#204da5;--item-text-color-hover:var(--wp--preset--color--white);--icon-color-hover:#204da5;--icon-background-hover:var(--wp--preset--color--white)\" title=\"Ecopontos\"><a class=\"link\" rel=\"noopener\" href=\"https:\/\/campogrande.nucleo.site\/semadur\/residuos-solidos\/ecopontos\/\" target=\"_self\"><div class=\"icon\"><i class=\"nmi-normal\">&#xF21A3;<\/i><\/div><span lang=\"de\" class=\"text\">Ecopontos<\/span><\/a><\/div>\n\n\n\n<div class=\"item has-background wp-block-prefeitura-campogrande-quick-access-item\" style=\"--item-text-color:var(--wp--preset--color--white);--icon-color:var(--wp--preset--color--white);--icon-background:#204da5;--item-text-color-hover:var(--wp--preset--color--white);--icon-color-hover:#204da5;--icon-background-hover:var(--wp--preset--color--white)\" title=\"Reciclagem\"><a class=\"link\" rel=\"noopener\" href=\"https:\/\/campogrande.nucleo.site\/semadur\/residuos-solidos\/reciclaveis\/\" target=\"_self\"><div class=\"icon\"><i class=\"nmi-normal\">&#xF05ED;<\/i><\/div><span lang=\"de\" class=\"text\">Reciclagem<\/span><\/a><\/div>\n\n\n\n<div class=\"item has-background wp-block-prefeitura-campogrande-quick-access-item\" style=\"--item-text-color:var(--wp--preset--color--white);--icon-color:var(--wp--preset--color--white);--icon-background:#204da5;--item-text-color-hover:var(--wp--preset--color--white);--icon-color-hover:#204da5;--icon-background-hover:var(--wp--preset--color--white)\" title=\"A\u00e7\u00f5es Educativas para Gest\u00e3o de Res\u00edduos S\u00f3lidos\"><a class=\"link\" rel=\"noopener\" href=\"https:\/\/campogrande.nucleo.site\/semadur\/residuos-solidos\/acoes-educativas-para-gestao-dos-residuos-solidos-urbanos\/\" target=\"_self\"><div class=\"icon\"><i class=\"nmi-normal\">&#xF0D2C;<\/i><\/div><span lang=\"de\" class=\"text\">A\u00e7\u00f5es Educativas para Gest\u00e3o de Res\u00edduos S\u00f3lidos<\/span><\/a><\/div>\n\n<\/div>\n\t\t<\/div>\n\t\t<\/div>\n","protected":false},"excerpt":{"rendered":"<p>A preocupa\u00e7\u00e3o com os res\u00edduos vem sendo discutida h\u00e1 algumas d\u00e9cadas nas esferas nacional e internacional, devido \u00e0 expans\u00e3o da consci\u00eancia coletiva com rela\u00e7\u00e3o ao meio ambiente. Assim, a complexidade das atuais demandas ambientais, sociais e econ\u00f4micas induz a um novo posicionamento dos tr\u00eas n\u00edveis de governo, da sociedade civil e da iniciativa privada. A [&hellip;]<\/p>\n","protected":false},"author":1,"featured_media":0,"parent":0,"menu_order":9,"comment_status":"closed","ping_status":"closed","template":"","meta":{"_acf_changed":false,"custom_icon_class":"","footnotes":""},"class_list":["post-330","page","type-page","status-publish","hentry"],"acf":[],"_links":{"self":[{"href":"https:\/\/campogrande.nucleo.site\/semadur\/wp-json\/wp\/v2\/pages\/330","targetHints":{"allow":["GET"]}}],"collection":[{"href":"https:\/\/campogrande.nucleo.site\/semadur\/wp-json\/wp\/v2\/pages"}],"about":[{"href":"https:\/\/campogrande.nucleo.site\/semadur\/wp-json\/wp\/v2\/types\/page"}],"author":[{"embeddable":true,"href":"https:\/\/campogrande.nucleo.site\/semadur\/wp-json\/wp\/v2\/users\/1"}],"replies":[{"embeddable":true,"href":"https:\/\/campogrande.nucleo.site\/semadur\/wp-json\/wp\/v2\/comments?post=330"}],"version-history":[{"count":10,"href":"https:\/\/campogrande.nucleo.site\/semadur\/wp-json\/wp\/v2\/pages\/330\/revisions"}],"predecessor-version":[{"id":721,"href":"https:\/\/campogrande.nucleo.site\/semadur\/wp-json\/wp\/v2\/pages\/330\/revisions\/721"}],"wp:attachment":[{"href":"https:\/\/campogrande.nucleo.site\/semadur\/wp-json\/wp\/v2\/media?parent=330"}],"curies":[{"name":"wp","href":"https:\/\/api.w.org\/{rel}","templated":true}]}}