{"id":332,"date":"2023-11-20T08:36:04","date_gmt":"2023-11-20T11:36:04","guid":{"rendered":"https:\/\/campogrande.nucleo.site\/semadur\/?page_id=332"},"modified":"2023-11-20T09:23:22","modified_gmt":"2023-11-20T12:23:22","slug":"unidades-de-conservacao-areas-de-protecao-ambiental-apa","status":"publish","type":"page","link":"https:\/\/campogrande.nucleo.site\/semadur\/unidades-de-conservacao-areas-de-protecao-ambiental-apa\/","title":{"rendered":"Unidades de Conserva\u00e7\u00e3o &#8211; \u00c1reas de Prote\u00e7\u00e3o Ambiental (APA)"},"content":{"rendered":"\n<p>A <a href=\"http:\/\/www.planalto.gov.br\/ccivil_03\/leis\/l9985.htm\" target=\"_blank\" rel=\"noreferrer noopener\">Lei Federal N\u00b0. 9.985\/2000<\/a> institui o Sistema Nacional de Unidades de Conserva\u00e7\u00e3o da Natureza \u2013 SNUC, estabelece crit\u00e9rios e normas para a cria\u00e7\u00e3o, implanta\u00e7\u00e3o e gest\u00e3o das Unidades de Conserva\u00e7\u00e3o (UC\u2019s).<\/p>\n\n\n\n<p>As&nbsp;UC\u2019s integrantes do SNUC dividem-se em dois grupos, com caracter\u00edsticas espec\u00edficas:<\/p>\n\n\n\n<p>1) <strong>Unidades de Prote\u00e7\u00e3o Integral<\/strong>: com o objetivo de preservar a natureza, sendo admitido apenas o uso indireto dos seus recursos naturais, com exce\u00e7\u00e3o dos casos previstos em lei. O grupo das Unidades de Prote\u00e7\u00e3o Integral \u00e9 composto pelas seguintes categorias de UC:<\/p>\n\n\n\n<ul class=\"wp-block-list\">\n<li>Esta\u00e7\u00e3o Ecol\u00f3gica;<\/li>\n\n\n\n<li>Reserva Biol\u00f3gica;<\/li>\n\n\n\n<li>Parque Nacional;<\/li>\n\n\n\n<li>Monumento Natural; e<\/li>\n\n\n\n<li>Ref\u00fagio da Vida Silvestre.<\/li>\n<\/ul>\n\n\n\n<p>2) <strong>Unidades de Uso Sustent\u00e1vel<\/strong>: com o objetivo de compatibilizar a conserva\u00e7\u00e3o da natureza com o uso sustent\u00e1vel de parcela dos seus recursos naturais.&nbsp;O grupo das Unidades de Uso Sustent\u00e1vel \u00e9 composto pelas seguintes categorias de UC:<\/p>\n\n\n\n<ul class=\"wp-block-list\">\n<li><strong>\u00c1rea de Prote\u00e7\u00e3o Ambiental<\/strong>;<\/li>\n\n\n\n<li>\u00c1rea de Relevante Interesse Ecol\u00f3gico;<\/li>\n\n\n\n<li>Floresta Nacional;<\/li>\n\n\n\n<li>Reserva Extrativista;<\/li>\n\n\n\n<li>Reserva de Fauna;<\/li>\n\n\n\n<li>Reserva de Desenvolvimento Sustent\u00e1vel; e<\/li>\n\n\n\n<li>Reserva Particular do Patrim\u00f4nio Natural.<\/li>\n<\/ul>\n\n\n\n<p>Nosso munic\u00edpio possui 03 (tr\u00eas) \u00c1reas de Prote\u00e7\u00e3o Ambiental, s\u00e3o elas:<\/p>\n\n\n\n<ul class=\"wp-block-list\">\n<li>APA Ceroula;<\/li>\n\n\n\n<li>APA Guariroba; e<\/li>\n\n\n\n<li>APA Lajeado.<\/li>\n<\/ul>\n\n\n\n<p>A APA \u00e9 uma \u00e1rea em geral extensa, com um certo grau de ocupa\u00e7\u00e3o humana, dotada de atributos abi\u00f3ticos, bi\u00f3ticos, est\u00e9ticos ou culturais especialmente importantes para a qualidade de vida e o bem estar das popula\u00e7\u00f5es humanas, e tem como objetivos b\u00e1sicos proteger a diversidade biol\u00f3gica, disciplinar o processo de ocupa\u00e7\u00e3o e assegurar a sustentabilidade do uso dos recursos naturais.<\/p>\n\n\n\n<p>A&nbsp;APA dispor\u00e1 de um Conselho presidido pelo \u00f3rg\u00e3o respons\u00e1vel por sua administra\u00e7\u00e3o e constitu\u00eddo por representantes dos \u00f3rg\u00e3os p\u00fablicos, de organiza\u00e7\u00f5es da sociedade civil e da popula\u00e7\u00e3o residente, conforme se dispuser no regulamento da <a href=\"http:\/\/www.planalto.gov.br\/ccivil_03\/leis\/l9985.htm\" target=\"_blank\" rel=\"noreferrer noopener\">Lei Federal N\u00b0. 9.985\/2000<\/a>.<\/p>\n\n\n\n<p>A&nbsp;APA \u00e9 constitu\u00edda por terras p\u00fablicas ou privadas e, respeitados os limites constitucionais, podem ser estabelecidas normas e restri\u00e7\u00f5es para a utiliza\u00e7\u00e3o de uma propriedade privada localizada em uma APA. As condi\u00e7\u00f5es para a realiza\u00e7\u00e3o de pesquisa cient\u00edfica e visita\u00e7\u00e3o p\u00fablica nas \u00e1reas sob dom\u00ednio p\u00fablico ser\u00e3o estabelecidas pelo \u00f3rg\u00e3o gestor da unidade, no entanto, nas \u00e1reas sob propriedade privada, cabe ao propriet\u00e1rio estabelecer as condi\u00e7\u00f5es para pesquisa e visita\u00e7\u00e3o pelo p\u00fablico, observadas as exig\u00eancias e restri\u00e7\u00f5es legais.<\/p>\n","protected":false},"excerpt":{"rendered":"<p>A Lei Federal N\u00b0. 9.985\/2000 institui o Sistema Nacional de Unidades de Conserva\u00e7\u00e3o da Natureza \u2013 SNUC, estabelece crit\u00e9rios e normas para a cria\u00e7\u00e3o, implanta\u00e7\u00e3o e gest\u00e3o das Unidades de Conserva\u00e7\u00e3o (UC\u2019s). As&nbsp;UC\u2019s integrantes do SNUC dividem-se em dois grupos, com caracter\u00edsticas espec\u00edficas: 1) Unidades de Prote\u00e7\u00e3o Integral: com o objetivo de preservar a natureza, [&hellip;]<\/p>\n","protected":false},"author":1,"featured_media":0,"parent":0,"menu_order":10,"comment_status":"closed","ping_status":"closed","template":"wp-custom-template-pagina-com-menu","meta":{"_acf_changed":false,"custom_icon_class":"","footnotes":""},"class_list":["post-332","page","type-page","status-publish","hentry"],"acf":[],"_links":{"self":[{"href":"https:\/\/campogrande.nucleo.site\/semadur\/wp-json\/wp\/v2\/pages\/332","targetHints":{"allow":["GET"]}}],"collection":[{"href":"https:\/\/campogrande.nucleo.site\/semadur\/wp-json\/wp\/v2\/pages"}],"about":[{"href":"https:\/\/campogrande.nucleo.site\/semadur\/wp-json\/wp\/v2\/types\/page"}],"author":[{"embeddable":true,"href":"https:\/\/campogrande.nucleo.site\/semadur\/wp-json\/wp\/v2\/users\/1"}],"replies":[{"embeddable":true,"href":"https:\/\/campogrande.nucleo.site\/semadur\/wp-json\/wp\/v2\/comments?post=332"}],"version-history":[{"count":3,"href":"https:\/\/campogrande.nucleo.site\/semadur\/wp-json\/wp\/v2\/pages\/332\/revisions"}],"predecessor-version":[{"id":372,"href":"https:\/\/campogrande.nucleo.site\/semadur\/wp-json\/wp\/v2\/pages\/332\/revisions\/372"}],"wp:attachment":[{"href":"https:\/\/campogrande.nucleo.site\/semadur\/wp-json\/wp\/v2\/media?parent=332"}],"curies":[{"name":"wp","href":"https:\/\/api.w.org\/{rel}","templated":true}]}}