{"id":406,"date":"2023-11-20T09:56:37","date_gmt":"2023-11-20T12:56:37","guid":{"rendered":"https:\/\/campogrande.nucleo.site\/semadur\/?page_id=406"},"modified":"2023-11-20T11:17:37","modified_gmt":"2023-11-20T14:17:37","slug":"centros-de-educacao-ambiental","status":"publish","type":"page","link":"https:\/\/campogrande.nucleo.site\/semadur\/centros-de-educacao-ambiental\/","title":{"rendered":"Centros de Educa\u00e7\u00e3o Ambiental (CEA)"},"content":{"rendered":"\n<p>A Educa\u00e7\u00e3o Ambiental abrange os procedimentos nos quais tanto o indiv\u00edduo quanto a comunidade desenvolvem valores sociais, conhecimentos, habilidades, atitudes e compet\u00eancias direcionadas \u00e0 preserva\u00e7\u00e3o do meio ambiente. Este \u00e9 um bem de uso comum da popula\u00e7\u00e3o, crucial para a promo\u00e7\u00e3o de uma qualidade de vida saud\u00e1vel e sustent\u00e1vel.<\/p>\n\n\n\n<p>Em Campo Grande est\u00e3o em atividade quatro Centros de Educa\u00e7\u00e3o Ambiental (CEA\u2019s) em diferentes regi\u00f5es da cidade:<\/p>\n\n\n\n<ul class=\"wp-block-list\">\n<li>Centro de Educa\u00e7\u00e3o Ambiental Leonor Reginato Santino (CEA Polon\u00eas), na rua Corveta, n. 141, Carand\u00e1 Bosque;<\/li>\n\n\n\n<li>Centro de Educa\u00e7\u00e3o Ambiental Odilza Fernandes Bittar (CEA Imbirussu), na rua Amaro Castro Lima, n. 2200, Vila Popular;<\/li>\n\n\n\n<li>Centro de Educa\u00e7\u00e3o Ambiental C\u00f4nsul Assaf Trad (CEA Florestinha), na Avenida C\u00f4nsul Assaf Trad, s\/n, sa\u00edda para Cuiab\u00e1;<\/li>\n\n\n\n<li>Centro de Educa\u00e7\u00e3o Ambiental CEA Anhandui, na Avenida Ernesto Geisel.<\/li>\n<\/ul>\n\n\n\n<p>Ao clicar no menu acima, os cidad\u00e3os ter\u00e3o acesso a informa\u00e7\u00f5es detalhadas sobre os diversos centros de educa\u00e7\u00e3o ambiental dispon\u00edveis em Campo Grande.<\/p>\n","protected":false},"excerpt":{"rendered":"<p>A Educa\u00e7\u00e3o Ambiental abrange os procedimentos nos quais tanto o indiv\u00edduo quanto a comunidade desenvolvem valores sociais, conhecimentos, habilidades, atitudes e compet\u00eancias direcionadas \u00e0 preserva\u00e7\u00e3o do meio ambiente. Este \u00e9 um bem de uso comum da popula\u00e7\u00e3o, crucial para a promo\u00e7\u00e3o de uma qualidade de vida saud\u00e1vel e sustent\u00e1vel. Em Campo Grande est\u00e3o em atividade [&hellip;]<\/p>\n","protected":false},"author":1,"featured_media":0,"parent":0,"menu_order":4,"comment_status":"closed","ping_status":"closed","template":"wp-custom-template-pagina-cea","meta":{"_acf_changed":false,"custom_icon_class":"","footnotes":""},"class_list":["post-406","page","type-page","status-publish","hentry"],"acf":[],"_links":{"self":[{"href":"https:\/\/campogrande.nucleo.site\/semadur\/wp-json\/wp\/v2\/pages\/406","targetHints":{"allow":["GET"]}}],"collection":[{"href":"https:\/\/campogrande.nucleo.site\/semadur\/wp-json\/wp\/v2\/pages"}],"about":[{"href":"https:\/\/campogrande.nucleo.site\/semadur\/wp-json\/wp\/v2\/types\/page"}],"author":[{"embeddable":true,"href":"https:\/\/campogrande.nucleo.site\/semadur\/wp-json\/wp\/v2\/users\/1"}],"replies":[{"embeddable":true,"href":"https:\/\/campogrande.nucleo.site\/semadur\/wp-json\/wp\/v2\/comments?post=406"}],"version-history":[{"count":7,"href":"https:\/\/campogrande.nucleo.site\/semadur\/wp-json\/wp\/v2\/pages\/406\/revisions"}],"predecessor-version":[{"id":491,"href":"https:\/\/campogrande.nucleo.site\/semadur\/wp-json\/wp\/v2\/pages\/406\/revisions\/491"}],"wp:attachment":[{"href":"https:\/\/campogrande.nucleo.site\/semadur\/wp-json\/wp\/v2\/media?parent=406"}],"curies":[{"name":"wp","href":"https:\/\/api.w.org\/{rel}","templated":true}]}}