{"id":423,"date":"2023-11-20T10:49:05","date_gmt":"2023-11-20T13:49:05","guid":{"rendered":"https:\/\/campogrande.nucleo.site\/semadur\/?page_id=423"},"modified":"2023-11-20T10:49:26","modified_gmt":"2023-11-20T13:49:26","slug":"grandes-geradores-de-residuos-solidos","status":"publish","type":"page","link":"https:\/\/campogrande.nucleo.site\/semadur\/residuos-solidos\/grandes-geradores-de-residuos-solidos\/","title":{"rendered":"Grandes Geradores de Res\u00edduos S\u00f3lidos"},"content":{"rendered":"\n<h5 class=\"wp-block-heading\">Edital de Chamamento<\/h5>\n\n\n\n<p>O Munic\u00edpio de Campo Grande, atrav\u00e9s da SEMADUR, torna p\u00fablico que est\u00e1 cadastrando os estabelecimentos geradores de res\u00edduos s\u00f3lidos que geram VOLUME SUPERIOR A 200 (DUZENTOS) LITROS\/DIA OU 50 (CINQUENTA) QUILOGRAMAS, considerados como \u201cGRANDES GERADORES\u201d, e os \u201cPRESTADORES DE SERVI\u00c7O AOS GRANDES GERADORES\u201d, conforme previs\u00e3o do par\u00e1grafo 4\u00ba, do artigo 11, da Lei Complementar n. 209, de 27 de dezembro de 2012, bem como do artigo 2\u00ba do Decreto n. 13.653\/2018.<\/p>\n\n\n\n<p><a href=\"https:\/\/prefcg-repositorio.campogrande.ms.gov.br\/wp-cdn\/uploads\/sites\/24\/2018\/10\/EDITAL-CHAMAMENTO-DIOGRANDE-26-10-2018.pdf\" data-type=\"link\" data-id=\"https:\/\/prefcg-repositorio.campogrande.ms.gov.br\/wp-cdn\/uploads\/sites\/24\/2018\/10\/EDITAL-CHAMAMENTO-DIOGRANDE-26-10-2018.pdf\">Clique aqui para ter acesso ao Edital <\/a>ou confira no Diogrande n. 5.388, de 26\/10\/2018, p\u00e1gina 7.<\/p>\n\n\n\n<h5 class=\"wp-block-heading\">Quem s\u00e3o os Grandes Geradores de Res\u00edduos S\u00f3lidos?<\/h5>\n\n\n\n<p style=\"padding-left:20px\">S\u00e3o as pessoas f\u00edsicas ou jur\u00eddicas, os propriet\u00e1rios, possuidores ou titulares de estabelecimentos p\u00fablicos, institucionais, de presta\u00e7\u00e3o de servi\u00e7os, comerciais e industriais, terminais rodovi\u00e1rios e aeroportu\u00e1rios, entre outros, <strong>exceto residenciais<\/strong>, cujo <strong>volume de res\u00edduos s\u00f3lidos gerados seja superior a 200 (duzentos) litros\/dia ou 50 (cinquenta) quilogramas<\/strong>.<\/p>\n\n\n\n<h5 class=\"wp-block-heading\">Quem s\u00e3o os Prestadores de Servi\u00e7os aos Grandes Geradores?<\/h5>\n\n\n\n<p style=\"padding-left:20px\">S\u00e3o as empresas, contratadas pelo Grande Gerador, que ficam respons\u00e1veis pelos servi\u00e7os de coleta, de transporte e de disposi\u00e7\u00e3o final dos res\u00edduos gerados.<\/p>\n\n\n\n<p style=\"padding-left:20px\">Quando \u201cultrapassadas as quantidades m\u00e1ximas, limitada ao volume di\u00e1rio, por mun\u00edcipe, de 200 (duzentos) litros ou 50 (cinquenta) quilogramas, os res\u00edduos passam a ser considerados proveniente de GRANDES GERADORES e dever\u00e3o ser recolhidos por interm\u00e9dio da COLETA ESPECIAL\u201d (<a href=\"https:\/\/prefcg-repositorio.campogrande.ms.gov.br\/wp-cdn\/uploads\/sites\/24\/2018\/05\/LC-209-2012-C%C3%B3digo-Municipal-Res%C3%ADduos-S%C3%B3lidos.pdf\" data-type=\"link\" data-id=\"https:\/\/prefcg-repositorio.campogrande.ms.gov.br\/wp-cdn\/uploads\/sites\/24\/2018\/05\/LC-209-2012-C%C3%B3digo-Municipal-Res%C3%ADduos-S%C3%B3lidos.pdf\">Lei Complementar n. 209, de 27 de dezembro de 2012<\/a>).<\/p>\n\n\n\n<p style=\"padding-left:20px\"><a href=\"https:\/\/prefcg-repositorio.campogrande.ms.gov.br\/wp-cdn\/uploads\/sites\/24\/2019\/01\/DECRETO-n-13653-com-altera%C3%A7%C3%B5es.pdf\" data-type=\"link\" data-id=\"https:\/\/prefcg-repositorio.campogrande.ms.gov.br\/wp-cdn\/uploads\/sites\/24\/2019\/01\/DECRETO-n-13653-com-altera%C3%A7%C3%B5es.pdf\">Decreto Municipal n.\u00ba 13.653, de 26 de setembro de 2018<\/a> \u2013 Regulamenta o disposto no art. 8\u00b0, inciso II e artigos 12 e 13 da Lei Complementar n. 209, de 27 de dezembro de 2012, referente \u00e0 obrigatoriedade de coleta, transporte, tratamento e destina\u00e7\u00e3o dos res\u00edduos s\u00f3lidos e disposi\u00e7\u00e3o final dos rejeitos provenientes dos grandes geradores.<\/p>\n\n\n\n<h5 class=\"wp-block-heading\">Documentos Necess\u00e1rios para Requerer seu Cadastro:<\/h5>\n\n\n\n<p><strong>Etapas:<\/strong><\/p>\n\n\n\n<ol class=\"wp-block-list\">\n<li>Fa\u00e7a download dos arquivos abaixo, conforme sua categoria;<\/li>\n\n\n\n<li>Preencha todos os campos;<\/li>\n\n\n\n<li>Anexe toda a documenta\u00e7\u00e3o exigida;<\/li>\n\n\n\n<li>Protocole seu requerimento na Central de Atendimento ao Cidad\u00e3o (CAC), Rua Marechal Rondon, 2655, mesa K.<\/li>\n<\/ol>\n\n\n\n<p><strong>Grande Gerador:<\/strong><\/p>\n\n\n\n<ol class=\"wp-block-list\">\n<li>Requerimento Padr\u00e3o (<a href=\"https:\/\/prefcg-repositorio.campogrande.ms.gov.br\/wp-cdn\/uploads\/sites\/24\/2018\/10\/00.-Requerimento-Padr%C3%A3o-Grande-Gerador-FORMULARIO.docx\" data-type=\"link\" data-id=\"https:\/\/prefcg-repositorio.campogrande.ms.gov.br\/wp-cdn\/uploads\/sites\/24\/2018\/10\/00.-Requerimento-Padr%C3%A3o-Grande-Gerador-FORMULARIO.docx\"><mark style=\"background-color:rgba(0, 0, 0, 0)\" class=\"has-inline-color has-secondary-50-color\">Clique aqui<\/mark><\/a>)<\/li>\n\n\n\n<li>Documentos necess\u00e1rios (<a href=\"https:\/\/prefcg-repositorio.campogrande.ms.gov.br\/wp-cdn\/uploads\/sites\/24\/2018\/05\/01.-Cadastro-Grande-Gerador-Documentos-Necessarios.docx\" data-type=\"link\" data-id=\"https:\/\/prefcg-repositorio.campogrande.ms.gov.br\/wp-cdn\/uploads\/sites\/24\/2018\/05\/01.-Cadastro-Grande-Gerador-Documentos-Necessarios.docx\"><mark style=\"background-color:rgba(0, 0, 0, 0)\" class=\"has-inline-color has-secondary-50-color\">Clique aqui<\/mark><\/a>)<\/li>\n\n\n\n<li>Termo de refer\u00eancia para elabora\u00e7\u00e3o do Plano de Gerenciamento de Res\u00edduos S\u00f3lidos \u2013 PGRS (<a href=\"https:\/\/prefcg-repositorio.campogrande.ms.gov.br\/wp-cdn\/uploads\/sites\/24\/2021\/02\/c86ce9d4aa08cacfb1b39af182f199d0_2021-02-11-14-26-37.pdf\" data-type=\"link\" data-id=\"https:\/\/prefcg-repositorio.campogrande.ms.gov.br\/wp-cdn\/uploads\/sites\/24\/2021\/02\/c86ce9d4aa08cacfb1b39af182f199d0_2021-02-11-14-26-37.pdf\"><mark style=\"background-color:rgba(0, 0, 0, 0)\" class=\"has-inline-color has-secondary-50-color\">Clique aqui<\/mark><\/a>)<\/li>\n<\/ol>\n\n\n\n<p><strong>Prestador de Servi\u00e7o ao Grande Gerador:<\/strong><\/p>\n\n\n\n<ol class=\"wp-block-list\">\n<li>Requerimento Padr\u00e3o (<a href=\"https:\/\/www.campogrande.ms.gov.br\/semadur\/downloads\/requerimento-padrao-grande-gerador-e-prestador-de-servico-ao-grande-geradore\/\" data-type=\"link\" data-id=\"https:\/\/www.campogrande.ms.gov.br\/semadur\/downloads\/requerimento-padrao-grande-gerador-e-prestador-de-servico-ao-grande-geradore\/\"><mark style=\"background-color:rgba(0, 0, 0, 0)\" class=\"has-inline-color has-secondary-50-color\">Clique aqui<\/mark><\/a>)<\/li>\n\n\n\n<li>Documentos necess\u00e1rios (<a href=\"https:\/\/www.campogrande.ms.gov.br\/semadur\/downloads\/prestador-de-servicos-ao-grande-gerador-documentacao-necessaria\/\" data-type=\"link\" data-id=\"https:\/\/www.campogrande.ms.gov.br\/semadur\/downloads\/prestador-de-servicos-ao-grande-gerador-documentacao-necessaria\/\"><mark style=\"background-color:rgba(0, 0, 0, 0)\" class=\"has-inline-color has-secondary-50-color\">Clique aqui<\/mark><\/a>)<\/li>\n<\/ol>\n\n\n\n<p class=\"has-text-align-left\"><a href=\"https:\/\/prefcg-repositorio.campogrande.ms.gov.br\/wp-cdn\/uploads\/sites\/24\/2019\/02\/Prestadores-de-Servico-site-25-10-2023.pdf\" data-type=\"link\" data-id=\"https:\/\/prefcg-repositorio.campogrande.ms.gov.br\/wp-cdn\/uploads\/sites\/24\/2019\/02\/Prestadores-de-Servico-site-25-10-2023.pdf\"><strong>Visualizar Prestadores Cadastrados<\/strong><\/a><\/p>\n\n\n\n<h5 class=\"wp-block-heading\">D\u00favidas:<\/h5>\n\n\n\n<p>As d\u00favidas podem ser enviadas pelo e-mail residuos.semadur@gmail.com, pelo telefone 4042-1323 ou presencialmente na sede da SEMADUR.<\/p>\n","protected":false},"excerpt":{"rendered":"<p>Edital de Chamamento O Munic\u00edpio de Campo Grande, atrav\u00e9s da SEMADUR, torna p\u00fablico que est\u00e1 cadastrando os estabelecimentos geradores de res\u00edduos s\u00f3lidos que geram VOLUME SUPERIOR A 200 (DUZENTOS) LITROS\/DIA OU 50 (CINQUENTA) QUILOGRAMAS, considerados como \u201cGRANDES GERADORES\u201d, e os \u201cPRESTADORES DE SERVI\u00c7O AOS GRANDES GERADORES\u201d, conforme previs\u00e3o do par\u00e1grafo 4\u00ba, do artigo 11, da [&hellip;]<\/p>\n","protected":false},"author":1,"featured_media":0,"parent":330,"menu_order":8,"comment_status":"closed","ping_status":"closed","template":"","meta":{"_acf_changed":false,"custom_icon_class":"","footnotes":""},"class_list":["post-423","page","type-page","status-publish","hentry"],"acf":[],"_links":{"self":[{"href":"https:\/\/campogrande.nucleo.site\/semadur\/wp-json\/wp\/v2\/pages\/423","targetHints":{"allow":["GET"]}}],"collection":[{"href":"https:\/\/campogrande.nucleo.site\/semadur\/wp-json\/wp\/v2\/pages"}],"about":[{"href":"https:\/\/campogrande.nucleo.site\/semadur\/wp-json\/wp\/v2\/types\/page"}],"author":[{"embeddable":true,"href":"https:\/\/campogrande.nucleo.site\/semadur\/wp-json\/wp\/v2\/users\/1"}],"replies":[{"embeddable":true,"href":"https:\/\/campogrande.nucleo.site\/semadur\/wp-json\/wp\/v2\/comments?post=423"}],"version-history":[{"count":5,"href":"https:\/\/campogrande.nucleo.site\/semadur\/wp-json\/wp\/v2\/pages\/423\/revisions"}],"predecessor-version":[{"id":447,"href":"https:\/\/campogrande.nucleo.site\/semadur\/wp-json\/wp\/v2\/pages\/423\/revisions\/447"}],"up":[{"embeddable":true,"href":"https:\/\/campogrande.nucleo.site\/semadur\/wp-json\/wp\/v2\/pages\/330"}],"wp:attachment":[{"href":"https:\/\/campogrande.nucleo.site\/semadur\/wp-json\/wp\/v2\/media?parent=423"}],"curies":[{"name":"wp","href":"https:\/\/api.w.org\/{rel}","templated":true}]}}