{"id":438,"date":"2023-11-20T10:42:32","date_gmt":"2023-11-20T13:42:32","guid":{"rendered":"https:\/\/campogrande.nucleo.site\/semadur\/?page_id=438"},"modified":"2023-11-20T10:52:03","modified_gmt":"2023-11-20T13:52:03","slug":"cea-imbirussu","status":"publish","type":"page","link":"https:\/\/campogrande.nucleo.site\/semadur\/centros-de-educacao-ambiental\/cea-imbirussu\/","title":{"rendered":"CEA Imbirussu"},"content":{"rendered":"\n<div class=\"wp-block-media-text is-stacked-on-mobile\" style=\"grid-template-columns:39% auto\"><figure class=\"wp-block-media-text__media\"><img loading=\"lazy\" decoding=\"async\" width=\"1024\" height=\"768\" src=\"https:\/\/campogrande.nucleo.site\/semadur\/wp-content\/uploads\/sites\/12\/2023\/11\/cea-imbirussu-idosos-1024x768.jpg\" alt=\"\" class=\"wp-image-449 size-full\" srcset=\"https:\/\/campogrande.nucleo.site\/semadur\/wp-content\/uploads\/sites\/12\/2023\/11\/cea-imbirussu-idosos-1024x768.jpg 1024w, https:\/\/campogrande.nucleo.site\/semadur\/wp-content\/uploads\/sites\/12\/2023\/11\/cea-imbirussu-idosos-300x225.jpg 300w, https:\/\/campogrande.nucleo.site\/semadur\/wp-content\/uploads\/sites\/12\/2023\/11\/cea-imbirussu-idosos-768x576.jpg 768w, https:\/\/campogrande.nucleo.site\/semadur\/wp-content\/uploads\/sites\/12\/2023\/11\/cea-imbirussu-idosos-1536x1152.jpg 1536w, https:\/\/campogrande.nucleo.site\/semadur\/wp-content\/uploads\/sites\/12\/2023\/11\/cea-imbirussu-idosos.jpg 1600w\" sizes=\"auto, (max-width: 1024px) 100vw, 1024px\" \/><\/figure><div class=\"wp-block-media-text__content\">\n<p>O Centro de Educa\u00e7\u00e3o Ambiental Odilza Fernandes Bittar \u2013 CEA Imbirussu, foi criado a partir da revitaliza\u00e7\u00e3o e adapta\u00e7\u00e3o do pr\u00e9dio onde funcionou a &nbsp;Escola Municipal Carlos Cristaldo, adjacente \u00e0 \u00e1rea do Horto Florestal. A \u00e1rea rica em vegeta\u00e7\u00e3o, que abriga tamb\u00e9m um dos viveiros de produ\u00e7\u00e3o de &nbsp;mudas para a arboriza\u00e7\u00e3o urbana de Campo Grande, tem como objetivo contribuir para a promo\u00e7\u00e3o e apoio ao processo de educa\u00e7\u00e3o ambiental em &nbsp;Campo Grande.<\/p>\n\n\n\n<p>\u00c0s margens do C\u00f3rrego Imbirussu, o CEA conta com uma estrutura f\u00edsica dotada de audit\u00f3rio, espa\u00e7os multiuso, Horto Florestal, trilha ecol\u00f3gica, laborat\u00f3rio de ci\u00eancias, observat\u00f3rio, biblioteca (sala verde), telecentro (inclus\u00e3o digital), sala de arte (dan\u00e7a e pr\u00e1ticas esportivas) e espa\u00e7os de conviv\u00eancia. O local \u00e9 um convite perfeito \u00e0 reflex\u00e3o e a viv\u00eancia de pr\u00e1ticas sustent\u00e1veis.<\/p>\n\n\n\n<p>O p\u00fablico a que se destina o CEA s\u00e3o:<\/p>\n\n\n\n<ul class=\"wp-block-list\">\n<li>Alunos do Ensino Fundamental e M\u00e9dio das Escolas P\u00fablicas, Privadas e Universidades;<\/li>\n\n\n\n<li>Comunidade do entorno do Centro e popula\u00e7\u00e3o em geral;<\/li>\n\n\n\n<li>Participantes de projetos realizados pela Prefeitura e por parceiros desta.<\/li>\n<\/ul>\n<\/div><\/div>\n\n\n\n<div style=\"height:20px\" aria-hidden=\"true\" class=\"wp-block-spacer\"><\/div>\n\n\n\n<p>Portanto, o CEA tem agenda permanente de visitas escolares, al\u00e9m de promover, realizar ou somente sediar atividades e eventos ligados \u00e0 quest\u00e3o ambiental.<\/p>\n\n\n\n<p>ACESSE O BLOG: <a href=\"http:\/\/www.ceaimbirussu.blogspot.com\/\" target=\"_blank\" rel=\"noreferrer noopener\">www.ceaimbirussu.blogspot.com<\/a><\/p>\n\n\n\n<h5 class=\"wp-block-heading\">Funcionamento:<\/h5>\n\n\n\n<p>De segunda a sexta-feira, das 8h \u00e0s 11h e das 13h30 \u00e0s 17h.<\/p>\n\n\n\n<h5 class=\"wp-block-heading\">Contato:<\/h5>\n\n\n\n<p>Telefone: (67) 4041-1323 ramal 2771<\/p>\n\n\n\n<p>E-mail: <a href=\"mailto:ceaimbirussu@gmail.com\" target=\"_blank\" rel=\"noreferrer noopener\">ceaimbirussu@gmail.com<\/a><\/p>\n\n\n\n<h5 class=\"wp-block-heading\">Endere\u00e7o:<\/h5>\n\n\n\n<p>Av. Amaro Castro Lima, 2200, Bairro Popular<\/p>\n\n\n\n<p>79106-361, Campo Grande \u2013 MS<\/p>\n","protected":false},"excerpt":{"rendered":"<p>Portanto, o CEA tem agenda permanente de visitas escolares, al\u00e9m de promover, realizar ou somente sediar atividades e eventos ligados \u00e0 quest\u00e3o ambiental. ACESSE O BLOG: www.ceaimbirussu.blogspot.com Funcionamento: De segunda a sexta-feira, das 8h \u00e0s 11h e das 13h30 \u00e0s 17h. Contato: Telefone: (67) 4041-1323 ramal 2771 E-mail: ceaimbirussu@gmail.com Endere\u00e7o: Av. Amaro Castro Lima, 2200, [&hellip;]<\/p>\n","protected":false},"author":1,"featured_media":0,"parent":406,"menu_order":1,"comment_status":"closed","ping_status":"closed","template":"wp-custom-template-pagina-cea","meta":{"_acf_changed":false,"custom_icon_class":"","footnotes":""},"class_list":["post-438","page","type-page","status-publish","hentry"],"acf":[],"_links":{"self":[{"href":"https:\/\/campogrande.nucleo.site\/semadur\/wp-json\/wp\/v2\/pages\/438","targetHints":{"allow":["GET"]}}],"collection":[{"href":"https:\/\/campogrande.nucleo.site\/semadur\/wp-json\/wp\/v2\/pages"}],"about":[{"href":"https:\/\/campogrande.nucleo.site\/semadur\/wp-json\/wp\/v2\/types\/page"}],"author":[{"embeddable":true,"href":"https:\/\/campogrande.nucleo.site\/semadur\/wp-json\/wp\/v2\/users\/1"}],"replies":[{"embeddable":true,"href":"https:\/\/campogrande.nucleo.site\/semadur\/wp-json\/wp\/v2\/comments?post=438"}],"version-history":[{"count":6,"href":"https:\/\/campogrande.nucleo.site\/semadur\/wp-json\/wp\/v2\/pages\/438\/revisions"}],"predecessor-version":[{"id":455,"href":"https:\/\/campogrande.nucleo.site\/semadur\/wp-json\/wp\/v2\/pages\/438\/revisions\/455"}],"up":[{"embeddable":true,"href":"https:\/\/campogrande.nucleo.site\/semadur\/wp-json\/wp\/v2\/pages\/406"}],"wp:attachment":[{"href":"https:\/\/campogrande.nucleo.site\/semadur\/wp-json\/wp\/v2\/media?parent=438"}],"curies":[{"name":"wp","href":"https:\/\/api.w.org\/{rel}","templated":true}]}}