{"id":440,"date":"2023-11-20T10:43:45","date_gmt":"2023-11-20T13:43:45","guid":{"rendered":"https:\/\/campogrande.nucleo.site\/semadur\/?page_id=440"},"modified":"2023-11-20T10:57:22","modified_gmt":"2023-11-20T13:57:22","slug":"cea-florestinha","status":"publish","type":"page","link":"https:\/\/campogrande.nucleo.site\/semadur\/centros-de-educacao-ambiental\/cea-florestinha\/","title":{"rendered":"CEA Florestinha"},"content":{"rendered":"\n<div class=\"wp-block-media-text is-stacked-on-mobile\" style=\"grid-template-columns:44% auto\"><figure class=\"wp-block-media-text__media\"><img loading=\"lazy\" decoding=\"async\" width=\"400\" height=\"225\" src=\"https:\/\/campogrande.nucleo.site\/semadur\/wp-content\/uploads\/sites\/12\/2023\/11\/Foto-CEA-Florestinha.jpg\" alt=\"\" class=\"wp-image-456 size-full\" srcset=\"https:\/\/campogrande.nucleo.site\/semadur\/wp-content\/uploads\/sites\/12\/2023\/11\/Foto-CEA-Florestinha.jpg 400w, https:\/\/campogrande.nucleo.site\/semadur\/wp-content\/uploads\/sites\/12\/2023\/11\/Foto-CEA-Florestinha-300x169.jpg 300w, https:\/\/campogrande.nucleo.site\/semadur\/wp-content\/uploads\/sites\/12\/2023\/11\/Foto-CEA-Florestinha-356x200.jpg 356w\" sizes=\"auto, (max-width: 400px) 100vw, 400px\" \/><\/figure><div class=\"wp-block-media-text__content\">\n<p>Inaugurado em 23 de novembro de 2012, o <strong>Centro de Educa\u00e7\u00e3o Ambiental C\u00f4nsul Assaf Trad \u2013 CEA Florestinha<\/strong>, est\u00e1 localizado no Parque Municipal C\u00f4nsul Assaf Trad, uma \u00e1rea verde de 25 hectares, pr\u00f3xima ao empreendimento Alphaville.<\/p>\n\n\n\n<p>Antes de sua revitaliza\u00e7\u00e3o, o local passava por um processo erosivo e hoje, conta com uma estrutura com salas, anfiteatro, lagos e trilhas. Recentemente, a \u00e1rea do parque recebeu o plantio de 20 mil mudas de \u00e1rvores, uma a\u00e7\u00e3o da SEMADUR em parceria com a popula\u00e7\u00e3o.<\/p>\n\n\n\n<p>As atividades do CEA Florestinha s\u00e3o compostas por palestras, teatro de fantoches, exposi\u00e7\u00e3o de animais empalhados, plantio de mudas nativas e debates sobre a fauna e flora, abrangendo o tema eros\u00e3o.<\/p>\n\n\n\n<p>O coordenador do projeto \u00e9 o Major Ednilson Queiroz.<\/p>\n<\/div><\/div>\n\n\n\n<div style=\"height:20px\" aria-hidden=\"true\" class=\"wp-block-spacer\"><\/div>\n\n\n\n<p>Todas as atividades s\u00e3o orientadas pelo Sgt Gl\u00e1ucio \u2013 bi\u00f3logo e p\u00f3s-graduando em Gest\u00e3o e Educa\u00e7\u00e3o Ambiental, pelas crian\u00e7as e adolescentes do Projeto Florestinha, especialmente treinadas e supervisionadas pelos policiais da Pol\u00edcia Militar Ambiental. Trata-se de jovens tratando de temas ambientais com seus iguais (os alunos visitantes).<\/p>\n\n\n\n<p>O p\u00fablico a que se destina o CEA s\u00e3o:<\/p>\n\n\n\n<ul class=\"wp-block-list\">\n<li>Alunos de escolas p\u00fablicas e privadas, da Educa\u00e7\u00e3o Infantil ao Ensino M\u00e9dio, preferencialmente at\u00e9 o 9\u00ba ano.<\/li>\n<\/ul>\n\n\n\n<p>ACESSE O BLOG: <a href=\"http:\/\/ceaflorestinha.blogspot.com.br\/\" target=\"_blank\" rel=\"noreferrer noopener\">www.ceaflorestinha.blogspot.com<\/a><\/p>\n\n\n\n<h5 class=\"wp-block-heading\">Funcionamento:<\/h5>\n\n\n\n<p>Segunda \u00e0 sexta-feira, 13h \u00e0s 17h.<\/p>\n\n\n\n<h5 class=\"wp-block-heading\">Contato:<\/h5>\n\n\n\n<p>Telefone:<\/p>\n\n\n\n<h5 class=\"wp-block-heading\">Endere\u00e7o:<\/h5>\n\n\n\n<p>Avenida Assaf Trad, s\/n\u00ba, ao lado do Alphaville.<\/p>\n","protected":false},"excerpt":{"rendered":"<p>Inaugurado em 23 de novembro de 2012, o Centro de Educa\u00e7\u00e3o Ambiental C\u00f4nsul Assaf Trad \u2013 CEA Florestinha, est\u00e1 localizado no Parque Municipal C\u00f4nsul Assaf Trad, uma \u00e1rea verde de 25 hectares, pr\u00f3xima ao empreendimento Alphaville. Antes de sua revitaliza\u00e7\u00e3o, o local passava por um processo erosivo e hoje, conta com uma estrutura com salas, [&hellip;]<\/p>\n","protected":false},"author":1,"featured_media":0,"parent":406,"menu_order":2,"comment_status":"closed","ping_status":"closed","template":"wp-custom-template-pagina-cea","meta":{"_acf_changed":false,"custom_icon_class":"","footnotes":""},"class_list":["post-440","page","type-page","status-publish","hentry"],"acf":[],"_links":{"self":[{"href":"https:\/\/campogrande.nucleo.site\/semadur\/wp-json\/wp\/v2\/pages\/440","targetHints":{"allow":["GET"]}}],"collection":[{"href":"https:\/\/campogrande.nucleo.site\/semadur\/wp-json\/wp\/v2\/pages"}],"about":[{"href":"https:\/\/campogrande.nucleo.site\/semadur\/wp-json\/wp\/v2\/types\/page"}],"author":[{"embeddable":true,"href":"https:\/\/campogrande.nucleo.site\/semadur\/wp-json\/wp\/v2\/users\/1"}],"replies":[{"embeddable":true,"href":"https:\/\/campogrande.nucleo.site\/semadur\/wp-json\/wp\/v2\/comments?post=440"}],"version-history":[{"count":8,"href":"https:\/\/campogrande.nucleo.site\/semadur\/wp-json\/wp\/v2\/pages\/440\/revisions"}],"predecessor-version":[{"id":464,"href":"https:\/\/campogrande.nucleo.site\/semadur\/wp-json\/wp\/v2\/pages\/440\/revisions\/464"}],"up":[{"embeddable":true,"href":"https:\/\/campogrande.nucleo.site\/semadur\/wp-json\/wp\/v2\/pages\/406"}],"wp:attachment":[{"href":"https:\/\/campogrande.nucleo.site\/semadur\/wp-json\/wp\/v2\/media?parent=440"}],"curies":[{"name":"wp","href":"https:\/\/api.w.org\/{rel}","templated":true}]}}