{"id":471,"date":"2023-11-20T11:04:36","date_gmt":"2023-11-20T14:04:36","guid":{"rendered":"https:\/\/campogrande.nucleo.site\/semadur\/?page_id=471"},"modified":"2023-11-20T11:05:07","modified_gmt":"2023-11-20T14:05:07","slug":"coleta-seletiva","status":"publish","type":"page","link":"https:\/\/campogrande.nucleo.site\/semadur\/residuos-solidos\/coleta-seletiva\/","title":{"rendered":"Coleta Seletiva"},"content":{"rendered":"\n<p>O Programa Coleta Seletiva tem o objetivo de reduzir o impacto ambiental gerado pela produ\u00e7\u00e3o de res\u00edduos da nossa cidade, destinando corretamente os materiais para reciclagem, reaproveitamento ou descarte.<\/p>\n\n\n\n<p>O programa consiste na coleta porta-a-porta e no sistema de entrega volunt\u00e1ria dos materiais recicl\u00e1veis nos chamados LEV\u2019s (Locais de Entrega Volunt\u00e1ria) e Ecopontos.<\/p>\n\n\n\n<p>Cada dia da semana, um bairro participante da coleta, recebe um caminh\u00e3o especial que leva os res\u00edduos secos. Os materiais coletados s\u00e3o encaminhados para a reciclagem e reaproveitamento. Outro caminh\u00e3o \u2013 que habitualmente j\u00e1 recolhia o lixo comum \u2013 continua passando nos bairros, recolhendo desta vez apenas os res\u00edduos \u00famidos. O lixo \u00famido continuar\u00e1 sendo recolhido pelo caminh\u00e3o de coleta como habitualmente.<\/p>\n\n\n\n<p>Desta forma, cada bairro participante do programa recebe dois caminh\u00f5es coletores, um para os res\u00edduos secos e outro para os \u00famidos. O de res\u00edduos secos avisa quando est\u00e1 pr\u00f3ximo com um efeito sonoro.<\/p>\n\n\n\n<p>A Usina de Triagem de Res\u00edduos (UTR) da cidade est\u00e1 em fase final de constru\u00e7\u00e3o, e quando finalizada realizar\u00e1 a separa\u00e7\u00e3o dos materiais recicl\u00e1veis em parceria e sob responsabilidade dos catadores de materiais recicl\u00e1veis organizados em cooperativas.<\/p>\n\n\n\n<p>Voc\u00ea \u00e9 quem ganha Ao realizar a coleta seletiva, nossa cidade cria condi\u00e7\u00f5es de preserva\u00e7\u00e3o ambiental e reduz os problemas urbanos gerados pelo gerenciamento incorreto do lixo. Observe alguns dos benef\u00edcios do programa:<\/p>\n\n\n\n<ul class=\"wp-block-list\">\n<li>Reduz a extra\u00e7\u00e3o dos recursos naturais;<\/li>\n\n\n\n<li>Diminui a polui\u00e7\u00e3o do solo, da \u00e1gua e do ar;<\/li>\n\n\n\n<li>Economiza energia e \u00e1gua;<\/li>\n\n\n\n<li>Possibilita a reciclagem de materiais que iriam para o lixo;<\/li>\n\n\n\n<li>Diminui os custos da produ\u00e7\u00e3o, com o aproveitamento de recicl\u00e1veis pelas ind\u00fastrias;<\/li>\n\n\n\n<li>Diminui o desperd\u00edcio;<\/li>\n\n\n\n<li>Melhora a limpeza e higiene da cidade;<\/li>\n\n\n\n<li>Previne enchentes;<\/li>\n\n\n\n<li>Diminui os gastos com a limpeza urbana;<\/li>\n\n\n\n<li>Cria oportunidade de fortalecer cooperativas;<\/li>\n\n\n\n<li>Gera emprego e renda pela comercializa\u00e7\u00e3o dos recicl\u00e1veis.<\/li>\n<\/ul>\n\n\n\n<p>Vamos fazer a nossa parte, e tornar a nossa cidade cada vez mais sustent\u00e1vel!<\/p>\n\n\n\n<p class=\"has-text-align-center\"><a href=\"http:\/\/pcscgdmtr.wixsite.com\/coletaseletiva\" data-type=\"link\" data-id=\"http:\/\/pcscgdmtr.wixsite.com\/coletaseletiva\"><strong>Plano de Coleta Seletiva de Campo Grande &#8211; MS.<\/strong><\/a><\/p>\n\n\n\n<h5 class=\"wp-block-heading\">Dias e Per\u00edodos da Coleta Seletiva<\/h5>\n\n\n\n<p>Coleta porta a porta na sua casa!<\/p>\n\n\n\n<p>Voc\u00ea separa o lixo org\u00e2nico do seco: este \u00e9 o primeiro passo do trabalho coletivo que permitir\u00e1 o reaproveitamento e a reciclagem de materiais.<\/p>\n\n\n\n<p>Se no seu bairro ainda n\u00e3o passa o caminh\u00e3o, ent\u00e3o voc\u00ea deve entregar o lixo seco no Local de Entrega Volunt\u00e1ria (LEV) mais perto da sua casa, nos Ecopontos ou nas Cooperativas de Catadores.<\/p>\n\n\n\n<p>Cada dia da semana, um bairro participante da coleta, recebe um caminh\u00e3o especial que leva os res\u00edduos secos. Os materiais coletados s\u00e3o encaminhados para a reciclagem e reaproveitamento. Outro caminh\u00e3o \u2013 que habitualmente j\u00e1 recolhia o lixo comum \u2013 continua passando nos bairros, recolhendo desta vez apenas os res\u00edduos \u00famidos. O lixo \u00famido continuar\u00e1 sendo recolhido pelo caminh\u00e3o de coleta como habitualmente.<\/p>\n\n\n\n<p>Desta forma, cada bairro participante do programa recebe dois caminh\u00f5es coletores, um para os res\u00edduos secos e outro para os \u00famidos. O de res\u00edduos secos avisa quando est\u00e1 pr\u00f3ximo com um efeito sonoro.<\/p>\n\n\n\n<p>A concession\u00e1ria respons\u00e1vel pela Gest\u00e3o da Limpeza Urbana e o Manejo de Res\u00edduos S\u00f3lidos do munic\u00edpio \u00e9 a <a href=\"http:\/\/www.solurb.eco.br\/home\/\" data-type=\"link\" data-id=\"http:\/\/www.solurb.eco.br\/home\/\">SOLURB<\/a> Solu\u00e7\u00f5es Ambientais.<\/p>\n\n\n\n<p>Verifique o dia e o per\u00edodo que ocorre a Coleta Seletiva na sua regi\u00e3o: <a href=\"http:\/\/www.solurb.eco.br\/servicos\/coleta-seletiva\/2\/\" data-type=\"link\" data-id=\"http:\/\/www.solurb.eco.br\/servicos\/coleta-seletiva\/2\/\">Coleta Seletiva<\/a><\/p>\n","protected":false},"excerpt":{"rendered":"<p>O Programa Coleta Seletiva tem o objetivo de reduzir o impacto ambiental gerado pela produ\u00e7\u00e3o de res\u00edduos da nossa cidade, destinando corretamente os materiais para reciclagem, reaproveitamento ou descarte. O programa consiste na coleta porta-a-porta e no sistema de entrega volunt\u00e1ria dos materiais recicl\u00e1veis nos chamados LEV\u2019s (Locais de Entrega Volunt\u00e1ria) e Ecopontos. Cada dia [&hellip;]<\/p>\n","protected":false},"author":1,"featured_media":0,"parent":330,"menu_order":2,"comment_status":"closed","ping_status":"closed","template":"","meta":{"_acf_changed":false,"custom_icon_class":"","footnotes":""},"class_list":["post-471","page","type-page","status-publish","hentry"],"acf":[],"_links":{"self":[{"href":"https:\/\/campogrande.nucleo.site\/semadur\/wp-json\/wp\/v2\/pages\/471","targetHints":{"allow":["GET"]}}],"collection":[{"href":"https:\/\/campogrande.nucleo.site\/semadur\/wp-json\/wp\/v2\/pages"}],"about":[{"href":"https:\/\/campogrande.nucleo.site\/semadur\/wp-json\/wp\/v2\/types\/page"}],"author":[{"embeddable":true,"href":"https:\/\/campogrande.nucleo.site\/semadur\/wp-json\/wp\/v2\/users\/1"}],"replies":[{"embeddable":true,"href":"https:\/\/campogrande.nucleo.site\/semadur\/wp-json\/wp\/v2\/comments?post=471"}],"version-history":[{"count":2,"href":"https:\/\/campogrande.nucleo.site\/semadur\/wp-json\/wp\/v2\/pages\/471\/revisions"}],"predecessor-version":[{"id":477,"href":"https:\/\/campogrande.nucleo.site\/semadur\/wp-json\/wp\/v2\/pages\/471\/revisions\/477"}],"up":[{"embeddable":true,"href":"https:\/\/campogrande.nucleo.site\/semadur\/wp-json\/wp\/v2\/pages\/330"}],"wp:attachment":[{"href":"https:\/\/campogrande.nucleo.site\/semadur\/wp-json\/wp\/v2\/media?parent=471"}],"curies":[{"name":"wp","href":"https:\/\/api.w.org\/{rel}","templated":true}]}}