{"id":480,"date":"2023-11-20T11:10:12","date_gmt":"2023-11-20T14:10:12","guid":{"rendered":"https:\/\/campogrande.nucleo.site\/semadur\/?page_id=480"},"modified":"2023-11-20T11:10:42","modified_gmt":"2023-11-20T14:10:42","slug":"plano-de-saneamento-basico","status":"publish","type":"page","link":"https:\/\/campogrande.nucleo.site\/semadur\/residuos-solidos\/plano-de-saneamento-basico\/","title":{"rendered":"Plano de Saneamento B\u00e1sico"},"content":{"rendered":"\n<p>ara orientar a correta destina\u00e7\u00e3o dos diversos res\u00edduos gerados no munic\u00edpio de Campo Grande foi aprovado o <a href=\"https:\/\/prefcg-repositorio.campogrande.ms.gov.br\/wp-cdn\/uploads\/sites\/24\/2018\/05\/Decreto-Municipal-11797-2012-Aprova-Plano-Municipal-de-Saneamento-Basico-Gestao-Integrada-Residuos-Solidos-CG-MS.pdf\" data-type=\"link\" data-id=\"https:\/\/prefcg-repositorio.campogrande.ms.gov.br\/wp-cdn\/uploads\/sites\/24\/2018\/05\/Decreto-Municipal-11797-2012-Aprova-Plano-Municipal-de-Saneamento-Basico-Gestao-Integrada-Residuos-Solidos-CG-MS.pdf\">Decreto n.\u00b0 11.797\/2012<\/a>, que institui o Plano Municipal de Saneamento B\u00e1sico \u2013 Gest\u00e3o Integrada de Res\u00edduos S\u00f3lidos do munic\u00edpio de Campo Grande. A partir do diagn\u00f3stico da atual situa\u00e7\u00e3o dos servi\u00e7os p\u00fablicos de Limpeza P\u00fablica e Manejo de Res\u00edduos S\u00f3lidos Urbanos, foram estabelecidas as diretrizes, os objetivos, as metas e as a\u00e7\u00f5es a serem adotadas pelo Munic\u00edpio para a melhoria da efici\u00eancia na presta\u00e7\u00e3o dos servi\u00e7os e para a sua universaliza\u00e7\u00e3o.<\/p>\n\n\n\n<p>Desenvolvido pela Secretaria Municipal do Meio Ambiente e Desenvolvimento Urbano (Semadur), o Plano Municipal de Saneamento B\u00e1sico \u2013 Gest\u00e3o Integrada de Res\u00edduos S\u00f3lidos de Campo Grande (PM-GIRS) visa estabelecer um planejamento das a\u00e7\u00f5es de saneamento no munic\u00edpio, atendendo aos princ\u00edpios da Pol\u00edtica Nacional de Saneamento B\u00e1sico (<a href=\"http:\/\/www.planalto.gov.br\/ccivil_03\/_ato2007-2010\/2007\/lei\/l11445.htm\" data-type=\"link\" data-id=\"http:\/\/www.planalto.gov.br\/ccivil_03\/_ato2007-2010\/2007\/lei\/l11445.htm\">Lei Federal n.\u00b0 11.445\/2007<\/a>), como tamb\u00e9m da Pol\u00edtica Nacional de Res\u00edduos S\u00f3lidos (<a href=\"http:\/\/www.planalto.gov.br\/ccivil_03\/_ato2007-2010\/2010\/lei\/l12305.htm\" data-type=\"link\" data-id=\"http:\/\/www.planalto.gov.br\/ccivil_03\/_ato2007-2010\/2010\/lei\/l12305.htm\">Lei Federal n.\u00ba 12.305\/2010<\/a>) com vistas \u00e0 melhoria da salubridade ambiental, \u00e0 prote\u00e7\u00e3o dos recursos h\u00eddricos e \u00e0 promo\u00e7\u00e3o da sa\u00fade p\u00fablica.<\/p>\n\n\n\n<p>O Plano aprecia o conjunto de servi\u00e7os, infraestruturas e instala\u00e7\u00f5es dos setores de saneamento b\u00e1sico, que, por defini\u00e7\u00e3o, engloba abastecimento de \u00e1gua, esgotamento sanit\u00e1rio, limpeza urbana e manejo de res\u00edduos s\u00f3lidos e drenagem e manejo de \u00e1guas pluviais urbanas.<\/p>\n\n\n\n<p>O objetivo geral do PM-GIRS \u00e9 estabelecer um planejamento das a\u00e7\u00f5es de gerenciamento de coleta, tratamento e destina\u00e7\u00e3o dos res\u00edduos s\u00f3lidos de forma que atenda aos princ\u00edpios da pol\u00edtica nacional e que seja constru\u00eddo por meio de uma gest\u00e3o participativa, envolvendo a sociedade de maneira organizada no seu processo de elabora\u00e7\u00e3o. Este Plano tem como objetivos a melhoria da salubridade ambiental, a prote\u00e7\u00e3o dos recursos h\u00eddricos, a universaliza\u00e7\u00e3o dos servi\u00e7os, o desenvolvimento progressivo e a promo\u00e7\u00e3o da sa\u00fade. O Plano envolve as seguintes etapas:<\/p>\n\n\n\n<ul class=\"wp-block-list\">\n<li>diagn\u00f3stico da situa\u00e7\u00e3o do gerenciamento de res\u00edduos s\u00f3lidos no munic\u00edpio e seus impactos na qualidade de vida da popula\u00e7\u00e3o;<\/li>\n\n\n\n<li>defini\u00e7\u00e3o de objetivos, metas e alternativas para universaliza\u00e7\u00e3o e desenvolvimento dos servi\u00e7os;<\/li>\n\n\n\n<li>estabelecimento de programas, projetos e a\u00e7\u00f5es necess\u00e1rias para atingir os objetivos e as metas;<\/li>\n\n\n\n<li>planejamento de a\u00e7\u00f5es para emerg\u00eancias e conting\u00eancias;<\/li>\n\n\n\n<li>desenvolvimento de mecanismos e procedimentos para a avalia\u00e7\u00e3o sistem\u00e1tica das a\u00e7\u00f5es programadas e institucionaliza\u00e7\u00e3o do Plano Municipal de Saneamento B\u00e1sico, entre outros.<\/li>\n<\/ul>\n\n\n\n<p>O documento \u00e9 um dos itens previstos na Pol\u00edtica Municipal de Res\u00edduos S\u00f3lidos, institu\u00edda pela\u00a0<a href=\"https:\/\/prefcg-repositorio.campogrande.ms.gov.br\/wp-cdn\/uploads\/sites\/24\/2018\/05\/Lei-Municipal-4952-2011-Institui-Politica-Municipal-Residuos-Solidos-CG.pdf\" data-type=\"link\" data-id=\"https:\/\/prefcg-repositorio.campogrande.ms.gov.br\/wp-cdn\/uploads\/sites\/24\/2018\/05\/Lei-Municipal-4952-2011-Institui-Politica-Municipal-Residuos-Solidos-CG.pdf\">Lei n.\u00b0 4.952\/2011<\/a>.<\/p>\n\n\n\n<p class=\"has-text-align-center\"><em><strong>Para mais detalhes sobre o Plano, acesse o <a href=\"https:\/\/prefcg-repositorio.campogrande.ms.gov.br\/wp-cdn\/uploads\/sites\/24\/2018\/05\/Decreto-Municipal-11797-2012-Aprova-Plano-Municipal-de-Saneamento-Basico-Gestao-Integrada-Residuos-Solidos-CG-MS.pdf\" data-type=\"link\" data-id=\"https:\/\/prefcg-repositorio.campogrande.ms.gov.br\/wp-cdn\/uploads\/sites\/24\/2018\/05\/Decreto-Municipal-11797-2012-Aprova-Plano-Municipal-de-Saneamento-Basico-Gestao-Integrada-Residuos-Solidos-CG-MS.pdf\">Decreto n.\u00b0 11.797\/2012<\/a>.<\/strong><\/em><\/p>\n","protected":false},"excerpt":{"rendered":"<p>ara orientar a correta destina\u00e7\u00e3o dos diversos res\u00edduos gerados no munic\u00edpio de Campo Grande foi aprovado o Decreto n.\u00b0 11.797\/2012, que institui o Plano Municipal de Saneamento B\u00e1sico \u2013 Gest\u00e3o Integrada de Res\u00edduos S\u00f3lidos do munic\u00edpio de Campo Grande. A partir do diagn\u00f3stico da atual situa\u00e7\u00e3o dos servi\u00e7os p\u00fablicos de Limpeza P\u00fablica e Manejo de [&hellip;]<\/p>\n","protected":false},"author":1,"featured_media":0,"parent":330,"menu_order":3,"comment_status":"closed","ping_status":"closed","template":"","meta":{"_acf_changed":false,"custom_icon_class":"","footnotes":""},"class_list":["post-480","page","type-page","status-publish","hentry"],"acf":[],"_links":{"self":[{"href":"https:\/\/campogrande.nucleo.site\/semadur\/wp-json\/wp\/v2\/pages\/480","targetHints":{"allow":["GET"]}}],"collection":[{"href":"https:\/\/campogrande.nucleo.site\/semadur\/wp-json\/wp\/v2\/pages"}],"about":[{"href":"https:\/\/campogrande.nucleo.site\/semadur\/wp-json\/wp\/v2\/types\/page"}],"author":[{"embeddable":true,"href":"https:\/\/campogrande.nucleo.site\/semadur\/wp-json\/wp\/v2\/users\/1"}],"replies":[{"embeddable":true,"href":"https:\/\/campogrande.nucleo.site\/semadur\/wp-json\/wp\/v2\/comments?post=480"}],"version-history":[{"count":2,"href":"https:\/\/campogrande.nucleo.site\/semadur\/wp-json\/wp\/v2\/pages\/480\/revisions"}],"predecessor-version":[{"id":484,"href":"https:\/\/campogrande.nucleo.site\/semadur\/wp-json\/wp\/v2\/pages\/480\/revisions\/484"}],"up":[{"embeddable":true,"href":"https:\/\/campogrande.nucleo.site\/semadur\/wp-json\/wp\/v2\/pages\/330"}],"wp:attachment":[{"href":"https:\/\/campogrande.nucleo.site\/semadur\/wp-json\/wp\/v2\/media?parent=480"}],"curies":[{"name":"wp","href":"https:\/\/api.w.org\/{rel}","templated":true}]}}