{"id":498,"date":"2023-11-20T13:27:19","date_gmt":"2023-11-20T16:27:19","guid":{"rendered":"https:\/\/campogrande.nucleo.site\/semadur\/?page_id=498"},"modified":"2023-11-20T13:27:19","modified_gmt":"2023-11-20T16:27:19","slug":"locais-de-entrega-voluntaria-levs","status":"publish","type":"page","link":"https:\/\/campogrande.nucleo.site\/semadur\/residuos-solidos\/locais-de-entrega-voluntaria-levs\/","title":{"rendered":"Locais de Entrega Volunt\u00e1ria (LEVS)"},"content":{"rendered":"\n<p>Os Locais de Entrega Volunt\u00e1ria (LEV), tamb\u00e9m \u00e9 uma modalidade de coleta seletiva que utiliza estruturas espec\u00edficas para o acondicionamento de res\u00edduos recicl\u00e1veis, colocados em pontos fixos na cidade, onde o cidad\u00e3o, espontaneamente, deposita os recicl\u00e1veis.<\/p>\n\n\n\n<p>Acesse o site da SOLURB e verifique o LEV mais pr\u00f3ximo da sua regi\u00e3o: <a href=\"http:\/\/www.solurb.eco.br\/servicos\/locais-de-entrega-voluntaria-lev\/5\/\" data-type=\"link\" data-id=\"http:\/\/www.solurb.eco.br\/servicos\/locais-de-entrega-voluntaria-lev\/5\/\"><strong>Clique aqui<\/strong><\/a><\/p>\n\n\n\n<p class=\"has-16-font-size\"><em>(Fonte: Site Solurb)<\/em><\/p>\n","protected":false},"excerpt":{"rendered":"<p>Os Locais de Entrega Volunt\u00e1ria (LEV), tamb\u00e9m \u00e9 uma modalidade de coleta seletiva que utiliza estruturas espec\u00edficas para o acondicionamento de res\u00edduos recicl\u00e1veis, colocados em pontos fixos na cidade, onde o cidad\u00e3o, espontaneamente, deposita os recicl\u00e1veis. Acesse o site da SOLURB e verifique o LEV mais pr\u00f3ximo da sua regi\u00e3o: Clique aqui (Fonte: Site Solurb)<\/p>\n","protected":false},"author":1,"featured_media":0,"parent":330,"menu_order":5,"comment_status":"closed","ping_status":"closed","template":"","meta":{"_acf_changed":false,"custom_icon_class":"","footnotes":""},"class_list":["post-498","page","type-page","status-publish","hentry"],"acf":[],"_links":{"self":[{"href":"https:\/\/campogrande.nucleo.site\/semadur\/wp-json\/wp\/v2\/pages\/498","targetHints":{"allow":["GET"]}}],"collection":[{"href":"https:\/\/campogrande.nucleo.site\/semadur\/wp-json\/wp\/v2\/pages"}],"about":[{"href":"https:\/\/campogrande.nucleo.site\/semadur\/wp-json\/wp\/v2\/types\/page"}],"author":[{"embeddable":true,"href":"https:\/\/campogrande.nucleo.site\/semadur\/wp-json\/wp\/v2\/users\/1"}],"replies":[{"embeddable":true,"href":"https:\/\/campogrande.nucleo.site\/semadur\/wp-json\/wp\/v2\/comments?post=498"}],"version-history":[{"count":1,"href":"https:\/\/campogrande.nucleo.site\/semadur\/wp-json\/wp\/v2\/pages\/498\/revisions"}],"predecessor-version":[{"id":505,"href":"https:\/\/campogrande.nucleo.site\/semadur\/wp-json\/wp\/v2\/pages\/498\/revisions\/505"}],"up":[{"embeddable":true,"href":"https:\/\/campogrande.nucleo.site\/semadur\/wp-json\/wp\/v2\/pages\/330"}],"wp:attachment":[{"href":"https:\/\/campogrande.nucleo.site\/semadur\/wp-json\/wp\/v2\/media?parent=498"}],"curies":[{"name":"wp","href":"https:\/\/api.w.org\/{rel}","templated":true}]}}