{"id":507,"date":"2023-11-20T13:33:19","date_gmt":"2023-11-20T16:33:19","guid":{"rendered":"https:\/\/campogrande.nucleo.site\/semadur\/?page_id=507"},"modified":"2023-11-20T13:33:19","modified_gmt":"2023-11-20T16:33:19","slug":"acoes-educativas-para-gestao-dos-residuos-solidos-urbanos","status":"publish","type":"page","link":"https:\/\/campogrande.nucleo.site\/semadur\/residuos-solidos\/acoes-educativas-para-gestao-dos-residuos-solidos-urbanos\/","title":{"rendered":"A\u00e7\u00f5es Educativas para Gest\u00e3o dos Res\u00edduos S\u00f3lidos Urbanos"},"content":{"rendered":"\n<p>A Prefeitura Municipal de Campo Grande, por meio da Secretaria Municipal de Meio Ambiente e Desenvolvimento Urbano (Semadur) realizar\u00e1 o projeto \u201cA\u00e7\u00f5es Educativas para a Gest\u00e3o dos Res\u00edduos S\u00f3lidos Urbanos\u201d. O projeto visa oferecer a popula\u00e7\u00e3o a\u00e7\u00f5es educativas voltadas \u00e0 conscientiza\u00e7\u00e3o dos consumidores em rela\u00e7\u00e3o ao consumo sustent\u00e1vel e suas responsabilidades e a capacita\u00e7\u00e3o de catadores de res\u00edduos s\u00f3lidos recicl\u00e1veis para a gest\u00e3o empresarial e empreendedorismo.<\/p>\n\n\n\n<p>O projeto ser\u00e1 executado em duas etapas. A primeira etapa ser\u00e1 voltada a capacita\u00e7\u00e3o de 250 catadores de materiais recicl\u00e1veis, onde por meio de curso esses trabalhadores participaram de aulas, palestras e oficinas. E a segunda etapa ter\u00e1 como p\u00fablico a comunidade em geral atrav\u00e9s do desenvolvimento de a\u00e7\u00f5es educativas voltadas \u00e0 conscientiza\u00e7\u00e3o do consumidores com rela\u00e7\u00e3o ao consumo sustent\u00e1vel e as suas responsabilidades.<\/p>\n\n\n\n<p>Alguns pontos em destaque do projeto:<\/p>\n\n\n\n<ul class=\"wp-block-list\">\n<li>A capacita\u00e7\u00e3o de catadores de res\u00edduos s\u00f3lidos recicl\u00e1veis, para formaliza\u00e7\u00e3o do conceito empresa e a\u00e7\u00f5es empreendedoras;<\/li>\n\n\n\n<li>A multiplica\u00e7\u00e3o de agentes comunit\u00e1rios para o reaproveitamento e reutiliza\u00e7\u00e3o dos res\u00edduos s\u00f3lidos recicl\u00e1veis, bem como a gera\u00e7\u00e3o de emprego e renda;<\/li>\n\n\n\n<li>A divulga\u00e7\u00e3o dos conceitos relacionados com a coleta seletiva, consumo consciente e minimiza\u00e7\u00e3o da gera\u00e7\u00e3o de res\u00edduos s\u00f3lidos;<\/li>\n\n\n\n<li>A informa\u00e7\u00e3o sobre os tipos de res\u00edduos recicl\u00e1veis ou n\u00e3o, para que se tenha a minimiza\u00e7\u00e3o dos rejeitos.<\/li>\n<\/ul>\n","protected":false},"excerpt":{"rendered":"<p>A Prefeitura Municipal de Campo Grande, por meio da Secretaria Municipal de Meio Ambiente e Desenvolvimento Urbano (Semadur) realizar\u00e1 o projeto \u201cA\u00e7\u00f5es Educativas para a Gest\u00e3o dos Res\u00edduos S\u00f3lidos Urbanos\u201d. O projeto visa oferecer a popula\u00e7\u00e3o a\u00e7\u00f5es educativas voltadas \u00e0 conscientiza\u00e7\u00e3o dos consumidores em rela\u00e7\u00e3o ao consumo sustent\u00e1vel e suas responsabilidades e a capacita\u00e7\u00e3o de [&hellip;]<\/p>\n","protected":false},"author":1,"featured_media":0,"parent":330,"menu_order":6,"comment_status":"closed","ping_status":"closed","template":"","meta":{"_acf_changed":false,"custom_icon_class":"","footnotes":""},"class_list":["post-507","page","type-page","status-publish","hentry"],"acf":[],"_links":{"self":[{"href":"https:\/\/campogrande.nucleo.site\/semadur\/wp-json\/wp\/v2\/pages\/507","targetHints":{"allow":["GET"]}}],"collection":[{"href":"https:\/\/campogrande.nucleo.site\/semadur\/wp-json\/wp\/v2\/pages"}],"about":[{"href":"https:\/\/campogrande.nucleo.site\/semadur\/wp-json\/wp\/v2\/types\/page"}],"author":[{"embeddable":true,"href":"https:\/\/campogrande.nucleo.site\/semadur\/wp-json\/wp\/v2\/users\/1"}],"replies":[{"embeddable":true,"href":"https:\/\/campogrande.nucleo.site\/semadur\/wp-json\/wp\/v2\/comments?post=507"}],"version-history":[{"count":1,"href":"https:\/\/campogrande.nucleo.site\/semadur\/wp-json\/wp\/v2\/pages\/507\/revisions"}],"predecessor-version":[{"id":508,"href":"https:\/\/campogrande.nucleo.site\/semadur\/wp-json\/wp\/v2\/pages\/507\/revisions\/508"}],"up":[{"embeddable":true,"href":"https:\/\/campogrande.nucleo.site\/semadur\/wp-json\/wp\/v2\/pages\/330"}],"wp:attachment":[{"href":"https:\/\/campogrande.nucleo.site\/semadur\/wp-json\/wp\/v2\/media?parent=507"}],"curies":[{"name":"wp","href":"https:\/\/api.w.org\/{rel}","templated":true}]}}