{"id":516,"date":"2023-11-20T13:58:37","date_gmt":"2023-11-20T16:58:37","guid":{"rendered":"https:\/\/campogrande.nucleo.site\/semadur\/?page_id=516"},"modified":"2023-11-20T13:58:37","modified_gmt":"2023-11-20T16:58:37","slug":"ecopontos","status":"publish","type":"page","link":"https:\/\/campogrande.nucleo.site\/semadur\/residuos-solidos\/ecopontos\/","title":{"rendered":"Ecopontos"},"content":{"rendered":"\n<div class=\"wp-block-group has-grey-20-background-color has-background is-layout-constrained wp-block-group-is-layout-constrained\" style=\"padding-top:10px;padding-bottom:10px\">\n<div class=\"wp-block-columns is-layout-flex wp-container-core-columns-is-layout-28f84493 wp-block-columns-is-layout-flex\">\n<div class=\"wp-block-column is-layout-flow wp-block-column-is-layout-flow\">\n<div class=\"wp-block-columns is-layout-flex wp-container-core-columns-is-layout-28f84493 wp-block-columns-is-layout-flex\">\n<div class=\"wp-block-column is-layout-flow wp-block-column-is-layout-flow\">\n<figure class=\"wp-block-image aligncenter size-full is-resized\"><img loading=\"lazy\" decoding=\"async\" width=\"768\" height=\"432\" src=\"https:\/\/campogrande.nucleo.site\/semadur\/wp-content\/uploads\/sites\/12\/2023\/11\/image-6.png\" alt=\"\" class=\"wp-image-517\" style=\"aspect-ratio:1.7777777777777777;width:357px;height:auto\" srcset=\"https:\/\/campogrande.nucleo.site\/semadur\/wp-content\/uploads\/sites\/12\/2023\/11\/image-6.png 768w, https:\/\/campogrande.nucleo.site\/semadur\/wp-content\/uploads\/sites\/12\/2023\/11\/image-6-300x169.png 300w, https:\/\/campogrande.nucleo.site\/semadur\/wp-content\/uploads\/sites\/12\/2023\/11\/image-6-356x200.png 356w\" sizes=\"auto, (max-width: 768px) 100vw, 768px\" \/><\/figure>\n<\/div>\n\n\n\n<div class=\"wp-block-column is-layout-flow wp-block-column-is-layout-flow\">\n<h4 class=\"wp-block-heading\" style=\"padding-right:20px;padding-left:20px\">Ecoponto Panam\u00e1<\/h4>\n\n\n\n<p style=\"padding-top:5px;padding-right:20px;padding-bottom:5px;padding-left:20px\"><strong>Endere\u00e7o:<\/strong> Rua Sagarana, esquina com a Av. Jos\u00e9 Barbosa Rodrigues, Bairro Panam\u00e1.<\/p>\n\n\n\n<p style=\"padding-top:5px;padding-right:20px;padding-bottom:5px;padding-left:20px\"><strong>Funcionamento:<\/strong> Segunda a S\u00e1bado das 8h \u00e0s 18h<\/p>\n\n\n\n<p style=\"padding-top:5px;padding-right:20px;padding-bottom:5px;padding-left:20px\"><strong>Acesse o Site Solurb:<\/strong> <a href=\"https:\/\/www.google.com\/maps\/d\/viewer?mid=11DPgIzqA_GAbbBdJOQtR89SogR2FjEec&amp;ll=-20.437343100000028%2C-54.6706241&amp;z=12\" data-type=\"link\" data-id=\"https:\/\/www.google.com\/maps\/d\/viewer?mid=11DPgIzqA_GAbbBdJOQtR89SogR2FjEec&amp;ll=-20.437343100000028%2C-54.6706241&amp;z=12\"><strong>Clique aqui<\/strong><\/a><\/p>\n<\/div>\n<\/div>\n<\/div>\n<\/div>\n<\/div>\n\n\n\n<p><\/p>\n\n\n\n<div class=\"wp-block-group has-grey-20-background-color has-background is-layout-constrained wp-block-group-is-layout-constrained\" style=\"padding-top:10px;padding-bottom:10px\">\n<div class=\"wp-block-columns is-layout-flex wp-container-core-columns-is-layout-28f84493 wp-block-columns-is-layout-flex\">\n<div class=\"wp-block-column is-layout-flow wp-block-column-is-layout-flow\">\n<div class=\"wp-block-columns is-layout-flex wp-container-core-columns-is-layout-28f84493 wp-block-columns-is-layout-flex\">\n<div class=\"wp-block-column is-layout-flow wp-block-column-is-layout-flow\">\n<figure class=\"wp-block-image aligncenter size-full is-resized\"><img loading=\"lazy\" decoding=\"async\" width=\"1024\" height=\"683\" src=\"https:\/\/campogrande.nucleo.site\/semadur\/wp-content\/uploads\/sites\/12\/2023\/11\/image-7.png\" alt=\"\" class=\"wp-image-523\" style=\"aspect-ratio:1.499267935578331;width:352px;height:auto\" srcset=\"https:\/\/campogrande.nucleo.site\/semadur\/wp-content\/uploads\/sites\/12\/2023\/11\/image-7.png 1024w, https:\/\/campogrande.nucleo.site\/semadur\/wp-content\/uploads\/sites\/12\/2023\/11\/image-7-300x200.png 300w, https:\/\/campogrande.nucleo.site\/semadur\/wp-content\/uploads\/sites\/12\/2023\/11\/image-7-768x512.png 768w\" sizes=\"auto, (max-width: 1024px) 100vw, 1024px\" \/><\/figure>\n<\/div>\n\n\n\n<div class=\"wp-block-column is-layout-flow wp-block-column-is-layout-flow\">\n<h4 class=\"wp-block-heading\" style=\"padding-right:20px;padding-left:20px\">Ecoponto Noroeste<\/h4>\n\n\n\n<p style=\"padding-top:5px;padding-right:20px;padding-bottom:5px;padding-left:20px\"><strong>Endere\u00e7o:<\/strong> Rua Piraputanga, esquina com a Rua Guarulhos, Bairro Jardim Noroeste.<\/p>\n\n\n\n<p style=\"padding-top:5px;padding-right:20px;padding-bottom:5px;padding-left:20px\"><strong>Funcionamento:<\/strong> Segunda a S\u00e1bado das 8h \u00e0s 18h<\/p>\n\n\n\n<p style=\"padding-top:5px;padding-right:20px;padding-bottom:5px;padding-left:20px\"><strong>Acesse o Site Solurb:<\/strong> <a href=\"https:\/\/www.solurb.eco.br\/servicos\/ecoponto\/22\/\" data-type=\"link\" data-id=\"https:\/\/www.solurb.eco.br\/servicos\/ecoponto\/22\/\"><strong>Clique aqui<\/strong><\/a><\/p>\n<\/div>\n<\/div>\n<\/div>\n<\/div>\n<\/div>\n\n\n\n<p><\/p>\n\n\n\n<div class=\"wp-block-group has-grey-20-background-color has-background is-layout-constrained wp-block-group-is-layout-constrained\" style=\"padding-top:10px;padding-bottom:10px\">\n<div class=\"wp-block-columns is-layout-flex wp-container-core-columns-is-layout-28f84493 wp-block-columns-is-layout-flex\">\n<div class=\"wp-block-column is-layout-flow wp-block-column-is-layout-flow\">\n<div class=\"wp-block-columns is-layout-flex wp-container-core-columns-is-layout-28f84493 wp-block-columns-is-layout-flex\">\n<div class=\"wp-block-column is-layout-flow wp-block-column-is-layout-flow\">\n<figure class=\"wp-block-image aligncenter size-large is-resized\"><img loading=\"lazy\" decoding=\"async\" width=\"1024\" height=\"682\" src=\"https:\/\/campogrande.nucleo.site\/semadur\/wp-content\/uploads\/sites\/12\/2023\/11\/image-10-1024x682.png\" alt=\"\" class=\"wp-image-528\" style=\"aspect-ratio:1.5005861664712778;width:357px;height:auto\" srcset=\"https:\/\/campogrande.nucleo.site\/semadur\/wp-content\/uploads\/sites\/12\/2023\/11\/image-10-1024x682.png 1024w, https:\/\/campogrande.nucleo.site\/semadur\/wp-content\/uploads\/sites\/12\/2023\/11\/image-10-300x200.png 300w, https:\/\/campogrande.nucleo.site\/semadur\/wp-content\/uploads\/sites\/12\/2023\/11\/image-10-768x512.png 768w, https:\/\/campogrande.nucleo.site\/semadur\/wp-content\/uploads\/sites\/12\/2023\/11\/image-10.png 1280w\" sizes=\"auto, (max-width: 1024px) 100vw, 1024px\" \/><\/figure>\n<\/div>\n\n\n\n<div class=\"wp-block-column is-layout-flow wp-block-column-is-layout-flow\">\n<h4 class=\"wp-block-heading\" style=\"padding-right:20px;padding-left:20px\">Ecoponto Moreninha<\/h4>\n\n\n\n<p style=\"padding-top:5px;padding-right:20px;padding-bottom:5px;padding-left:20px\"><strong>Endere\u00e7o:<\/strong> Rua Copa\u00edba entre as Ruas Ant\u00f4nio Davi Macedo e Amado Nogueira Moraes, Bairro Moreninha.<\/p>\n\n\n\n<p style=\"padding-top:5px;padding-right:20px;padding-bottom:5px;padding-left:20px\"><strong>Funcionamento:<\/strong> Segunda a S\u00e1bado das 8h \u00e0s 18h<\/p>\n\n\n\n<p style=\"padding-top:5px;padding-right:20px;padding-bottom:5px;padding-left:20px\"><strong>Acesse o Site Solurb:<\/strong> <a href=\"http:\/\/www.solurb.eco.br\/servicos\/ecoponto\/22\/\" data-type=\"link\" data-id=\"http:\/\/www.solurb.eco.br\/servicos\/ecoponto\/22\/\"><strong>Clique aqui<\/strong><\/a><\/p>\n<\/div>\n<\/div>\n<\/div>\n<\/div>\n<\/div>\n\n\n\n<p><\/p>\n\n\n\n<div class=\"wp-block-group has-grey-20-background-color has-background is-layout-constrained wp-block-group-is-layout-constrained\" style=\"padding-top:10px;padding-bottom:10px\">\n<div class=\"wp-block-columns is-layout-flex wp-container-core-columns-is-layout-28f84493 wp-block-columns-is-layout-flex\">\n<div class=\"wp-block-column is-layout-flow wp-block-column-is-layout-flow\">\n<div class=\"wp-block-columns is-layout-flex wp-container-core-columns-is-layout-28f84493 wp-block-columns-is-layout-flex\">\n<div class=\"wp-block-column is-layout-flow wp-block-column-is-layout-flow\">\n<figure class=\"wp-block-image aligncenter size-full is-resized\"><img loading=\"lazy\" decoding=\"async\" width=\"1024\" height=\"683\" src=\"https:\/\/campogrande.nucleo.site\/semadur\/wp-content\/uploads\/sites\/12\/2023\/11\/image-8.png\" alt=\"\" class=\"wp-image-526\" style=\"aspect-ratio:1.499267935578331;width:352px;height:auto\" srcset=\"https:\/\/campogrande.nucleo.site\/semadur\/wp-content\/uploads\/sites\/12\/2023\/11\/image-8.png 1024w, https:\/\/campogrande.nucleo.site\/semadur\/wp-content\/uploads\/sites\/12\/2023\/11\/image-8-300x200.png 300w, https:\/\/campogrande.nucleo.site\/semadur\/wp-content\/uploads\/sites\/12\/2023\/11\/image-8-768x512.png 768w\" sizes=\"auto, (max-width: 1024px) 100vw, 1024px\" \/><\/figure>\n<\/div>\n\n\n\n<div class=\"wp-block-column is-layout-flow wp-block-column-is-layout-flow\">\n<h4 class=\"wp-block-heading\" style=\"padding-right:20px;padding-left:20px\">Ecoponto Nova Lima<\/h4>\n\n\n\n<p style=\"padding-top:5px;padding-right:20px;padding-bottom:5px;padding-left:20px\"><strong>Endere\u00e7o:<\/strong> Rua Pacaj\u00fas, n. 194, Bairro Nova Lima.<\/p>\n\n\n\n<p style=\"padding-top:5px;padding-right:20px;padding-bottom:5px;padding-left:20px\"><strong>Funcionamento:<\/strong> Segunda a S\u00e1bado das 8h \u00e0s 18h<\/p>\n\n\n\n<p style=\"padding-top:5px;padding-right:20px;padding-bottom:5px;padding-left:20px\"><strong>Acesse o Site Solurb:<\/strong> <a href=\"http:\/\/www.solurb.eco.br\/servicos\/ecoponto\/22\/\" data-type=\"link\" data-id=\"http:\/\/www.solurb.eco.br\/servicos\/ecoponto\/22\/\"><strong>Clique aqui<\/strong><\/a><\/p>\n<\/div>\n<\/div>\n<\/div>\n<\/div>\n<\/div>\n\n\n\n<p><\/p>\n\n\n\n<div class=\"wp-block-group has-grey-20-background-color has-background is-layout-constrained wp-block-group-is-layout-constrained\" style=\"padding-top:10px;padding-bottom:10px\">\n<div class=\"wp-block-columns is-layout-flex wp-container-core-columns-is-layout-28f84493 wp-block-columns-is-layout-flex\">\n<div class=\"wp-block-column is-layout-flow wp-block-column-is-layout-flow\">\n<div class=\"wp-block-columns is-layout-flex wp-container-core-columns-is-layout-28f84493 wp-block-columns-is-layout-flex\">\n<div class=\"wp-block-column is-layout-flow wp-block-column-is-layout-flow\">\n<figure class=\"wp-block-image aligncenter size-large is-resized\"><img loading=\"lazy\" decoding=\"async\" width=\"1024\" height=\"683\" src=\"https:\/\/campogrande.nucleo.site\/semadur\/wp-content\/uploads\/sites\/12\/2023\/11\/image-9-1024x683.png\" alt=\"\" class=\"wp-image-527\" style=\"aspect-ratio:1.5;width:366px;height:auto\" srcset=\"https:\/\/campogrande.nucleo.site\/semadur\/wp-content\/uploads\/sites\/12\/2023\/11\/image-9-1024x683.png 1024w, https:\/\/campogrande.nucleo.site\/semadur\/wp-content\/uploads\/sites\/12\/2023\/11\/image-9-300x200.png 300w, https:\/\/campogrande.nucleo.site\/semadur\/wp-content\/uploads\/sites\/12\/2023\/11\/image-9-768x512.png 768w, https:\/\/campogrande.nucleo.site\/semadur\/wp-content\/uploads\/sites\/12\/2023\/11\/image-9.png 1500w\" sizes=\"auto, (max-width: 1024px) 100vw, 1024px\" \/><\/figure>\n<\/div>\n\n\n\n<div class=\"wp-block-column is-layout-flow wp-block-column-is-layout-flow\">\n<h4 class=\"wp-block-heading\" style=\"padding-right:20px;padding-left:20px\">Ecoponto Uni\u00e3o<\/h4>\n\n\n\n<p style=\"padding-top:5px;padding-right:20px;padding-bottom:5px;padding-left:20px\"><strong>Endere\u00e7o:<\/strong> Avenida Roseira, esquina com a Rua Carmem Bazzano Pedra, Bairro Uni\u00e3o.<\/p>\n\n\n\n<p style=\"padding-top:5px;padding-right:20px;padding-bottom:5px;padding-left:20px\"><strong>Funcionamento:<\/strong> Segunda a S\u00e1bado das 8h \u00e0s 18h<\/p>\n\n\n\n<p style=\"padding-top:5px;padding-right:20px;padding-bottom:5px;padding-left:20px\"><strong>Acesse o Site Solurb:<\/strong> <a href=\"http:\/\/www.solurb.eco.br\/servicos\/ecoponto\/22\/\" data-type=\"link\" data-id=\"https:\/\/www.google.com\/maps\/d\/viewer?mid=11DPgIzqA_GAbbBdJOQtR89SogR2FjEec&amp;ll=-20.437343100000028%2C-54.6706241&amp;z=12\"><strong>Clique aqui<\/strong><\/a><\/p>\n<\/div>\n<\/div>\n<\/div>\n<\/div>\n<\/div>\n\n\n\n<p><\/p>\n\n\n\n<p>Os Ecopontos s\u00e3o \u00e1reas destinadas para disposi\u00e7\u00e3o tempor\u00e1ria regular para pequenos geradores. Este \u00e9 um local de entrega volunt\u00e1ria regular e gratuita que, recebe res\u00edduos recicl\u00e1veis (metal, pl\u00e1stico, vidro, papel e papel\u00e3o), res\u00edduos gerados em constru\u00e7\u00f5es, demoli\u00e7\u00f5es e pequenas reformas em pr\u00e9dios ou resid\u00eancias, al\u00e9m de volumosos (mob\u00edlias, sucatas e madeiras) e res\u00edduos provenientes de poda de \u00e1rvores\/galhadas. O limite de descarte \u00e9 de um metro c\u00fabico por usu\u00e1rio do sistema.<\/p>\n\n\n\n<p>O hor\u00e1rio de funcionamento \u00e9 de segunda a s\u00e1bado das 8 \u00e0s 18 horas e acess\u00edvel gratuitamente a qualquer cidad\u00e3o, que poder\u00e1 fazer o descarte em containers espec\u00edficos e sinalizados para cada tipo de res\u00edduo.<\/p>\n\n\n\n<ul class=\"wp-block-list\">\n<li>Inaugurado em mar\u00e7o de 2018, o Ecoponto Panam\u00e1, foi a primeira estrutura centralizadora de recebimento de res\u00edduos a ser instalada em Campo Grande, pela Concession\u00e1ria CG SOLURB. Apresenta uma \u00e1rea de mais de 3.600 m\u00b2 e est\u00e1 localizado esquina da Rua Sagarana com Av. Prof. Jos\u00e9 Barbosa Hugo Rodrigues, no Jardim Panam\u00e1.<\/li>\n\n\n\n<li>No dia 31 de agosto de 2018, foi inaugurado o segundo Ecoponto da Capital. Denominado Ecoponto Noroeste, apresenta uma \u00e1rea de mais de 1.500 m\u00b2 e est\u00e1 localizado na Rua Piraputanga esquina com a Rua Guarulhos, Bairro Jardim Noroeste.<\/li>\n\n\n\n<li>Em 2019, no dia 07 de fevereiro, foi inaugurado o Ecoponto Nova Lima. O terceiro Ecoponto da Capital, apresenta uma \u00e1rea de mais de 1.600 m\u00b2 e est\u00e1 localizado na Rua Pacajus, cruzamento com a Rua Galdino Afonso Vilela, Bairro Vida Nova.<\/li>\n\n\n\n<li>Ainda em 2019, no dia 26 de junho, foi inaugurado o Ecoonto Uni\u00e3o. Sendo este o quarto Ecoponto da Capital, com uma \u00e1rea de mais de 1.700 m\u00b2, localiza-se na Av. Roseiras, esquina com a Rua Carmem Bazzano Pedra, no Bairro Uni\u00e3o.<\/li>\n\n\n\n<li>J\u00e1 no dia 12 de agosto de 2020 foi inaugurado o quinto Ecoponto de Campo Grande, desta vez na regi\u00e3o das Moreninhas. O Ecoponto Moreninha est\u00e1 localizado na Rua Copa\u00edba entre as ruas Ant\u00f4nio Davi Macedo e Amado Nogueira Moraes.<\/li>\n<\/ul>\n","protected":false},"excerpt":{"rendered":"<p>Ecoponto Panam\u00e1 Endere\u00e7o: Rua Sagarana, esquina com a Av. Jos\u00e9 Barbosa Rodrigues, Bairro Panam\u00e1. Funcionamento: Segunda a S\u00e1bado das 8h \u00e0s 18h Acesse o Site Solurb: Clique aqui Ecoponto Noroeste Endere\u00e7o: Rua Piraputanga, esquina com a Rua Guarulhos, Bairro Jardim Noroeste. Funcionamento: Segunda a S\u00e1bado das 8h \u00e0s 18h Acesse o Site Solurb: Clique aqui [&hellip;]<\/p>\n","protected":false},"author":1,"featured_media":0,"parent":330,"menu_order":0,"comment_status":"closed","ping_status":"closed","template":"","meta":{"_acf_changed":false,"custom_icon_class":"","footnotes":""},"class_list":["post-516","page","type-page","status-publish","hentry"],"acf":[],"_links":{"self":[{"href":"https:\/\/campogrande.nucleo.site\/semadur\/wp-json\/wp\/v2\/pages\/516","targetHints":{"allow":["GET"]}}],"collection":[{"href":"https:\/\/campogrande.nucleo.site\/semadur\/wp-json\/wp\/v2\/pages"}],"about":[{"href":"https:\/\/campogrande.nucleo.site\/semadur\/wp-json\/wp\/v2\/types\/page"}],"author":[{"embeddable":true,"href":"https:\/\/campogrande.nucleo.site\/semadur\/wp-json\/wp\/v2\/users\/1"}],"replies":[{"embeddable":true,"href":"https:\/\/campogrande.nucleo.site\/semadur\/wp-json\/wp\/v2\/comments?post=516"}],"version-history":[{"count":8,"href":"https:\/\/campogrande.nucleo.site\/semadur\/wp-json\/wp\/v2\/pages\/516\/revisions"}],"predecessor-version":[{"id":529,"href":"https:\/\/campogrande.nucleo.site\/semadur\/wp-json\/wp\/v2\/pages\/516\/revisions\/529"}],"up":[{"embeddable":true,"href":"https:\/\/campogrande.nucleo.site\/semadur\/wp-json\/wp\/v2\/pages\/330"}],"wp:attachment":[{"href":"https:\/\/campogrande.nucleo.site\/semadur\/wp-json\/wp\/v2\/media?parent=516"}],"curies":[{"name":"wp","href":"https:\/\/api.w.org\/{rel}","templated":true}]}}