{"id":603,"date":"2023-11-20T16:44:09","date_gmt":"2023-11-20T19:44:09","guid":{"rendered":"https:\/\/campogrande.nucleo.site\/semadur\/?page_id=603"},"modified":"2023-11-20T16:58:34","modified_gmt":"2023-11-20T19:58:34","slug":"requerimentos","status":"publish","type":"page","link":"https:\/\/campogrande.nucleo.site\/semadur\/licenciamento-ambiental\/requerimentos\/","title":{"rendered":"Requerimentos Licenciamento Ambiental"},"content":{"rendered":"\n<p>Para baixar o requerimento, clicar em cima do nome que deseja:<\/p>\n\n\n\n<ul class=\"wp-block-list\">\n<li><a href=\"https:\/\/www.campogrande.ms.gov.br\/semadur\/downloads\/requerimento-alteracao-de-contato-e-correspondencia\/\">Altera\u00e7\u00e3o de Contato e Correspond\u00eancia<\/a><\/li>\n\n\n\n<li><a href=\"https:\/\/prefcg-repositorio.campogrande.ms.gov.br\/wp-cdn\/uploads\/sites\/24\/2023\/05\/Requerimento-Alteracao-de-Dados-maio-2023.docx\" target=\"_blank\" rel=\"noreferrer noopener\">Altera\u00e7\u00e3o de Dados<\/a><\/li>\n\n\n\n<li><a href=\"https:\/\/prefcg-repositorio.campogrande.ms.gov.br\/wp-cdn\/uploads\/sites\/24\/2023\/05\/Requerimento-Autorizacao-maio_2023.docx\" target=\"_blank\" rel=\"noreferrer noopener\">Autoriza\u00e7\u00e3o Ambiental<\/a><\/li>\n\n\n\n<li><a href=\"https:\/\/prefcg-repositorio.campogrande.ms.gov.br\/wp-cdn\/uploads\/sites\/24\/2023\/05\/Requerimento-Carta-Consulta-maio-2023.docx\" target=\"_blank\" rel=\"noreferrer noopener\">Carta Consulta<\/a><\/li>\n\n\n\n<li><a href=\"https:\/\/prefcg-repositorio.campogrande.ms.gov.br\/wp-cdn\/uploads\/sites\/24\/2023\/05\/Requerimento-Compensacao-Ambiental-maio-2023.docx\" target=\"_blank\" rel=\"noreferrer noopener\">Compensa\u00e7\u00e3o Ambiental<\/a><\/li>\n\n\n\n<li><a href=\"https:\/\/prefcg-repositorio.campogrande.ms.gov.br\/wp-cdn\/uploads\/sites\/24\/2023\/05\/Requerimento-DDL-maio-2023-1.docx\" target=\"_blank\" rel=\"noreferrer noopener\">Declara\u00e7\u00e3o de Dispensa do Licenciamento &#8211; DDL<\/a><\/li>\n\n\n\n<li><a href=\"https:\/\/prefcg-repositorio.campogrande.ms.gov.br\/wp-cdn\/uploads\/sites\/24\/2023\/05\/Requerimento-Desarquivamento-maio_2023.docx\" target=\"_blank\" rel=\"noreferrer noopener\">Desarquivamento<\/a><\/li>\n\n\n\n<li><a href=\"https:\/\/prefcg-repositorio.campogrande.ms.gov.br\/wp-cdn\/uploads\/sites\/24\/2023\/05\/Requerimento-LAS-maio-2023.docx\" target=\"_blank\" rel=\"noreferrer noopener\">Licen\u00e7a Ambiental Simplificada &#8211; LAS<\/a><\/li>\n\n\n\n<li><a href=\"https:\/\/prefcg-repositorio.campogrande.ms.gov.br\/wp-cdn\/uploads\/sites\/24\/2023\/05\/Requerimento-LAS-AC-Condominio-Residencial-maio-2023.docx\" target=\"_blank\" rel=\"noreferrer noopener\">LAS-AC &#8211; Condom\u00ednio Residencial<\/a><\/li>\n\n\n\n<li><a href=\"https:\/\/prefcg-repositorio.campogrande.ms.gov.br\/wp-cdn\/uploads\/sites\/24\/2023\/05\/Requerimento-LAS-AC-Generico-maio-2023.docx\" target=\"_blank\" rel=\"noreferrer noopener\">LAS-AC &#8211; Gen\u00e9rico<\/a><\/li>\n\n\n\n<li><a href=\"https:\/\/prefcg-repositorio.campogrande.ms.gov.br\/wp-cdn\/uploads\/sites\/24\/2023\/05\/Requerimento-LAS-AC-Lava-a-Jato-maio-2023.docx\" target=\"_blank\" rel=\"noreferrer noopener\">LAS-AC &#8211; Lava a Jato<\/a><\/li>\n\n\n\n<li><a href=\"https:\/\/prefcg-repositorio.campogrande.ms.gov.br\/wp-cdn\/uploads\/sites\/24\/2023\/05\/Requerimento-LAS-AC-Oficina-mecanica-maio-2023.docx\" target=\"_blank\" rel=\"noreferrer noopener\">LAS-AC &#8211; Oficina Mec\u00e2nica<\/a><\/li>\n\n\n\n<li><a href=\"https:\/\/prefcg-repositorio.campogrande.ms.gov.br\/wp-cdn\/uploads\/sites\/24\/2023\/05\/Requerimento-LAS-AC-Oficina-mecanica-e-Lava-a-Jato-maio-2023.docx\" target=\"_blank\" rel=\"noreferrer noopener\">LAS-AC &#8211; Oficina Mec\u00e2nica e Lava a Jato<\/a><\/li>\n\n\n\n<li><a href=\"https:\/\/prefcg-repositorio.campogrande.ms.gov.br\/wp-cdn\/uploads\/sites\/24\/2023\/05\/Requerimento-LP-maio_2023.docx\" target=\"_blank\" rel=\"noreferrer noopener\">Licen\u00e7a Pr\u00e9via &#8211; LP<\/a><\/li>\n\n\n\n<li><a href=\"https:\/\/prefcg-repositorio.campogrande.ms.gov.br\/wp-cdn\/uploads\/sites\/24\/2023\/05\/Requerimento-LI-maio-2023.docx\" target=\"_blank\" rel=\"noreferrer noopener\">Licen\u00e7a Instala\u00e7\u00e3o &#8211; LI<\/a><\/li>\n\n\n\n<li><a href=\"https:\/\/prefcg-repositorio.campogrande.ms.gov.br\/wp-cdn\/uploads\/sites\/24\/2023\/05\/Requerimento-LI-Ampliacao-maio-2023.docx\" target=\"_blank\" rel=\"noreferrer noopener\">Licen\u00e7a Instala\u00e7\u00e3o &#8211; LI (amplia\u00e7\u00e3o)<\/a><\/li>\n\n\n\n<li><a href=\"https:\/\/prefcg-repositorio.campogrande.ms.gov.br\/wp-cdn\/uploads\/sites\/24\/2023\/05\/Requerimento-LO-maio-2023.docx\" target=\"_blank\" rel=\"noreferrer noopener\">Licen\u00e7a Opera\u00e7\u00e3o &#8211; LO<\/a><\/li>\n\n\n\n<li><a href=\"https:\/\/prefcg-repositorio.campogrande.ms.gov.br\/wp-cdn\/uploads\/sites\/24\/2023\/05\/Requerimento-Prorrogacao-maio_2023.docx\" target=\"_blank\" rel=\"noreferrer noopener\">Prorroga\u00e7\u00e3o da Licen\u00e7a<\/a><\/li>\n\n\n\n<li><a href=\"https:\/\/prefcg-repositorio.campogrande.ms.gov.br\/wp-cdn\/uploads\/sites\/24\/2023\/05\/Requerimento-Regularizacao-LPLILO-maio_2023-1.docx\" target=\"_blank\" rel=\"noreferrer noopener\">Regulariza\u00e7\u00e3o &#8211; LI\/LO<\/a><\/li>\n\n\n\n<li><a href=\"https:\/\/prefcg-repositorio.campogrande.ms.gov.br\/wp-cdn\/uploads\/sites\/24\/2023\/05\/Requerimento-Renovacao-Convencional-maio-2023.docx\" target=\"_blank\" rel=\"noreferrer noopener\">Renova\u00e7\u00e3o da Licen\u00e7a<\/a><\/li>\n\n\n\n<li><a href=\"https:\/\/prefcg-repositorio.campogrande.ms.gov.br\/wp-cdn\/uploads\/sites\/24\/2023\/05\/Requerimento-Renovacao-Automatica-maio-2023.docx\" target=\"_blank\" rel=\"noreferrer noopener\">Renova\u00e7\u00e3o da Licen\u00e7a (autom\u00e1tica)<\/a><\/li>\n\n\n\n<li><a href=\"https:\/\/prefcg-repositorio.campogrande.ms.gov.br\/wp-cdn\/uploads\/sites\/24\/2023\/05\/Requerimento-Segunda-Via-maio-2023.docx\" target=\"_blank\" rel=\"noreferrer noopener\">Segunda Via da Licen\u00e7a<\/a><\/li>\n\n\n\n<li><a href=\"https:\/\/prefcg-repositorio.campogrande.ms.gov.br\/wp-cdn\/uploads\/sites\/24\/2023\/05\/requerimento-zeia01-junho_2023-prefcg-prefcg.docx\" target=\"_blank\" rel=\"noreferrer noopener\">Revis\u00e3o de ZEIA 01<\/a><\/li>\n\n\n\n<li><a href=\"https:\/\/prefcg-repositorio.campogrande.ms.gov.br\/wp-cdn\/uploads\/sites\/24\/2023\/05\/requerimento-zeia02-junho_2023-prefcg-prefcg.docx\" target=\"_blank\" rel=\"noreferrer noopener\">Revis\u00e3o de ZEIA 02<\/a><\/li>\n<\/ul>\n\n\n\n<h4 class=\"wp-block-heading\">Siglas:<\/h4>\n\n\n\n<ul class=\"wp-block-list\">\n<li>Licen\u00e7a Pr\u00e9via \u2013&nbsp;LP.<\/li>\n\n\n\n<li>Licen\u00e7a Instala\u00e7\u00e3o \u2013&nbsp;LI.<\/li>\n\n\n\n<li>Licen\u00e7a Opera\u00e7\u00e3o&nbsp; \u2013&nbsp;LO.<\/li>\n\n\n\n<li>Licen\u00e7a Ambiental Simplificada \u2013&nbsp;LAS.<\/li>\n\n\n\n<li>Licen\u00e7a Ambiental Simplificada por Ades\u00e3o e Compromisso \u2013&nbsp;LAS-AC.<\/li>\n\n\n\n<li>Estudo Ambiental Preliminar \u2013&nbsp;EAP.<\/li>\n\n\n\n<li>Estudo de Impacto Ambiental e respectivo Relat\u00f3rio de Impacto Ambiental \u2013&nbsp;EIA\/RIMA.<\/li>\n\n\n\n<li>Estudo de An\u00e1lise de Risco \u2013&nbsp;EAR.<\/li>\n\n\n\n<li>Plano de Controle Ambiental \u2013&nbsp;PCA.<\/li>\n\n\n\n<li>Plano de Automonitoramento \u2013&nbsp;PAM.<\/li>\n\n\n\n<li>Plano de Gerenciamento de Res\u00edduos S\u00f3lidos \u2013&nbsp;PGRS.<\/li>\n\n\n\n<li>Projeto de Recupera\u00e7\u00e3o de \u00c1rea Degradada ou Alterada \u2013&nbsp;PRADA.<\/li>\n\n\n\n<li>Projeto de Recupera\u00e7\u00e3o de \u00c1rea Degradada&nbsp; \u2013&nbsp;PRADE.<\/li>\n\n\n\n<li>Relat\u00f3rio Ambiental Simplificado \u2013&nbsp;RAS.<\/li>\n\n\n\n<li>Relat\u00f3rio de Conformidade Ambiental \u2013&nbsp;RCA.<\/li>\n\n\n\n<li>Relat\u00f3rio T\u00e9cnico de Conclus\u00e3o \u2013&nbsp;RTC.<\/li>\n\n\n\n<li>Sistema de Controle Ambiental \u2013&nbsp;SCA.<\/li>\n<\/ul>\n","protected":false},"excerpt":{"rendered":"<p>Para baixar o requerimento, clicar em cima do nome que deseja: Siglas:<\/p>\n","protected":false},"author":1,"featured_media":0,"parent":539,"menu_order":1,"comment_status":"closed","ping_status":"closed","template":"","meta":{"_acf_changed":false,"custom_icon_class":"","footnotes":""},"class_list":["post-603","page","type-page","status-publish","hentry"],"acf":[],"_links":{"self":[{"href":"https:\/\/campogrande.nucleo.site\/semadur\/wp-json\/wp\/v2\/pages\/603","targetHints":{"allow":["GET"]}}],"collection":[{"href":"https:\/\/campogrande.nucleo.site\/semadur\/wp-json\/wp\/v2\/pages"}],"about":[{"href":"https:\/\/campogrande.nucleo.site\/semadur\/wp-json\/wp\/v2\/types\/page"}],"author":[{"embeddable":true,"href":"https:\/\/campogrande.nucleo.site\/semadur\/wp-json\/wp\/v2\/users\/1"}],"replies":[{"embeddable":true,"href":"https:\/\/campogrande.nucleo.site\/semadur\/wp-json\/wp\/v2\/comments?post=603"}],"version-history":[{"count":8,"href":"https:\/\/campogrande.nucleo.site\/semadur\/wp-json\/wp\/v2\/pages\/603\/revisions"}],"predecessor-version":[{"id":613,"href":"https:\/\/campogrande.nucleo.site\/semadur\/wp-json\/wp\/v2\/pages\/603\/revisions\/613"}],"up":[{"embeddable":true,"href":"https:\/\/campogrande.nucleo.site\/semadur\/wp-json\/wp\/v2\/pages\/539"}],"wp:attachment":[{"href":"https:\/\/campogrande.nucleo.site\/semadur\/wp-json\/wp\/v2\/media?parent=603"}],"curies":[{"name":"wp","href":"https:\/\/api.w.org\/{rel}","templated":true}]}}