{"id":648,"date":"2023-11-21T07:43:00","date_gmt":"2023-11-21T10:43:00","guid":{"rendered":"https:\/\/campogrande.nucleo.site\/semadur\/?page_id=648"},"modified":"2023-11-21T08:46:40","modified_gmt":"2023-11-21T11:46:40","slug":"modelos-de-publicacao-em-edital-licenciamento-ambiental","status":"publish","type":"page","link":"https:\/\/campogrande.nucleo.site\/semadur\/licenciamento-ambiental\/modelos-de-publicacao-em-edital-licenciamento-ambiental\/","title":{"rendered":"Modelos de Publica\u00e7\u00e3o em Edital (Licenciamento Ambiental)"},"content":{"rendered":"\n<div class=\"wp-block-columns is-layout-flex wp-container-core-columns-is-layout-3934420f wp-block-columns-is-layout-flex\" style=\"margin-top:2rem;margin-bottom:2rem\">\n<div class=\"wp-block-column is-layout-flow wp-block-column-is-layout-flow\">\n<h5 class=\"wp-block-heading\">LAS<\/h5>\n\n\n\n<ul class=\"wp-block-list\">\n<li style=\"text-decoration:underline\"><a href=\"https:\/\/prefcg-repositorio.campogrande.ms.gov.br\/wp-cdn\/uploads\/sites\/24\/2023\/05\/Requerimento_Licenca-Ambiental-Simplificada-LAS.docx\" target=\"_blank\" rel=\"noreferrer noopener\">Requerimento<\/a><\/li>\n\n\n\n<li style=\"text-decoration:underline\"><a href=\"https:\/\/prefcg-repositorio.campogrande.ms.gov.br\/wp-cdn\/uploads\/sites\/24\/2018\/05\/Concess%C3%A3o_Licen%C3%A7a-Ambiental-Simplificada-LAS.doc\" target=\"_blank\" rel=\"noreferrer noopener\">Concess\u00e3o<\/a><\/li>\n\n\n\n<li style=\"text-decoration:underline\"><a href=\"https:\/\/prefcg-repositorio.campogrande.ms.gov.br\/wp-cdn\/uploads\/sites\/24\/2018\/05\/Requerimento_Renova%C3%A7%C3%A3o_Licen%C3%A7a-Ambiental-Simplificada-LAS.doc\" target=\"_blank\" rel=\"noreferrer noopener\">Renova\u00e7\u00e3o<\/a><\/li>\n<\/ul>\n<\/div>\n\n\n\n<div class=\"wp-block-column is-layout-flow wp-block-column-is-layout-flow\">\n<h5 class=\"wp-block-heading\">LAS &#8211; AC<\/h5>\n\n\n\n<ul class=\"wp-block-list\">\n<li style=\"text-decoration:underline\"><a href=\"https:\/\/prefcg-repositorio.campogrande.ms.gov.br\/wp-cdn\/uploads\/sites\/24\/2023\/05\/Requerimento_Licenca-Ambiental-Simplificada-por-Adesao-e-Compromisso-LAS_AC.docx\" target=\"_blank\" rel=\"noreferrer noopener\">Requerimento<\/a><\/li>\n\n\n\n<li style=\"text-decoration:underline\"><a href=\"https:\/\/prefcg-repositorio.campogrande.ms.gov.br\/wp-cdn\/uploads\/sites\/24\/2023\/05\/Concessao_LAS-AC.docx\" target=\"_blank\" rel=\"noreferrer noopener\">Concess\u00e3o<\/a><\/li>\n\n\n\n<li style=\"text-decoration:underline\"><a href=\"https:\/\/prefcg-repositorio.campogrande.ms.gov.br\/wp-cdn\/uploads\/sites\/24\/2023\/05\/Renovacao_Licenca-Ambiental-Simplificada-por-Adesao-e-Compromisso-LAS_AC.docx\" target=\"_blank\" rel=\"noreferrer noopener\">Renova\u00e7\u00e3o<\/a><\/li>\n<\/ul>\n<\/div>\n\n\n\n<div class=\"wp-block-column is-layout-flow wp-block-column-is-layout-flow\">\n<h5 class=\"wp-block-heading\">LP<\/h5>\n\n\n\n<ul class=\"wp-block-list\">\n<li style=\"text-decoration:underline\"><a href=\"https:\/\/prefcg-repositorio.campogrande.ms.gov.br\/wp-cdn\/uploads\/sites\/24\/2018\/05\/Requerimento_Licen%C3%A7a-Pr%C3%A9via-LP.doc\" target=\"_blank\" rel=\"noreferrer noopener\">Requerimento<\/a><\/li>\n\n\n\n<li style=\"text-decoration:underline\"><a href=\"https:\/\/prefcg-repositorio.campogrande.ms.gov.br\/wp-cdn\/uploads\/sites\/24\/2018\/05\/Concess%C3%A3o_Licen%C3%A7a-Pr%C3%A9via-LP.doc\" target=\"_blank\" rel=\"noreferrer noopener\">Concess\u00e3o<\/a><\/li>\n\n\n\n<li style=\"text-decoration:underline\"><a href=\"https:\/\/prefcg-repositorio.campogrande.ms.gov.br\/wp-cdn\/uploads\/sites\/24\/2018\/05\/Requerimento_Prorroga%C3%A7%C3%A3o-Licen%C3%A7a-Pr%C3%A9via-LP.doc\" target=\"_blank\" rel=\"noreferrer noopener\">Prorroga\u00e7\u00e3o<\/a><\/li>\n<\/ul>\n<\/div>\n\n\n\n<div class=\"wp-block-column is-layout-flow wp-block-column-is-layout-flow\">\n<h5 class=\"wp-block-heading\">LI<\/h5>\n\n\n\n<ul class=\"wp-block-list\">\n<li style=\"text-decoration:underline\"><a rel=\"noreferrer noopener\" href=\"https:\/\/prefcg-repositorio.campogrande.ms.gov.br\/wp-cdn\/uploads\/sites\/24\/2018\/05\/Requerimento_Licen%C3%A7a-de-Instala%C3%A7%C3%A3o-LI.doc\" target=\"_blank\">Requerimento<\/a><\/li>\n\n\n\n<li style=\"text-decoration:underline\"><a href=\"https:\/\/prefcg-repositorio.campogrande.ms.gov.br\/wp-cdn\/uploads\/sites\/24\/2018\/05\/Concess%C3%A3o_Licen%C3%A7a-de-Instala%C3%A7%C3%A3o-LI.doc\" target=\"_blank\" rel=\"noreferrer noopener\">Concess\u00e3o<\/a><\/li>\n\n\n\n<li style=\"text-decoration:underline\"><a rel=\"noreferrer noopener\" href=\"https:\/\/prefcg-repositorio.campogrande.ms.gov.br\/wp-cdn\/uploads\/sites\/24\/2018\/05\/Requerimento_Prorroga%C3%A7%C3%A3o_Licen%C3%A7a-de-Instala%C3%A7%C3%A3o-LI.doc\" target=\"_blank\">Prorroga\u00e7\u00e3o<\/a><\/li>\n<\/ul>\n<\/div>\n\n\n\n<div class=\"wp-block-column is-layout-flow wp-block-column-is-layout-flow\">\n<h5 class=\"wp-block-heading\">LO<\/h5>\n\n\n\n<ul class=\"wp-block-list\">\n<li style=\"text-decoration:underline\"><a rel=\"noreferrer noopener\" href=\"https:\/\/prefcg-repositorio.campogrande.ms.gov.br\/wp-cdn\/uploads\/sites\/24\/2018\/05\/Requerimento_Licen%C3%A7a-de-Opera%C3%A7%C3%A3o-LO.doc\" target=\"_blank\">Requerimento<\/a><\/li>\n\n\n\n<li style=\"text-decoration:underline\"><a href=\"https:\/\/prefcg-repositorio.campogrande.ms.gov.br\/wp-cdn\/uploads\/sites\/24\/2018\/05\/Concess%C3%A3o_Licen%C3%A7a-de-Opera%C3%A7%C3%A3o-LO.doc\" target=\"_blank\" rel=\"noreferrer noopener\">Concess\u00e3o<\/a><\/li>\n\n\n\n<li style=\"text-decoration:underline\"><a rel=\"noreferrer noopener\" href=\"https:\/\/prefcg-repositorio.campogrande.ms.gov.br\/wp-cdn\/uploads\/sites\/24\/2018\/05\/Rrequerimento_Renova%C3%A7%C3%A3o_Licen%C3%A7a-de-Opera%C3%A7%C3%A3o-LO.doc\" target=\"_blank\">Renova\u00e7\u00e3o<\/a><\/li>\n<\/ul>\n<\/div>\n<\/div>\n\n\n\n<hr class=\"wp-block-separator has-alpha-channel-opacity is-style-dots\"\/>\n\n\n\n<h5 class=\"wp-block-heading\">Siglas:<\/h5>\n\n\n\n<ol class=\"wp-block-list\">\n<li>Licen\u00e7a Pr\u00e9via \u2013&nbsp;LP.<\/li>\n\n\n\n<li>Licen\u00e7a Instala\u00e7\u00e3o \u2013&nbsp;LI.<\/li>\n\n\n\n<li>Licen\u00e7a Opera\u00e7\u00e3o&nbsp; \u2013&nbsp;LO.<\/li>\n\n\n\n<li>Licen\u00e7a Ambiental Simplificada \u2013&nbsp;LAS.<\/li>\n\n\n\n<li>Licen\u00e7a Ambiental Simplificada por Ades\u00e3o e Compromisso \u2013&nbsp;LAS-AC.<\/li>\n\n\n\n<li>Estudo Ambiental Preliminar \u2013&nbsp;EAP.<\/li>\n\n\n\n<li>Estudo de Impacto Ambiental e respectivo Relat\u00f3rio de Impacto Ambiental \u2013\u00a0EIA\/RIMA. <\/li>\n\n\n\n<li>Estudo de An\u00e1lise de Risco \u2013&nbsp;EAR.<\/li>\n\n\n\n<li>Plano de Controle Ambiental \u2013&nbsp;PCA.<\/li>\n\n\n\n<li>Plano de Automonitoramento \u2013&nbsp;PAM.<\/li>\n\n\n\n<li>Plano de Gerenciamento de Res\u00edduos S\u00f3lidos \u2013&nbsp;PGRS.<\/li>\n\n\n\n<li>Projeto de Recupera\u00e7\u00e3o de \u00c1rea Degradada ou Alterada \u2013&nbsp;PRADA.<\/li>\n\n\n\n<li>Projeto de Recupera\u00e7\u00e3o de \u00c1rea Degradada&nbsp; \u2013&nbsp;PRADE.<\/li>\n\n\n\n<li>Relat\u00f3rio Ambiental Simplificado \u2013&nbsp;RAS.<\/li>\n\n\n\n<li>Relat\u00f3rio de Conformidade Ambiental \u2013&nbsp;RCA.<\/li>\n\n\n\n<li>Relat\u00f3rio T\u00e9cnico de Conclus\u00e3o \u2013&nbsp;RTC.<\/li>\n\n\n\n<li>Sistema de Controle Ambiental \u2013&nbsp;SCA.<\/li>\n<\/ol>\n","protected":false},"excerpt":{"rendered":"<p>LAS LAS &#8211; AC LP LI LO Siglas:<\/p>\n","protected":false},"author":1,"featured_media":0,"parent":539,"menu_order":4,"comment_status":"closed","ping_status":"closed","template":"","meta":{"_acf_changed":false,"custom_icon_class":"","footnotes":""},"class_list":["post-648","page","type-page","status-publish","hentry"],"acf":[],"_links":{"self":[{"href":"https:\/\/campogrande.nucleo.site\/semadur\/wp-json\/wp\/v2\/pages\/648","targetHints":{"allow":["GET"]}}],"collection":[{"href":"https:\/\/campogrande.nucleo.site\/semadur\/wp-json\/wp\/v2\/pages"}],"about":[{"href":"https:\/\/campogrande.nucleo.site\/semadur\/wp-json\/wp\/v2\/types\/page"}],"author":[{"embeddable":true,"href":"https:\/\/campogrande.nucleo.site\/semadur\/wp-json\/wp\/v2\/users\/1"}],"replies":[{"embeddable":true,"href":"https:\/\/campogrande.nucleo.site\/semadur\/wp-json\/wp\/v2\/comments?post=648"}],"version-history":[{"count":10,"href":"https:\/\/campogrande.nucleo.site\/semadur\/wp-json\/wp\/v2\/pages\/648\/revisions"}],"predecessor-version":[{"id":672,"href":"https:\/\/campogrande.nucleo.site\/semadur\/wp-json\/wp\/v2\/pages\/648\/revisions\/672"}],"up":[{"embeddable":true,"href":"https:\/\/campogrande.nucleo.site\/semadur\/wp-json\/wp\/v2\/pages\/539"}],"wp:attachment":[{"href":"https:\/\/campogrande.nucleo.site\/semadur\/wp-json\/wp\/v2\/media?parent=648"}],"curies":[{"name":"wp","href":"https:\/\/api.w.org\/{rel}","templated":true}]}}