{"id":663,"date":"2023-11-21T08:11:04","date_gmt":"2023-11-21T11:11:04","guid":{"rendered":"https:\/\/campogrande.nucleo.site\/semadur\/?page_id=663"},"modified":"2023-11-21T09:19:04","modified_gmt":"2023-11-21T12:19:04","slug":"relatorio-das-atividades-silam","status":"publish","type":"page","link":"https:\/\/campogrande.nucleo.site\/semadur\/licenciamento-ambiental\/relatorio-das-atividades-silam\/","title":{"rendered":"Relat\u00f3rio de Licen\u00e7as Requeridas e Concedidas &#8211; SILAM"},"content":{"rendered":"\n<p>No menu acima, a Prefeitura de Campo Grande disponibiliza o relat\u00f3rio completo das licen\u00e7as ambientais solicitadas e concedidas desde o ano de 2016 at\u00e9 o momento atual.<\/p>\n\n\n\n<p>As licen\u00e7as ambientais, conforme definidas pela Resolu\u00e7\u00e3o CONAMA n\u00ba 237\/1997, constituem o ato administrativo atrav\u00e9s do qual o \u00f3rg\u00e3o ambiental competente estabelece as condi\u00e7\u00f5es, restri\u00e7\u00f5es e medidas de controle ambiental que devem ser observadas pelo empreendedor, seja ele pessoa f\u00edsica ou jur\u00eddica. <\/p>\n\n\n\n<p>Esse processo se aplica \u00e0 localiza\u00e7\u00e3o, instala\u00e7\u00e3o, amplia\u00e7\u00e3o e opera\u00e7\u00e3o de empreendimentos ou atividades que envolvem a utiliza\u00e7\u00e3o dos recursos ambientais, considerados efetiva ou potencialmente poluentes, ou que, de alguma maneira, possam causar degrada\u00e7\u00e3o ambiental.<\/p>\n","protected":false},"excerpt":{"rendered":"<p>No menu acima, a Prefeitura de Campo Grande disponibiliza o relat\u00f3rio completo das licen\u00e7as ambientais solicitadas e concedidas desde o ano de 2016 at\u00e9 o momento atual. As licen\u00e7as ambientais, conforme definidas pela Resolu\u00e7\u00e3o CONAMA n\u00ba 237\/1997, constituem o ato administrativo atrav\u00e9s do qual o \u00f3rg\u00e3o ambiental competente estabelece as condi\u00e7\u00f5es, restri\u00e7\u00f5es e medidas de [&hellip;]<\/p>\n","protected":false},"author":1,"featured_media":0,"parent":539,"menu_order":5,"comment_status":"closed","ping_status":"closed","template":"wp-custom-template-licencas-concedidas-e-recebidas","meta":{"_acf_changed":false,"custom_icon_class":"","footnotes":""},"class_list":["post-663","page","type-page","status-publish","hentry"],"acf":[],"_links":{"self":[{"href":"https:\/\/campogrande.nucleo.site\/semadur\/wp-json\/wp\/v2\/pages\/663","targetHints":{"allow":["GET"]}}],"collection":[{"href":"https:\/\/campogrande.nucleo.site\/semadur\/wp-json\/wp\/v2\/pages"}],"about":[{"href":"https:\/\/campogrande.nucleo.site\/semadur\/wp-json\/wp\/v2\/types\/page"}],"author":[{"embeddable":true,"href":"https:\/\/campogrande.nucleo.site\/semadur\/wp-json\/wp\/v2\/users\/1"}],"replies":[{"embeddable":true,"href":"https:\/\/campogrande.nucleo.site\/semadur\/wp-json\/wp\/v2\/comments?post=663"}],"version-history":[{"count":4,"href":"https:\/\/campogrande.nucleo.site\/semadur\/wp-json\/wp\/v2\/pages\/663\/revisions"}],"predecessor-version":[{"id":693,"href":"https:\/\/campogrande.nucleo.site\/semadur\/wp-json\/wp\/v2\/pages\/663\/revisions\/693"}],"up":[{"embeddable":true,"href":"https:\/\/campogrande.nucleo.site\/semadur\/wp-json\/wp\/v2\/pages\/539"}],"wp:attachment":[{"href":"https:\/\/campogrande.nucleo.site\/semadur\/wp-json\/wp\/v2\/media?parent=663"}],"curies":[{"name":"wp","href":"https:\/\/api.w.org\/{rel}","templated":true}]}}