{"id":74,"date":"2023-11-16T15:14:26","date_gmt":"2023-11-16T18:14:26","guid":{"rendered":"https:\/\/campogrande.nucleo.site\/semadur\/?page_id=74"},"modified":"2023-11-16T17:23:42","modified_gmt":"2023-11-16T20:23:42","slug":"indice-de-relevancia-ambiental-ia","status":"publish","type":"page","link":"https:\/\/campogrande.nucleo.site\/semadur\/indice-de-relevancia-ambiental-ia\/","title":{"rendered":"\u00cdndice de Relev\u00e2ncia Ambiental (IA)"},"content":{"rendered":"\n<p>A Lei n. 6.914, de 5 de setembro de 2022, a qual regulamenta a aplica\u00e7\u00e3o do \u00cdndice de Relev\u00e2ncia Ambiental (IA) no Munic\u00edpio de Campo Grande-MS e o equipara a TRA, institu\u00edda pela Lei Complementar n. 341, de 4 de dezembro de 2018, e suas altera\u00e7\u00f5es \u2013 Plano Diretor de Desenvolvimento Urbano Ambiental de Campo Grande (PDDUA), sendo um instrumento que visa promover a qualifica\u00e7\u00e3o da vida urbana por meio do incentivo \u00e0 implanta\u00e7\u00e3o de dispositivos de controle de drenagem combinado ao plantio e a manuten\u00e7\u00e3o de cobertura vegetal.<\/p>\n\n\n\n<p>Os simuladores que integram as Declara\u00e7\u00f5es de Atendimento ao IA correspondem aos Anexos II, III e IV da Lei n. 6.914, de 5 de setembro de 2022.&nbsp;<\/p>\n\n\n\n<p>Conforme os artigos 13 e 19 da Lei n. 6.914, de 5 de setembro de 2022, os crit\u00e9rios t\u00e9cnicos para o enquadramento das solu\u00e7\u00f5es paisag\u00edsticas e construtivas consideradas para o atendimento ao IA, est\u00e3o contidos no Manual, bem como, o \u201cpasso a passo\u201d para o preenchimento dos simuladores.<\/p>\n\n\n\n<p><a href=\"https:\/\/campogrande.nucleo.site\/semadur\/indice-de-relevancia-ambiental-ia\/perguntas-frequentes\/\" data-type=\"link\" data-id=\"https:\/\/campogrande.nucleo.site\/semadur\/indice-de-relevancia-ambiental-ia\/perguntas-frequentes\/\">Clique aqui<\/a> para visualizar as perguntas mais frequentes relacionadas ao \u00cdndice de Relev\u00e2ncia Ambiental!<\/p>\n\n\n\n<div class=\"wp-block-group has-grey-10-background-color has-background is-layout-constrained wp-container-core-group-is-layout-9763a80d wp-block-group-is-layout-constrained\" style=\"border-radius:20px;margin-top:5rem;padding-top:2rem;padding-right:2rem;padding-bottom:2rem;padding-left:2rem\">\t\t<div style=\"--columns: 4; --gap: 0px; --width: 100%; --items-height: 140px; --items-min-width: 85px; --items-gap: 5px; --items-icon-size: 35px; --active-color: var(--wp--preset--color--grey-80); --text-color: #303234; --item-text-color: var(--wp--preset--color--grey-80); --icon-color: var(--wp--preset--color--white); --item-background: var(--wp--preset--color--transparent); --icon-background: var(--wp--preset--color--secondary-60); --item-text-color-hover: var(--wp--preset--color--grey-80); --icon-color-hover: var(--wp--preset--color--white); --item-background-hover: var(--wp--preset--color--transparent); --icon-background-hover: var(--wp--preset--color--secondary-60); padding-top:20px;\" class=\"layout-box-item-outline-background scroll is-style-categories wp-block-prefeitura-campogrande-quick-access has-text-color has-grey-80-color has-background has-grey-10-background-color\">\n\t\t\t\t\t\t\t<div class=\"quick-access-header\">\n\t\t\t\t\t\n\t\t\t\t\t<h5 class=\"block-title has-text-color\" data-title=\"Documentos Relacionados\">Documentos Relacionados<\/h5>\t\t\t\t\t\n\t\t\t\t\t\t\t\t\t\t\t<div class=\"quick-access-navigation has-border-color\">\n\t\t\t\t\t\t\t<div id=\"a8db86f9-bd24-4ec6-99a3-13efab0fc3b3\" class=\"item-navigation small has-background active\">Diversos<\/div><div id=\"daa8f65d-5a51-4cf5-b1d2-8270cea332f4\" class=\"item-navigation small has-background\">Declara\u00e7\u00f5es<\/div>\t\t\t\t\t\t\t\n\t\t\t\t\t\t\t<label>\n\t\t\t\t\t\t\t\t<select id=\"categories\">\n\t\t\t\t\t\t\t\t\t<option value=\"a8db86f9-bd24-4ec6-99a3-13efab0fc3b3\">Diversos<\/option><option value=\"daa8f65d-5a51-4cf5-b1d2-8270cea332f4\">Declara\u00e7\u00f5es<\/option>\t\t\t\t\t\t\t\t<\/select>\n\t\t\t\t\t\t\t<\/label>\n\t\t\t\t\t\t\t<div class=\"active-marker\"><\/div>\n\t\t\t\t\t\t<\/div>\n\t\t\t\t\t\t\t\t\t<\/div>\n\t\t\t\n<div class=\"quick-access-wrapper-items categories wp-block-prefeitura-campogrande-quick-access-category\" id=\"a8db86f9-bd24-4ec6-99a3-13efab0fc3b3\">\n\n<div class=\"item has-background wp-block-prefeitura-campogrande-quick-access-item\" style=\"--item-text-color:var(--wp--preset--color--grey-80);--icon-color:var(--wp--preset--color--white);--icon-background:var(--wp--preset--color--secondary-60);--item-text-color-hover:var(--wp--preset--color--grey-80);--icon-color-hover:var(--wp--preset--color--white);--icon-background-hover:var(--wp--preset--color--secondary-60)\" title=\"Lei n.\u00ba 6.914, de 5 de setembro de 2022\"><a class=\"link\" rel=\"noopener\" href=\"https:\/\/prefcg-repositorio.campogrande.ms.gov.br\/wp-cdn\/uploads\/sites\/24\/2022\/12\/lein6914de5desetembrode2022-prefcg-1670247901.pdf\" target=\"_blank\"><div class=\"icon\"><i class=\"nmi-normal\">&#xF0536;<\/i><\/div><span lang=\"de\" class=\"text\">Lei n.\u00ba 6.914, de 5 de setembro de 2022<\/span><\/a><\/div>\n\n\n\n<div class=\"item has-background wp-block-prefeitura-campogrande-quick-access-item\" style=\"--item-text-color:var(--wp--preset--color--grey-80);--icon-color:var(--wp--preset--color--white);--icon-background:var(--wp--preset--color--secondary-60);--item-text-color-hover:var(--wp--preset--color--grey-80);--icon-color-hover:var(--wp--preset--color--white);--icon-background-hover:var(--wp--preset--color--secondary-60)\" title=\"Manual do \u00cdndice de Relev\u00e2ncia Ambiental\"><a class=\"link\" rel=\"noopener\" href=\"https:\/\/prefcg-repositorio.campogrande.ms.gov.br\/wp-cdn\/uploads\/sites\/24\/2022\/12\/manualdondicederelevnciaambientalia-versofinal-prefcg-1670254849.pdf\" target=\"_blank\"><div class=\"icon\"><i class=\"nmi-normal\">&#xF14BB;<\/i><\/div><span lang=\"de\" class=\"text\">Manual do \u00cdndice de Relev\u00e2ncia Ambiental<\/span><\/a><\/div>\n\n\n\n<div class=\"item has-background wp-block-prefeitura-campogrande-quick-access-item\" style=\"--item-text-color:var(--wp--preset--color--grey-80);--icon-color:var(--wp--preset--color--white);--icon-background:var(--wp--preset--color--secondary-60);--item-text-color-hover:var(--wp--preset--color--grey-80);--icon-color-hover:var(--wp--preset--color--white);--icon-background-hover:var(--wp--preset--color--secondary-60)\" title=\"Bairros e Loteamentos\"><a class=\"link\" rel=\"noopener\" href=\"https:\/\/sisgranmaps.campogrande.ms.gov.br\/\" target=\"_blank\"><div class=\"icon\"><i class=\"nmi-normal\">&#xF08C6;<\/i><\/div><span lang=\"de\" class=\"text\">Bairros e Loteamentos<\/span><\/a><\/div>\n\n\n\n<div class=\"item has-background wp-block-prefeitura-campogrande-quick-access-item\" style=\"--item-text-color:var(--wp--preset--color--grey-80);--icon-color:var(--wp--preset--color--white);--icon-background:var(--wp--preset--color--secondary-60);--item-text-color-hover:var(--wp--preset--color--grey-80);--icon-color-hover:var(--wp--preset--color--white);--icon-background-hover:var(--wp--preset--color--secondary-60)\" title=\"Modelo Prancha Padr\u00e3o\"><a class=\"link\" rel=\"noopener\" href=\"https:\/\/prefcg-repositorio.campogrande.ms.gov.br\/wp-cdn\/uploads\/sites\/24\/2022\/12\/pranchapadro-prefcg-1671491587.zip\" target=\"_self\"><div class=\"icon\"><i class=\"nmi-default\">&#xF28BE;<\/i><\/div><span lang=\"de\" class=\"text\">Modelo Prancha Padr\u00e3o<\/span><\/a><\/div>\n\n<\/div>\n\n<div class=\"quick-access-wrapper-items categories wp-block-prefeitura-campogrande-quick-access-category\" id=\"daa8f65d-5a51-4cf5-b1d2-8270cea332f4\">\n\n<div class=\"item has-background wp-block-prefeitura-campogrande-quick-access-item\" style=\"--item-text-color:var(--wp--preset--color--grey-80);--icon-color:var(--wp--preset--color--white);--icon-background:var(--wp--preset--color--secondary-60);--item-text-color-hover:var(--wp--preset--color--grey-80);--icon-color-hover:var(--wp--preset--color--white);--icon-background-hover:var(--wp--preset--color--secondary-60)\" title=\"Qual simulador devo utilizar?\"><a class=\"link\" rel=\"noopener\" href=\"https:\/\/campogrande.nucleo.site\/semadur\/quando-utilizar-cada-declaracao\/\" target=\"_self\"><div class=\"icon\"><i class=\"nmi-normal\">&#xF121B;<\/i><\/div><span lang=\"de\" class=\"text\">Qual simulador devo utilizar?<\/span><\/a><\/div>\n\n\n\n<div class=\"item has-background wp-block-prefeitura-campogrande-quick-access-item\" style=\"--item-text-color:var(--wp--preset--color--grey-80);--icon-color:var(--wp--preset--color--white);--icon-background:var(--wp--preset--color--secondary-60);--item-text-color-hover:var(--wp--preset--color--grey-80);--icon-color-hover:var(--wp--preset--color--white);--icon-background-hover:var(--wp--preset--color--secondary-60)\" title=\"Simulador Vers\u00e3o Padr\u00e3o\"><a class=\"link\" rel=\"noopener\" href=\"https:\/\/prefcg-repositorio.campogrande.ms.gov.br\/wp-cdn\/uploads\/sites\/24\/2022\/12\/anexoii-padro-prefcg-1671017845.xlsx\" target=\"_blank\"><div class=\"icon\"><i class=\"nmi-normal\">&#xF0F53;<\/i><\/div><span lang=\"de\" class=\"text\">Simulador Vers\u00e3o Padr\u00e3o<\/span><\/a><\/div>\n\n\n\n<div class=\"item has-background wp-block-prefeitura-campogrande-quick-access-item\" style=\"--item-text-color:var(--wp--preset--color--grey-80);--icon-color:var(--wp--preset--color--white);--icon-background:var(--wp--preset--color--secondary-60);--item-text-color-hover:var(--wp--preset--color--grey-80);--icon-color-hover:var(--wp--preset--color--white);--icon-background-hover:var(--wp--preset--color--secondary-60)\" title=\"Simulador Vers\u00e3o Detalhada\"><a class=\"link\" rel=\"noopener\" href=\"https:\/\/www.campogrande.ms.gov.br\/semadur\/downloads\/anexo-iii-simulador-versao-detalhada\/\" target=\"_blank\"><div class=\"icon\"><i class=\"nmi-normal\">&#xF0F53;<\/i><\/div><span lang=\"de\" class=\"text\">Simulador Vers\u00e3o Detalhada<\/span><\/a><\/div>\n\n\n\n<div class=\"item has-background wp-block-prefeitura-campogrande-quick-access-item\" style=\"--item-text-color:var(--wp--preset--color--grey-80);--icon-color:var(--wp--preset--color--white);--icon-background:var(--wp--preset--color--secondary-60);--item-text-color-hover:var(--wp--preset--color--grey-80);--icon-color-hover:var(--wp--preset--color--white);--icon-background-hover:var(--wp--preset--color--secondary-60)\" title=\"Simulador Loteamento\"><a class=\"link\" rel=\"noopener\" href=\"https:\/\/www.campogrande.ms.gov.br\/semadur\/downloads\/anexo-iv-simulador-loteamento\/\" target=\"_blank\"><div class=\"icon\"><i class=\"nmi-normal\">&#xF0F53;<\/i><\/div><span lang=\"de\" class=\"text\">Simulador Loteamento<\/span><\/a><\/div>\n\n<\/div>\n\t\t<\/div>\n\t\t<\/div>\n\n\n\n<p><\/p>\n","protected":false},"excerpt":{"rendered":"<p>A Lei n. 6.914, de 5 de setembro de 2022, a qual regulamenta a aplica\u00e7\u00e3o do \u00cdndice de Relev\u00e2ncia Ambiental (IA) no Munic\u00edpio de Campo Grande-MS e o equipara a TRA, institu\u00edda pela Lei Complementar n. 341, de 4 de dezembro de 2018, e suas altera\u00e7\u00f5es \u2013 Plano Diretor de Desenvolvimento Urbano Ambiental de Campo [&hellip;]<\/p>\n","protected":false},"author":1,"featured_media":0,"parent":0,"menu_order":8,"comment_status":"closed","ping_status":"closed","template":"","meta":{"_acf_changed":false,"custom_icon_class":"","footnotes":""},"class_list":["post-74","page","type-page","status-publish","hentry"],"acf":[],"_links":{"self":[{"href":"https:\/\/campogrande.nucleo.site\/semadur\/wp-json\/wp\/v2\/pages\/74","targetHints":{"allow":["GET"]}}],"collection":[{"href":"https:\/\/campogrande.nucleo.site\/semadur\/wp-json\/wp\/v2\/pages"}],"about":[{"href":"https:\/\/campogrande.nucleo.site\/semadur\/wp-json\/wp\/v2\/types\/page"}],"author":[{"embeddable":true,"href":"https:\/\/campogrande.nucleo.site\/semadur\/wp-json\/wp\/v2\/users\/1"}],"replies":[{"embeddable":true,"href":"https:\/\/campogrande.nucleo.site\/semadur\/wp-json\/wp\/v2\/comments?post=74"}],"version-history":[{"count":11,"href":"https:\/\/campogrande.nucleo.site\/semadur\/wp-json\/wp\/v2\/pages\/74\/revisions"}],"predecessor-version":[{"id":724,"href":"https:\/\/campogrande.nucleo.site\/semadur\/wp-json\/wp\/v2\/pages\/74\/revisions\/724"}],"wp:attachment":[{"href":"https:\/\/campogrande.nucleo.site\/semadur\/wp-json\/wp\/v2\/media?parent=74"}],"curies":[{"name":"wp","href":"https:\/\/api.w.org\/{rel}","templated":true}]}}