{"id":144,"date":"2023-12-01T14:00:33","date_gmt":"2023-12-01T17:00:33","guid":{"rendered":"https:\/\/campogrande.nucleo.site\/semed\/?page_id=144"},"modified":"2023-12-01T17:00:40","modified_gmt":"2023-12-01T20:00:40","slug":"professores-2024","status":"publish","type":"page","link":"https:\/\/campogrande.nucleo.site\/semed\/processos-seletivos\/professores-2024\/","title":{"rendered":"Professores 2024"},"content":{"rendered":"\n        <div style=\"--color: var(--wp--preset--color--grey-80); --background-color: var(--wp--preset--color--grey-20); --active-color: var(--wp--preset--color--grey-80); --active-background-color: var(--wp--preset--color--grey-30);\" class=\"has-text-color wp-block-nwe-tabs\">\n                            <div class=\"tabs-header\">\n                                        <div class=\"tabs-navigation\">\n                        <div class=\"item-navigation has-background\" id=\"b71b73be-df39-4dd5-9560-8a72ef8fc7fc\">Edital<\/div><div class=\"item-navigation has-background\" id=\"e54f58c1-a171-4b58-9cf0-5eff99beadea\">Inscritos<\/div><div class=\"item-navigation has-background\" id=\"553dc49f-0118-413b-907e-113efbee41b3\">Locais de Prova<\/div><div class=\"item-navigation has-background\" id=\"3e0a35bf-178a-4a79-be75-f2ee9ff7bd59\">Resultados<\/div><div class=\"item-navigation has-background\" id=\"16e6f919-6618-4415-bf1a-832ffcf32b1d\">Cotistas<\/div>                    <\/div>\n                                    <\/div>\n                <div class=\"tabs-content\">\n                    \n<div style=\"border-top-left-radius:0px;border-top-right-radius:12px;border-bottom-left-radius:12px;border-bottom-right-radius:12px;\" class=\"has-text-color wp-block-nwe-tabs-item\" id=\"b71b73be-df39-4dd5-9560-8a72ef8fc7fc\">\n\n<div class=\"wp-block-group flex-1 is-vertical is-content-justification-stretch is-layout-flex wp-container-core-group-is-layout-353c4f5a wp-block-group-is-layout-flex\">\n<div class=\"wp-block-columns is-layout-flex wp-container-core-columns-is-layout-c891cd6f wp-block-columns-is-layout-flex\" style=\"padding-top:2rem;padding-right:2rem;padding-bottom:2rem;padding-left:2rem\">\n<div class=\"wp-block-column is-layout-flow wp-block-column-is-layout-flow\">\n<div class=\"wp-block-buttons is-layout-flex wp-block-buttons-is-layout-flex\">\n<div class=\"wp-block-button has-custom-width wp-block-button__width-100 is-style-outline is-style-outline--1\"><a class=\"wp-block-button__link wp-element-button\" href=\"https:\/\/prefcg-repositorio.campogrande.ms.gov.br\/wp-cdn\/uploads\/sites\/5\/2023\/09\/Edital_proc_seletivo_2023.pdf\" style=\"border-radius:8px\" target=\"_blank\" rel=\"noreferrer noopener\">Edital de Abertura<\/a><\/div>\n<\/div>\n<\/div>\n\n\n\n<div class=\"wp-block-column is-layout-flow wp-block-column-is-layout-flow\">\n<div class=\"wp-block-buttons is-layout-flex wp-block-buttons-is-layout-flex\">\n<div class=\"wp-block-button has-custom-width wp-block-button__width-100 is-style-outline is-style-outline--2\"><a class=\"wp-block-button__link wp-element-button\" href=\"https:\/\/prefcg-repositorio.campogrande.ms.gov.br\/wp-cdn\/uploads\/sites\/5\/2023\/09\/Errata_proc_seletivo_2023_1109.pdf\" style=\"border-radius:8px\" target=\"_blank\" rel=\"noreferrer noopener\">Errata Edital<\/a><\/div>\n<\/div>\n<\/div>\n\n\n\n<div class=\"wp-block-column is-layout-flow wp-block-column-is-layout-flow\">\n<div class=\"wp-block-buttons is-layout-flex wp-block-buttons-is-layout-flex\">\n<div class=\"wp-block-button has-custom-width wp-block-button__width-100 is-style-outline is-style-outline--3\"><a class=\"wp-block-button__link wp-element-button\" href=\"https:\/\/prefcg-repositorio.campogrande.ms.gov.br\/wp-cdn\/uploads\/sites\/5\/2023\/09\/Errata_proc_seletivo_2023_1809.pdf\" style=\"border-radius:8px\" target=\"_blank\" rel=\"noreferrer noopener\">Errata Conte\u00fado<\/a><\/div>\n<\/div>\n<\/div>\n<\/div>\n\n\n\n<div class=\"wp-block-columns is-layout-flex wp-container-core-columns-is-layout-c891cd6f wp-block-columns-is-layout-flex\" style=\"padding-top:2rem;padding-right:2rem;padding-bottom:2rem;padding-left:2rem\">\n<div class=\"wp-block-column is-layout-flow wp-block-column-is-layout-flow\">\n<div class=\"wp-block-buttons is-layout-flex wp-block-buttons-is-layout-flex\">\n<div class=\"wp-block-button has-custom-width wp-block-button__width-100 is-style-outline is-style-outline--4\"><a class=\"wp-block-button__link wp-element-button\" href=\"https:\/\/prefcg-repositorio.campogrande.ms.gov.br\/wp-cdn\/uploads\/sites\/5\/2023\/09\/Errata_proc_seletivo_2023_2509.pdf\" style=\"border-radius:8px\" target=\"_blank\" rel=\"noreferrer noopener\">Errata 25\/09\/2023<\/a><\/div>\n<\/div>\n<\/div>\n\n\n\n<div class=\"wp-block-column is-layout-flow wp-block-column-is-layout-flow\">\n<div class=\"wp-block-buttons is-layout-flex wp-block-buttons-is-layout-flex\">\n<div class=\"wp-block-button has-custom-width wp-block-button__width-100 is-style-outline is-style-outline--5\"><a class=\"wp-block-button__link wp-element-button\" href=\"https:\/\/prefcg-repositorio.campogrande.ms.gov.br\/wp-cdn\/uploads\/sites\/5\/2023\/11\/Errata_Alteracao_cronograma_result_banca_heteroidentificacao.pdf\" style=\"border-radius:8px\" target=\"_blank\" rel=\"noreferrer noopener\">Errata Altera\u00e7\u00e3o de Cronograma<\/a><\/div>\n<\/div>\n<\/div>\n\n\n\n<div class=\"wp-block-column is-layout-flow wp-block-column-is-layout-flow\"><\/div>\n<\/div>\n<\/div>\n\n<\/div>\n\n<div style=\"border-top-left-radius:0px;border-top-right-radius:12px;border-bottom-right-radius:12px;border-bottom-left-radius:12px;\" class=\"has-text-color wp-block-nwe-tabs-item\" id=\"e54f58c1-a171-4b58-9cf0-5eff99beadea\">\n\n<div class=\"wp-block-group flex-1 is-vertical is-content-justification-stretch is-layout-flex wp-container-core-group-is-layout-353c4f5a wp-block-group-is-layout-flex\">\n<div class=\"wp-block-columns is-layout-flex wp-container-core-columns-is-layout-c891cd6f wp-block-columns-is-layout-flex\" style=\"padding-top:2rem;padding-right:2rem;padding-bottom:2rem;padding-left:2rem\">\n<div class=\"wp-block-column is-layout-flow wp-block-column-is-layout-flow\">\n<div class=\"wp-block-buttons is-layout-flex wp-block-buttons-is-layout-flex\">\n<div class=\"wp-block-button has-custom-width wp-block-button__width-100 is-style-outline is-style-outline--6\"><a class=\"wp-block-button__link wp-element-button\" href=\"https:\/\/prefcg-repositorio.campogrande.ms.gov.br\/wp-cdn\/uploads\/sites\/5\/2023\/09\/Edital-Conjunto-SEMED-SEGES-N.-6-PROFESSOR-TEMPORARIO_Inscritos.pdf\" style=\"border-radius:8px\" target=\"_blank\" rel=\"noreferrer noopener\">Rela\u00e7\u00e3o de<br>Inscritos<\/a><\/div>\n<\/div>\n<\/div>\n\n\n\n<div class=\"wp-block-column is-layout-flow wp-block-column-is-layout-flow\">\n<div class=\"wp-block-buttons is-layout-flex wp-block-buttons-is-layout-flex\">\n<div class=\"wp-block-button has-custom-width wp-block-button__width-100 is-style-outline is-style-outline--7\"><a class=\"wp-block-button__link wp-element-button\" href=\"https:\/\/prefcg-repositorio.campogrande.ms.gov.br\/wp-cdn\/uploads\/sites\/5\/2023\/09\/Edital-Conjunto-SEMED-SEGES-N.-6-Atendimento-Especial_PROFESSOR-TEMPORARIO.pdf\" style=\"border-radius:8px\" target=\"_blank\" rel=\"noreferrer noopener\">Inscritos com atendimento especializado<\/a><\/div>\n<\/div>\n<\/div>\n\n\n\n<div class=\"wp-block-column is-layout-flow wp-block-column-is-layout-flow\">\n<div class=\"wp-block-buttons is-layout-flex wp-block-buttons-is-layout-flex\">\n<div class=\"wp-block-button has-custom-width wp-block-button__width-100 is-style-outline is-style-outline--8\"><a class=\"wp-block-button__link wp-element-button\" href=\"https:\/\/prefcg-repositorio.campogrande.ms.gov.br\/wp-cdn\/uploads\/sites\/5\/2023\/09\/Edital-Conjunto-SEMED-SEGES-N.-6-PROFESSOR-TEMPORARIO_Homologacao-de-Inscritos.pdf\" style=\"border-radius:8px\" target=\"_blank\" rel=\"noreferrer noopener\">Homologa\u00e7\u00e3o de <br>Inscri\u00e7\u00f5es<\/a><\/div>\n<\/div>\n<\/div>\n\n\n\n<div class=\"wp-block-column is-layout-flow wp-block-column-is-layout-flow\">\n<div class=\"wp-block-buttons is-layout-flex wp-block-buttons-is-layout-flex\">\n<div class=\"wp-block-button has-custom-width wp-block-button__width-100 is-style-outline is-style-outline--9\"><a class=\"wp-block-button__link wp-element-button\" style=\"border-radius:8px\">Resultado de <br>Recursos<\/a><\/div>\n<\/div>\n<\/div>\n<\/div>\n\n\n\n<div class=\"wp-block-group is-layout-constrained wp-container-core-group-is-layout-18a162c3 wp-block-group-is-layout-constrained\" style=\"padding-top:2rem;padding-right:2rem;padding-bottom:2rem;padding-left:2rem\">\n<p>1.4. Fica estabelecido o prazo de 2 dias uteis a partir da data da publica\u00e7\u00e3o, para interposi\u00e7\u00e3o de recursos sobre:<\/p>\n\n\n\n<p>a) indeferimento da inscri\u00e7\u00e3o;<\/p>\n\n\n\n<p>1.4.1 Para interpor recurso, o candidato dever\u00e1 acessar a \u00e1rea do candidato no site concurso.fapec.org, clicar em solicitar recurso e fundamentar as raz\u00f5es do mesmo.<\/p>\n\n\n\n<p>1.4.2 Antes de enviar o recurso<strong>, <\/strong>o candidato dever\u00e1 conferir se a fundamenta\u00e7\u00e3o corresponde \u00e0 quest\u00e3o ou ao assunto, uma vez que, depois de enviado o recurso, n\u00e3o ser\u00e1 poss\u00edvel corrigir a fundamenta\u00e7\u00e3o e\/ou exclu\u00ed-la.<\/p>\n<\/div>\n<\/div>\n\n<\/div>\n\n<div style=\"border-top-left-radius:0px;border-top-right-radius:12px;border-bottom-left-radius:12px;border-bottom-right-radius:12px;\" class=\"has-text-color wp-block-nwe-tabs-item\" id=\"553dc49f-0118-413b-907e-113efbee41b3\">\n\n<div class=\"wp-block-group flex-1 is-vertical is-content-justification-stretch is-layout-flex wp-container-core-group-is-layout-353c4f5a wp-block-group-is-layout-flex\">\n<div class=\"wp-block-columns is-layout-flex wp-container-core-columns-is-layout-c891cd6f wp-block-columns-is-layout-flex\" style=\"padding-top:2rem;padding-right:2rem;padding-bottom:2rem;padding-left:2rem\">\n<div class=\"wp-block-column is-layout-flow wp-block-column-is-layout-flow\">\n<div class=\"wp-block-buttons is-layout-flex wp-block-buttons-is-layout-flex\">\n<div class=\"wp-block-button has-custom-width wp-block-button__width-100 is-style-outline is-style-outline--10\"><a class=\"wp-block-button__link wp-element-button\" href=\"https:\/\/prefcg-repositorio.campogrande.ms.gov.br\/wp-cdn\/uploads\/sites\/5\/2023\/10\/Edital-Conjunto-SEMED-SEGES-N.-6-6-PROFESSOR-TEMPORARIO_Relacao-dos-Locais.pdf\" style=\"border-radius:8px\" target=\"_blank\" rel=\"noreferrer noopener\">Acesse Locais de Prova<\/a><\/div>\n<\/div>\n<\/div>\n\n\n\n<div class=\"wp-block-column is-layout-flow wp-block-column-is-layout-flow\"><\/div>\n\n\n\n<div class=\"wp-block-column is-layout-flow wp-block-column-is-layout-flow\"><\/div>\n<\/div>\n<\/div>\n\n<\/div>\n\n<div style=\"border-top-left-radius:0px;border-top-right-radius:12px;border-bottom-left-radius:12px;border-bottom-right-radius:12px;\" class=\"has-text-color wp-block-nwe-tabs-item\" id=\"3e0a35bf-178a-4a79-be75-f2ee9ff7bd59\">\n\n<div class=\"wp-block-group flex-1 is-vertical is-content-justification-stretch is-layout-flex wp-container-core-group-is-layout-353c4f5a wp-block-group-is-layout-flex\">\n<div class=\"wp-block-columns is-layout-flex wp-container-core-columns-is-layout-c891cd6f wp-block-columns-is-layout-flex\" style=\"padding-top:2rem;padding-right:2rem;padding-bottom:2rem;padding-left:2rem\">\n<div class=\"wp-block-column is-layout-flow wp-block-column-is-layout-flow\">\n<div class=\"wp-block-buttons is-layout-flex wp-block-buttons-is-layout-flex\">\n<div class=\"wp-block-button has-custom-width wp-block-button__width-100 is-style-outline is-style-outline--11\"><a class=\"wp-block-button__link wp-element-button\" href=\"https:\/\/prefcg-repositorio.campogrande.ms.gov.br\/wp-cdn\/uploads\/sites\/5\/2023\/11\/Edital-Conjunto-SEMED-SEGES-N.-6-9-PROFESSOR-TEMPORARIO_Resultado-Preliminar.pdf\" style=\"border-radius:8px\" target=\"_blank\" rel=\"noreferrer noopener\">Resultado Preliminar<\/a><\/div>\n<\/div>\n<\/div>\n\n\n\n<div class=\"wp-block-column is-layout-flow wp-block-column-is-layout-flow\">\n<div class=\"wp-block-buttons is-layout-flex wp-block-buttons-is-layout-flex\">\n<div class=\"wp-block-button has-custom-width wp-block-button__width-100 is-style-outline is-style-outline--12\"><a class=\"wp-block-button__link wp-element-button\" href=\"https:\/\/prefcg-repositorio.campogrande.ms.gov.br\/wp-cdn\/uploads\/sites\/5\/2023\/11\/Edital-Conjunto-SEMED-SEGES-N.-6-8-PROFESSOR-TEMPORARIO_Gabarito-Definitivo.pdf\" style=\"border-radius:8px\" target=\"_blank\" rel=\"noreferrer noopener\">Gabarito Definitivo<\/a><\/div>\n<\/div>\n<\/div>\n\n\n\n<div class=\"wp-block-column is-layout-flow wp-block-column-is-layout-flow\">\n<div class=\"wp-block-buttons is-layout-flex wp-block-buttons-is-layout-flex\">\n<div class=\"wp-block-button has-custom-width wp-block-button__width-100 is-style-outline is-style-outline--13\"><a class=\"wp-block-button__link wp-element-button\" href=\"https:\/\/prefcg-repositorio.campogrande.ms.gov.br\/wp-cdn\/uploads\/sites\/5\/2023\/10\/PROFESSOR-TEMPORARIO_Gabarito-Preliminar_2023.pdf\" style=\"border-radius:8px\" target=\"_blank\" rel=\"noreferrer noopener\">Gabarito Preliminar<\/a><\/div>\n<\/div>\n<\/div>\n<\/div>\n<\/div>\n\n<\/div>\n\n<div style=\"border-top-left-radius:0px;border-top-right-radius:12px;border-bottom-left-radius:12px;border-bottom-right-radius:12px;\" class=\"has-text-color wp-block-nwe-tabs-item\" id=\"16e6f919-6618-4415-bf1a-832ffcf32b1d\">\n\n<div class=\"wp-block-group flex-1 is-vertical is-content-justification-stretch is-layout-flex wp-container-core-group-is-layout-353c4f5a wp-block-group-is-layout-flex\">\n<div class=\"wp-block-group is-layout-constrained wp-container-core-group-is-layout-18a162c3 wp-block-group-is-layout-constrained\" style=\"padding-top:2rem;padding-right:2rem;padding-bottom:2rem;padding-left:2rem\">\n<h4 class=\"wp-block-heading\">Convoca\u00e7\u00e3o Cotistas<\/h4>\n<\/div>\n\n\n\n<div class=\"wp-block-columns is-layout-flex wp-container-core-columns-is-layout-c891cd6f wp-block-columns-is-layout-flex\" style=\"padding-top:2rem;padding-right:2rem;padding-bottom:2rem;padding-left:2rem\">\n<div class=\"wp-block-column is-layout-flow wp-block-column-is-layout-flow\">\n<div class=\"wp-block-buttons is-layout-flex wp-block-buttons-is-layout-flex\">\n<div class=\"wp-block-button has-custom-width wp-block-button__width-100 is-style-outline is-style-outline--14\"><a class=\"wp-block-button__link wp-element-button\" href=\"https:\/\/prefcg-repositorio.campogrande.ms.gov.br\/wp-cdn\/uploads\/sites\/5\/2023\/09\/Edital-Conjunto-SEMED-SEGES-N.-6-PROFESSOR-TEMPORARIO_Inscritos.pdf\" style=\"border-radius:8px\" target=\"_blank\" rel=\"noreferrer noopener\">Convoca\u00e7\u00e3o para Heteroidentifica\u00e7\u00e3o, <br>Entrega de Documentos Ind\u00edgenas,<br>Pessoas com defici\u00eancia (PCD) <\/a><\/div>\n<\/div>\n<\/div>\n\n\n\n<div class=\"wp-block-column is-layout-flow wp-block-column-is-layout-flow\">\n<div class=\"wp-block-buttons is-layout-flex wp-block-buttons-is-layout-flex\">\n<div class=\"wp-block-button has-custom-width wp-block-button__width-100 is-style-outline is-style-outline--15\"><a class=\"wp-block-button__link wp-element-button\" href=\"https:\/\/prefcg-repositorio.campogrande.ms.gov.br\/wp-cdn\/uploads\/sites\/5\/2023\/09\/Edital-Conjunto-SEMED-SEGES-N.-6-Atendimento-Especial_PROFESSOR-TEMPORARIO.pdf\" style=\"border-radius:8px\" target=\"_blank\" rel=\"noreferrer noopener\">Banca <br>de <br>Heteroidentifica\u00e7\u00e3o<\/a><\/div>\n<\/div>\n<\/div>\n\n\n\n<div class=\"wp-block-column is-layout-flow wp-block-column-is-layout-flow\">\n<div class=\"wp-block-buttons is-layout-flex wp-block-buttons-is-layout-flex\">\n<div class=\"wp-block-button has-custom-width wp-block-button__width-100 is-style-outline is-style-outline--16\"><a class=\"wp-block-button__link wp-element-button\" href=\"https:\/\/prefcg-repositorio.campogrande.ms.gov.br\/wp-cdn\/uploads\/sites\/5\/2023\/09\/Edital-Conjunto-SEMED-SEGES-N.-6-PROFESSOR-TEMPORARIO_Homologacao-de-Inscritos.pdf\" style=\"border-radius:8px\" target=\"_blank\" rel=\"noreferrer noopener\">Resultado da <br>Banca de <br>Heteroidentifica\u00e7\u00e3o<\/a><\/div>\n<\/div>\n<\/div>\n<\/div>\n<\/div>\n\n<\/div>\n                <\/div>\n                    <\/div>\n        ","protected":false},"excerpt":{"rendered":"","protected":false},"author":1,"featured_media":0,"parent":141,"menu_order":1,"comment_status":"closed","ping_status":"closed","template":"","meta":{"_acf_changed":false,"custom_icon_class":"","footnotes":""},"class_list":["post-144","page","type-page","status-publish","hentry"],"acf":[],"_links":{"self":[{"href":"https:\/\/campogrande.nucleo.site\/semed\/wp-json\/wp\/v2\/pages\/144","targetHints":{"allow":["GET"]}}],"collection":[{"href":"https:\/\/campogrande.nucleo.site\/semed\/wp-json\/wp\/v2\/pages"}],"about":[{"href":"https:\/\/campogrande.nucleo.site\/semed\/wp-json\/wp\/v2\/types\/page"}],"author":[{"embeddable":true,"href":"https:\/\/campogrande.nucleo.site\/semed\/wp-json\/wp\/v2\/users\/1"}],"replies":[{"embeddable":true,"href":"https:\/\/campogrande.nucleo.site\/semed\/wp-json\/wp\/v2\/comments?post=144"}],"version-history":[{"count":10,"href":"https:\/\/campogrande.nucleo.site\/semed\/wp-json\/wp\/v2\/pages\/144\/revisions"}],"predecessor-version":[{"id":1077,"href":"https:\/\/campogrande.nucleo.site\/semed\/wp-json\/wp\/v2\/pages\/144\/revisions\/1077"}],"up":[{"embeddable":true,"href":"https:\/\/campogrande.nucleo.site\/semed\/wp-json\/wp\/v2\/pages\/141"}],"wp:attachment":[{"href":"https:\/\/campogrande.nucleo.site\/semed\/wp-json\/wp\/v2\/media?parent=144"}],"curies":[{"name":"wp","href":"https:\/\/api.w.org\/{rel}","templated":true}]}}