{"id":54,"date":"2023-12-01T10:48:55","date_gmt":"2023-12-01T13:48:55","guid":{"rendered":"https:\/\/campogrande.nucleo.site\/semed\/?page_id=54"},"modified":"2023-12-06T13:46:06","modified_gmt":"2023-12-06T16:46:06","slug":"cefor","status":"publish","type":"page","link":"https:\/\/campogrande.nucleo.site\/semed\/cefor\/","title":{"rendered":"CEFOR \u2013 Centro de Forma\u00e7\u00e3o para a Educa\u00e7\u00e3o"},"content":{"rendered":"\n<div class=\"wp-block-media-text is-stacked-on-mobile\" style=\"grid-template-columns:44% auto\"><figure class=\"wp-block-media-text__media\"><img loading=\"lazy\" decoding=\"async\" width=\"1024\" height=\"680\" src=\"https:\/\/campogrande.nucleo.site\/semed\/wp-content\/uploads\/sites\/15\/2023\/12\/foto-cefor-1630000302-1024x680.jpg\" alt=\"\" class=\"wp-image-58 size-full\" srcset=\"https:\/\/campogrande.nucleo.site\/semed\/wp-content\/uploads\/sites\/15\/2023\/12\/foto-cefor-1630000302-1024x680.jpg 1024w, https:\/\/campogrande.nucleo.site\/semed\/wp-content\/uploads\/sites\/15\/2023\/12\/foto-cefor-1630000302-300x199.jpg 300w, https:\/\/campogrande.nucleo.site\/semed\/wp-content\/uploads\/sites\/15\/2023\/12\/foto-cefor-1630000302-768x510.jpg 768w, https:\/\/campogrande.nucleo.site\/semed\/wp-content\/uploads\/sites\/15\/2023\/12\/foto-cefor-1630000302.jpg 1239w\" sizes=\"auto, (max-width: 1024px) 100vw, 1024px\" \/><\/figure><div class=\"wp-block-media-text__content\">\n<h5 class=\"wp-block-heading\"><strong>ProFuncion\u00e1rio<\/strong><\/h5>\n\n\n\n<p><\/p>\n\n\n\n<p><a href=\"https:\/\/diogrande.campogrande.ms.gov.br\/download_edicao\/eyJjb2RpZ29kaWEiOiI4MTIwIn0%3D.pdf\" target=\"_blank\" rel=\"noreferrer noopener\">EDITAL DE INSCRI\u00c7\u00c3O PROFUNCION\u00c1RIO &#8211; Clique aqui<br><\/a><\/p>\n\n\n\n<p>Est\u00e3o abertas as inscri\u00e7\u00f5es para os funcion\u00e1rios efetivos da educa\u00e7\u00e3o n\u00e3o docentes do quadro efetivo a realizarem os cursos do Programa Profuncion\u00e1rio. Os interessados devem se inscrever a partir do dia 09 de maio at\u00e9 as 17hs do dia 16 de maio de 2022, atrav\u00e9s do link <a href=\"https:\/\/forms.gle\/oUcB8TmbDQ6VQnbF6\" target=\"_blank\" rel=\"noreferrer noopener\">https:\/\/forms.gle\/oUcB8TmbDQ6VQnbF6<\/a>.<\/p>\n\n\n\n<p>Foi realizada a pr\u00e9-inscri\u00e7\u00e3o para levantamento de demanda, por\u00e9m ser\u00e3o considerados inscritos somente os que preencherem o formul\u00e1rio publicado no Diogrande n 6.634 de 9 de maio de 2022.<\/p>\n\n\n\n<p><a href=\"https:\/\/prefcg-repositorio.campogrande.ms.gov.br\/wp-cdn\/uploads\/sites\/5\/2022\/06\/profuncionrio_relao_inscrio_preliminar_processo2-prefcg-1655988429.pdf\" target=\"_blank\" rel=\"noreferrer noopener\">RELA\u00c7\u00c3O PRELIMINAR DO PROGRAMA PROFUNCION\u00c1RIO 2022 \u2013 EDITAL 11\/2022<\/a><\/p>\n\n\n\n<hr class=\"wp-block-separator has-alpha-channel-opacity is-style-dots\"\/>\n<\/div><\/div>\n\n\n\n<p><\/p>\n\n\n\n<h5 class=\"wp-block-heading\"><strong>Emiss\u00e3o de Certificados<\/strong><\/h5>\n\n\n\n<p>Para informa\u00e7\u00f5es sobre a EMISS\u00c3O DE CERTIFICADOS, consultar a RESOLU\u00c7\u00c3O SEMED N. 238, DE 21 DE FEVEREIRO DE 2022 (DIOGRANDE n. 6.558 \u2013 quarta-feira, 23 de fevereiro de 2022 \u2013 p. 3)<br><\/p>\n\n\n\n<p>Clique aqui: <a href=\"https:\/\/diogrande.campogrande.ms.gov.br\/download_edicao\/eyJjb2RpZ29kaWEiOiI3OTc2In0%3D.pdf\">eyJjb2RpZ29kaWEiOiI3OTc2In0=.pdf (campogrande.ms.gov.br) <\/a>na p\u00e1gina 3.<\/p>\n\n\n\n<hr class=\"wp-block-separator has-alpha-channel-opacity is-style-dots\"\/>\n\n\n\n<h5 class=\"wp-block-heading\"><strong>Forma\u00e7\u00f5es Continuadas e Administrativas<\/strong><\/h5>\n\n\n\n<p>Segue informa\u00e7\u00f5es &#8230;<\/p>\n\n\n\n<hr class=\"wp-block-separator has-alpha-channel-opacity is-style-dots\"\/>\n\n\n\n<h5 class=\"wp-block-heading\"><strong>Calend\u00e1rio e Agenda do Cerimonial<\/strong><\/h5>\n\n\n\n<p>Em constru\u00e7\u00e3o ..<\/p>\n","protected":false},"excerpt":{"rendered":"<p>Emiss\u00e3o de Certificados Para informa\u00e7\u00f5es sobre a EMISS\u00c3O DE CERTIFICADOS, consultar a RESOLU\u00c7\u00c3O SEMED N. 238, DE 21 DE FEVEREIRO DE 2022 (DIOGRANDE n. 6.558 \u2013 quarta-feira, 23 de fevereiro de 2022 \u2013 p. 3) Clique aqui: eyJjb2RpZ29kaWEiOiI3OTc2In0=.pdf (campogrande.ms.gov.br) na p\u00e1gina 3. Forma\u00e7\u00f5es Continuadas e Administrativas Segue informa\u00e7\u00f5es &#8230; Calend\u00e1rio e Agenda do Cerimonial Em [&hellip;]<\/p>\n","protected":false},"author":1,"featured_media":0,"parent":0,"menu_order":11,"comment_status":"closed","ping_status":"closed","template":"","meta":{"_acf_changed":false,"custom_icon_class":"","footnotes":""},"class_list":["post-54","page","type-page","status-publish","hentry"],"acf":[],"_links":{"self":[{"href":"https:\/\/campogrande.nucleo.site\/semed\/wp-json\/wp\/v2\/pages\/54","targetHints":{"allow":["GET"]}}],"collection":[{"href":"https:\/\/campogrande.nucleo.site\/semed\/wp-json\/wp\/v2\/pages"}],"about":[{"href":"https:\/\/campogrande.nucleo.site\/semed\/wp-json\/wp\/v2\/types\/page"}],"author":[{"embeddable":true,"href":"https:\/\/campogrande.nucleo.site\/semed\/wp-json\/wp\/v2\/users\/1"}],"replies":[{"embeddable":true,"href":"https:\/\/campogrande.nucleo.site\/semed\/wp-json\/wp\/v2\/comments?post=54"}],"version-history":[{"count":9,"href":"https:\/\/campogrande.nucleo.site\/semed\/wp-json\/wp\/v2\/pages\/54\/revisions"}],"predecessor-version":[{"id":75,"href":"https:\/\/campogrande.nucleo.site\/semed\/wp-json\/wp\/v2\/pages\/54\/revisions\/75"}],"wp:attachment":[{"href":"https:\/\/campogrande.nucleo.site\/semed\/wp-json\/wp\/v2\/media?parent=54"}],"curies":[{"name":"wp","href":"https:\/\/api.w.org\/{rel}","templated":true}]}}