{"id":548,"date":"2023-12-04T13:01:01","date_gmt":"2023-12-04T16:01:01","guid":{"rendered":"https:\/\/campogrande.nucleo.site\/semed\/?page_id=548"},"modified":"2023-12-04T13:07:57","modified_gmt":"2023-12-04T16:07:57","slug":"semana-da-biblioteca-escolar","status":"publish","type":"page","link":"https:\/\/campogrande.nucleo.site\/semed\/ditec\/semana-da-biblioteca-escolar\/","title":{"rendered":"Semana da Biblioteca Escolar"},"content":{"rendered":"\n<figure class=\"wp-block-image aligncenter size-full\"><img loading=\"lazy\" decoding=\"async\" width=\"1024\" height=\"279\" src=\"https:\/\/campogrande.nucleo.site\/semed\/wp-content\/uploads\/sites\/15\/2023\/12\/semanapedaggicas-prefcg-1666984000-1024x279-1.jpg\" alt=\"\" class=\"wp-image-549\" srcset=\"https:\/\/campogrande.nucleo.site\/semed\/wp-content\/uploads\/sites\/15\/2023\/12\/semanapedaggicas-prefcg-1666984000-1024x279-1.jpg 1024w, https:\/\/campogrande.nucleo.site\/semed\/wp-content\/uploads\/sites\/15\/2023\/12\/semanapedaggicas-prefcg-1666984000-1024x279-1-300x82.jpg 300w, https:\/\/campogrande.nucleo.site\/semed\/wp-content\/uploads\/sites\/15\/2023\/12\/semanapedaggicas-prefcg-1666984000-1024x279-1-768x209.jpg 768w\" sizes=\"auto, (max-width: 1024px) 100vw, 1024px\" \/><\/figure>\n\n\n\n<div style=\"height:58px\" aria-hidden=\"true\" class=\"wp-block-spacer\"><\/div>\n\n\n\n<div class=\"wp-block-group is-layout-constrained wp-block-group-is-layout-constrained\">\n        <div style=\"--color: #000000; --background-color: var(--wp--preset--color--grey-10); --active-color: #000000; --active-background-color: #ffffff;\" class=\"has-text-color wp-block-nwe-tabs\">\n                            <div class=\"tabs-header\">\n                                        <div class=\"tabs-navigation\">\n                        <div class=\"item-navigation has-background\" id=\"60642dfd-3bcc-438d-b8c6-5c6ff71fdaa8\">Sobre<\/div><div class=\"item-navigation has-background\" id=\"c875766e-2dbf-4c86-bde5-fdd368d2e055\">Concurso Semana da Biblioteca<\/div><div class=\"item-navigation has-background\" id=\"6d4c30f3-0f94-4dba-b8bc-3aaa01c0a8af\">Oficinas Pedag\u00f3gicas<\/div>                    <\/div>\n                                    <\/div>\n                <div class=\"tabs-content\">\n                    \n<div class=\"has-text-color wp-block-nwe-tabs-item\" id=\"60642dfd-3bcc-438d-b8c6-5c6ff71fdaa8\">\n\n<div class=\"wp-block-group is-layout-constrained wp-block-group-is-layout-constrained\">\n<div style=\"height:58px\" aria-hidden=\"true\" class=\"wp-block-spacer\"><\/div>\n\n\n\n<p>A proposta \u201cSemana da Biblioteca Escolar\u201d consiste em propiciar momentos de forma\u00e7\u00e3o e compartilhamento de ideias entre profissionais que trabalham nas bibliotecas, enquanto agentes ativos no contexto escolar, com vistas a valorizar a atua\u00e7\u00e3o desses profissionais no contexto escolar, assim como, contribuir com o desempenho da aprendizagem dos estudantes.\u00a0<\/p>\n<\/div>\n\n<\/div>\n\n<div class=\"has-text-color wp-block-nwe-tabs-item\" id=\"c875766e-2dbf-4c86-bde5-fdd368d2e055\">\n\n<div class=\"wp-block-group is-layout-constrained wp-block-group-is-layout-constrained\">\n<figure class=\"wp-block-image aligncenter size-full is-resized\"><img loading=\"lazy\" decoding=\"async\" width=\"722\" height=\"196\" src=\"https:\/\/campogrande.nucleo.site\/semed\/wp-content\/uploads\/sites\/15\/2023\/12\/ttulo-prefcg-1666985524.jpg\" alt=\"\" class=\"wp-image-550\" style=\"width:722px;height:auto\" srcset=\"https:\/\/campogrande.nucleo.site\/semed\/wp-content\/uploads\/sites\/15\/2023\/12\/ttulo-prefcg-1666985524.jpg 722w, https:\/\/campogrande.nucleo.site\/semed\/wp-content\/uploads\/sites\/15\/2023\/12\/ttulo-prefcg-1666985524-300x81.jpg 300w\" sizes=\"auto, (max-width: 722px) 100vw, 722px\" \/><\/figure>\n\n\n\n<figure class=\"wp-block-image aligncenter size-full\"><img loading=\"lazy\" decoding=\"async\" width=\"1024\" height=\"590\" src=\"https:\/\/campogrande.nucleo.site\/semed\/wp-content\/uploads\/sites\/15\/2023\/12\/2.png\" alt=\"\" class=\"wp-image-551\" srcset=\"https:\/\/campogrande.nucleo.site\/semed\/wp-content\/uploads\/sites\/15\/2023\/12\/2.png 1024w, https:\/\/campogrande.nucleo.site\/semed\/wp-content\/uploads\/sites\/15\/2023\/12\/2-300x173.png 300w, https:\/\/campogrande.nucleo.site\/semed\/wp-content\/uploads\/sites\/15\/2023\/12\/2-768x443.png 768w\" sizes=\"auto, (max-width: 1024px) 100vw, 1024px\" \/><\/figure>\n\n\n\n<figure class=\"wp-block-image aligncenter size-full\"><a href=\"https:\/\/docs.google.com\/forms\/d\/e\/1FAIpQLScHn9GiO33br1c4libWXJ28kws4WtDtWPDvZLMBD19VOR7xGQ\/viewform\" target=\"_blank\" rel=\"noreferrer noopener\"><img loading=\"lazy\" decoding=\"async\" width=\"150\" height=\"150\" src=\"https:\/\/campogrande.nucleo.site\/semed\/wp-content\/uploads\/sites\/15\/2023\/12\/clique-aqui-e1398349711367-300x280-prefcg-1666982433-150x150-1.png\" alt=\"\" class=\"wp-image-552\"\/><\/a><\/figure>\n<\/div>\n\n<\/div>\n\n<div class=\"has-text-color wp-block-nwe-tabs-item\" id=\"6d4c30f3-0f94-4dba-b8bc-3aaa01c0a8af\">\n\n<div class=\"wp-block-group is-layout-constrained wp-block-group-is-layout-constrained\">\n<div style=\"height:58px\" aria-hidden=\"true\" class=\"wp-block-spacer\"><\/div>\n\n\n\n<figure class=\"wp-block-image aligncenter size-full is-resized\"><img loading=\"lazy\" decoding=\"async\" width=\"502\" height=\"127\" src=\"https:\/\/campogrande.nucleo.site\/semed\/wp-content\/uploads\/sites\/15\/2023\/12\/13.jpg\" alt=\"\" class=\"wp-image-553\" style=\"width:597px;height:auto\" srcset=\"https:\/\/campogrande.nucleo.site\/semed\/wp-content\/uploads\/sites\/15\/2023\/12\/13.jpg 502w, https:\/\/campogrande.nucleo.site\/semed\/wp-content\/uploads\/sites\/15\/2023\/12\/13-300x76.jpg 300w\" sizes=\"auto, (max-width: 502px) 100vw, 502px\" \/><\/figure>\n\n\n\n<h2 class=\"wp-block-heading has-text-align-center\">Formul\u00e1rio de inscri\u00e7\u00e3o &#8211; Oficinas Pedag\u00f3cicas <\/h2>\n\n\n\n<h2 class=\"wp-block-heading has-text-align-center\">Semana da Biblioteca<\/h2>\n\n\n\n<figure class=\"wp-block-image aligncenter size-full is-resized\"><a href=\"https:\/\/docs.google.com\/forms\/d\/e\/1FAIpQLSf39k8IkiHdTQqxxvGxIaehxKiDhQ40ycjMZnl5cLk1BHHPfQ\/viewform\" target=\"_blank\" rel=\"noreferrer noopener\"><img loading=\"lazy\" decoding=\"async\" width=\"150\" height=\"150\" src=\"https:\/\/campogrande.nucleo.site\/semed\/wp-content\/uploads\/sites\/15\/2023\/12\/14.png\" alt=\"\" class=\"wp-image-554\" style=\"width:164px;height:auto\"\/><\/a><\/figure>\n<\/div>\n\n<\/div>\n                <\/div>\n                    <\/div>\n        <\/div>\n","protected":false},"excerpt":{"rendered":"","protected":false},"author":1,"featured_media":0,"parent":546,"menu_order":0,"comment_status":"closed","ping_status":"closed","template":"","meta":{"_acf_changed":false,"custom_icon_class":"","footnotes":""},"class_list":["post-548","page","type-page","status-publish","hentry"],"acf":[],"_links":{"self":[{"href":"https:\/\/campogrande.nucleo.site\/semed\/wp-json\/wp\/v2\/pages\/548","targetHints":{"allow":["GET"]}}],"collection":[{"href":"https:\/\/campogrande.nucleo.site\/semed\/wp-json\/wp\/v2\/pages"}],"about":[{"href":"https:\/\/campogrande.nucleo.site\/semed\/wp-json\/wp\/v2\/types\/page"}],"author":[{"embeddable":true,"href":"https:\/\/campogrande.nucleo.site\/semed\/wp-json\/wp\/v2\/users\/1"}],"replies":[{"embeddable":true,"href":"https:\/\/campogrande.nucleo.site\/semed\/wp-json\/wp\/v2\/comments?post=548"}],"version-history":[{"count":6,"href":"https:\/\/campogrande.nucleo.site\/semed\/wp-json\/wp\/v2\/pages\/548\/revisions"}],"predecessor-version":[{"id":561,"href":"https:\/\/campogrande.nucleo.site\/semed\/wp-json\/wp\/v2\/pages\/548\/revisions\/561"}],"up":[{"embeddable":true,"href":"https:\/\/campogrande.nucleo.site\/semed\/wp-json\/wp\/v2\/pages\/546"}],"wp:attachment":[{"href":"https:\/\/campogrande.nucleo.site\/semed\/wp-json\/wp\/v2\/media?parent=548"}],"curies":[{"name":"wp","href":"https:\/\/api.w.org\/{rel}","templated":true}]}}