{"id":562,"date":"2023-12-04T13:15:16","date_gmt":"2023-12-04T16:15:16","guid":{"rendered":"https:\/\/campogrande.nucleo.site\/semed\/?page_id=562"},"modified":"2023-12-04T15:59:00","modified_gmt":"2023-12-04T18:59:00","slug":"tv-reme","status":"publish","type":"page","link":"https:\/\/campogrande.nucleo.site\/semed\/ditec\/tv-reme\/","title":{"rendered":"TV REME"},"content":{"rendered":"\n<p class=\"has-text-align-center\">A TV REME possui mais de 500 v\u00eddeos organizados por ano e \u00e1rea de ensino, gravados por professores habilitados, com acesso livre para a utiliza\u00e7\u00e3o pedag\u00f3gica por professores e alunos.<\/p>\n\n\n        <div\n\t\t\tstyle=\"--pagination-background: transparent; --pagination-background-opacity: 100%; height: 200px; width: 100%;\" class=\"has-border-color wp-block-prefeitura-campogrande-banner\"                data-perview=\"1\"\n                data-delay=\"5\"\n                data-gap=\"0\"\n                data-autoplay=\"1\"\n                data-navigation=\"1\"\n                data-pagination=\"1\"\n                data-clientid=\"d8ac9fb9-69fa-4596-862f-11d79a5b7475\"\n        >\n            <div class=\"swiper-container pagination-center-bottom\" style=\"margin: 0 85px;\">\n                <div class=\"swiper-wrapper\">\n\t\t\t\t\t<div class=\"swiper-slide\"><a href=\"javascript:void(0);\" target=\"_self\" title=\"\" class=\"\"><img decoding=\"async\" src=\"https:\/\/campogrande.nucleo.site\/semed\/wp-content\/uploads\/sites\/15\/2023\/12\/TV-REME.jpg\" alt=\"\"\/><\/a><\/div><div class=\"swiper-slide\"><a href=\"javascript:void(0);\" target=\"_self\" title=\"\" class=\"\"><img decoding=\"async\" src=\"https:\/\/campogrande.nucleo.site\/semed\/wp-content\/uploads\/sites\/15\/2023\/12\/Screenshot_2.jpg\" alt=\"\"\/><\/a><\/div><div class=\"swiper-slide\"><a href=\"javascript:void(0);\" target=\"_self\" title=\"\" class=\"\"><img decoding=\"async\" src=\"https:\/\/campogrande.nucleo.site\/semed\/wp-content\/uploads\/sites\/15\/2023\/12\/revista-prefcg-1664304873-290x163-1.jpeg\" alt=\"\"\/><\/a><\/div>                <\/div>\n\t                                <div class=\"swiper-pagination pagination-d8ac9fb9-69fa-4596-862f-11d79a5b7475\"><\/div>\n\t                        <\/div>\n\t\t\t                <div class=\"arrow-navigation\">\n                    <div class='swiper-button-next swiper-button-next-front swiper-button-next-d8ac9fb9-69fa-4596-862f-11d79a5b7475'><\/div>\n                    <div class='swiper-button-prev swiper-button-prev-front swiper-button-prev-d8ac9fb9-69fa-4596-862f-11d79a5b7475'><\/div>\n                <\/div>\n\t\t\t        <\/div>\n\t\t\n\n\n<div style=\"height:58px\" aria-hidden=\"true\" class=\"wp-block-spacer\"><\/div>\n\n\n\n<div class=\"wp-block-group is-layout-constrained wp-block-group-is-layout-constrained\">\n        <div style=\"--color: #000000; --background-color: var(--wp--preset--color--grey-10); --active-color: #000000; --active-background-color: #ffffff;\" class=\"has-text-color wp-block-nwe-tabs\">\n                            <div class=\"tabs-header\">\n                                        <div class=\"tabs-navigation\">\n                        <div class=\"item-navigation has-background\" id=\"6e1ca7a8-228e-4ac0-8895-8c3af18f6e3d\">Sobre a TV<\/div><div class=\"item-navigation has-background\" id=\"d2142626-62f8-41c0-bae5-2e3408c7c3f3\">Objetivo<\/div><div class=\"item-navigation has-background\" id=\"401f1a14-55e4-411a-80c3-dd8f2155834c\">Contatos<\/div><div class=\"item-navigation has-background\" id=\"3717ebdd-3061-4e59-9148-100b8a907101\">Informa\u00e7\u00f5es<\/div><div class=\"item-navigation has-background\" id=\"bc618b33-f7f6-46f7-93d8-34442a92782c\">Canal TV<\/div><div class=\"item-navigation has-background\" id=\"a53005e1-07dd-4cc9-915b-88ab91e239a0\">Grade de Programa\u00e7\u00e3o<\/div><div class=\"item-navigation has-background\" id=\"895e07e2-9553-44cd-87ef-84c24bfc7ea3\">V\u00eddeo Aulas<\/div><div class=\"item-navigation has-background\" id=\"cd52ecf9-1572-4877-a261-03f4afb97fcd\">Inscri\u00e7\u00f5es Para Gravar<\/div>                    <\/div>\n                                    <\/div>\n                <div class=\"tabs-content\">\n                    \n<div class=\"has-text-color wp-block-nwe-tabs-item\" id=\"6e1ca7a8-228e-4ac0-8895-8c3af18f6e3d\">\n\n<div class=\"wp-block-group is-layout-constrained wp-block-group-is-layout-constrained\">\n<div style=\"height:58px\" aria-hidden=\"true\" class=\"wp-block-spacer\"><\/div>\n\n\n\n<p>A TV REME Campo Grande foi criada pela Semed (Secretaria Municipal de Educa\u00e7\u00e3o) em Abril de 2020, in\u00edcio do per\u00edodo de enfrentamento da pandemia da covid-19, e a partir de Junho do mesmo ano, foi assinado o termo de Coopera\u00e7\u00e3o com a TV Educativa, que passou a transmitir pelo canal aberto 4.2, visando garantir o acesso dos alunos \u00e0s aulas remotas, durante o per\u00edodo de suspens\u00e3o das aulas presenciais, inserindo os conte\u00fados e conceitos presentes no Referencial Curricular em conson\u00e2ncia com a Base Nacional Comum Curricular-BNCC. Na ocasi\u00e3o as aulas da TV Reme Campo Grande atenderam \u00e0 todas as etapas da educa\u00e7\u00e3o b\u00e1sica, por meio da transmiss\u00e3o de aulas gravadas por docentes da Rede Municipal de Ensino, com conte\u00fados articulados ao curr\u00edculo da Reme e ao livro did\u00e1tico, transmitidas em tv aberta e todas as aulas s\u00e3o disponibilizadas no canal do Youtube, TV Reme Campo Grande.<a href=\"https:\/\/www.youtube.com\/c\/TVREMECampoGrande\" target=\"_blank\" rel=\"noreferrer noopener\"> https:\/\/www.youtube.com\/c\/TVREMECampoGrande<\/a><\/p>\n\n\n\n<p>Ainda em 2020, a Secretaria Municipal de Educa\u00e7\u00e3o (Semed) lan\u00e7ou o aplicativo (App) R\u00e1dio e TV Reme, com vistas a aproximar os alunos ainda mais das aulas remotas. A ferramenta era disponibilizada para os usu\u00e1rios baixarem e utilizarem, gratuitamente. Esse recurso permitiu que a TV Reme Campo Grande oferecesse a programa\u00e7\u00e3o completa, para que alunos e professores, por meio de podcasts, pudessem ouvir as aulas da TV Reme Campo Grande. O aplicativo foi mais um meio inovador, dispon\u00edvel ao p\u00fablico, para acompanhar as aulas em tempo de pandemia. Desde ent\u00e3o, as grava\u00e7\u00f5es s\u00e3o feitas na TV Educativa, localizada na Av. Desembargador Le\u00e3o Neto do Carmo, s\/n \u2013 Parque dos Poderes, Campo Grande \u2013 MS. Ao todo s\u00e3o mais de oito horas di\u00e1rias de transmiss\u00e3o, nos per\u00edodos matutino, vespertino e noturno, contemplando os mais de 110 mil alunos da Rede Municipal de Ensino. Para continuidade da programa\u00e7\u00e3o da TV Reme Campo Grande, em 2021 aconteceu a renova\u00e7\u00e3o da parceria, entre a Secretaria Municipal de Educa\u00e7\u00e3o e a TV Educativa, nessa fase, a Divis\u00e3o de Tecnologia Educacional\/Ditec disponibilizou aos professores da Reme um espa\u00e7o de inscri\u00e7\u00f5es para grava\u00e7\u00f5es das videoaulas. Nesse ambiente, a equipe pedag\u00f3gica curricular, da Superintend\u00eancia de Gest\u00e3o das Pol\u00edticas Educacionais\/Suped, realiza assessoria pedag\u00f3gica, avalia\u00e7\u00e3o e valida\u00e7\u00e3o do material pedag\u00f3gico que ser\u00e1 utilizado pelo ministrante.<\/p>\n\n\n\n<p>No in\u00edcio do ano de 2022 o canal do YouTube da TV REME Campo Grande contava com cerca de 195 mil visualiza\u00e7\u00f5es, quase 9 mil inscritos e mais de 590 v\u00eddeos com conte\u00fados pedag\u00f3gicos, desde a educa\u00e7\u00e3o infantil ao ensino m\u00e9dio e t\u00e9cnico; com document\u00e1rios, entrevistas, expedi\u00e7\u00f5es, palestras, not\u00edcias, podcasts, esportes, arte e cultura. Todo o conte\u00fado contemplado com janela de int\u00e9rprete de LIBRAS (Linguagem Brasileira de Sinais), visando garantir a acessibilidade para pessoas com defici\u00eancia auditiva. As programa\u00e7\u00f5es di\u00e1rias s\u00e3o postadas com at\u00e9 24 horas de anteced\u00eancia nas redes sociais e na p\u00e1gina da Semed. Essas videoaulas est\u00e3o organizadas por \u00e1rea e n\u00edvel de ensino no site:<a href=\"https:\/\/www.campogrande.ms.gov.br\/ditec\/tv-reme\/tvreme_videoaulas\/\" target=\"_blank\" rel=\"noreferrer noopener\"> https:\/\/www.campogrande.ms.gov.br\/ditec\/tv-reme\/tvreme_videoaulas\/<\/a> Os professores da Reme s\u00e3o orientados a utilizarem os v\u00eddeos em suas aulas e\/ou como sugest\u00e3o para estudos extraclasses, favorecendo o ensino-aprendizagem dos educandos e auxiliando nos processos de recupera\u00e7\u00e3o, nesse per\u00edodo p\u00f3s-pandemia.<\/p>\n<\/div>\n\n<\/div>\n\n<div class=\"has-text-color wp-block-nwe-tabs-item\" id=\"d2142626-62f8-41c0-bae5-2e3408c7c3f3\">\n\n<div class=\"wp-block-group is-layout-constrained wp-block-group-is-layout-constrained\">\n<div style=\"height:58px\" aria-hidden=\"true\" class=\"wp-block-spacer\"><\/div>\n\n\n\n<p>Garantir o acesso dos alunos \u00e0s aulas remotas, durante o&nbsp;per\u00edodo de suspens\u00e3o das aulas presenciais, por conta da pandemia Covid-19.<\/p>\n<\/div>\n\n<\/div>\n\n<div class=\"has-text-color wp-block-nwe-tabs-item\" id=\"401f1a14-55e4-411a-80c3-dd8f2155834c\">\n\n<div class=\"wp-block-group is-layout-constrained wp-block-group-is-layout-constrained\">\n<div style=\"height:58px\" aria-hidden=\"true\" class=\"wp-block-spacer\"><\/div>\n\n\n\n<p class=\"has-text-align-center\"><strong>RESPONS\u00c1VEIS<\/strong><\/p>\n\n\n\n<figure class=\"wp-block-table is-style-stripes flex-basis-full\"><table class=\"has-fixed-layout\"><tbody><tr><td class=\"has-text-align-center\" data-align=\"center\">Jo\u00e3o Robson Oliveira de Souza<\/td><\/tr><tr><td class=\"has-text-align-center\" data-align=\"center\">Janei Ven\u00e2ncio Santos da Silva<\/td><\/tr><tr><td class=\"has-text-align-center\" data-align=\"center\">Juliano Ferreira Franco<\/td><\/tr><tr><td class=\"has-text-align-center\" data-align=\"center\">M\u00e1rcio Luiz de Abreu<\/td><\/tr><tr><td class=\"has-text-align-center\" data-align=\"center\">Lauro Erm\u00ednio Adolfo<\/td><\/tr><tr><td class=\"has-text-align-center\" data-align=\"center\">Waldir Manoel da Silva<\/td><\/tr><\/tbody><\/table><figcaption class=\"wp-element-caption\"><strong>CONTATO \u2013 TV REME<\/strong><br>3318-3859<\/figcaption><\/figure>\n\n\n\n<p class=\"has-text-align-center flex-basis-full\"><strong>CANAIS<\/strong><\/p>\n\n\n\n<figure class=\"wp-block-table is-style-stripes flex-basis-full\"><table class=\"has-fixed-layout\"><tbody><tr><td class=\"has-text-align-center\" data-align=\"center\">Site da TV<\/td><td class=\"has-text-align-center\" data-align=\"center\"><a href=\"https:\/\/www.campogrande.ms.gov.br\/ditec\/tv-reme\/\" target=\"_blank\" rel=\"noreferrer noopener\">https:\/\/www.campogrande.ms.gov.br\/ditec\/tv-reme\/<\/a><\/td><\/tr><tr><td class=\"has-text-align-center\" data-align=\"center\">Site da DITEC<\/td><td class=\"has-text-align-center\" data-align=\"center\"><a href=\"https:\/\/www.campogrande.ms.gov.br\/ditec\/\" target=\"_blank\" rel=\"noreferrer noopener\">https:\/\/www.campogrande.ms.gov.br\/ditec\/<\/a><\/td><\/tr><tr><td class=\"has-text-align-center\" data-align=\"center\">Canal TV REME<\/td><td class=\"has-text-align-center\" data-align=\"center\"><a href=\"https:\/\/www.youtube.com\/channel\/UCsC4oAnt5rZiGAEKYLAYBog\" target=\"_blank\" rel=\"noreferrer noopener\">https:\/\/www.youtube.com\/channel\/UCsC4oAnt5rZiGAEKYLAYBog<\/a><\/td><\/tr><tr><td class=\"has-text-align-center\" data-align=\"center\">Videoaulas Por Ano de Ensino<\/td><td class=\"has-text-align-center\" data-align=\"center\"><a href=\"https:\/\/www.campogrande.ms.gov.br\/ditec\/tv-reme\/tvreme_videoaulas\/\" target=\"_blank\" rel=\"noreferrer noopener\">https:\/\/www.campogrande.ms.gov.br\/ditec\/tv-reme\/tvreme_videoaulas\/<\/a><\/td><\/tr><\/tbody><\/table><\/figure>\n\n\n\n<p class=\"has-text-align-center\"><strong><strong>AGENDAMENTO\/ACOMPANHAMENTO DAS GRAVA\u00c7\u00d5ES DAS AULAS&nbsp;<\/strong><\/strong><\/p>\n\n\n\n<figure class=\"wp-block-table is-style-stripes\"><table><tbody><tr><td class=\"has-text-align-center\" data-align=\"center\">Respons\u00e1vel<\/td><td class=\"has-text-align-center\" data-align=\"center\">Ana Maria de Almeida<\/td><\/tr><\/tbody><\/table><figcaption class=\"wp-element-caption\"><strong>CONTATO \u2013 DITEC<\/strong><br>2020-3857<br>2020-3859<\/figcaption><\/figure>\n\n\n\n<div class=\"wp-block-buttons is-layout-flex wp-block-buttons-is-layout-flex\">\n<div class=\"wp-block-button has-custom-width wp-block-button__width-100 is-style-outline is-style-outline--1\"><a class=\"wp-block-button__link wp-element-button\" href=\"https:\/\/www.youtube.com\/channel\/UCsC4oAnt5rZiGAEKYLAYBog\" style=\"border-width:3px;border-radius:1px\" target=\"_blank\" rel=\"noreferrer noopener\"><strong>Formul\u00e1rio de inscri\u00e7\u00e3o para Grava\u00e7\u00f5es<\/strong><\/a><\/div>\n<\/div>\n<\/div>\n\n<\/div>\n\n<div class=\"has-text-color wp-block-nwe-tabs-item\" id=\"3717ebdd-3061-4e59-9148-100b8a907101\">\n\n<div class=\"wp-block-group is-layout-constrained wp-block-group-is-layout-constrained\">\n<div style=\"height:58px\" aria-hidden=\"true\" class=\"wp-block-spacer\"><\/div>\n\n\n\n<p><strong>CRONOGRAMA GRAVA\u00c7\u00d5ES<br><\/strong>Os cronogramas de grava\u00e7\u00e3o acontecem, semanalmente e s\u00e3o disponibilizados pela Divis\u00e3o de Tecnologia Educacional\/Ditec.<\/p>\n\n\n\n<p><strong>A\u00c7\u00d5ES DE RESPONSABILIDADE DA DITEC<br><\/strong>Elaborar, disponibilizar e manter semanalmente a funcionalidade do formul\u00e1rio de cadastramento dos profissionais da educa\u00e7\u00e3o com disponibilidade para grava\u00e7\u00e3o das aulas na TV Reme. Semanalmente, com os profissionais da educa\u00e7\u00e3o, verificar a disponibilidade para grava\u00e7\u00e3o das aulas para a TV Reme, e executar o agendamento para grava\u00e7\u00e3o dos conte\u00fados. \u2013 Selecionar e confirmar o grupo de profissionais da educa\u00e7\u00e3o dispon\u00edvel para a grava\u00e7\u00e3o das aulas na TV Reme.<br>\u2013 Orientar os profissionais da educa\u00e7\u00e3o acerca dos procedimentos para a grava\u00e7\u00e3o das aulas na TV Reme<br>\u2013 Repassar aos profissionais da educa\u00e7\u00e3o, informa\u00e7\u00f5es pertinentes \u00e0s grava\u00e7\u00f5es das aulas para a TV Reme.<br>\u2013 Dirimir poss\u00edveis questionamentos acerca das grava\u00e7\u00f5es das aulas para a TV Reme.<\/p>\n\n\n\n<p>Semanalmente, elaborar o cronograma de grava\u00e7\u00e3o das aulas que ser\u00e3o realizadas na TV Reme, e divulgar para os grupos pertinentes, pelo WhatsApp. \u2013 Divulgar o grupo de profissionais da educa\u00e7\u00e3o que realizar\u00e3o a grava\u00e7\u00e3o das aulas na TV Reme, durante a semana subsequente<br>\u2013 Divulgar os temas que ser\u00e3o abordados nas aulas da TV Reme durante as grava\u00e7\u00f5es<br>\u2013 Diminuir ou solucionar poss\u00edveis imprevistos para o dia das grava\u00e7\u00f5es das aulas na TV Reme.<br>Semanalmente, elaborar, disponibilizar e arquivar os termos de cess\u00e3o dos profissionais da educa\u00e7\u00e3o que far\u00e3o a grava\u00e7\u00e3o das aulas para a TV Reme. \u2022 Garantir a idoneidade da Secretaria Municipal de Educa\u00e7\u00e3o\/Semed acerca dos direitos autorais recorrentes de cada profissional da educa\u00e7\u00e3o que se disponibilizou a executar a grava\u00e7\u00e3o das aulas para a TV Reme.<br>Semanalmente, editar\/formatar a grade de programa\u00e7\u00e3o das aulas da TV Reme.<br>\u2013 A fim de facilitar a confec\u00e7\u00e3o dos banners de divulga\u00e7\u00e3o das aulas da TV Reme que ir\u00e3o ao ar na semana subsequente, organizar, editar e formatar o material recebido<br>Semanalmente, executar a corre\u00e7\u00e3o da grade de programa\u00e7\u00e3o das aulas da TV Reme.<br>\u2013 Dirimir poss\u00edveis equ\u00edvocos da l\u00edngua portuguesa no material recebido para constru\u00e7\u00e3o da grade das aulas da TV Reme. 7. Assegurar o cadastramento dos volunt\u00e1rios com disponibilidade para efetuar grava\u00e7\u00e3o de v\u00eddeos para a TV Reme.<\/p>\n\n\n\n<p><strong>P\u00daBLICO<\/strong><br>110 mil alunos da Rede Municipal de Ensino (Reme). Todo e qualquer profissional da Educa\u00e7\u00e3o que tenha interesse em atuar, de forma volunt\u00e1ria, para grava\u00e7\u00e3o de v\u00eddeos para a TV Reme.<\/p>\n\n\n\n<p><strong>ADES\u00c3O<br><\/strong>Todos os participantes do quadro da Rede Municipal de Ensino, ou fora dele, que tiverem interesse em atuar, de maneira volunt\u00e1ria, para a grava\u00e7\u00e3o de v\u00eddeos na TV Reme, dever\u00e3o realizar seus cadastros iniciais no endere\u00e7o <a href=\"http:\/\/bit.ly\/tvreme-insc-grav-v\u00eddeos\">http:\/\/bit.ly\/tvreme-insc-grav-v\u00eddeos<\/a>.<\/p>\n<\/div>\n\n<\/div>\n\n<div class=\"has-text-color wp-block-nwe-tabs-item\" id=\"bc618b33-f7f6-46f7-93d8-34442a92782c\">\n\n<div class=\"wp-block-group is-layout-constrained wp-block-group-is-layout-constrained\">\n<div class=\"wp-block-columns is-layout-flex wp-container-core-columns-is-layout-28f84493 wp-block-columns-is-layout-flex\">\n<div class=\"wp-block-column is-vertically-aligned-center is-layout-flow wp-block-column-is-layout-flow\">\n<figure class=\"wp-block-embed aligncenter is-type-video is-provider-youtube wp-block-embed-youtube wp-embed-aspect-16-9 wp-has-aspect-ratio\"><div class=\"wp-block-embed__wrapper\">\n<iframe loading=\"lazy\" title=\"V\u00cdDEO INSTITUCIONAL TV REME 2024\" width=\"500\" height=\"281\" src=\"https:\/\/www.youtube.com\/embed\/kFiSEpEt-BM?feature=oembed\" frameborder=\"0\" allow=\"accelerometer; autoplay; clipboard-write; encrypted-media; gyroscope; picture-in-picture; web-share\" referrerpolicy=\"strict-origin-when-cross-origin\" allowfullscreen><\/iframe>\n<\/div><figcaption class=\"wp-element-caption\">1<\/figcaption><\/figure>\n<\/div>\n<\/div>\n<\/div>\n\n<\/div>\n\n<div class=\"has-text-color wp-block-nwe-tabs-item\" id=\"a53005e1-07dd-4cc9-915b-88ab91e239a0\">\n\n<p><\/p>\n\n\n\n<div class=\"wp-block-group is-layout-constrained wp-block-group-is-layout-constrained\">\n<figure class=\"wp-block-image aligncenter size-full has-custom-border is-style-rounded\"><img loading=\"lazy\" decoding=\"async\" width=\"723\" height=\"1024\" src=\"https:\/\/campogrande.nucleo.site\/semed\/wp-content\/uploads\/sites\/15\/2023\/12\/whatsappimage2022-12-22at11-45-05-prefcg-1671807573-723x1024-1.jpeg\" alt=\"\" class=\"wp-image-608\" style=\"border-radius:20px\" srcset=\"https:\/\/campogrande.nucleo.site\/semed\/wp-content\/uploads\/sites\/15\/2023\/12\/whatsappimage2022-12-22at11-45-05-prefcg-1671807573-723x1024-1.jpeg 723w, https:\/\/campogrande.nucleo.site\/semed\/wp-content\/uploads\/sites\/15\/2023\/12\/whatsappimage2022-12-22at11-45-05-prefcg-1671807573-723x1024-1-212x300.jpeg 212w\" sizes=\"auto, (max-width: 723px) 100vw, 723px\" \/><\/figure>\n<\/div>\n\n<\/div>\n\n<div class=\"has-text-color wp-block-nwe-tabs-item\" id=\"895e07e2-9553-44cd-87ef-84c24bfc7ea3\">\n\n<div class=\"wp-block-group is-layout-constrained wp-block-group-is-layout-constrained\">\n<div style=\"height:58px\" aria-hidden=\"true\" class=\"wp-block-spacer\"><\/div>\n\n\n\n<p>O canal \u201cTV REME Campo Grande\u201d possui mais de 500 videoaulas que podem potencializar suas aulas. Voc\u00ea tamb\u00e9m pode contribuir com a grava\u00e7\u00e3o de videoaulas em sua \u00e1rea de ensino, basta acessar o QR Code ao lado e fazer a inscri\u00e7\u00e3o. Em breve entraremos em contato.<\/p>\n\n\n\n<div class=\"wp-block-buttons is-layout-flex wp-block-buttons-is-layout-flex\">\n<div class=\"wp-block-button has-custom-width wp-block-button__width-100 is-style-outline is-style-outline--2\"><a class=\"wp-block-button__link wp-element-button\" href=\"https:\/\/docs.google.com\/forms\/d\/e\/1FAIpQLSdTrSXk9uhC_QptZAa9fvKxQ-BwPPMdaIY54Ts2Csmr_EUG6A\/viewform\" style=\"border-width:3px;border-radius:2px\" target=\"_blank\" rel=\"noreferrer noopener\"><strong>FORMUL\u00c1RIO DE INSCRI\u00c7\u00c3O PARA GRAVA\u00c7\u00c3O<\/strong><\/a><\/div>\n<\/div>\n\n\n\n<div class=\"wp-block-group is-layout-constrained wp-block-group-is-layout-constrained\" style=\"margin-top:15px;margin-bottom:15px\"><\/div>\n<\/div>\n\n<\/div>\n\n<div class=\"has-text-color wp-block-nwe-tabs-item\" id=\"cd52ecf9-1572-4877-a261-03f4afb97fcd\">\n\n<div class=\"wp-block-group is-layout-constrained wp-block-group-is-layout-constrained\">\n<div style=\"height:58px\" aria-hidden=\"true\" class=\"wp-block-spacer\"><\/div>\n\n\n\n<figure class=\"wp-block-image aligncenter size-full\"><img loading=\"lazy\" decoding=\"async\" width=\"843\" height=\"213\" src=\"https:\/\/campogrande.nucleo.site\/semed\/wp-content\/uploads\/sites\/15\/2023\/12\/Screenshot_1.jpg\" alt=\"\" class=\"wp-image-648\" srcset=\"https:\/\/campogrande.nucleo.site\/semed\/wp-content\/uploads\/sites\/15\/2023\/12\/Screenshot_1.jpg 843w, https:\/\/campogrande.nucleo.site\/semed\/wp-content\/uploads\/sites\/15\/2023\/12\/Screenshot_1-300x76.jpg 300w, https:\/\/campogrande.nucleo.site\/semed\/wp-content\/uploads\/sites\/15\/2023\/12\/Screenshot_1-768x194.jpg 768w\" sizes=\"auto, (max-width: 843px) 100vw, 843px\" \/><\/figure>\n\n\n\n<p>Sendo do quadro de professores da rede municipal de ensino, todo e qualquer participante que tiver interesse em atuar, de maneira volunt\u00e1ria, na produ\u00e7\u00e3o de v\u00eddeos para a TV Reme, dever\u00e1 realizar seu cadastro neste ambiente. Fora do quadro de professores, a inscri\u00e7\u00e3o somente poder\u00e1 ser preenchida com autoriza\u00e7\u00e3o.<\/p>\n\n\n\n<div class=\"wp-block-buttons is-layout-flex wp-block-buttons-is-layout-flex\">\n<div class=\"wp-block-button has-custom-width wp-block-button__width-100 is-style-outline is-style-outline--3\"><a class=\"wp-block-button__link wp-element-button\" href=\"https:\/\/docs.google.com\/forms\/d\/e\/1FAIpQLSdTrSXk9uhC_QptZAa9fvKxQ-BwPPMdaIY54Ts2Csmr_EUG6A\/viewform\" style=\"border-width:3px;border-radius:3px\" target=\"_blank\" rel=\"noreferrer noopener\"><strong>FORMUL\u00c1RIO DE INSCRI\u00c7\u00c3O PARA GRAVAR<\/strong><\/a><\/div>\n<\/div>\n<\/div>\n\n<\/div>\n                <\/div>\n                    <\/div>\n        <\/div>\n","protected":false},"excerpt":{"rendered":"<p>A TV REME possui mais de 500 v\u00eddeos organizados por ano e \u00e1rea de ensino, gravados por professores habilitados, com acesso livre para a utiliza\u00e7\u00e3o pedag\u00f3gica por professores e alunos.<\/p>\n","protected":false},"author":1,"featured_media":0,"parent":546,"menu_order":2,"comment_status":"closed","ping_status":"closed","template":"","meta":{"_acf_changed":false,"custom_icon_class":"","footnotes":""},"class_list":["post-562","page","type-page","status-publish","hentry"],"acf":[],"_links":{"self":[{"href":"https:\/\/campogrande.nucleo.site\/semed\/wp-json\/wp\/v2\/pages\/562","targetHints":{"allow":["GET"]}}],"collection":[{"href":"https:\/\/campogrande.nucleo.site\/semed\/wp-json\/wp\/v2\/pages"}],"about":[{"href":"https:\/\/campogrande.nucleo.site\/semed\/wp-json\/wp\/v2\/types\/page"}],"author":[{"embeddable":true,"href":"https:\/\/campogrande.nucleo.site\/semed\/wp-json\/wp\/v2\/users\/1"}],"replies":[{"embeddable":true,"href":"https:\/\/campogrande.nucleo.site\/semed\/wp-json\/wp\/v2\/comments?post=562"}],"version-history":[{"count":9,"href":"https:\/\/campogrande.nucleo.site\/semed\/wp-json\/wp\/v2\/pages\/562\/revisions"}],"predecessor-version":[{"id":835,"href":"https:\/\/campogrande.nucleo.site\/semed\/wp-json\/wp\/v2\/pages\/562\/revisions\/835"}],"up":[{"embeddable":true,"href":"https:\/\/campogrande.nucleo.site\/semed\/wp-json\/wp\/v2\/pages\/546"}],"wp:attachment":[{"href":"https:\/\/campogrande.nucleo.site\/semed\/wp-json\/wp\/v2\/media?parent=562"}],"curies":[{"name":"wp","href":"https:\/\/api.w.org\/{rel}","templated":true}]}}