{"id":778,"date":"2023-12-04T14:59:52","date_gmt":"2023-12-04T17:59:52","guid":{"rendered":"https:\/\/campogrande.nucleo.site\/semed\/?page_id=778"},"modified":"2023-12-05T11:13:29","modified_gmt":"2023-12-05T14:13:29","slug":"eleicao-emeis-2023","status":"publish","type":"page","link":"https:\/\/campogrande.nucleo.site\/semed\/sugenor-superintendencia-de-gestao-e-normas\/eleicao-emeis-2023\/","title":{"rendered":"Elei\u00e7\u00e3o EMEIS 2023"},"content":{"rendered":"\n        <div style=\"--color: var(--wp--preset--color--grey-80); --background-color: var(--wp--preset--color--grey-40); --active-color: var(--wp--preset--color--grey-80); --active-background-color: var(--wp--preset--color--grey-20);\" class=\"has-text-color wp-block-nwe-tabs\">\n                            <div class=\"tabs-header\">\n                                        <div class=\"tabs-navigation\">\n                        <div class=\"item-navigation has-background\" id=\"999af0fc-e06c-4930-8304-02a73b6d5f61\">Editais<\/div><div class=\"item-navigation has-background\" id=\"8bc83810-b4c5-497d-9340-5f2bb2de78df\">Anexos<\/div><div class=\"item-navigation has-background\" id=\"ac826f91-160b-4d0e-a6d4-f2b1dd82e525\">Recursos<\/div>                    <\/div>\n                                    <\/div>\n                <div class=\"tabs-content\">\n                    \n<div class=\"has-text-color wp-block-nwe-tabs-item\" id=\"999af0fc-e06c-4930-8304-02a73b6d5f61\">\n\n<div class=\"wp-block-group flex-1 is-vertical is-layout-flex wp-container-core-group-is-layout-2decdb98 wp-block-group-is-layout-flex\" style=\"padding-top:2rem;padding-right:2rem;padding-bottom:2rem;padding-left:2rem\">\n<p><a href=\"https:\/\/prefcg-repositorio.campogrande.ms.gov.br\/wp-cdn\/uploads\/sites\/5\/2023\/10\/Edital-n.7_2023.pdf\" target=\"_blank\" rel=\"noreferrer noopener\">Edital n\u00ba 007\/2023<\/a><\/p>\n<\/div>\n\n<\/div>\n\n<div class=\"has-text-color wp-block-nwe-tabs-item\" id=\"8bc83810-b4c5-497d-9340-5f2bb2de78df\">\n\n<div class=\"wp-block-group flex-1 is-vertical is-layout-flex wp-container-core-group-is-layout-2decdb98 wp-block-group-is-layout-flex\" style=\"padding-top:2rem;padding-right:2rem;padding-bottom:2rem;padding-left:2rem\">\n<p><a href=\"https:\/\/www.campogrande.ms.gov.br\/semed\/downloads\/anexo-i-edital-n-7-eleicoes-emeis-2023\/\">Anexo I \u2013 Edit<\/a><a href=\"https:\/\/prefcg-repositorio.campogrande.ms.gov.br\/wp-cdn\/uploads\/sites\/5\/2023\/10\/ANEXO-I-AO-EDITAL-N.-7-eleicoes-Emeis-2023.docx\" target=\"_blank\" rel=\"noreferrer noopener\">a<\/a><a href=\"https:\/\/www.campogrande.ms.gov.br\/semed\/downloads\/anexo-i-edital-n-7-eleicoes-emeis-2023\/\">l N. 7\/2023<\/a><\/p>\n\n\n\n<p><a href=\"https:\/\/www.campogrande.ms.gov.br\/semed\/downloads\/anexo-ii-edital-n-7-eleicoes-emeis-2023\/\">Anexo II \u2013 Edital N. 7\/2023<\/a><\/p>\n\n\n\n<p><a href=\"https:\/\/prefcg-repositorio.campogrande.ms.gov.br\/wp-cdn\/uploads\/sites\/5\/2023\/10\/ANEXO-III-AO-EDITAL-N.-7-eleicoes-Emeis-2023.docx\" target=\"_blank\" rel=\"noreferrer noopener\">Anexo III \u2013 Edital N. 7\/2023<\/a><\/p>\n<\/div>\n\n<\/div>\n\n<div class=\"has-text-color wp-block-nwe-tabs-item\" id=\"ac826f91-160b-4d0e-a6d4-f2b1dd82e525\">\n\n<div class=\"wp-block-group flex-1 is-vertical is-layout-flex wp-container-core-group-is-layout-2decdb98 wp-block-group-is-layout-flex\" style=\"padding-top:2rem;padding-right:2rem;padding-bottom:2rem;padding-left:2rem\">\n<p><a href=\"https:\/\/prefcg-repositorio.campogrande.ms.gov.br\/wp-cdn\/uploads\/sites\/5\/2023\/11\/FORMULARIO-DE-RECURSO-AO-EDITAL-SEMED-N.-7-2023.doc\" target=\"_blank\" rel=\"noreferrer noopener\">Recurso publica\u00e7\u00e3o das Inscri\u00e7\u00f5es Homologadas<\/a><\/p>\n<\/div>\n\n<\/div>\n                <\/div>\n                    <\/div>\n        ","protected":false},"excerpt":{"rendered":"","protected":false},"author":1,"featured_media":0,"parent":46,"menu_order":0,"comment_status":"closed","ping_status":"closed","template":"","meta":{"_acf_changed":false,"custom_icon_class":"","footnotes":""},"class_list":["post-778","page","type-page","status-publish","hentry"],"acf":[],"_links":{"self":[{"href":"https:\/\/campogrande.nucleo.site\/semed\/wp-json\/wp\/v2\/pages\/778","targetHints":{"allow":["GET"]}}],"collection":[{"href":"https:\/\/campogrande.nucleo.site\/semed\/wp-json\/wp\/v2\/pages"}],"about":[{"href":"https:\/\/campogrande.nucleo.site\/semed\/wp-json\/wp\/v2\/types\/page"}],"author":[{"embeddable":true,"href":"https:\/\/campogrande.nucleo.site\/semed\/wp-json\/wp\/v2\/users\/1"}],"replies":[{"embeddable":true,"href":"https:\/\/campogrande.nucleo.site\/semed\/wp-json\/wp\/v2\/comments?post=778"}],"version-history":[{"count":5,"href":"https:\/\/campogrande.nucleo.site\/semed\/wp-json\/wp\/v2\/pages\/778\/revisions"}],"predecessor-version":[{"id":926,"href":"https:\/\/campogrande.nucleo.site\/semed\/wp-json\/wp\/v2\/pages\/778\/revisions\/926"}],"up":[{"embeddable":true,"href":"https:\/\/campogrande.nucleo.site\/semed\/wp-json\/wp\/v2\/pages\/46"}],"wp:attachment":[{"href":"https:\/\/campogrande.nucleo.site\/semed\/wp-json\/wp\/v2\/media?parent=778"}],"curies":[{"name":"wp","href":"https:\/\/api.w.org\/{rel}","templated":true}]}}