{"id":101,"date":"2023-12-06T14:42:40","date_gmt":"2023-12-06T17:42:40","guid":{"rendered":"https:\/\/campogrande.nucleo.site\/servidor\/?page_id=101"},"modified":"2023-12-06T15:32:59","modified_gmt":"2023-12-06T18:32:59","slug":"universidade-corporativa","status":"publish","type":"page","link":"https:\/\/campogrande.nucleo.site\/servidor\/servicos-ao-servidor\/universidade-corporativa\/","title":{"rendered":"Universidade Corporativa"},"content":{"rendered":"\n<p class=\"has-text-align-center\">A Prefeitura de Campo Grande, por meio da Universidade Corporativa, mant\u00e9m conv\u00eanio de coopera\u00e7\u00e3o com v\u00e1rias Institui\u00e7\u00f5es, para DESCONTO nos valores das mensalidades, que beneficiam o servidor e seus dependentes.<\/p>\n\n\n\n<figure class=\"wp-block-table is-style-stripes\"><table class=\"has-fixed-layout\"><thead><tr><th class=\"has-text-align-center\" data-align=\"center\">Institui\u00e7\u00e3o<\/th><th class=\"has-text-align-center\" data-align=\"center\">Desconto<\/th><th class=\"has-text-align-center\" data-align=\"center\">Contato<\/th><th class=\"has-text-align-center\" data-align=\"center\">Site<\/th><\/tr><\/thead><tbody><tr><td class=\"has-text-align-center\" data-align=\"center\"><strong>CESUMAR<\/strong>\u00a0\u2013<strong>\u00a0Centro Universit\u00e1rio de Maring\u00e1<\/strong><\/td><td class=\"has-text-align-center\" data-align=\"center\"><\/td><td class=\"has-text-align-center\" data-align=\"center\">(67) 3028-4868<\/td><td class=\"has-text-align-center\" data-align=\"center\"><a href=\"http:\/\/www.ead.cesumar.br\/site\/\" target=\"_blank\" rel=\"noreferrer noopener\">http:\/\/www.ead.cesumar.br\/site\/<\/a><\/td><\/tr><tr><td class=\"has-text-align-center\" data-align=\"center\"><strong>UNIGRAN \u2013 Unigran Capital<\/strong><\/td><td class=\"has-text-align-center\" data-align=\"center\"><strong>Cursos de Gradua\u00e7\u00e3o Presencial:<\/strong><br>\u2013 25% de descontos sobre o valor cheio das mensalidades escolares, se pagas at\u00e9 dia 10 de cada m\u00eas<br>Obs: O desconto s\u00f3 ser\u00e1 concedido se houver no m\u00ednimo 05 matr\u00edculas.<br><strong>Cursos de P\u00f3s Gradua\u00e7\u00e3o Presencial:<\/strong><br>\u2013 20% descontos sobre o valor cheio das mensalidades escolares, se pagas at\u00e9 dia 10 de cada m\u00eas<br>Obs: O desconto s\u00f3 ser\u00e1 concedido se houver no m\u00ednimo 03 matr\u00edculas.<br><strong>Cursos de Gradua\u00e7\u00e3o Online e Semipresencial:<\/strong><br>\u2013 15% descontos sobre o valor cheio das mensalidades escolares, se pagas at\u00e9 dia 10 de cada m\u00eas.<br><strong>Cursos de P\u00f3s Gradua\u00e7\u00e3o Online:<\/strong><br>\u2013 15% descontos sobre o valor cheio das mensalidades escolares, se pagas at\u00e9 dia 10 de cada m\u00eas.<\/td><td class=\"has-text-align-center\" data-align=\"center\">(67) 3389-3389<\/td><td class=\"has-text-align-center\" data-align=\"center\"><a href=\"http:\/\/www.unigrancapital.com.br\/\" target=\"_blank\" rel=\"noreferrer noopener\">http:\/\/www.unigrancapital.com.br\/<\/a><\/td><\/tr><tr><td class=\"has-text-align-center\" data-align=\"center\"><strong>LIBERA LIMES \u2013 Intitui\u00e7\u00e3o Educacional<\/strong><\/td><td class=\"has-text-align-center\" data-align=\"center\">1,70% a 58,41% de descontos \u2013 Cursos na \u00e1rea da Educa\u00e7\u00e3o.<br>41,54% a 58,06% de descontos <br>Ci\u00eancias da Informa\u00e7\u00e3o, Educa\u00e7\u00e3o F\u00edsica, Filosofia, Fisioterapia, Medicina Veterin\u00e1ria, Nutri\u00e7\u00e3o, Sa\u00fade, Servi\u00e7o Social e Teologia.<br>40,01% a 53,68% de descontos <br>Administra\u00e7\u00e3o P\u00fablica, Agronomia, Concursos (todos os preparat\u00f3rios), Comunica\u00e7\u00e3o e Audiovisual, Contabilidade e Finan\u00e7as, Direito, E-commerce, Gest\u00e3o, Licita\u00e7\u00f5es e Contratos, Log\u00edstica, MBA, Meio Ambiente e Sustentabilidade, Odontologia, Pol\u00edticas P\u00fablicas, Seguran\u00e7a P\u00fablica e Tecnologia da Informa\u00e7\u00e3o.<\/td><td class=\"has-text-align-center\" data-align=\"center\">(67) 3387-1445<\/td><td class=\"has-text-align-center\" data-align=\"center\"><a href=\"http:\/\/www.wpos.com.br\/goldencursos\/\" target=\"_blank\" rel=\"noreferrer noopener\">http:\/\/www.wpos.com.br\/goldencursos\/<\/a><\/td><\/tr><tr><td class=\"has-text-align-center\" data-align=\"center\"><strong>FCG \u2013 Faculdade de Campo Grande<\/strong><\/td><td class=\"has-text-align-center\" data-align=\"center\"><\/td><td class=\"has-text-align-center\" data-align=\"center\">(67) 3378-9000<\/td><td class=\"has-text-align-center\" data-align=\"center\"><a href=\"http:\/\/portalmace.mace.g12.br\/\" target=\"_blank\" rel=\"noreferrer noopener\">http:\/\/portalmace.mace.g12.br\/<\/a><\/td><\/tr><tr><td class=\"has-text-align-center\" data-align=\"center\"><strong>FUNLEC \u2013 Funda\u00e7\u00e3o Lowtons de Educa\u00e7\u00e3o e Cultura<\/strong><\/td><td class=\"has-text-align-center\" data-align=\"center\"><\/td><td class=\"has-text-align-center\" data-align=\"center\">(67) 3047-2929<\/td><td class=\"has-text-align-center\" data-align=\"center\"><a href=\"http:\/\/www.icges.edu.br\/\" target=\"_blank\" rel=\"noreferrer noopener\">http:\/\/www.icges.edu.br\/<\/a><\/td><\/tr><tr><td class=\"has-text-align-center\" data-align=\"center\"><strong>FACSUL \u2013 Faculdade Mato Grosso do Su<\/strong><\/td><td class=\"has-text-align-center\" data-align=\"center\"><\/td><td class=\"has-text-align-center\" data-align=\"center\">(67) 3378-9000\u00a0<\/td><td class=\"has-text-align-center\" data-align=\"center\"><a href=\"http:\/\/www.facsul-ms.edu.br\/\" target=\"_blank\" rel=\"noreferrer noopener\">http:\/\/www.facsul-ms.edu.br\/<\/a><\/td><\/tr><tr><td class=\"has-text-align-center\" data-align=\"center\"><strong>ISCP \u2013 Socied Educac Ltda \/ Univ Anhambi Morumbi<\/strong><\/td><td class=\"has-text-align-center\" data-align=\"center\">30% de descontos em todos os cursos de Gradua\u00e7\u00e3o e P\u00f3s Gradua\u00e7\u00e3o\u00a0<\/td><td class=\"has-text-align-center\" data-align=\"center\">(67) 3025-7896<\/td><td class=\"has-text-align-center\" data-align=\"center\"><a href=\"http:\/\/funlec.com.br\/\">http:\/\/funlec.com.br\/<\/a><\/td><\/tr><tr><td class=\"has-text-align-center\" data-align=\"center\"><strong>Escola MACE e Escola Prospere<\/strong><br><\/td><td class=\"has-text-align-center\" data-align=\"center\">\u00a010% de descontos \u2013 Escola MACE aos alunos da Educa\u00e7\u00e3o Infantil at\u00e9 2\u00ba ano do Ensino Fundamental e 3\u00aa serie do Ensino M\u00e9dio.<br>15% de descontos \u2013 Escola MACE aos alunos do 3\u00ba ano do Ensino Fundamental at\u00e9 2\u00aa serie do Ensino M\u00e9dio.<br>10% de descontos \u2013 aos alunos da Escola Prospere (Cursos T\u00e9cnicos e Cursos de Educa\u00e7\u00e3o \u00e0 Dist\u00e2ncia).<\/td><td class=\"has-text-align-center\" data-align=\"center\"><\/td><td class=\"has-text-align-center\" data-align=\"center\"><\/td><\/tr><tr><td class=\"has-text-align-center\" data-align=\"center\"><strong>Escola Paulo Freire \u2013 Cursos T\u00e9cnicos CENTEC<\/strong><\/td><td class=\"has-text-align-center\" data-align=\"center\">30% de desconto dos Cursos T\u00e9cnicos CENTEC<\/td><td class=\"has-text-align-center\" data-align=\"center\"><\/td><td class=\"has-text-align-center\" data-align=\"center\"><\/td><\/tr><tr><td class=\"has-text-align-center\" data-align=\"center\"><strong>Col\u00e9gio Salesiano DOM BOSCO<\/strong><\/td><td class=\"has-text-align-center\" data-align=\"center\">10% de descontos nas mensalidades do Ensino M\u00e9dio, Ensino Fundamental e Educa\u00e7\u00e3o Infantil<\/td><td class=\"has-text-align-center\" data-align=\"center\"><\/td><td class=\"has-text-align-center\" data-align=\"center\"><\/td><\/tr><tr><td class=\"has-text-align-center\" data-align=\"center\"><strong>GEMS \u2013 Centro Educacional MS Ltda<\/strong><\/td><td class=\"has-text-align-center\" data-align=\"center\">20% de descontos aos Alunos novos<br>10% de descontos aos Alunos j\u00e1 matriculados na Institui\u00e7\u00e3o<br>10% de descontos para os cursos de P\u00f3s Gradua\u00e7\u00e3o<\/td><td class=\"has-text-align-center\" data-align=\"center\"><\/td><td class=\"has-text-align-center\" data-align=\"center\"><\/td><\/tr><\/tbody><\/table><figcaption class=\"wp-element-caption\"><strong>Informe-se com o Gestor de Recursos Humanos do seu \u00d3rg\u00e3o\/Secretaria.<\/strong><br>\u00a0\u00a0<strong>Coordenadoria de Desenvolvimento de Recursos Humanos<br>Escola de Governo do Munic\u00edpio de Campo Grande\/MS<\/strong><\/figcaption><\/figure>\n","protected":false},"excerpt":{"rendered":"<p>A Prefeitura de Campo Grande, por meio da Universidade Corporativa, mant\u00e9m conv\u00eanio de coopera\u00e7\u00e3o com v\u00e1rias Institui\u00e7\u00f5es, para DESCONTO nos valores das mensalidades, que beneficiam o servidor e seus dependentes. Institui\u00e7\u00e3o Desconto Contato Site CESUMAR\u00a0\u2013\u00a0Centro Universit\u00e1rio de Maring\u00e1 (67) 3028-4868 http:\/\/www.ead.cesumar.br\/site\/ UNIGRAN \u2013 Unigran Capital Cursos de Gradua\u00e7\u00e3o Presencial:\u2013 25% de descontos sobre o valor [&hellip;]<\/p>\n","protected":false},"author":1,"featured_media":0,"parent":89,"menu_order":8,"comment_status":"closed","ping_status":"closed","template":"","meta":{"_acf_changed":false,"custom_icon_class":"","footnotes":""},"class_list":["post-101","page","type-page","status-publish","hentry"],"acf":[],"_links":{"self":[{"href":"https:\/\/campogrande.nucleo.site\/servidor\/wp-json\/wp\/v2\/pages\/101","targetHints":{"allow":["GET"]}}],"collection":[{"href":"https:\/\/campogrande.nucleo.site\/servidor\/wp-json\/wp\/v2\/pages"}],"about":[{"href":"https:\/\/campogrande.nucleo.site\/servidor\/wp-json\/wp\/v2\/types\/page"}],"author":[{"embeddable":true,"href":"https:\/\/campogrande.nucleo.site\/servidor\/wp-json\/wp\/v2\/users\/1"}],"replies":[{"embeddable":true,"href":"https:\/\/campogrande.nucleo.site\/servidor\/wp-json\/wp\/v2\/comments?post=101"}],"version-history":[{"count":2,"href":"https:\/\/campogrande.nucleo.site\/servidor\/wp-json\/wp\/v2\/pages\/101\/revisions"}],"predecessor-version":[{"id":104,"href":"https:\/\/campogrande.nucleo.site\/servidor\/wp-json\/wp\/v2\/pages\/101\/revisions\/104"}],"up":[{"embeddable":true,"href":"https:\/\/campogrande.nucleo.site\/servidor\/wp-json\/wp\/v2\/pages\/89"}],"wp:attachment":[{"href":"https:\/\/campogrande.nucleo.site\/servidor\/wp-json\/wp\/v2\/media?parent=101"}],"curies":[{"name":"wp","href":"https:\/\/api.w.org\/{rel}","templated":true}]}}