{"id":129,"date":"2023-12-06T16:07:08","date_gmt":"2023-12-06T19:07:08","guid":{"rendered":"https:\/\/campogrande.nucleo.site\/servidor\/?page_id=129"},"modified":"2023-12-08T14:07:28","modified_gmt":"2023-12-08T17:07:28","slug":"institucional","status":"publish","type":"page","link":"https:\/\/campogrande.nucleo.site\/servidor\/institucional\/","title":{"rendered":"Institucional"},"content":{"rendered":"\n<div class=\"wp-block-group is-layout-constrained wp-block-group-is-layout-constrained\">\n        <div style=\"--color: #000000; --background-color: var(--wp--preset--color--grey-10); --active-color: #000000; --active-background-color: var(--wp--preset--color--white);\" class=\"has-text-color wp-block-nwe-tabs\">\n                            <div class=\"tabs-header\">\n                                        <div class=\"tabs-navigation\">\n                        <div class=\"item-navigation has-background\" id=\"40440e32-2ea0-4ffe-a997-10fe4327f398\">Estatuto do Servidor<\/div><div class=\"item-navigation has-background\" id=\"741e34ec-a69b-48ac-97e5-05010680c392\">Carreiras<\/div><div class=\"item-navigation has-background\" id=\"e801d4b7-44d9-4bb6-bee7-d653bd1f927a\">Manual de Normas B\u00e1sicas<\/div>                    <\/div>\n                                    <\/div>\n                <div class=\"tabs-content\">\n                    \n<div class=\"has-text-color flex-basis-full wp-block-nwe-tabs-item\" id=\"40440e32-2ea0-4ffe-a997-10fe4327f398\">\n\n<div class=\"wp-block-group flex-basis-full is-layout-constrained wp-block-group-is-layout-constrained\" style=\"padding-top:var(--wp--preset--spacing--50)\">\n<div class=\"wp-block-group flex-basis-full height-full is-layout-constrained wp-block-group-is-layout-constrained\">\n<div class=\"wp-block-columns flex-basis-full is-layout-flex wp-container-core-columns-is-layout-60e823f8 wp-block-columns-is-layout-flex\" style=\"padding-top:var(--wp--preset--spacing--60)\">\n<div class=\"wp-block-column is-layout-flow wp-block-column-is-layout-flow\">\n<div class=\"wp-block-buttons is-layout-flex wp-block-buttons-is-layout-flex\">\n<div class=\"wp-block-button has-custom-width wp-block-button__width-100 is-style-outline is-style-outline--1\"><a class=\"wp-block-button__link has-primary-80-color has-grey-20-background-color has-text-color has-background has-link-color wp-element-button\" href=\"https:\/\/prefcg-repositorio.campogrande.ms.gov.br\/wp-cdn\/uploads\/sites\/42\/2017\/03\/20111226094536.doc\" style=\"border-width:3px;border-radius:10px\" target=\"_blank\" rel=\"noreferrer noopener\"><strong>Estatuto do Servidor Municipal<\/strong><\/a><\/div>\n<\/div>\n<\/div>\n\n\n\n<div class=\"wp-block-column is-layout-flow wp-block-column-is-layout-flow\">\n<div class=\"wp-block-buttons is-layout-flex wp-block-buttons-is-layout-flex\">\n<div class=\"wp-block-button has-custom-width wp-block-button__width-100 is-style-outline is-style-outline--2\"><a class=\"wp-block-button__link has-primary-80-color has-grey-20-background-color has-text-color has-background has-link-color wp-element-button\" href=\"https:\/\/prefcg-repositorio.campogrande.ms.gov.br\/wp-cdn\/uploads\/sites\/42\/2017\/03\/20110718133907.doc\" style=\"border-width:3px;border-radius:10px\" target=\"_blank\" rel=\"noreferrer noopener\"><strong>Manual do Servidor<\/strong><\/a><\/div>\n<\/div>\n<\/div>\n\n\n\n<div class=\"wp-block-column is-layout-flow wp-block-column-is-layout-flow\">\n<div class=\"wp-block-buttons is-layout-flex wp-block-buttons-is-layout-flex\">\n<div class=\"wp-block-button has-custom-width wp-block-button__width-100 is-style-outline is-style-outline--3\"><a class=\"wp-block-button__link has-primary-80-color has-grey-20-background-color has-text-color has-background has-link-color wp-element-button\" href=\"https:\/\/prefcg-repositorio.campogrande.ms.gov.br\/wp-cdn\/uploads\/sites\/42\/2017\/03\/20120625101127.pdf\" style=\"border-width:3px;border-radius:10px\" target=\"_blank\" rel=\"noreferrer noopener\"><strong>Perguntas e Respostas<\/strong><\/a><\/div>\n<\/div>\n<\/div>\n<\/div>\n<\/div>\n<\/div>\n\n<\/div>\n\n<div class=\"has-text-color wp-block-nwe-tabs-item\" id=\"741e34ec-a69b-48ac-97e5-05010680c392\">\n\n<div class=\"wp-block-columns is-layout-flex wp-container-core-columns-is-layout-28f84493 wp-block-columns-is-layout-flex\">\n<div class=\"wp-block-column is-layout-flow wp-block-column-is-layout-flow\" style=\"flex-basis:100%\">\n<div class=\"wp-block-group is-layout-constrained wp-block-group-is-layout-constrained\">\n<div class=\"wp-block-group is-nowrap is-layout-flex wp-container-core-group-is-layout-7c3f43ca wp-block-group-is-layout-flex\" style=\"padding-top:var(--wp--preset--spacing--70)\">\n<div class=\"wp-block-buttons is-layout-flex wp-block-buttons-is-layout-flex\">\n<div class=\"wp-block-button is-style-outline is-style-outline--4\"><a class=\"wp-block-button__link has-primary-80-color has-grey-20-background-color has-text-color has-background has-link-color wp-element-button\" href=\"https:\/\/prefcg-repositorio.campogrande.ms.gov.br\/wp-cdn\/uploads\/sites\/42\/2017\/03\/180Acordao19.pdf\" style=\"border-width:3px;border-radius:10px\" target=\"_blank\" rel=\"noreferrer noopener\"><strong>Ac\u00f3rd\u00e3o JURAD n.\u00ba 19\/1998<\/strong><\/a><\/div>\n<\/div>\n\n\n\n<div class=\"wp-block-buttons is-layout-flex wp-block-buttons-is-layout-flex\">\n<div class=\"wp-block-button is-style-outline is-style-outline--5\"><a class=\"wp-block-button__link has-primary-80-color has-grey-20-background-color has-text-color has-background has-link-color wp-element-button\" href=\"https:\/\/prefcg-repositorio.campogrande.ms.gov.br\/wp-cdn\/uploads\/sites\/42\/2017\/03\/20100128104040.pdf\" style=\"border-width:3px;border-radius:10px\" target=\"_blank\" rel=\"noreferrer noopener\"><strong>Lei Complementar n.\u00ba 85\/2006<\/strong><\/a><\/div>\n<\/div>\n\n\n\n<div class=\"wp-block-buttons is-layout-flex wp-block-buttons-is-layout-flex\">\n<div class=\"wp-block-button is-style-outline is-style-outline--6\"><a class=\"wp-block-button__link has-primary-80-color has-grey-20-background-color has-text-color has-background has-link-color wp-element-button\" href=\"https:\/\/prefcg-repositorio.campogrande.ms.gov.br\/wp-cdn\/uploads\/sites\/42\/2017\/03\/20100128104203.pdf\" style=\"border-width:3px;border-radius:10px\" target=\"_blank\" rel=\"noreferrer noopener\"><strong>Lei Complementar n.\u00ba 101\/2007<\/strong><\/a><\/div>\n<\/div>\n\n\n\n<div class=\"wp-block-buttons is-layout-flex wp-block-buttons-is-layout-flex\">\n<div class=\"wp-block-button is-style-outline is-style-outline--7\"><a class=\"wp-block-button__link has-primary-80-color has-grey-20-background-color has-text-color has-background has-link-color wp-element-button\" href=\"https:\/\/prefcg-repositorio.campogrande.ms.gov.br\/wp-cdn\/uploads\/sites\/42\/2017\/03\/20130903134902.doc\" style=\"border-width:3px;border-radius:10px\" target=\"_blank\" rel=\"noreferrer noopener\"><strong>Altera\u00e7\u00e3o LC n.\u00ba 19\/1998 \/ LC n.\u00ba 201\/2012<\/strong><\/a><\/div>\n<\/div>\n<\/div>\n<\/div>\n<\/div>\n<\/div>\n\n<\/div>\n\n<div style=\"margin-left:250px;\" class=\"has-text-color wp-block-nwe-tabs-item\" id=\"e801d4b7-44d9-4bb6-bee7-d653bd1f927a\">\n\n<div class=\"wp-block-group is-layout-constrained wp-block-group-is-layout-constrained\">\n<div class=\"wp-block-group is-layout-constrained wp-block-group-is-layout-constrained\">\n<div class=\"wp-block-group is-layout-constrained wp-block-group-is-layout-constrained\">\n<div class=\"wp-block-buttons is-content-justification-center is-layout-flex wp-container-core-buttons-is-layout-4837ad02 wp-block-buttons-is-layout-flex\" style=\"margin-top:var(--wp--preset--spacing--60)\">\n<div class=\"wp-block-button is-style-outline is-style-outline--8\"><a class=\"wp-block-button__link has-primary-80-color has-grey-20-background-color has-text-color has-background has-link-color has-text-align-center wp-element-button\" href=\"https:\/\/prefcg-repositorio.campogrande.ms.gov.br\/wp-cdn\/uploads\/sites\/42\/2017\/03\/20111109083911.doc\" style=\"border-width:3px;border-radius:10px\" target=\"_blank\" rel=\"noreferrer noopener\"><strong>Manual de Normas B\u00e1sicas Sobre Elabora\u00e7\u00e3o e Tramita\u00e7\u00e3o De Correspond\u00eancias da PMCG<\/strong><\/a><\/div>\n<\/div>\n<\/div>\n<\/div>\n<\/div>\n\n<\/div>\n                <\/div>\n                    <\/div>\n        <\/div>\n\n\n\n<p><\/p>\n","protected":false},"excerpt":{"rendered":"","protected":false},"author":1,"featured_media":0,"parent":0,"menu_order":0,"comment_status":"closed","ping_status":"closed","template":"","meta":{"_acf_changed":false,"custom_icon_class":"","footnotes":""},"class_list":["post-129","page","type-page","status-publish","hentry"],"acf":[],"_links":{"self":[{"href":"https:\/\/campogrande.nucleo.site\/servidor\/wp-json\/wp\/v2\/pages\/129","targetHints":{"allow":["GET"]}}],"collection":[{"href":"https:\/\/campogrande.nucleo.site\/servidor\/wp-json\/wp\/v2\/pages"}],"about":[{"href":"https:\/\/campogrande.nucleo.site\/servidor\/wp-json\/wp\/v2\/types\/page"}],"author":[{"embeddable":true,"href":"https:\/\/campogrande.nucleo.site\/servidor\/wp-json\/wp\/v2\/users\/1"}],"replies":[{"embeddable":true,"href":"https:\/\/campogrande.nucleo.site\/servidor\/wp-json\/wp\/v2\/comments?post=129"}],"version-history":[{"count":9,"href":"https:\/\/campogrande.nucleo.site\/servidor\/wp-json\/wp\/v2\/pages\/129\/revisions"}],"predecessor-version":[{"id":187,"href":"https:\/\/campogrande.nucleo.site\/servidor\/wp-json\/wp\/v2\/pages\/129\/revisions\/187"}],"wp:attachment":[{"href":"https:\/\/campogrande.nucleo.site\/servidor\/wp-json\/wp\/v2\/media?parent=129"}],"curies":[{"name":"wp","href":"https:\/\/api.w.org\/{rel}","templated":true}]}}