{"id":14,"date":"2023-12-06T10:54:47","date_gmt":"2023-12-06T13:54:47","guid":{"rendered":"https:\/\/campogrande.nucleo.site\/servidor\/?page_id=14"},"modified":"2023-12-11T09:55:08","modified_gmt":"2023-12-11T12:55:08","slug":"planos-odontologicos","status":"publish","type":"page","link":"https:\/\/campogrande.nucleo.site\/servidor\/planos-odontologicos\/","title":{"rendered":"Planos Odontol\u00f3gicos"},"content":{"rendered":"\n<p class=\"has-text-align-left\">A<strong>&nbsp;Prefeitura Municipal de Campo Grande&nbsp;<\/strong>sempre prioriza oferecer os melhores benef\u00edcios aos seus&nbsp;<strong>Servidores<\/strong>. E por esse motivo, firmou parceria com a<strong>&nbsp;PROVER ODONTO<\/strong>&nbsp;e <strong>PREVIDENT<\/strong>.<\/p>\n\n\n\n<div class=\"wp-block-group is-layout-constrained wp-block-group-is-layout-constrained\">\n        <div style=\"--color: #000000; --background-color: var(--wp--preset--color--grey-10); --active-color: #000000; --active-background-color: #ffffff;\" class=\"has-text-color wp-block-nwe-tabs\">\n                            <div class=\"tabs-header\">\n                                        <div class=\"tabs-navigation\">\n                        <div class=\"item-navigation has-background\" id=\"3667a0d8-d4cb-4248-9b97-1817d8bbe5f1\">Prover Odonto<\/div><div class=\"item-navigation has-background\" id=\"a0a4f12b-1636-4470-802c-ea5a6803f1bf\">PREVIDENT<\/div>                    <\/div>\n                                    <\/div>\n                <div class=\"tabs-content\">\n                    \n<div class=\"has-text-color wp-block-nwe-tabs-item\" id=\"3667a0d8-d4cb-4248-9b97-1817d8bbe5f1\">\n\n<div class=\"wp-block-group is-layout-constrained wp-block-group-is-layout-constrained\">\n<div class=\"wp-block-columns is-layout-flex wp-container-core-columns-is-layout-28f84493 wp-block-columns-is-layout-flex\">\n<div class=\"wp-block-column is-layout-flow wp-block-column-is-layout-flow\">\n<div class=\"wp-block-columns is-layout-flex wp-container-core-columns-is-layout-eafada84 wp-block-columns-is-layout-flex\" style=\"margin-top:var(--wp--preset--spacing--60);margin-bottom:var(--wp--preset--spacing--60)\">\n<div class=\"wp-block-column is-layout-flow wp-block-column-is-layout-flow\" style=\"flex-basis:33.33%\">\n<figure class=\"wp-block-image size-full\"><img loading=\"lazy\" decoding=\"async\" width=\"768\" height=\"432\" src=\"https:\/\/campogrande.nucleo.site\/servidor\/wp-content\/uploads\/sites\/16\/2023\/12\/image.png\" alt=\"\" class=\"wp-image-203\" srcset=\"https:\/\/campogrande.nucleo.site\/servidor\/wp-content\/uploads\/sites\/16\/2023\/12\/image.png 768w, https:\/\/campogrande.nucleo.site\/servidor\/wp-content\/uploads\/sites\/16\/2023\/12\/image-300x169.png 300w, https:\/\/campogrande.nucleo.site\/servidor\/wp-content\/uploads\/sites\/16\/2023\/12\/image-356x200.png 356w\" sizes=\"auto, (max-width: 768px) 100vw, 768px\" \/><\/figure>\n\n\n\n<div class=\"wp-block-buttons is-layout-flex wp-block-buttons-is-layout-flex\">\n<div class=\"wp-block-button has-custom-width wp-block-button__width-100 is-style-outline is-style-outline--1\"><a class=\"wp-block-button__link has-primary-10-background-color has-text-color has-background has-link-color wp-element-button\" href=\"https:\/\/proverodonto.com.br\/prefeitura\/campo-grande\" style=\"border-radius:20px;color:#009ce5\" target=\"_blank\" rel=\"noreferrer noopener\"><strong>Clique aqui para aderir!<\/strong><\/a><\/div>\n<\/div>\n<\/div>\n\n\n\n<div class=\"wp-block-column is-layout-flow wp-container-core-column-is-layout-0ab540ad wp-block-column-is-layout-flow\" style=\"flex-basis:66.66%\">\n<h6 class=\"wp-block-heading has-text-align-center\">A Prover Odonto tem planos perfeito para voc\u00ea Servidor e sua fam\u00edlia. Mais motivos para sorrir!<\/h6>\n\n\n\n<ul class=\"wp-block-list\">\n<li>Ampla rede credenciada em todo o estado do Mato Grosso do Sul;<\/li>\n\n\n\n<li>Liberdade para escolher o dentista credenciado na especialidade desejada;<\/li>\n\n\n\n<li>Agendamento direto no consult\u00f3rio do profissional credenciado, sem a necessidade de retirar guias e realizar per\u00edcias;<\/li>\n\n\n\n<li>Atendimentos de urg\u00eancias e emerg\u00eancias;<\/li>\n\n\n\n<li>Processos r\u00e1pidos e sem burocracia de aprova\u00e7\u00e3o dos tratamentos;<\/li>\n\n\n\n<li>Inclus\u00e3o de familiares sem limite de idade;<\/li>\n\n\n\n<li>Central de atendimento.<\/li>\n<\/ul>\n<\/div>\n<\/div>\n<\/div>\n<\/div>\n<\/div>\n\n<\/div>\n\n<div class=\"has-text-color wp-block-nwe-tabs-item\" id=\"a0a4f12b-1636-4470-802c-ea5a6803f1bf\">\n\n<div class=\"wp-block-group is-layout-constrained wp-block-group-is-layout-constrained\">\n<div class=\"wp-block-columns is-layout-flex wp-container-core-columns-is-layout-28f84493 wp-block-columns-is-layout-flex\">\n<div class=\"wp-block-column is-vertically-aligned-center is-layout-flow wp-block-column-is-layout-flow\">\n<div class=\"wp-block-columns is-layout-flex wp-container-core-columns-is-layout-489d7ded wp-block-columns-is-layout-flex\" style=\"padding-top:var(--wp--preset--spacing--60);padding-bottom:var(--wp--preset--spacing--60)\">\n<div class=\"wp-block-column is-layout-flow wp-block-column-is-layout-flow\" style=\"flex-basis:50%\">\n<figure class=\"wp-block-image size-full is-resized\"><img loading=\"lazy\" decoding=\"async\" width=\"768\" height=\"729\" src=\"https:\/\/campogrande.nucleo.site\/servidor\/wp-content\/uploads\/sites\/16\/2023\/12\/image-1.png\" alt=\"\" class=\"wp-image-214\" style=\"width:624px;height:auto\" srcset=\"https:\/\/campogrande.nucleo.site\/servidor\/wp-content\/uploads\/sites\/16\/2023\/12\/image-1.png 768w, https:\/\/campogrande.nucleo.site\/servidor\/wp-content\/uploads\/sites\/16\/2023\/12\/image-1-300x285.png 300w\" sizes=\"auto, (max-width: 768px) 100vw, 768px\" \/><\/figure>\n<\/div>\n\n\n\n<div class=\"wp-block-column is-layout-flow wp-block-column-is-layout-flow\" style=\"padding-top:var(--wp--preset--spacing--80);padding-bottom:var(--wp--preset--spacing--60);flex-basis:33.33%\">\n<p class=\"has-text-align-center\"> A PREVIDENT \u00e9 a maior operadora exclusivamente odontol\u00f3gica do Brasil.<\/p>\n\n\n\n<p class=\"has-text-align-center\"> Atrav\u00e9s dessa parceria, voc\u00ea poder\u00e1 cuidar completamente de sua sa\u00fade. <\/p>\n\n\n\n<p class=\"has-text-align-center\">Tanto por meio dos PLANOS ODONTOL\u00d3GICOS como atrav\u00e9s da REDE MAIS SA\u00daDE, que viabiliza o acesso a exames, consultas e bem-estar a um pre\u00e7o que voc\u00ea pode pagar. <\/p>\n\n\n\n<p class=\"has-text-align-center\">Conhe\u00e7a melhor todos os Planos, Benef\u00edcios e Vantagens!<\/p>\n\n\n\n<div class=\"wp-block-buttons is-content-justification-center is-layout-flex wp-container-core-buttons-is-layout-b30bd9b3 wp-block-buttons-is-layout-flex\" style=\"margin-top:var(--wp--preset--spacing--70)\">\n<div class=\"wp-block-button\"><a class=\"wp-block-button__link has-text-align-center wp-element-button\" href=\"https:\/\/odontoservidor.com.br\/campogrande\/\" style=\"border-radius:20px;padding-top:13px;padding-bottom:13px\" target=\"_blank\" rel=\"noreferrer noopener\">Saiba mais<\/a><\/div>\n<\/div>\n<\/div>\n<\/div>\n<\/div>\n<\/div>\n<\/div>\n\n<\/div>\n                <\/div>\n                    <\/div>\n        <\/div>\n","protected":false},"excerpt":{"rendered":"<p>A&nbsp;Prefeitura Municipal de Campo Grande&nbsp;sempre prioriza oferecer os melhores benef\u00edcios aos seus&nbsp;Servidores. E por esse motivo, firmou parceria com a&nbsp;PROVER ODONTO&nbsp;e PREVIDENT.<\/p>\n","protected":false},"author":1,"featured_media":0,"parent":0,"menu_order":1,"comment_status":"closed","ping_status":"closed","template":"","meta":{"_acf_changed":false,"custom_icon_class":"","footnotes":""},"class_list":["post-14","page","type-page","status-publish","hentry"],"acf":[],"_links":{"self":[{"href":"https:\/\/campogrande.nucleo.site\/servidor\/wp-json\/wp\/v2\/pages\/14","targetHints":{"allow":["GET"]}}],"collection":[{"href":"https:\/\/campogrande.nucleo.site\/servidor\/wp-json\/wp\/v2\/pages"}],"about":[{"href":"https:\/\/campogrande.nucleo.site\/servidor\/wp-json\/wp\/v2\/types\/page"}],"author":[{"embeddable":true,"href":"https:\/\/campogrande.nucleo.site\/servidor\/wp-json\/wp\/v2\/users\/1"}],"replies":[{"embeddable":true,"href":"https:\/\/campogrande.nucleo.site\/servidor\/wp-json\/wp\/v2\/comments?post=14"}],"version-history":[{"count":9,"href":"https:\/\/campogrande.nucleo.site\/servidor\/wp-json\/wp\/v2\/pages\/14\/revisions"}],"predecessor-version":[{"id":230,"href":"https:\/\/campogrande.nucleo.site\/servidor\/wp-json\/wp\/v2\/pages\/14\/revisions\/230"}],"wp:attachment":[{"href":"https:\/\/campogrande.nucleo.site\/servidor\/wp-json\/wp\/v2\/media?parent=14"}],"curies":[{"name":"wp","href":"https:\/\/api.w.org\/{rel}","templated":true}]}}