{"id":54,"date":"2023-12-06T13:47:37","date_gmt":"2023-12-06T16:47:37","guid":{"rendered":"https:\/\/campogrande.nucleo.site\/servidor\/?page_id=54"},"modified":"2023-12-11T10:51:15","modified_gmt":"2023-12-11T13:51:15","slug":"seguro-para-carro","status":"publish","type":"page","link":"https:\/\/campogrande.nucleo.site\/servidor\/seguro-para-carro\/","title":{"rendered":"Seguro para Carro"},"content":{"rendered":"\n<div class=\"wp-block-columns is-layout-flex wp-container-core-columns-is-layout-f5a44f5b wp-block-columns-is-layout-flex\">\n<div class=\"wp-block-column is-layout-flow wp-container-core-column-is-layout-8a368f38 wp-block-column-is-layout-flow\" style=\"flex-basis:33.33%\">\n<figure class=\"wp-block-image size-full\"><img loading=\"lazy\" decoding=\"async\" width=\"768\" height=\"768\" src=\"https:\/\/campogrande.nucleo.site\/servidor\/wp-content\/uploads\/sites\/16\/2023\/12\/image-3.png\" alt=\"\" class=\"wp-image-239\" srcset=\"https:\/\/campogrande.nucleo.site\/servidor\/wp-content\/uploads\/sites\/16\/2023\/12\/image-3.png 768w, https:\/\/campogrande.nucleo.site\/servidor\/wp-content\/uploads\/sites\/16\/2023\/12\/image-3-300x300.png 300w, https:\/\/campogrande.nucleo.site\/servidor\/wp-content\/uploads\/sites\/16\/2023\/12\/image-3-150x150.png 150w\" sizes=\"auto, (max-width: 768px) 100vw, 768px\" \/><\/figure>\n<\/div>\n\n\n\n<div class=\"wp-block-column is-layout-flow wp-container-core-column-is-layout-5dafc681 wp-block-column-is-layout-flow\" style=\"flex-basis:66.66%\">\n<h4 class=\"wp-block-heading has-text-align-center\" style=\"padding-top:var(--wp--preset--spacing--70)\">Seguro Auto<\/h4>\n\n\n\n<p>Prote\u00e7\u00e3o completa para seu ve\u00edculo. Tranquilidade e conveni\u00eancia para voc\u00ea. Nada melhor do que dirigir com tranquilidade, sabendo que seu ve\u00edculo est\u00e1 protegido. Isso acontece quando voc\u00ea conta com um seguro de autom\u00f3vel que considera seu perfil e oferece coberturas opcionais para voc\u00ea escolher de acordo com suas necessidades.<\/p>\n\n\n\n<p>Aos servidores p\u00fablicos, oferecemos um desconto especial de 10%. Navegue por nossos planos de seguro para autom\u00f3vel e desfrute da seguran\u00e7a que merece, com benef\u00edcios exclusivos para aqueles que servem a comunidade. Sua prote\u00e7\u00e3o \u00e9 a nossa prioridade.<\/p>\n\n\n\n<p class=\"has-text-align-center\">Saiba Mais: <a href=\"http:\/\/www.acselcorretoradeseguros.com.br\" target=\"_blank\" rel=\"noreferrer noopener\">www.acselcorretoradeseguros.com.br<\/a><\/p>\n\n\n\n<p class=\"has-text-align-center\"><strong>Central de atendimento<\/strong> (67) 9 9983-0705<\/p>\n<\/div>\n<\/div>\n","protected":false},"excerpt":{"rendered":"<p>Seguro Auto Prote\u00e7\u00e3o completa para seu ve\u00edculo. Tranquilidade e conveni\u00eancia para voc\u00ea. Nada melhor do que dirigir com tranquilidade, sabendo que seu ve\u00edculo est\u00e1 protegido. Isso acontece quando voc\u00ea conta com um seguro de autom\u00f3vel que considera seu perfil e oferece coberturas opcionais para voc\u00ea escolher de acordo com suas necessidades. Aos servidores p\u00fablicos, oferecemos [&hellip;]<\/p>\n","protected":false},"author":1,"featured_media":0,"parent":0,"menu_order":3,"comment_status":"closed","ping_status":"closed","template":"","meta":{"_acf_changed":false,"custom_icon_class":"","footnotes":""},"class_list":["post-54","page","type-page","status-publish","hentry"],"acf":[],"_links":{"self":[{"href":"https:\/\/campogrande.nucleo.site\/servidor\/wp-json\/wp\/v2\/pages\/54","targetHints":{"allow":["GET"]}}],"collection":[{"href":"https:\/\/campogrande.nucleo.site\/servidor\/wp-json\/wp\/v2\/pages"}],"about":[{"href":"https:\/\/campogrande.nucleo.site\/servidor\/wp-json\/wp\/v2\/types\/page"}],"author":[{"embeddable":true,"href":"https:\/\/campogrande.nucleo.site\/servidor\/wp-json\/wp\/v2\/users\/1"}],"replies":[{"embeddable":true,"href":"https:\/\/campogrande.nucleo.site\/servidor\/wp-json\/wp\/v2\/comments?post=54"}],"version-history":[{"count":8,"href":"https:\/\/campogrande.nucleo.site\/servidor\/wp-json\/wp\/v2\/pages\/54\/revisions"}],"predecessor-version":[{"id":248,"href":"https:\/\/campogrande.nucleo.site\/servidor\/wp-json\/wp\/v2\/pages\/54\/revisions\/248"}],"wp:attachment":[{"href":"https:\/\/campogrande.nucleo.site\/servidor\/wp-json\/wp\/v2\/media?parent=54"}],"curies":[{"name":"wp","href":"https:\/\/api.w.org\/{rel}","templated":true}]}}