{"id":89,"date":"2023-12-06T14:29:27","date_gmt":"2023-12-06T17:29:27","guid":{"rendered":"https:\/\/campogrande.nucleo.site\/servidor\/?page_id=89"},"modified":"2023-12-11T14:21:38","modified_gmt":"2023-12-11T17:21:38","slug":"servicos-ao-servidor","status":"publish","type":"page","link":"https:\/\/campogrande.nucleo.site\/servidor\/servicos-ao-servidor\/","title":{"rendered":"Servi\u00e7os ao Servidor"},"content":{"rendered":"\n<div class=\"wp-block-group has-12-font-size is-vertical is-layout-flex wp-container-core-group-is-layout-a3e22986 wp-block-group-is-layout-flex\" style=\"padding-bottom:30px\">        <div class=\"model-amount-item-4 wp-block-prefeitura-campogrande-quick-access-grid\">\n            \n\n<div class=\"item has-background wp-block-prefeitura-campogrande-quick-access-item\" title=\"Informe IMPCG\"><a class=\"link\" rel=\"noopener\" href=\"https:\/\/campogrande.nucleo.site\/servidor\/servicos-ao-servidor\/informe-impcg\/\" target=\"_blank\"><div class=\"icon\"><i class=\"nmi-normal\">&#xF1D09;<\/i><\/div><span lang=\"de\" class=\"text\">Informe IMPCG<\/span><span lang=\"de\" class=\"description\">Instituto Municipal de Previd\u00eancia de Campo Grande<\/span><\/a><\/div>\n\n\n\n<div class=\"item has-background wp-block-prefeitura-campogrande-quick-access-item\" title=\"Telefones de Atendimento ao Cidad\u00e3o\"><a class=\"link\" rel=\"noopener\" href=\"https:\/\/campogrande.nucleo.site\/servidor\/servicos-ao-servidor\/telefones-de-atendimento-ao-cidadao\/\" target=\"_blank\"><div class=\"icon\"><i class=\"nmi-normal\">&#xF2CC6;<\/i><\/div><span lang=\"de\" class=\"text\">Telefones de Atendimento ao Cidad\u00e3o<\/span><\/a><\/div>\n\n\n\n<div class=\"item has-background wp-block-prefeitura-campogrande-quick-access-item\" title=\"Universidade Corporativa\"><a class=\"link\" rel=\"noopener\" href=\"https:\/\/campogrande.nucleo.site\/servidor\/servicos-ao-servidor\/universidade-corporativa\/\" target=\"_blank\"><div class=\"icon\"><i class=\"nmi-normal\">&#xF23FD;<\/i><\/div><span lang=\"de\" class=\"text\">Universidade Corporativa<\/span><span lang=\"de\" class=\"description\">Informa\u00e7\u00f5es sobre conv\u00eanio de coopera\u00e7\u00e3o com Institui\u00e7\u00f5es, para DESCONTO<\/span><\/a><\/div>\n\n\n\n<div class=\"item has-background wp-block-prefeitura-campogrande-quick-access-item\" title=\"PORTAL DO SERVIDOR\"><a class=\"link\" rel=\"noopener\" href=\"http:\/\/apl04.pmcg.ms.gov.br\/ergonzkweb\/zk\/index?sistema=67\" target=\"_blank\"><div class=\"icon\"><i class=\"nmi-normal\">&#xF2BFD;<\/i><\/div><span lang=\"de\" class=\"text\">PORTAL DO SERVIDOR<\/span><span lang=\"de\" class=\"description\">Informa\u00e7\u00f5es Funcionais<\/span><\/a><\/div>\n\n        <\/div>\n        <\/div>\n\n\n\n<div class=\"wp-block-group has-grey-20-background-color has-background is-layout-constrained wp-container-core-group-is-layout-bf816c8d wp-block-group-is-layout-constrained\" style=\"border-radius:20px;padding-top:20px;padding-right:20px;padding-bottom:20px;padding-left:20px\">\n<h4 class=\"wp-block-heading\">Formul\u00e1rios<\/h4>\n\n\n\n<div class=\"wp-block-group is-layout-constrained wp-block-group-is-layout-constrained\">\n<div class=\"wp-block-group is-layout-constrained wp-block-group-is-layout-constrained\">        <div class=\"model-amount-item-0 wp-block-prefeitura-campogrande-quick-access-grid\">\n                    <\/div>\n        \n\n\n<div class=\"wp-block-group is-layout-constrained wp-block-group-is-layout-constrained\">        <div class=\"model-amount-item-5 wp-block-prefeitura-campogrande-quick-access-grid\">\n            \n\n<div class=\"item has-background wp-block-prefeitura-campogrande-quick-access-item\" title=\"Justificativa Para o N\u00e3o Preenchimento de Declara\u00e7\u00e3o de Bens e Valores\"><a class=\"link\" rel=\"noopener\" href=\"https:\/\/prefcg-repositorio.campogrande.ms.gov.br\/wp-cdn\/uploads\/sites\/42\/2017\/07\/JUSTIFICATIVA-para-o-N%C3%83O-PREENCHIMENTO-de-DECLARA%C3%87%C3%95ES-de-BENS.doc\" target=\"_blank\"><div class=\"icon\"><i class=\"nmi-outlined\">&#xF0213;<\/i><\/div><span lang=\"de\" class=\"text\">Justificativa Para o N\u00e3o Preenchimento de Declara\u00e7\u00e3o de Bens e Valores<\/span><\/a><\/div>\n\n\n\n<div class=\"item has-background wp-block-prefeitura-campogrande-quick-access-item\" title=\"Declara\u00e7\u00e3o de Ficha Limpa\"><a class=\"link\" rel=\"noopener\" href=\"https:\/\/prefcg-repositorio.campogrande.ms.gov.br\/wp-cdn\/uploads\/sites\/42\/2017\/03\/20150703081822.pdf\" target=\"_blank\"><div class=\"icon\"><i class=\"nmi-normal\">&#xF0F53;<\/i><\/div><span lang=\"de\" class=\"text\">Declara\u00e7\u00e3o de Ficha Limpa<\/span><\/a><\/div>\n\n\n\n<div class=\"item has-background wp-block-prefeitura-campogrande-quick-access-item\" title=\"Termo Para Cumprimento ou Revoga\u00e7\u00e3o de Jornada de Trabalho\"><a class=\"link\" rel=\"noopener\" href=\"https:\/\/prefcg-repositorio.campogrande.ms.gov.br\/wp-cdn\/uploads\/sites\/42\/2017\/03\/20150706165504.doc\" target=\"_blank\"><div class=\"icon\"><i class=\"nmi-normal\">&#xF1E7E;<\/i><\/div><span lang=\"de\" class=\"text\">Termo Para Cumprimento ou Revoga\u00e7\u00e3o de Jornada de Trabalho<\/span><\/a><\/div>\n\n\n\n<div class=\"item has-background wp-block-prefeitura-campogrande-quick-access-item\" title=\"Doa\u00e7\u00e3o de Sangue - Ficha para Cadastro\"><a class=\"link\" rel=\"noopener\" href=\"https:\/\/prefcg-repositorio.campogrande.ms.gov.br\/wp-cdn\/uploads\/sites\/42\/2017\/03\/20110317160735.doc\" target=\"_blank\"><div class=\"icon\"><i class=\"nmi-normal\">&#xF2728;<\/i><\/div><span lang=\"de\" class=\"text\">Doa\u00e7\u00e3o de Sangue &#8211; Ficha para Cadastro<\/span><\/a><\/div>\n\n\n\n<div class=\"item has-background wp-block-prefeitura-campogrande-quick-access-item\" title=\"Projeto: O Servidor Ajudando a Salvar Vidas\"><a class=\"link\" rel=\"noopener\" href=\"https:\/\/prefcg-repositorio.campogrande.ms.gov.br\/wp-cdn\/uploads\/sites\/42\/2017\/03\/20110317162751.doc\" target=\"_blank\"><div class=\"icon\"><i class=\"nmi-normal\">&#xF2EA2;<\/i><\/div><span lang=\"de\" class=\"text\">Projeto: O Servidor Ajudando a Salvar Vidas<\/span><\/a><\/div>\n\n        <\/div>\n        <\/div>\n<\/div>\n<\/div>\n<\/div>\n","protected":false},"excerpt":{"rendered":"<p>Formul\u00e1rios<\/p>\n","protected":false},"author":1,"featured_media":0,"parent":0,"menu_order":6,"comment_status":"closed","ping_status":"closed","template":"","meta":{"_acf_changed":false,"custom_icon_class":"","footnotes":""},"class_list":["post-89","page","type-page","status-publish","hentry"],"acf":[],"_links":{"self":[{"href":"https:\/\/campogrande.nucleo.site\/servidor\/wp-json\/wp\/v2\/pages\/89","targetHints":{"allow":["GET"]}}],"collection":[{"href":"https:\/\/campogrande.nucleo.site\/servidor\/wp-json\/wp\/v2\/pages"}],"about":[{"href":"https:\/\/campogrande.nucleo.site\/servidor\/wp-json\/wp\/v2\/types\/page"}],"author":[{"embeddable":true,"href":"https:\/\/campogrande.nucleo.site\/servidor\/wp-json\/wp\/v2\/users\/1"}],"replies":[{"embeddable":true,"href":"https:\/\/campogrande.nucleo.site\/servidor\/wp-json\/wp\/v2\/comments?post=89"}],"version-history":[{"count":10,"href":"https:\/\/campogrande.nucleo.site\/servidor\/wp-json\/wp\/v2\/pages\/89\/revisions"}],"predecessor-version":[{"id":252,"href":"https:\/\/campogrande.nucleo.site\/servidor\/wp-json\/wp\/v2\/pages\/89\/revisions\/252"}],"wp:attachment":[{"href":"https:\/\/campogrande.nucleo.site\/servidor\/wp-json\/wp\/v2\/media?parent=89"}],"curies":[{"name":"wp","href":"https:\/\/api.w.org\/{rel}","templated":true}]}}