{"id":99,"date":"2023-12-06T14:39:28","date_gmt":"2023-12-06T17:39:28","guid":{"rendered":"https:\/\/campogrande.nucleo.site\/servidor\/?page_id=99"},"modified":"2023-12-06T15:32:42","modified_gmt":"2023-12-06T18:32:42","slug":"telefones-de-atendimento-ao-cidadao","status":"publish","type":"page","link":"https:\/\/campogrande.nucleo.site\/servidor\/servicos-ao-servidor\/telefones-de-atendimento-ao-cidadao\/","title":{"rendered":"Telefones de Atendimento ao Cidad\u00e3o"},"content":{"rendered":"\n<figure class=\"wp-block-table is-style-stripes\"><table class=\"has-fixed-layout\"><thead><tr><th class=\"has-text-align-center\" data-align=\"center\">Setor<\/th><th class=\"has-text-align-center\" data-align=\"center\">Contato<\/th><\/tr><\/thead><tbody><tr><td class=\"has-text-align-center\" data-align=\"center\">Central de Atendimento ao Cidad\u00e3o<\/td><td class=\"has-text-align-center\" data-align=\"center\">4042-1321 ou 156<\/td><\/tr><tr><td class=\"has-text-align-center\" data-align=\"center\">Central de Atendimento do IPTU<\/td><td class=\"has-text-align-center\" data-align=\"center\">4042-0580, Ramal 3092<\/td><\/tr><tr><td class=\"has-text-align-center\" data-align=\"center\">Coordenadoria de Comunica\u00e7\u00e3o Institucional (DIOGRANDE)<\/td><td class=\"has-text-align-center\" data-align=\"center\">3314-9869<\/td><\/tr><tr><td class=\"has-text-align-center\" data-align=\"center\">Diretoria-Geral de Compras e Licita\u00e7\u00e3o<\/td><td class=\"has-text-align-center\" data-align=\"center\">3314-3267<\/td><\/tr><tr><td class=\"has-text-align-center\" data-align=\"center\">Divis\u00e3o de Administra\u00e7\u00e3o de Cargos e Sele\u00e7\u00e3o de Pessoal \u2013 DIAC (Concurso)<\/td><td class=\"has-text-align-center\" data-align=\"center\">3314-9863 \/ 3314-9862<\/td><\/tr><tr><td class=\"has-text-align-center\" data-align=\"center\">N\u00facleo de Fomento \u00e0 Forma\u00e7\u00e3o Profissional \u2013 NUFORP (Estagi\u00e1rio)<\/td><td class=\"has-text-align-center\" data-align=\"center\">3314-9859<\/td><\/tr><\/tbody><\/table><\/figure>\n","protected":false},"excerpt":{"rendered":"<p>Setor Contato Central de Atendimento ao Cidad\u00e3o 4042-1321 ou 156 Central de Atendimento do IPTU 4042-0580, Ramal 3092 Coordenadoria de Comunica\u00e7\u00e3o Institucional (DIOGRANDE) 3314-9869 Diretoria-Geral de Compras e Licita\u00e7\u00e3o 3314-3267 Divis\u00e3o de Administra\u00e7\u00e3o de Cargos e Sele\u00e7\u00e3o de Pessoal \u2013 DIAC (Concurso) 3314-9863 \/ 3314-9862 N\u00facleo de Fomento \u00e0 Forma\u00e7\u00e3o Profissional \u2013 NUFORP (Estagi\u00e1rio) 3314-9859<\/p>\n","protected":false},"author":1,"featured_media":0,"parent":89,"menu_order":7,"comment_status":"closed","ping_status":"closed","template":"","meta":{"_acf_changed":false,"custom_icon_class":"","footnotes":""},"class_list":["post-99","page","type-page","status-publish","hentry"],"acf":[],"_links":{"self":[{"href":"https:\/\/campogrande.nucleo.site\/servidor\/wp-json\/wp\/v2\/pages\/99","targetHints":{"allow":["GET"]}}],"collection":[{"href":"https:\/\/campogrande.nucleo.site\/servidor\/wp-json\/wp\/v2\/pages"}],"about":[{"href":"https:\/\/campogrande.nucleo.site\/servidor\/wp-json\/wp\/v2\/types\/page"}],"author":[{"embeddable":true,"href":"https:\/\/campogrande.nucleo.site\/servidor\/wp-json\/wp\/v2\/users\/1"}],"replies":[{"embeddable":true,"href":"https:\/\/campogrande.nucleo.site\/servidor\/wp-json\/wp\/v2\/comments?post=99"}],"version-history":[{"count":1,"href":"https:\/\/campogrande.nucleo.site\/servidor\/wp-json\/wp\/v2\/pages\/99\/revisions"}],"predecessor-version":[{"id":100,"href":"https:\/\/campogrande.nucleo.site\/servidor\/wp-json\/wp\/v2\/pages\/99\/revisions\/100"}],"up":[{"embeddable":true,"href":"https:\/\/campogrande.nucleo.site\/servidor\/wp-json\/wp\/v2\/pages\/89"}],"wp:attachment":[{"href":"https:\/\/campogrande.nucleo.site\/servidor\/wp-json\/wp\/v2\/media?parent=99"}],"curies":[{"name":"wp","href":"https:\/\/api.w.org\/{rel}","templated":true}]}}