{"id":114,"date":"2023-10-19T17:51:25","date_gmt":"2023-10-19T20:51:25","guid":{"rendered":"https:\/\/campogrande.nucleo.site\/sidagro\/?page_id=114"},"modified":"2023-10-19T17:51:25","modified_gmt":"2023-10-19T20:51:25","slug":"inovacao-na-pmcg","status":"publish","type":"page","link":"https:\/\/campogrande.nucleo.site\/sidagro\/inovacao-na-pmcg\/","title":{"rendered":"Superintend\u00eancia de Ci\u00eancia, Tecnologia e Inova\u00e7\u00e3o e Incuba\u00e7\u00e3o"},"content":{"rendered":"<p>[elementor-template id=&#8221;3830&#8243;]<\/p>\n","protected":false},"excerpt":{"rendered":"","protected":false},"author":1,"featured_media":0,"parent":0,"menu_order":0,"comment_status":"closed","ping_status":"closed","template":"","meta":{"_acf_changed":false,"custom_icon_class":"","footnotes":""},"class_list":["post-114","page","type-page","status-publish","hentry"],"acf":[],"_links":{"self":[{"href":"https:\/\/campogrande.nucleo.site\/sidagro\/wp-json\/wp\/v2\/pages\/114","targetHints":{"allow":["GET"]}}],"collection":[{"href":"https:\/\/campogrande.nucleo.site\/sidagro\/wp-json\/wp\/v2\/pages"}],"about":[{"href":"https:\/\/campogrande.nucleo.site\/sidagro\/wp-json\/wp\/v2\/types\/page"}],"author":[{"embeddable":true,"href":"https:\/\/campogrande.nucleo.site\/sidagro\/wp-json\/wp\/v2\/users\/1"}],"replies":[{"embeddable":true,"href":"https:\/\/campogrande.nucleo.site\/sidagro\/wp-json\/wp\/v2\/comments?post=114"}],"version-history":[{"count":1,"href":"https:\/\/campogrande.nucleo.site\/sidagro\/wp-json\/wp\/v2\/pages\/114\/revisions"}],"predecessor-version":[{"id":117,"href":"https:\/\/campogrande.nucleo.site\/sidagro\/wp-json\/wp\/v2\/pages\/114\/revisions\/117"}],"wp:attachment":[{"href":"https:\/\/campogrande.nucleo.site\/sidagro\/wp-json\/wp\/v2\/media?parent=114"}],"curies":[{"name":"wp","href":"https:\/\/api.w.org\/{rel}","templated":true}]}}