{"id":116,"date":"2023-10-19T17:58:15","date_gmt":"2023-10-19T20:58:15","guid":{"rendered":"https:\/\/campogrande.nucleo.site\/sidagro\/?page_id=116"},"modified":"2023-10-20T09:31:58","modified_gmt":"2023-10-20T12:31:58","slug":"servico-de-inspecao-municipal","status":"publish","type":"page","link":"https:\/\/campogrande.nucleo.site\/sidagro\/servico-de-inspecao-municipal\/","title":{"rendered":"Servi\u00e7o de Inspe\u00e7\u00e3o Municipal"},"content":{"rendered":"\n<figure class=\"wp-block-image size-large is-resized\"><img decoding=\"async\" src=\"https:\/\/prefcg-repositorio.campogrande.ms.gov.br\/wp-cdn\/uploads\/sites\/20\/2017\/05\/banner-sim-site-1.jpg\" alt=\"\" style=\"aspect-ratio:2.331288343558282;width:1306px;height:auto\"\/><\/figure>\n\n\n\n<div class=\"wp-block-columns is-layout-flex wp-container-core-columns-is-layout-baf23659 wp-block-columns-is-layout-flex\" style=\"margin-bottom:var(--wp--preset--spacing--60)\">\n<div class=\"wp-block-column is-layout-flow wp-block-column-is-layout-flow\">\n<div class=\"wp-block-buttons is-layout-flex wp-block-buttons-is-layout-flex\">\n<div class=\"wp-block-button has-custom-width wp-block-button__width-100\"><a class=\"wp-block-button__link wp-element-button\" href=\"https:\/\/prefcg-repositorio.campogrande.ms.gov.br\/wp-cdn\/uploads\/sites\/20\/2023\/08\/LEI-7033-DE-19-DE-ABRIL-DE-2023.pdf\">Lei N\u00b0 7033<br>19.ABR.2023<\/a><\/div>\n<\/div>\n<\/div>\n\n\n\n<div class=\"wp-block-column is-layout-flow wp-block-column-is-layout-flow\">\n<div class=\"wp-block-buttons is-layout-flex wp-block-buttons-is-layout-flex\">\n<div class=\"wp-block-button has-custom-width wp-block-button__width-100\"><a class=\"wp-block-button__link wp-element-button\" href=\"https:\/\/prefcg-repositorio.campogrande.ms.gov.br\/wp-cdn\/uploads\/sites\/20\/2023\/08\/RESOLUCAO-NR-05-SIM-CONSORCIO-CENTRALMS.pdf\">Resolu\u00e7\u00e3o N\u00b0 05<br>Cons. Central<\/a><\/div>\n<\/div>\n<\/div>\n\n\n\n<div class=\"wp-block-column is-layout-flow wp-block-column-is-layout-flow\">\n<div class=\"wp-block-buttons is-layout-flex wp-block-buttons-is-layout-flex\">\n<div class=\"wp-block-button has-custom-width wp-block-button__width-100\"><a class=\"wp-block-button__link wp-element-button\" href=\"https:\/\/www.campogrande.ms.gov.br\/sidagro\/instrucoes-para-ter-acesso-e-registro-do-sim\/\">Instru\u00e7\u00f5es de <br>Acesso e Registro<\/a><\/div>\n<\/div>\n<\/div>\n<\/div>\n\n\n\n<p>O&nbsp;<strong>Servi\u00e7o de Inspe\u00e7\u00e3o de Produtos de Origem Animal<\/strong>&nbsp;executado pelo Cons\u00f3rcio Intermunicipal de Desenvolvimento Sustent\u00e1vel da Regi\u00e3o Central de MS\u2013 Central MS, amparado pela Lei n. 11.107\/2005, pelo Estatuto Social do Cons\u00f3rcio Central MS e pelo Decreto n\u00ba 10.032 de 1\u00ba de outubro de 2019, \u00e9 \u00f3rg\u00e3o ligado diretamente \u00e0 Coordena\u00e7\u00e3o de Inspe\u00e7\u00e3o pelo Cons\u00f3rcio Intermunicipal de Desenvolvimento Sustent\u00e1vel da Regi\u00e3o Central de MS \u2013 Central MS.<\/p>\n\n\n\n<h3 class=\"wp-block-heading\">Das Compet\u00eancias do Servi\u00e7o de Inspe\u00e7\u00e3o Municipal (SIM)<\/h3>\n\n\n\n<p>Ao Servi\u00e7o de Inspe\u00e7\u00e3o Municipal, executado atrav\u00e9s do Cons\u00f3rcio Central MS, respons\u00e1vel pela pr\u00e9via inspe\u00e7\u00e3o e fiscaliza\u00e7\u00e3o sob ponto de vista industrial e sanit\u00e1ria de todos os produtos de origem animal, comest\u00edveis e n\u00e3o comest\u00edveis, adicionados ou n\u00e3o de produtos vegetais, preparados, transformados, manipulados, recebidos, acondicionados, depositados e em tr\u00e2nsito nos munic\u00edpios consorciados ao Central MS, inclusive aqueles oriundos da pequena agroind\u00fastria rural, compete:<\/p>\n\n\n\n<ul class=\"wp-block-list\">\n<li>Elaborar normas complementares, para a execu\u00e7\u00e3o das a\u00e7\u00f5es de inspe\u00e7\u00e3o e fiscaliza\u00e7\u00e3o. Registro dos estabelecimentos, bem como classifica\u00e7\u00e3o, padroniza\u00e7\u00e3o e tipifica\u00e7\u00e3o;<\/li>\n\n\n\n<li>Fiscalizar e a inspecionar os estabelecimentos que produzem produtos de origem animal, de forma permanente ou peri\u00f3dica;<\/li>\n\n\n\n<li>A inspe\u00e7\u00e3o deve ser executada de forma permanente nos estabelecimentos durante o abate das diferentes esp\u00e9cies de animais, previstos em lei;<\/li>\n\n\n\n<li>Verificar a aplica\u00e7\u00e3o dos preceitos de bem-estar animal e executar as atividades de inspe\u00e7\u00e3o&nbsp;<em>ante e post mortem<\/em>&nbsp;de animais de abate;<\/li>\n\n\n\n<li>A inspe\u00e7\u00e3o \u00e9 um servi\u00e7o oficial, que somente poder\u00e1 ser realizada por profissionais m\u00e9dicos veterin\u00e1rios, legalmente habilitados, com a participa\u00e7\u00e3o dos auxiliares de inspe\u00e7\u00e3o;<\/li>\n\n\n\n<li>Proceder a coleta de amostras de agua de abastecimento, mat\u00e9rias-primas, ingredientes e produtos para an\u00e1lises fiscais;<\/li>\n\n\n\n<li>Verificar a rotulagem e dos processos tecnol\u00f3gicos dos produtos de origem animal quanto ao atendimento da legisla\u00e7\u00e3o espec\u00edfica;<\/li>\n\n\n\n<li>Fiscalizar o controle de qualidade dos estabelecimentos registrados no SIM, quanto a produ\u00e7\u00e3o atrav\u00e9s de an\u00e1lises laboratoriais, programas de Autocontrole\/Manual de Boas pr\u00e1ticas implantados, com o objetivo de garantir qualidade e inocuidade dos produtos de origem animal;<\/li>\n\n\n\n<li>Auditar documentos necess\u00e1rios para o Registro no Servi\u00e7o de Inspe\u00e7\u00e3o Municipal;<\/li>\n\n\n\n<li>Realizar o registro sanit\u00e1rio dos estabelecimentos de produtos de origem animal e seus produtos;<\/li>\n\n\n\n<li>Todas as a\u00e7\u00f5es de inspe\u00e7\u00e3o e fiscaliza\u00e7\u00e3o ser\u00e3o executadas, visando a qualidade dos produtos de origem animal produzidos pelos estabelecimentos com o registro no&nbsp;Servi\u00e7o de Inspe\u00e7\u00e3o Municipal \u2013 SIM CENTRAL MS;<\/li>\n\n\n\n<li>Notificar, emitir auto de infra\u00e7\u00e3o, apreender produtos, suspender, interditar ou embargar estabelecimentos, cassar registro de estabelecimentos e produtos; levantar suspens\u00e3o ou interdi\u00e7\u00e3o de estabelecimentos;<\/li>\n\n\n\n<li>Coordenar, orientar e promover a instala\u00e7\u00e3o de ind\u00fastrias juridicamente estabelecidas, qualificando, desta forma, produtos e subprodutos de origem animal, retirando-os da informalidade;<\/li>\n\n\n\n<li>Contribuir para a diminui\u00e7\u00e3o do com\u00e9rcio clandestino de produtos de origem animal;<\/li>\n\n\n\n<li>Promover a\u00e7\u00f5es que contribuam para o processo educativo visando \u00e0 conscientiza\u00e7\u00e3o da popula\u00e7\u00e3o da import\u00e2ncia do consumo de produtos de origem animal higienicamente seguros.<\/li>\n<\/ul>\n\n\n\n<h3 class=\"wp-block-heading\">Anexos<\/h3>\n\n\n\n<ul class=\"has-secondary-70-color has-text-color wp-block-list\">\n<li><a href=\"https:\/\/prefcg-repositorio.campogrande.ms.gov.br\/wp-cdn\/uploads\/sites\/20\/2017\/05\/CHECK-LIST-DE-ROTULAGEM-1.docx\">Check List de rotulagem<\/a><\/li>\n\n\n\n<li><a href=\"https:\/\/prefcg-repositorio.campogrande.ms.gov.br\/wp-cdn\/uploads\/sites\/20\/2017\/05\/ORIENTACOES-PARA-ROTULOS-1.docx\">Orienta\u00e7\u00e3o para R\u00f3tulos<\/a><\/li>\n\n\n\n<li><a href=\"https:\/\/prefcg-repositorio.campogrande.ms.gov.br\/wp-cdn\/uploads\/sites\/20\/2017\/05\/PAPEL-TIMBRADO-CENTRAL-MS-PRONTO-1.docx\">Modelo Timbrado Central MS<\/a><\/li>\n<\/ul>\n\n\n\n<div class=\"wp-block-columns is-layout-flex wp-container-core-columns-is-layout-baf23659 wp-block-columns-is-layout-flex\" style=\"margin-bottom:var(--wp--preset--spacing--60)\">\n<div class=\"wp-block-column is-layout-flow wp-block-column-is-layout-flow\">\n<figure class=\"wp-block-image\"><img decoding=\"async\" src=\"https:\/\/prefcg-repositorio.campogrande.ms.gov.br\/wp-cdn\/uploads\/sites\/20\/2017\/05\/banner-consorcio-central-ms-2.jpg\" alt=\"\"\/><\/figure>\n<\/div>\n\n\n\n<div class=\"wp-block-column is-vertically-aligned-center is-layout-flow wp-block-column-is-layout-flow\">\n<h2 class=\"wp-block-heading\">CONS\u00d3RCIO CENTRAL MS<\/h2>\n\n\n\n<h5 class=\"wp-block-heading\">CONSORCIO INTERMUNICIPAL DE DESENVOLVIMENTO SUSTENTAVEL DA REGI\u00c3O CENTRAL DO MS<\/h5>\n\n\n\n<p><strong>Endere\u00e7o:<\/strong> Rua Ant\u00f4nio de Oliveira Lima, n. 28, Itanhang\u00e1 Park, CEP 79.003-100 <\/p>\n\n\n\n<p><strong>Tel:<\/strong> 67 4042-0497 Ramal 2421 e 2408 e o celular (67)\u00a099855-1620 <\/p>\n\n\n\n<p><strong>CNPJ: <\/strong>49.160.796\/0001-39 <\/p>\n\n\n\n<p><strong>Email:<\/strong> simconsorciocentralms@gmail.com Campo Grande, Jaraguari, Dois irm\u00e3os do Buriti, Sidrol\u00e2ndia, Terenos &#8211; MS<\/p>\n<\/div>\n<\/div>\n\n\n\n<h2 class=\"wp-block-heading\">Arquivos do S.I.M.<\/h2>\n\n\n\n<ul class=\"wp-block-list\">\n<li><a href=\"https:\/\/prefcg-repositorio.campogrande.ms.gov.br\/wp-cdn\/uploads\/sites\/20\/2023\/08\/RESOLUCAO-NR-05-SIM-CONSORCIO-CENTRALMS.pdf\">Resolu\u00e7\u00e3o NR 05 SIM &#8211; Cons\u00f3rcio Central LMS<\/a><\/li>\n\n\n\n<li><a href=\"https:\/\/prefcg-repositorio.campogrande.ms.gov.br\/wp-cdn\/uploads\/sites\/20\/2021\/02\/RESOLUCAO-No-06-REGISTRO-ESTABELECIMENTOS.pdf\">Resolu\u00e7\u00e3o N\u00b0 06 &#8211; Registro Estabelecimentos<\/a><\/li>\n\n\n\n<li><a href=\"https:\/\/prefcg-repositorio.campogrande.ms.gov.br\/wp-cdn\/uploads\/sites\/20\/2021\/02\/RESOLUCAO-No-07-REGISTRO-DOS-PRODUTOS-ROTULOS.pdf\">Resolu\u00e7\u00e3o N\u00b0 07 &#8211; Registro do Produtos (R\u00f3tulos)<\/a><\/li>\n\n\n\n<li><a href=\"https:\/\/prefcg-repositorio.campogrande.ms.gov.br\/wp-cdn\/uploads\/sites\/20\/2023\/08\/RESOLUCAO-No-08-GRAU-DE-RISCO.pdf\">Resolu\u00e7\u00e3o N\u00b0 08 &#8211; Grau de Risco<\/a><\/li>\n\n\n\n<li><a href=\"https:\/\/prefcg-repositorio.campogrande.ms.gov.br\/wp-cdn\/uploads\/sites\/20\/2023\/08\/RESOLUCAO-No-09-ANALISES-LABORATORIAIS.pdf\">Resolu\u00e7\u00e3o N\u00b0 09 &#8211; An\u00e1lise Laboratoriais<\/a><\/li>\n\n\n\n<li><a href=\"https:\/\/prefcg-repositorio.campogrande.ms.gov.br\/wp-cdn\/uploads\/sites\/20\/2023\/08\/RESOLUCAO-No-11-EDUCACAO.pdf\">Resolu\u00e7\u00e3o N\u00b0 11 &#8211; Educa\u00e7\u00e3o<\/a><\/li>\n\n\n\n<li><a href=\"https:\/\/prefcg-repositorio.campogrande.ms.gov.br\/wp-cdn\/uploads\/sites\/20\/2023\/08\/RESOLUCAO-No-10-COMBATE-A-FRAUDE.pdf\">Resolu\u00e7\u00e3o N\u00b0 10 &#8211; Combate a Fraude<\/a><\/li>\n\n\n\n<li><a href=\"https:\/\/prefcg-repositorio.campogrande.ms.gov.br\/wp-cdn\/uploads\/sites\/20\/2023\/08\/RESOLUCAO-No-12-CLANDESTINIDADE.pdf\">Resolu\u00e7\u00e3o N\u00b0 12 &#8211; Clandestinidade<\/a><\/li>\n\n\n\n<li><a href=\"https:\/\/prefcg-repositorio.campogrande.ms.gov.br\/wp-cdn\/uploads\/sites\/20\/2023\/08\/RESOLUCAO-No-13-SUPERVISOES.pdf\">Resolu\u00e7\u00e3o N\u00b0 13 &#8211; Supervis\u00f5es<\/a><\/li>\n\n\n\n<li><a href=\"https:\/\/prefcg-repositorio.campogrande.ms.gov.br\/wp-cdn\/uploads\/sites\/20\/2023\/08\/RESOLUCAO-No-14-PROCESSO-ADMINISTRATIVO.pdf\">Resolu\u00e7\u00e3o N\u00b0 14 &#8211; Processo Administrativo<\/a><\/li>\n\n\n\n<li><a href=\"https:\/\/prefcg-repositorio.campogrande.ms.gov.br\/wp-cdn\/uploads\/sites\/20\/2023\/08\/RESOLUCAO-No-15-AUTO-CONTROLE.pdf\">Resolu\u00e7\u00e3o N\u00b0 15 &#8211; Auto Controle<\/a><\/li>\n\n\n\n<li><a href=\"https:\/\/prefcg-repositorio.campogrande.ms.gov.br\/wp-cdn\/uploads\/sites\/20\/2023\/08\/LEI-7033-DE-19-DE-ABRIL-DE-2023.pdf\">Lei 7033 de 19 de Abril 2023<\/a><\/li>\n<\/ul>\n","protected":false},"excerpt":{"rendered":"<p>O&nbsp;Servi\u00e7o de Inspe\u00e7\u00e3o de Produtos de Origem Animal&nbsp;executado pelo Cons\u00f3rcio Intermunicipal de Desenvolvimento Sustent\u00e1vel da Regi\u00e3o Central de MS\u2013 Central MS, amparado pela Lei n. 11.107\/2005, pelo Estatuto Social do Cons\u00f3rcio Central MS e pelo Decreto n\u00ba 10.032 de 1\u00ba de outubro de 2019, \u00e9 \u00f3rg\u00e3o ligado diretamente \u00e0 Coordena\u00e7\u00e3o de Inspe\u00e7\u00e3o pelo Cons\u00f3rcio Intermunicipal [&hellip;]<\/p>\n","protected":false},"author":1,"featured_media":0,"parent":0,"menu_order":0,"comment_status":"closed","ping_status":"closed","template":"","meta":{"_acf_changed":false,"custom_icon_class":"","footnotes":""},"class_list":["post-116","page","type-page","status-publish","hentry"],"acf":[],"_links":{"self":[{"href":"https:\/\/campogrande.nucleo.site\/sidagro\/wp-json\/wp\/v2\/pages\/116","targetHints":{"allow":["GET"]}}],"collection":[{"href":"https:\/\/campogrande.nucleo.site\/sidagro\/wp-json\/wp\/v2\/pages"}],"about":[{"href":"https:\/\/campogrande.nucleo.site\/sidagro\/wp-json\/wp\/v2\/types\/page"}],"author":[{"embeddable":true,"href":"https:\/\/campogrande.nucleo.site\/sidagro\/wp-json\/wp\/v2\/users\/1"}],"replies":[{"embeddable":true,"href":"https:\/\/campogrande.nucleo.site\/sidagro\/wp-json\/wp\/v2\/comments?post=116"}],"version-history":[{"count":9,"href":"https:\/\/campogrande.nucleo.site\/sidagro\/wp-json\/wp\/v2\/pages\/116\/revisions"}],"predecessor-version":[{"id":140,"href":"https:\/\/campogrande.nucleo.site\/sidagro\/wp-json\/wp\/v2\/pages\/116\/revisions\/140"}],"wp:attachment":[{"href":"https:\/\/campogrande.nucleo.site\/sidagro\/wp-json\/wp\/v2\/media?parent=116"}],"curies":[{"name":"wp","href":"https:\/\/api.w.org\/{rel}","templated":true}]}}