{"id":124,"date":"2023-10-19T18:03:36","date_gmt":"2023-10-19T21:03:36","guid":{"rendered":"https:\/\/campogrande.nucleo.site\/sidagro\/?page_id=124"},"modified":"2023-10-19T18:03:36","modified_gmt":"2023-10-19T21:03:36","slug":"criterios-exigidos-para-incubacao","status":"publish","type":"page","link":"https:\/\/campogrande.nucleo.site\/sidagro\/criterios-exigidos-para-incubacao\/","title":{"rendered":"Crit\u00e9rios Exigidos para Incuba\u00e7\u00e3o"},"content":{"rendered":"\n<p>Os candidatos ao sistema de incuba\u00e7\u00e3o, dever\u00e3o atender aos crit\u00e9rios abaixo:<\/p>\n\n\n\n<ol class=\"wp-block-list\">\n<li>Apresentar comprovante de ter participado do programa \u201cNascer Bem\u201d do SEBRAE;<\/li>\n\n\n\n<li>ter idade m\u00ednima de 18 anos;<\/li>\n\n\n\n<li>apresentar um Plano de neg\u00f3cio simplificado, com&nbsp; a viabilidade t\u00e9cnica e econ\u00f4mica da empresa para avalia\u00e7\u00e3o da Comiss\u00e3o Julgadora;<\/li>\n\n\n\n<li>ter conhecimento b\u00e1sico necess\u00e1rio ao desenvolvimento do produto para o qual se habilita;<\/li>\n\n\n\n<li>comprovar a exist\u00eancia&nbsp; dos recursos financeiros dispon\u00edveis para o uso, dentro do processo de forma\u00e7\u00e3o e desenvolvimento&nbsp; da empresa;<\/li>\n\n\n\n<li>apresentar Certid\u00e3o Negativa de D\u00e9bitos&nbsp; da empresa em rela\u00e7\u00e3o ao INSS, Receita Federal, Fisco Estadual e Municipal;<\/li>\n\n\n\n<li>apresentar Certid\u00e3o Negativa de Antecedentes Criminais do respons\u00e1vel pela empresa;<\/li>\n\n\n\n<li>residir ou ter disponibilidade para fixar resid\u00eancia no Munic\u00edpio de Campo Grande\/ MS;<\/li>\n\n\n\n<li>na modalidade de Incuba\u00e7\u00e3o \u00e0 Dist\u00e2ncia \u00e9 necess\u00e1rio ter espa\u00e7o f\u00edsico adequado para desenvolvimento dos produtos.<\/li>\n<\/ol>\n","protected":false},"excerpt":{"rendered":"<p>Os candidatos ao sistema de incuba\u00e7\u00e3o, dever\u00e3o atender aos crit\u00e9rios abaixo:<\/p>\n","protected":false},"author":1,"featured_media":0,"parent":0,"menu_order":0,"comment_status":"closed","ping_status":"closed","template":"","meta":{"_acf_changed":false,"custom_icon_class":"","footnotes":""},"class_list":["post-124","page","type-page","status-publish","hentry"],"acf":[],"_links":{"self":[{"href":"https:\/\/campogrande.nucleo.site\/sidagro\/wp-json\/wp\/v2\/pages\/124","targetHints":{"allow":["GET"]}}],"collection":[{"href":"https:\/\/campogrande.nucleo.site\/sidagro\/wp-json\/wp\/v2\/pages"}],"about":[{"href":"https:\/\/campogrande.nucleo.site\/sidagro\/wp-json\/wp\/v2\/types\/page"}],"author":[{"embeddable":true,"href":"https:\/\/campogrande.nucleo.site\/sidagro\/wp-json\/wp\/v2\/users\/1"}],"replies":[{"embeddable":true,"href":"https:\/\/campogrande.nucleo.site\/sidagro\/wp-json\/wp\/v2\/comments?post=124"}],"version-history":[{"count":1,"href":"https:\/\/campogrande.nucleo.site\/sidagro\/wp-json\/wp\/v2\/pages\/124\/revisions"}],"predecessor-version":[{"id":125,"href":"https:\/\/campogrande.nucleo.site\/sidagro\/wp-json\/wp\/v2\/pages\/124\/revisions\/125"}],"wp:attachment":[{"href":"https:\/\/campogrande.nucleo.site\/sidagro\/wp-json\/wp\/v2\/media?parent=124"}],"curies":[{"name":"wp","href":"https:\/\/api.w.org\/{rel}","templated":true}]}}