{"id":49,"date":"2023-10-19T14:27:41","date_gmt":"2023-10-19T17:27:41","guid":{"rendered":"https:\/\/campogrande.nucleo.site\/sidagro\/?page_id=49"},"modified":"2023-10-19T14:47:11","modified_gmt":"2023-10-19T17:47:11","slug":"conselho-municipal-de-industria-comercio-e-servico","status":"publish","type":"page","link":"https:\/\/campogrande.nucleo.site\/sidagro\/conselho-municipal-de-industria-comercio-e-servico\/","title":{"rendered":"Conselho Municipal de Fomento ao Com\u00e9rcio, Ind\u00fastria e Servi\u00e7os &#8211; COMCIS"},"content":{"rendered":"\n<h3 class=\"wp-block-heading\">Compete ao Conselho Municipal de Fomento ao Com\u00e9rcio, Ind\u00fastria e Servi\u00e7os &#8211; COMCIS:<\/h3>\n\n\n\n<ol class=\"wp-block-list\">\n<li>&#8211; participar da defini\u00e7\u00e3o das pol\u00edticas para o desenvolvimento sustent\u00e1vel no Munic\u00edpio, dos setores de Ind\u00fastria, Com\u00e9rcio e Servi\u00e7os;<\/li>\n\n\n\n<li>&#8211; conjugar esfor\u00e7os para a integra\u00e7\u00e3o de a\u00e7\u00f5es e a utiliza\u00e7\u00e3o dos recursos destinados ao desenvolvimento sustent\u00e1vel do Com\u00e9rcio, Ind\u00fastria e Servi\u00e7os do Munic\u00edpio;<\/li>\n\n\n\n<li>&#8211; criar um sistema de informa\u00e7\u00f5es visando subsidiar as decis\u00f5es relativas ao desenvolvimento sustent\u00e1vel dos setores de Ind\u00fastria, Com\u00e9rcio e Servi\u00e7os do Munic\u00edpio;<\/li>\n\n\n\n<li>&#8211; participar da elabora\u00e7\u00e3o, an\u00e1lise, aprova\u00e7\u00e3o e execu\u00e7\u00e3o de planos, programas e projetos voltados ao desenvolvimento sustent\u00e1vel dos setores de Ind\u00fastria, Com\u00e9rcio e Servi\u00e7os no Munic\u00edpio;<\/li>\n\n\n\n<li>&#8211; apresentar ao Executivo Municipal, o Plano Municipal de Desenvolvimento Sustent\u00e1vel para o Com\u00e9rcio e Servi\u00e7os do Munic\u00edpio;<\/li>\n\n\n\n<li>&#8211; acompanhar e avaliar a execu\u00e7\u00e3o dos planos, programas e projetos voltados ao desenvolvimento sustent\u00e1vel dos setores de Ind\u00fastria, Com\u00e9rcio e Servi\u00e7os no Munic\u00edpio;<\/li>\n\n\n\n<li>&#8211; zelar pelo cumprimento das leis e programas de desenvolvimento sustent\u00e1vel dos setores de Ind\u00fastria, Com\u00e9rcio e Servi\u00e7os no Munic\u00edpio, sugerindo, inclusive, mudan\u00e7as visando o seu aperfei\u00e7oamento e melhoria cont\u00ednua;<\/li>\n\n\n\n<li>&#8211; oferecer subs\u00eddios aos \u00f3rg\u00e3os respons\u00e1veis pelas pol\u00edticas de desenvolvimento sustent\u00e1vel da Prefeitura Municipal de Campo Grande, no que se refere aos setores de Com\u00e9rcio e de Servi\u00e7os;<\/li>\n\n\n\n<li>&#8211; assessorar na motiva\u00e7\u00e3o e organiza\u00e7\u00e3o dos setores de Ind\u00fastria, Com\u00e9rcio e Servi\u00e7os, incluindo campanhas de est\u00edmulo ao desenvolvimento sustent\u00e1vel desses setores do Munic\u00edpio.<\/li>\n<\/ol>\n\n\n\n<h4 class=\"wp-block-heading\">Abaixo, nos DOWNLOADS, a Lei e o Decreto de Cria\u00e7\u00e3o, juntamente com as datas das reuni\u00f5es do ano de 2017.<\/h4>\n\n\n\n<ul class=\"has-secondary-70-color has-text-color wp-block-list\">\n<li><a href=\"https:\/\/prefcg-repositorio.campogrande.ms.gov.br\/wp-cdn\/uploads\/sites\/20\/2017\/05\/Membros-Comcis-20171.pdf\">Membros do COMSIS<\/a><\/li>\n\n\n\n<li><a href=\"https:\/\/prefcg-repositorio.campogrande.ms.gov.br\/wp-cdn\/uploads\/sites\/20\/2017\/05\/Datas-das-Reuni%C3%B5es-do-COMCIS.pdf\">Reuni\u00f5es do COMCIS<\/a><\/li>\n\n\n\n<li><a href=\"https:\/\/prefcg-repositorio.campogrande.ms.gov.br\/wp-cdn\/uploads\/sites\/20\/2017\/05\/Lei-4622-_-2008-cria-o-COMICS.pdf\">Lei 4.622\/2008 &#8211; Lei de Cria\u00e7\u00e3o do Conselho Municipal de Fomento ao Com\u00e9rcio, Ind\u00fastria e Servi\u00e7os &#8211; COMCIS<\/a><\/li>\n\n\n\n<li><a href=\"https:\/\/prefcg-repositorio.campogrande.ms.gov.br\/wp-cdn\/uploads\/sites\/20\/2017\/05\/Decreto-10492_2008-regulamenta-o-COMICS.pdf\">Decreto 10.492\/2003 &#8211; Regulamenta o COMCIS<\/a><\/li>\n<\/ul>\n","protected":false},"excerpt":{"rendered":"<p>Compete ao Conselho Municipal de Fomento ao Com\u00e9rcio, Ind\u00fastria e Servi\u00e7os &#8211; COMCIS: Abaixo, nos DOWNLOADS, a Lei e o Decreto de Cria\u00e7\u00e3o, juntamente com as datas das reuni\u00f5es do ano de 2017.<\/p>\n","protected":false},"author":1,"featured_media":0,"parent":0,"menu_order":4,"comment_status":"closed","ping_status":"closed","template":"","meta":{"_acf_changed":false,"custom_icon_class":"","footnotes":""},"class_list":["post-49","page","type-page","status-publish","hentry"],"acf":[],"_links":{"self":[{"href":"https:\/\/campogrande.nucleo.site\/sidagro\/wp-json\/wp\/v2\/pages\/49","targetHints":{"allow":["GET"]}}],"collection":[{"href":"https:\/\/campogrande.nucleo.site\/sidagro\/wp-json\/wp\/v2\/pages"}],"about":[{"href":"https:\/\/campogrande.nucleo.site\/sidagro\/wp-json\/wp\/v2\/types\/page"}],"author":[{"embeddable":true,"href":"https:\/\/campogrande.nucleo.site\/sidagro\/wp-json\/wp\/v2\/users\/1"}],"replies":[{"embeddable":true,"href":"https:\/\/campogrande.nucleo.site\/sidagro\/wp-json\/wp\/v2\/comments?post=49"}],"version-history":[{"count":9,"href":"https:\/\/campogrande.nucleo.site\/sidagro\/wp-json\/wp\/v2\/pages\/49\/revisions"}],"predecessor-version":[{"id":63,"href":"https:\/\/campogrande.nucleo.site\/sidagro\/wp-json\/wp\/v2\/pages\/49\/revisions\/63"}],"wp:attachment":[{"href":"https:\/\/campogrande.nucleo.site\/sidagro\/wp-json\/wp\/v2\/media?parent=49"}],"curies":[{"name":"wp","href":"https:\/\/api.w.org\/{rel}","templated":true}]}}