{"id":64,"date":"2023-10-19T14:48:15","date_gmt":"2023-10-19T17:48:15","guid":{"rendered":"https:\/\/campogrande.nucleo.site\/sidagro\/?page_id=64"},"modified":"2023-10-19T17:14:55","modified_gmt":"2023-10-19T20:14:55","slug":"conselho-municipal-de-desenvolvimento-rural-sustentavel","status":"publish","type":"page","link":"https:\/\/campogrande.nucleo.site\/sidagro\/conselho-municipal-de-desenvolvimento-rural-sustentavel\/","title":{"rendered":"Conselho Municipal de Desenvolvimento Rural Sustent\u00e1vel \u2013 C.M.D.R.S"},"content":{"rendered":"\n<h4 class=\"wp-block-heading\"><strong>LEI n. 4.477. DE 30 DE MAIO DE 2007.<\/strong><\/h4>\n\n\n\n<h5 class=\"wp-block-heading\"><strong>DISPOE SOBRE A CRIACAO DO CONSELHO MUNICIPAL DE DESENVOLVIMENTO RURAL SUSTENTAVEL CMDRS E DA OUTRAS PROVIDENCIAS.<\/strong><\/h5>\n\n\n\n<p><strong>[&#8230;]<\/strong><\/p>\n\n\n\n<p><strong>Art. 1\u00ba<\/strong>. Fica criado o Conselho Municipal de Desenvolvimento Rural Sustentavel &#8211; CMDRS, como org\u00e3o consultivo de delibera\u00e7\u00e3o colegiada, vinculado a Secretaria Municipal de Fomento ao Agronegocio, Industria, Comercio, Turismo, Ciencia e Tecnologia, responsavel pela coordena\u00e7\u00e3o da politica de desenvolvimento economico e desenvolvimento rural integrado e sustentavel.<\/p>\n\n\n\n<p><strong>Art. 2\u00ba<\/strong> Compete ao Conselho Municipal de Desenvolvimento Rural Sustentavel &#8211; CMDRS:<\/p>\n\n\n\n<ol class=\"wp-block-list\">\n<li>&#8211; participar na defini\u00e7\u00e3o das pol\u00edticas para o desenvolvimento rural sustent\u00e1vel do Munic\u00edpio;<\/li>\n\n\n\n<li>&#8211; conjugar esfor\u00e7os para a integra\u00e7\u00e3o de a\u00e7\u00f5es e a utiliza\u00e7\u00e3o dos recursos destinados ao desenvolvimento sustent\u00e1vel rural do Munic\u00edpio;<\/li>\n\n\n\n<li>&#8211; criar um sistema de informa\u00e7\u00f5es visando subsidiar as decis\u00f5es relativas ao desenvolvimento rural sustent\u00e1vel do Munic\u00edpio;<\/li>\n\n\n\n<li>&#8211; participar da elabora\u00e7\u00e3o, an\u00e1lise, aprova\u00e7\u00e3o e execu\u00e7\u00e3o de planos, programas e projetos voltados ao desenvolvimento rural sustent\u00e1vel do Munic\u00edpio;<\/li>\n\n\n\n<li>&#8211; apresentar ao Executivo Municipal o Plano Municipal de Desenvolvimento Rural Sustent\u00e1vel;<\/li>\n\n\n\n<li>&#8211; acompanhar e avaliar a execu\u00e7\u00e3o dos planos, programas e projetos voltados ao desenvolvimento sustent\u00e1vel rural no Munic\u00edpio;<\/li>\n\n\n\n<li>&#8211; zelar pelo cumprimento das leis e programas de desenvolvimento rural sustent\u00e1vel no Munic\u00edpio e das quest\u00f5es relativas ao meio ambiente sugerindo, inclusive, mudan\u00e7as visando o seu aperfei\u00e7oamento;<\/li>\n\n\n\n<li>&#8211; oferecer subs\u00eddios ao \u00d3rg\u00e3o respons\u00e1vel pela&nbsp; pol\u00edtica de desenvolvimento rural sustent\u00e1vel da Prefeitura Municipal de Campo Grande, para a execu\u00e7\u00e3o do Plano de Desenvolvimento Rural Sustent\u00e1vel &#8211; PMDRS;<\/li>\n\n\n\n<li>&#8211; assessorar na motiva\u00e7\u00e3o e organiza\u00e7\u00e3o da comunidade rural incluindo campanhas de estimulo ao desenvolvimento rural sustent\u00e1vel no Munic\u00edpio.<\/li>\n<\/ol>\n\n\n\n<p><strong>Art. 3\u00ba<\/strong> 0 Conselho Municipal de Desenvolvimento Rural Sustentavel &#8211; CMDRS sera composto de 21 (vinte e um) membros titulares e igual numero de suplentes, sendo 11 (onze) representantes de Orgaos Governamentais e 10 (dez) representantes nao-governamentais assegurada a participa9ao dos representantes dos trabalhadares rurais.<\/p>\n\n\n\n<ul class=\"wp-block-list\">\n<li><\/li>\n<\/ul>\n\n\n\n<p><strong>Art. 4\u00ba.<\/strong> o Conselho Municipal de Desenvolvimento Rural Sustentavel &#8211; CMDRS sera regulamentado por Decreto do Poder Executivo Municipal.<\/p>\n\n\n\n<p><strong>Art 5\u00ba.<\/strong> Esta Lei entra em vigor na data de sua publica\u00e7\u00e3o, ficando revogada a Lei n. 3.381, de 12 de outubro de 1997.<\/p>\n\n\n\n<h6 class=\"wp-block-heading\">Texto Extra\u00eddo do <a href=\"https:\/\/diogrande.campogrande.ms.gov.br\/download_edicao\/eyJjb2RpZ29kaWEiOiI1NzAzIn0%3D.pdf\">DIOGRANDE n. 2.311<\/a>. DE 30 DE MAIO DE 2007<\/h6>\n\n\n\n<h4 class=\"wp-block-heading\">Abaixo, fa\u00e7a o DOWNLOAD, da <strong>Lei de Cria\u00e7\u00e3o\u00a0e do Decreto de Regulamenta\u00e7\u00e3o<\/strong>, juntamente com as datas das reuni\u00f5es e membros participantes\u00a0do ano de 2017.<\/h4>\n\n\n\n<ul class=\"wp-block-list\">\n<li><a href=\"https:\/\/prefcg-repositorio.campogrande.ms.gov.br\/wp-cdn\/uploads\/sites\/20\/2017\/05\/Membros-do-CMDRS.pdf\">Membros do CMDRS<\/a><\/li>\n\n\n\n<li><a href=\"https:\/\/prefcg-repositorio.campogrande.ms.gov.br\/wp-cdn\/uploads\/sites\/20\/2017\/05\/Datas-das-Reuni%C3%B5es-Ordin%C3%A1rias-CMDRS-2017.pdf\">Reuni\u00f5es do CMDRS<\/a><\/li>\n\n\n\n<li><a href=\"https:\/\/prefcg-repositorio.campogrande.ms.gov.br\/wp-cdn\/uploads\/sites\/20\/2017\/05\/Lei-4477-de-2007-Lei-de-Cria%C3%A7%C3%A3o-do-CMDRS.pdf\">Lei 4.477\/2007 &#8211; Lei de Cria\u00e7\u00e3o do Conselho Municipal de Desenvolvimento Sustent\u00e1vel &#8211; CMDRS.<\/a><\/li>\n\n\n\n<li><a href=\"https:\/\/prefcg-repositorio.campogrande.ms.gov.br\/wp-cdn\/uploads\/sites\/20\/2017\/05\/Decreto-10.074-de-2007-Regulamenta-o-CMDRS.pdf\">Decreto 10.047\/2007 &#8211; Regulamento do CMDRS<\/a><\/li>\n<\/ul>\n\n\n\n<p><\/p>\n","protected":false},"excerpt":{"rendered":"<p>LEI n. 4.477. DE 30 DE MAIO DE 2007. DISPOE SOBRE A CRIACAO DO CONSELHO MUNICIPAL DE DESENVOLVIMENTO RURAL SUSTENTAVEL CMDRS E DA OUTRAS PROVIDENCIAS. [&#8230;] Art. 1\u00ba. Fica criado o Conselho Municipal de Desenvolvimento Rural Sustentavel &#8211; CMDRS, como org\u00e3o consultivo de delibera\u00e7\u00e3o colegiada, vinculado a Secretaria Municipal de Fomento ao Agronegocio, Industria, Comercio, [&hellip;]<\/p>\n","protected":false},"author":1,"featured_media":0,"parent":0,"menu_order":5,"comment_status":"closed","ping_status":"closed","template":"","meta":{"_acf_changed":false,"custom_icon_class":"","footnotes":""},"class_list":["post-64","page","type-page","status-publish","hentry"],"acf":[],"_links":{"self":[{"href":"https:\/\/campogrande.nucleo.site\/sidagro\/wp-json\/wp\/v2\/pages\/64","targetHints":{"allow":["GET"]}}],"collection":[{"href":"https:\/\/campogrande.nucleo.site\/sidagro\/wp-json\/wp\/v2\/pages"}],"about":[{"href":"https:\/\/campogrande.nucleo.site\/sidagro\/wp-json\/wp\/v2\/types\/page"}],"author":[{"embeddable":true,"href":"https:\/\/campogrande.nucleo.site\/sidagro\/wp-json\/wp\/v2\/users\/1"}],"replies":[{"embeddable":true,"href":"https:\/\/campogrande.nucleo.site\/sidagro\/wp-json\/wp\/v2\/comments?post=64"}],"version-history":[{"count":3,"href":"https:\/\/campogrande.nucleo.site\/sidagro\/wp-json\/wp\/v2\/pages\/64\/revisions"}],"predecessor-version":[{"id":91,"href":"https:\/\/campogrande.nucleo.site\/sidagro\/wp-json\/wp\/v2\/pages\/64\/revisions\/91"}],"wp:attachment":[{"href":"https:\/\/campogrande.nucleo.site\/sidagro\/wp-json\/wp\/v2\/media?parent=64"}],"curies":[{"name":"wp","href":"https:\/\/api.w.org\/{rel}","templated":true}]}}