{"id":68,"date":"2023-10-19T15:20:40","date_gmt":"2023-10-19T18:20:40","guid":{"rendered":"https:\/\/campogrande.nucleo.site\/sidagro\/?page_id=68"},"modified":"2023-10-19T15:28:23","modified_gmt":"2023-10-19T18:28:23","slug":"agricultura-familiar","status":"publish","type":"page","link":"https:\/\/campogrande.nucleo.site\/sidagro\/agricultura-familiar\/","title":{"rendered":"Agricultura Familiar"},"content":{"rendered":"\n<p>Para viabilizar os Sistemas de desenvolvimento da Agricultura Familiar, foram estabelecidas pol\u00edticas p\u00fablicas como modalidades de cr\u00e9dito (plantio, compra de maquin\u00e1rios, etc.,), inclus\u00e3o de jovens, mulheres, apoio \u00e0 Agricultura Org\u00e2nica, Reflorestamento, apoio ao Cooperativismo e Comercializa\u00e7\u00e3o.<\/p>\n\n\n\n<p>O Munic\u00edpio de Campo Grande possui indicadores que superam a taxa nacional de urbaniza\u00e7\u00e3o. Conforme \u00faltimo Censo do IBGE em 2010 possui 98,66% de sua popula\u00e7\u00e3o considerada como urbana. A grande taxa de urbaniza\u00e7\u00e3o gera efeitos colaterais que demanda por grandes esfor\u00e7os do poder p\u00fablico nas \u00e1reas de mobilidade urbana, sa\u00fade, educa\u00e7\u00e3o, etc.,<\/p>\n\n\n\n<p>A revers\u00e3o desse processo depende da constru\u00e7\u00e3o de uma proposta que desafie os rumos do atual caminho de desenvolvimento rural. \u00c9 esse o desafio que o departamento do Agroneg\u00f3cio da Secretaria Municipal de Inova\u00e7\u00e3o Desenvolvimento Econ\u00f4mico e Agroneg\u00f3cio &#8211; SIDAGRO assume. Para a constru\u00e7\u00e3o dessa proposta, o poder p\u00fablico municipal por meio da SIDAGRO, estabelece parcerias junto \u00e0s institui\u00e7\u00f5es que atuam no meio rural, representantes das organiza\u00e7\u00f5es sociais ligados ao desenvolvimento rural, aos agricultores (as) familiares. Pretende-se com essas parcerias reunir as bases para a constru\u00e7\u00e3o de pol\u00edticas p\u00fablicas voltadas para o desenvolvimento econ\u00f4mico do meio rural do munic\u00edpio.<\/p>\n\n\n\n<h5 class=\"wp-block-heading\"><strong>PROCESSOS E PROGRAMAS TRABALHADOS PELO DEPARTAMENTO DO AGRONEG\u00d3CIO<\/strong><\/h5>\n\n\n\n<ul class=\"wp-block-list\">\n<li>Operacionaliza\u00e7\u00e3o do Programa de Aquisi\u00e7\u00e3o de Alimentos PAA \u2013 Modalidade Compra direta com doa\u00e7\u00e3o Simult\u00e2nea<\/li>\n\n\n\n<li>Apoio ao desenvolvimento da Agricultura Org\u00e2nica<\/li>\n\n\n\n<li>Apoio \u00e0 Comercializa\u00e7\u00e3o de produtos da Agricultura Familiar<\/li>\n\n\n\n<li>Articula\u00e7\u00e3o do Programa Nacional da Alimenta\u00e7\u00e3o Escolar \u2013 PNAE<\/li>\n\n\n\n<li>Apoio ao processo de motomecaniza\u00e7\u00e3o da Agricultura Familiar<\/li>\n<\/ul>\n\n\n\n<h2 class=\"wp-block-heading has-20-font-size\">Arquivos para download<\/h2>\n\n\n\n<ul class=\"wp-block-list\">\n<li><a href=\"https:\/\/prefcg-repositorio.campogrande.ms.gov.br\/wp-cdn\/uploads\/sites\/20\/2017\/05\/CAMPO-GRANDE-RURAL.pdf\">Campo Grande Rural &#8211; Dados sobre propriedades rurais do munic\u00edpio<\/a><\/li>\n\n\n\n<li><a href=\"https:\/\/prefcg-repositorio.campogrande.ms.gov.br\/wp-cdn\/uploads\/sites\/20\/2021\/04\/manualpaa.pdf\">Cartilha PAA<\/a><\/li>\n\n\n\n<li><a href=\"https:\/\/prefcg-repositorio.campogrande.ms.gov.br\/wp-cdn\/uploads\/sites\/20\/2017\/05\/Cartilha_Nutricionistas_PNAE_2022v1.21.pdf\">Cartilha PNAE<\/a><\/li>\n\n\n\n<li><a href=\"https:\/\/prefcg-repositorio.campogrande.ms.gov.br\/wp-cdn\/uploads\/sites\/20\/2017\/05\/LEI-N%5C272-11.326-DE-24-DE-JULHO-DE-2006..pdf\">Lei N\u00ba 11.326, de 24 de Julho de 2006<\/a><\/li>\n\n\n\n<li><a href=\"https:\/\/prefcg-repositorio.campogrande.ms.gov.br\/wp-cdn\/uploads\/sites\/20\/2017\/05\/Mapa-Assentamentos-CG-C%C3%B3pia.pdf\">Assentamentos de Campo Grande &#8211; MAPA<\/a><\/li>\n<\/ul>\n","protected":false},"excerpt":{"rendered":"<p>Para viabilizar os Sistemas de desenvolvimento da Agricultura Familiar, foram estabelecidas pol\u00edticas p\u00fablicas como modalidades de cr\u00e9dito (plantio, compra de maquin\u00e1rios, etc.,), inclus\u00e3o de jovens, mulheres, apoio \u00e0 Agricultura Org\u00e2nica, Reflorestamento, apoio ao Cooperativismo e Comercializa\u00e7\u00e3o. O Munic\u00edpio de Campo Grande possui indicadores que superam a taxa nacional de urbaniza\u00e7\u00e3o. Conforme \u00faltimo Censo do IBGE [&hellip;]<\/p>\n","protected":false},"author":1,"featured_media":0,"parent":0,"menu_order":6,"comment_status":"closed","ping_status":"closed","template":"","meta":{"_acf_changed":false,"custom_icon_class":"","footnotes":""},"class_list":["post-68","page","type-page","status-publish","hentry"],"acf":[],"_links":{"self":[{"href":"https:\/\/campogrande.nucleo.site\/sidagro\/wp-json\/wp\/v2\/pages\/68","targetHints":{"allow":["GET"]}}],"collection":[{"href":"https:\/\/campogrande.nucleo.site\/sidagro\/wp-json\/wp\/v2\/pages"}],"about":[{"href":"https:\/\/campogrande.nucleo.site\/sidagro\/wp-json\/wp\/v2\/types\/page"}],"author":[{"embeddable":true,"href":"https:\/\/campogrande.nucleo.site\/sidagro\/wp-json\/wp\/v2\/users\/1"}],"replies":[{"embeddable":true,"href":"https:\/\/campogrande.nucleo.site\/sidagro\/wp-json\/wp\/v2\/comments?post=68"}],"version-history":[{"count":3,"href":"https:\/\/campogrande.nucleo.site\/sidagro\/wp-json\/wp\/v2\/pages\/68\/revisions"}],"predecessor-version":[{"id":72,"href":"https:\/\/campogrande.nucleo.site\/sidagro\/wp-json\/wp\/v2\/pages\/68\/revisions\/72"}],"wp:attachment":[{"href":"https:\/\/campogrande.nucleo.site\/sidagro\/wp-json\/wp\/v2\/media?parent=68"}],"curies":[{"name":"wp","href":"https:\/\/api.w.org\/{rel}","templated":true}]}}