{"id":73,"date":"2023-10-19T16:35:49","date_gmt":"2023-10-19T19:35:49","guid":{"rendered":"https:\/\/campogrande.nucleo.site\/sidagro\/?page_id=73"},"modified":"2023-10-19T17:19:12","modified_gmt":"2023-10-19T20:19:12","slug":"paa-programa-de-aquisicao-de-alimentos","status":"publish","type":"page","link":"https:\/\/campogrande.nucleo.site\/sidagro\/paa-programa-de-aquisicao-de-alimentos\/","title":{"rendered":"PAA &#8211; Programa de Aquisi\u00e7\u00e3o de Alimentos"},"content":{"rendered":"\n<figure class=\"wp-block-image aligncenter size-large is-resized is-style-default\"><img decoding=\"async\" src=\"https:\/\/prefcg-repositorio.campogrande.ms.gov.br\/wp-cdn\/uploads\/sites\/20\/2021\/04\/banner-paa-1140x400-1641931171.jpg\" alt=\"\" style=\"aspect-ratio:2.85;object-fit:cover;width:1306px;height:auto\"\/><\/figure>\n\n\n\n<div class=\"wp-block-columns is-layout-flex wp-container-core-columns-is-layout-cbe57604 wp-block-columns-is-layout-flex\">\n<div class=\"wp-block-column is-layout-flow wp-block-column-is-layout-flow\">\n<figure class=\"wp-block-image size-large\"><img decoding=\"async\" src=\"https:\/\/prefcg-repositorio.campogrande.ms.gov.br\/wp-cdn\/uploads\/sites\/20\/2021\/04\/680-x-380-paa.jpg\" alt=\"\"\/><\/figure>\n<\/div>\n\n\n\n<div class=\"wp-block-column is-layout-flow wp-block-column-is-layout-flow\">\n<h3 class=\"wp-block-heading\">PAA &#8211; PROGRAMA DE AQUISI\u00c7\u00c3O DE ALIMENTOS<\/h3>\n\n\n\n<p><small>MODALIDADE COMPRA COM DOA\u00c7\u00c3O SIMULT\u00c2NEA<\/small><\/p>\n\n\n\n<p>O Programa de Aquisi\u00e7\u00e3o de Alimentos (PAA) foi criado pelo art. 19 da Lei n\u00ba 10.696, de 02 de julho de 2003 e regulamentado pelo Decreto 7775 de 04 de julho de 2012. Possui v\u00e1rias modalidades, entre elas, a Compra com doa\u00e7\u00e3o simult\u00e2nea que possui duas finalidades b\u00e1sicas: <em>promover o acesso \u00e0 alimenta\u00e7\u00e3o e incentivar a agricultura familiar.<\/em><\/p>\n\n\n\n<p>Para o alcance desses dois objetivos, o programa compra alimentos produzidos pela agricultura familiar, com dispensa de licita\u00e7\u00e3o, e os destina \u00e0s pessoas em situa\u00e7\u00e3o de inseguran\u00e7a alimentar e nutricional e entidades p\u00fablicas, filantr\u00f3picas privadas, que fazem parte da rede socioassistencial de seguran\u00e7a alimentar e nutricional.<\/p>\n<\/div>\n<\/div>\n\n\n\n<div style=\"height:19px\" aria-hidden=\"true\" class=\"wp-block-spacer\"><\/div>\n\n\n\n<p>O Munic\u00edpio de Campo Grande por meio da Secretaria Municipal de Desenvolvimento Econ\u00f4mico, Ci\u00eancia e Tecnologia (SEDESC) e a Secretaria Municipal de Assist\u00eancia Social (SAS), desenvolve o programa na modalidade compra com doa\u00e7\u00e3o simult\u00e2nea, em parceria financeira com o Minist\u00e9rio da Cidadania (antigo Minist\u00e9rio do Desenvolvimento Social e Agr\u00e1rio MDSA). O referido Minist\u00e9rio disponibiliza recursos financeiros para aquisi\u00e7\u00e3o dos produtos da agricultura familiar e paga diretamente a eles por deposito em conta banc\u00e1ria. O munic\u00edpio por meio da SEDESC seleciona os agricultores (as), articula e desenvolve todo o processo burocr\u00e1tico e t\u00e9cnico referente ao processo de aquisi\u00e7\u00e3o. Os produtos s\u00e3o entregues \u00e0 Central de Processamento de Alimentos CPA da Secretaria de Assist\u00eancia Social SAS, sendo que esta distribui para todo o aparelho de assist\u00eancia social por ela cadastrado.<\/p>\n\n\n\n<p><strong>Data da cria\u00e7\u00e3o:<\/strong> 02 de julho de 2003<\/p>\n\n\n\n<figure class=\"wp-block-table\"><table><tbody><tr><td><strong>Instrumento Normativo de cria\u00e7\u00e3o<\/strong><\/td><td>art. 19 da Lei n\u00ba 10.696 \u2013 Regulamenta\u00e7\u00e3o Decreto 777 04.07.2012<\/td><\/tr><tr><td><strong>P\u00fablico Alvo do programa<\/strong><\/td><td>Agricultores Familiares \u2013 Institui\u00e7\u00f5es que trabalham com fam\u00edlias em situa\u00e7\u00e3o de risco alimentar, Centros de Refer\u00eancia de Assist\u00eancia Social<\/td><\/tr><tr><td><strong>Esp\u00e9cies de bens, valores e benef\u00edcios distribu\u00eddos:<\/strong><\/td><td>Agricultura Familiar \u2013 Recebe do Minist\u00e9rio da Cidadania, valores financeiros referente a venda de produtos Institui\u00e7\u00f5es, CRAS \u2013 Recebem Hortali\u00e7as, frutas, ra\u00edzes, tub\u00e9rculos, comprados dos Agricultores (as) familiares.<\/td><\/tr><\/tbody><\/table><\/figure>\n\n\n\n<h2 class=\"wp-block-heading has-18-font-size\">Downloads Vinculados<\/h2>\n\n\n\n<ul class=\"wp-block-list\">\n<li><a href=\"https:\/\/prefcg-repositorio.campogrande.ms.gov.br\/wp-cdn\/uploads\/sites\/20\/2021\/04\/manualpaa.pdf\">Cartilha PAA<\/a><\/li>\n\n\n\n<li><a href=\"https:\/\/prefcg-repositorio.campogrande.ms.gov.br\/wp-cdn\/uploads\/sites\/20\/2021\/04\/manualpaa.pdf\">Manual Operativo &#8211; PAA<\/a><\/li>\n<\/ul>\n","protected":false},"excerpt":{"rendered":"<p>PAA &#8211; PROGRAMA DE AQUISI\u00c7\u00c3O DE ALIMENTOS MODALIDADE COMPRA COM DOA\u00c7\u00c3O SIMULT\u00c2NEA O Programa de Aquisi\u00e7\u00e3o de Alimentos (PAA) foi criado pelo art. 19 da Lei n\u00ba 10.696, de 02 de julho de 2003 e regulamentado pelo Decreto 7775 de 04 de julho de 2012. Possui v\u00e1rias modalidades, entre elas, a Compra com doa\u00e7\u00e3o simult\u00e2nea [&hellip;]<\/p>\n","protected":false},"author":1,"featured_media":0,"parent":0,"menu_order":7,"comment_status":"closed","ping_status":"closed","template":"","meta":{"_acf_changed":false,"custom_icon_class":"","footnotes":""},"class_list":["post-73","page","type-page","status-publish","hentry"],"acf":[],"_links":{"self":[{"href":"https:\/\/campogrande.nucleo.site\/sidagro\/wp-json\/wp\/v2\/pages\/73","targetHints":{"allow":["GET"]}}],"collection":[{"href":"https:\/\/campogrande.nucleo.site\/sidagro\/wp-json\/wp\/v2\/pages"}],"about":[{"href":"https:\/\/campogrande.nucleo.site\/sidagro\/wp-json\/wp\/v2\/types\/page"}],"author":[{"embeddable":true,"href":"https:\/\/campogrande.nucleo.site\/sidagro\/wp-json\/wp\/v2\/users\/1"}],"replies":[{"embeddable":true,"href":"https:\/\/campogrande.nucleo.site\/sidagro\/wp-json\/wp\/v2\/comments?post=73"}],"version-history":[{"count":10,"href":"https:\/\/campogrande.nucleo.site\/sidagro\/wp-json\/wp\/v2\/pages\/73\/revisions"}],"predecessor-version":[{"id":100,"href":"https:\/\/campogrande.nucleo.site\/sidagro\/wp-json\/wp\/v2\/pages\/73\/revisions\/100"}],"wp:attachment":[{"href":"https:\/\/campogrande.nucleo.site\/sidagro\/wp-json\/wp\/v2\/media?parent=73"}],"curies":[{"name":"wp","href":"https:\/\/api.w.org\/{rel}","templated":true}]}}