{"id":85,"date":"2023-10-19T17:08:27","date_gmt":"2023-10-19T20:08:27","guid":{"rendered":"https:\/\/campogrande.nucleo.site\/sidagro\/?page_id=85"},"modified":"2023-10-19T17:22:05","modified_gmt":"2023-10-19T20:22:05","slug":"piscicultura-e-aquicultura","status":"publish","type":"page","link":"https:\/\/campogrande.nucleo.site\/sidagro\/piscicultura-e-aquicultura\/","title":{"rendered":"Piscicultura e Aquicultura"},"content":{"rendered":"\n<h2 class=\"wp-block-heading has-text-align-center\"><img loading=\"lazy\" decoding=\"async\" width=\"398\" height=\"234\" src=\"https:\/\/prefcg-repositorio.campogrande.ms.gov.br\/wp-cdn\/uploads\/sites\/20\/2017\/05\/peice-cgg-300x175.jpg\" alt=\"peice cgg\"><\/h2>\n\n\n\n<h3 class=\"wp-block-heading has-text-align-center\">Piscicultura e Aquicultura<\/h3>\n\n\n\n<p>Atrav\u00e9s de um estudo realizado pela Universidade Federal de Mato Grosso do Sul, o consumo de pescado no Estado \u00e9 de 3,4 kg\/hab\/ano, enquanto a recomenda\u00e7\u00e3o da FAO (Organiza\u00e7\u00e3o das Na\u00e7\u00f5es Unidas para Alimenta\u00e7\u00e3o e Agricultura) \u00e9 de 12 kg\/hab\/ano.<\/p>\n\n\n\n<p>Em Campo Grande, desde 2012, tivemos um crescimento significativo de restaurantes especializados em comida japonesa e\/ou que tenham o pescado como prato principal.<\/p>\n\n\n\n<p>Tendo em vista todo nosso potencial, buscamos produtores dispostos a produzir. O acompanhamento t\u00e9cnico \u00e9 extremamente vi\u00e1vel e essencial para o desenvolvimento de todos os setores: pequenos, m\u00e9dios e grandes produtores, com cuidado especial aos produtores da agricultura familiar do nosso munic\u00edpio.<\/p>\n\n\n\n<p>Nosso objetivo \u00e9 desenvolver a produ\u00e7\u00e3o de pescado em Campo Grande, alcan\u00e7ando escolas, fomentando o aprendizado dos alunos que ser\u00e3o futuros t\u00e9cnicos.<\/p>\n","protected":false},"excerpt":{"rendered":"<p>Piscicultura e Aquicultura Atrav\u00e9s de um estudo realizado pela Universidade Federal de Mato Grosso do Sul, o consumo de pescado no Estado \u00e9 de 3,4 kg\/hab\/ano, enquanto a recomenda\u00e7\u00e3o da FAO (Organiza\u00e7\u00e3o das Na\u00e7\u00f5es Unidas para Alimenta\u00e7\u00e3o e Agricultura) \u00e9 de 12 kg\/hab\/ano. Em Campo Grande, desde 2012, tivemos um crescimento significativo de restaurantes especializados [&hellip;]<\/p>\n","protected":false},"author":1,"featured_media":0,"parent":0,"menu_order":9,"comment_status":"closed","ping_status":"closed","template":"","meta":{"_acf_changed":false,"custom_icon_class":"","footnotes":""},"class_list":["post-85","page","type-page","status-publish","hentry"],"acf":[],"_links":{"self":[{"href":"https:\/\/campogrande.nucleo.site\/sidagro\/wp-json\/wp\/v2\/pages\/85","targetHints":{"allow":["GET"]}}],"collection":[{"href":"https:\/\/campogrande.nucleo.site\/sidagro\/wp-json\/wp\/v2\/pages"}],"about":[{"href":"https:\/\/campogrande.nucleo.site\/sidagro\/wp-json\/wp\/v2\/types\/page"}],"author":[{"embeddable":true,"href":"https:\/\/campogrande.nucleo.site\/sidagro\/wp-json\/wp\/v2\/users\/1"}],"replies":[{"embeddable":true,"href":"https:\/\/campogrande.nucleo.site\/sidagro\/wp-json\/wp\/v2\/comments?post=85"}],"version-history":[{"count":2,"href":"https:\/\/campogrande.nucleo.site\/sidagro\/wp-json\/wp\/v2\/pages\/85\/revisions"}],"predecessor-version":[{"id":102,"href":"https:\/\/campogrande.nucleo.site\/sidagro\/wp-json\/wp\/v2\/pages\/85\/revisions\/102"}],"wp:attachment":[{"href":"https:\/\/campogrande.nucleo.site\/sidagro\/wp-json\/wp\/v2\/media?parent=85"}],"curies":[{"name":"wp","href":"https:\/\/api.w.org\/{rel}","templated":true}]}}